{"id":665,"date":"2016-12-20T12:37:13","date_gmt":"2016-12-20T11:37:13","guid":{"rendered":"http:\/\/agora.xtec.cat\/ies-viladegracia\/?page_id=665"},"modified":"2024-02-23T07:13:16","modified_gmt":"2024-02-23T06:13:16","slug":"ampa","status":"publish","type":"page","link":"https:\/\/agora.xtec.cat\/ies-viladegracia\/ampa\/","title":{"rendered":"AFA"},"content":{"rendered":"<p style=\"text-align: justify;\"><strong><a href=\"https:\/\/agora.xtec.cat\/ies-viladegracia\/wp-content\/uploads\/usu241\/2024\/02\/AFA-Vila-e1708410204635.jpg\"><img loading=\"lazy\" decoding=\"async\" class=\" wp-image-9698 alignleft\" src=\"https:\/\/agora.xtec.cat\/ies-viladegracia\/wp-content\/uploads\/usu241\/2024\/02\/AFA-Vila-e1708410204635.jpg\" alt=\"\" width=\"149\" height=\"154\" \/><\/a>Blog de l\u2019AFA:<\/strong> <a href=\"https:\/\/ampaviladegracia.wordpress.com\">https:\/\/ampaviladegracia.wordpress.com<\/a><br \/>\n<strong>Correu electr\u00f2nic de l\u2019AFA:<\/strong> ampaviladegracia@gmail.com<br \/>\n<strong>Tel\u00e8fon de contacte de l\u2019AFA:<\/strong> 637747552<br \/>\n<strong>Twitter:<\/strong> <a href=\"https:\/\/twitter.com\/ampavilagracia\">https:\/\/twitter.com\/ampavilagracia<\/a><\/p>\n<p>&nbsp;<\/p>\n<hr \/>\n<p style=\"text-align: justify;\">L\u2019AFA Vila de Gr\u00e0cia \u00e9s l\u2019associaci\u00f3 de fam\u00edlies d\u2019alumnes de l\u2019Institut Vila de Gr\u00e0cia, l\u2019institut p\u00fablic del barri de Gr\u00e0cia al qual est\u00e0s matriculant la teva filla o fill. L\u2019AFA \u00e9s una de les formes que tenim les fam\u00edlies de les i els alumnes de l\u2019institut d\u2019agrupar-nos, organitzar-nos i participar en la comunitat educativa de l\u2019institut.<\/p>\n<p style=\"text-align: justify;\">Es tracta d\u2019una entitat sense afany de lucre, reconeguda legalment al registre d\u2019associacions i les seves funcions estan regulades per un decret de la Generalitat de Catalunya. Des de l\u2019AFA, juntament amb la resta de la comunitat de l\u2019institut, constru\u00efm un espai obert a la participaci\u00f3 sobre tots els aspectes referents a l\u2019educaci\u00f3 dels nostres fills i filles per tal que assoleixin la millor formaci\u00f3 personal i social, basada en els principis propis d\u2019una societat democr\u00e0tica i d\u2019una educaci\u00f3 p\u00fablica inclusiva, gratu\u00efta, universal, cr\u00edtica i transformadora.<\/p>\n<p style=\"text-align: justify;\"><strong>Com a AFA i, especialment en l\u2019actual context de mobilitzacions per l\u2019educaci\u00f3 p\u00fablica, pretenem:<\/strong><br \/>\n&#8211; Construir comunitat i participar del dia a dia de l\u2019institut<br \/>\n&#8211; Dialogar amb tota la comunitat educativa \u2014claustre, equip directiu, alumnat, administraci\u00f3\u2014 per reflexionar i construir democr\u00e0ticament una educaci\u00f3 p\u00fablica de qualitat per a tothom<br \/>\n&#8211; Transmetre els neguits, suggeriments, necessitats, propostes i reivindicacions de les fam\u00edlies a la direcci\u00f3 i el claustre de l\u2019institut per tal contribuir sempre al desenvolupament de tot l\u2019alumnat i de tota la comunitat educativa de l\u2019institut<br \/>\n&#8211; Fer xarxa, fer barri i construir educaci\u00f3 p\u00fablica de proximitat<\/p>\n<p style=\"text-align: justify;\"><strong>Com ens organitzem?<\/strong><br \/>\n&#8211; L\u2019Assemblea General es reuneix diverses vegades al llarg del curs per posar en com\u00fa les propostes i neguits de les fam\u00edlies associades i aprovar el pla de treball de l\u2019AFA<br \/>\n&#8211; La Junta de l\u2019AFA tracta de dur a terme el que s\u2019ha acordat en assemblea i fa d\u2019interlocutora amb l\u2019equip directiu de l\u2019institut<br \/>\n&#8211; Les comissions i grups de treball realitzen tasques en \u00e0mbits concrets, com la biblioteca o els llibres de text<br \/>\n&#8211; Participem en el Consell Escolar gr\u00e0cies al representant de l\u2019AFA i som membres actius de les Associacions Federades de Fam\u00edlies d\u2019Alumnes de Catalunya (aFFaC) i de la Coordinadora\u00a0 l\u2019AFAs de Gr\u00e0cia<br \/>\n&#8211; Ens mantenim econ\u00f2micament gr\u00e0cies a la quota anual dels associats i a les subvencions de les administracions.<\/p>\n","protected":false},"excerpt":{"rendered":"<p><a href=\"https:\/\/agora.xtec.cat\/ies-viladegracia\/wp-content\/uploads\/usu241\/2024\/02\/AFA-Vila-e1708410204635.jpg\"><\/a>Blog de l\u2019AFA: <a href=\"https:\/\/ampaviladegracia.wordpress.com\">https:\/\/ampaviladegracia.wordpress.com<\/a><br \/>\nCorreu electr\u00f2nic de l\u2019AFA: ampaviladegracia@gmail.com<br \/>\nTel\u00e8fon de contacte de l\u2019AFA: 637747552<br \/>\nTwitter: <a href=\"https:\/\/twitter.com\/ampavilagracia\">https:\/\/twitter.com\/ampavilagracia<\/a><br \/>\n&nbsp;<\/p>\n<p>L\u2019AFA Vila de Gr\u00e0cia \u00e9s l\u2019associaci\u00f3 de fam\u00edlies d\u2019alumnes de l\u2019Institut Vila de Gr\u00e0cia, l\u2019institut p\u00fablic del barri de Gr\u00e0cia al qual est\u00e0s matriculant la teva filla o fill.&hellip;  <a href=\"https:\/\/agora.xtec.cat\/ies-viladegracia\/ampa\/\" title=\"Read AFA\">Llegeix m\u00e9s\u00bb<\/a><\/p>\n","protected":false},"author":1,"featured_media":0,"parent":0,"menu_order":0,"comment_status":"closed","ping_status":"closed","template":"","meta":{"footnotes":""},"class_list":["post-665","page","type-page","status-publish","hentry"],"post_mailing_queue_ids":[],"_links":{"self":[{"href":"https:\/\/agora.xtec.cat\/ies-viladegracia\/wp-json\/wp\/v2\/pages\/665","targetHints":{"allow":["GET"]}}],"collection":[{"href":"https:\/\/agora.xtec.cat\/ies-viladegracia\/wp-json\/wp\/v2\/pages"}],"about":[{"href":"https:\/\/agora.xtec.cat\/ies-viladegracia\/wp-json\/wp\/v2\/types\/page"}],"author":[{"embeddable":true,"href":"https:\/\/agora.xtec.cat\/ies-viladegracia\/wp-json\/wp\/v2\/users\/1"}],"replies":[{"embeddable":true,"href":"https:\/\/agora.xtec.cat\/ies-viladegracia\/wp-json\/wp\/v2\/comments?post=665"}],"version-history":[{"count":7,"href":"https:\/\/agora.xtec.cat\/ies-viladegracia\/wp-json\/wp\/v2\/pages\/665\/revisions"}],"predecessor-version":[{"id":9700,"href":"https:\/\/agora.xtec.cat\/ies-viladegracia\/wp-json\/wp\/v2\/pages\/665\/revisions\/9700"}],"wp:attachment":[{"href":"https:\/\/agora.xtec.cat\/ies-viladegracia\/wp-json\/wp\/v2\/media?parent=665"}],"curies":[{"name":"wp","href":"https:\/\/api.w.org\/{rel}","templated":true}]}}