{"id":648,"date":"2023-12-19T15:02:06","date_gmt":"2023-12-19T14:02:06","guid":{"rendered":"http:\/\/agora.xtec.cat\/ies-viladegracia\/?page_id=648"},"modified":"2024-02-23T07:12:31","modified_gmt":"2024-02-23T06:12:31","slug":"biblioteca","status":"publish","type":"page","link":"https:\/\/agora.xtec.cat\/ies-viladegracia\/serveis\/biblioteca\/","title":{"rendered":"La Biblioteca del Vila"},"content":{"rendered":"<p><img loading=\"lazy\" decoding=\"async\" class=\"wp-image-651 alignleft\" style=\"text-align: justify;\" src=\"http:\/\/agora.xtec.cat\/ies-viladegracia\/wp-content\/uploads\/usu241\/2016\/12\/Logo_Biblioteca-Petit.jpg\" alt=\"logo_biblioteca-petit\" width=\"186\" height=\"232\" \/><\/p>\n<p>La biblioteca del nostre institut \u00e9s un servei, eina i recurs per a tota la comunitat educativa del Vila: alumnat, professorat i AFA. Poc temps despr\u00e9s de la inauguraci\u00f3 del centre en la seva ubicaci\u00f3 actual, ja es va comen\u00e7ar el projecte de biblioteca que ha passat per diferents fases i espais. La resoluci\u00f3 per part de l\u2019AFA de disposar de biblioteca dotant-la de personal especialitzat i de recursos econ\u00f2mics per al fons, aix\u00ed com el convenciment del centre de la seva import\u00e0ncia al llarg dels cursos, ha fet pos<span style=\"font-family: inherit; font-size: 1em;\">sible la consolidaci\u00f3 de la biblioteca com a part inclosa i inclusiva del projecte educatiu. Enguany tornem a recupera el gran espai de la 1a planta que durant la pand\u00e8mia es va haver de convertir en aula de 1r de batxillerat.<\/span><\/p>\n<p>Avui doncs, ens trobem un espai renovat i optimitzat ja que no nom\u00e9s es destina a biblioteca sin\u00f3 que acull els alumnes d\u2019arts esc\u00e8niques de 1r i 2n de l\u2019ESO aix\u00ed com alumnat de l\u2019assignatura d\u2019audiovisuals. Un goig donar-li tanta vida i diversitat d\u2019aprenentatges! I com ja hav\u00edem fet anteriorment, tamb\u00e9 \u00e9s l\u2019espai on es rep a les fam\u00edlies en les jornades de portes obertes, es fan les xerrades de tutories, projecci\u00f3 de documentals i pel\u00b7l\u00edcules per a grups, activitats lectores de grups classe, les trobades del VilaClub,&#8230;i el que convingui!<\/p>\n<p>Per tal que aix\u00f2 sigui possible, hem repartit el fons de la biblioteca en dos espais: al 1r pis, biblioteca\/espai d\u2019arts esc\u00e8niques, hi podreu trobar: novel\u00b7les, \u00e0lbums, c\u00f2mics i novel\u00b7la gr\u00e0fica, manga, teatre, poesia, llibres en altres idiomes i biografies. A l\u2019entresol, al Punt de biblioteca (un espai m\u00e9s petit on, durant la pand\u00e8mia ens v\u00e0rem instal\u00b7lar), hi trobareu tot el fons de coneixements, Treballs de Recerca, aix\u00ed com alguns exemplars de les lectures del curs que els alumnes poden demanar en pr\u00e9stec. Es converteix aix\u00ed en us espai on es poden reunir els tutors amb els seus alumnes de TR, per als alumnes alliberats d\u2019assignatures, reunions amb fam\u00edlies,&#8230; Un punt de trobada per a qui ho necessiti i l\u2019espai de feina per al registre de nous documents.<\/p>\n<p><a style=\"color: #2795b6;\" href=\"https:\/\/agora.xtec.cat\/ies-viladegracia\/wp-content\/uploads\/usu241\/2022\/11\/IMG_9634.jpg\"><img loading=\"lazy\" decoding=\"async\" class=\"alignnone size-full wp-image-8386\" src=\"https:\/\/agora.xtec.cat\/ies-viladegracia\/wp-content\/uploads\/usu241\/2022\/11\/IMG_9634.jpg\" alt=\"\" width=\"320\" height=\"240\" srcset=\"https:\/\/agora.xtec.cat\/ies-viladegracia\/wp-content\/uploads\/usu241\/2022\/11\/IMG_9634.jpg 320w, https:\/\/agora.xtec.cat\/ies-viladegracia\/wp-content\/uploads\/usu241\/2022\/11\/IMG_9634-300x225.jpg 300w, https:\/\/agora.xtec.cat\/ies-viladegracia\/wp-content\/uploads\/usu241\/2022\/11\/IMG_9634-200x150.jpg 200w\" sizes=\"auto, (max-width: 320px) 100vw, 320px\" \/><\/a>\u00a0<a href=\"https:\/\/agora.xtec.cat\/ies-viladegracia\/wp-content\/uploads\/usu241\/2022\/11\/IMG_9635.jpg\"><img loading=\"lazy\" decoding=\"async\" class=\"alignnone size-full wp-image-8387\" src=\"https:\/\/agora.xtec.cat\/ies-viladegracia\/wp-content\/uploads\/usu241\/2022\/11\/IMG_9635.jpg\" alt=\"\" width=\"320\" height=\"240\" srcset=\"https:\/\/agora.xtec.cat\/ies-viladegracia\/wp-content\/uploads\/usu241\/2022\/11\/IMG_9635.jpg 320w, https:\/\/agora.xtec.cat\/ies-viladegracia\/wp-content\/uploads\/usu241\/2022\/11\/IMG_9635-300x225.jpg 300w, https:\/\/agora.xtec.cat\/ies-viladegracia\/wp-content\/uploads\/usu241\/2022\/11\/IMG_9635-200x150.jpg 200w\" sizes=\"auto, (max-width: 320px) 100vw, 320px\" \/>\u00a0<\/a><a href=\"https:\/\/agora.xtec.cat\/ies-viladegracia\/wp-content\/uploads\/usu241\/2022\/11\/IMG_9668.jpg\"><img loading=\"lazy\" decoding=\"async\" class=\"alignnone size-full wp-image-8390\" src=\"https:\/\/agora.xtec.cat\/ies-viladegracia\/wp-content\/uploads\/usu241\/2022\/11\/IMG_9668.jpg\" alt=\"\" width=\"320\" height=\"240\" srcset=\"https:\/\/agora.xtec.cat\/ies-viladegracia\/wp-content\/uploads\/usu241\/2022\/11\/IMG_9668.jpg 320w, https:\/\/agora.xtec.cat\/ies-viladegracia\/wp-content\/uploads\/usu241\/2022\/11\/IMG_9668-300x225.jpg 300w, https:\/\/agora.xtec.cat\/ies-viladegracia\/wp-content\/uploads\/usu241\/2022\/11\/IMG_9668-200x150.jpg 200w\" sizes=\"auto, (max-width: 320px) 100vw, 320px\" \/><\/a><\/p>\n<p>La Biblioteca participa en els seg\u00fcents projectes:<\/p>\n<ul>\n<li>Participaci\u00f3 en la programaci\u00f3 del PLEC (Pla de Lectura del Centre)<\/li>\n<li>Organitzaci\u00f3 i activitats de l\u2019Hora de lectura (inclosa en el PLEC)<\/li>\n<li>Exposicions en les setmanes tem\u00e0tiques (Ci\u00e8ncia, Novel\u00b7la negre, Teatre i Poesia) aix\u00ed com de les darreres adquisicions<\/li>\n<li>Sant Jordi<\/li>\n<li>Clubs de lectura<\/li>\n<li>Recomanacions de lectures al llarg del curs<\/li>\n<li>Organitzaci\u00f3, selecci\u00f3, compra, registre, classificaci\u00f3 del fons i cura de l\u2019espai<\/li>\n<li>Assessorament i cerca per al professorat de diferents materials i fons per a les seves assignatures<\/li>\n<li>Participaci\u00f3 en diferents programes (Liter\u00e0polis, Premi Protagoniste Jove, El gust per la lectura, En veu alta, Poesia a les Aules, Con\u00e8ixer Brossa,&#8230;) variades segons el curs<\/li>\n<li>Sortides amb el alumnes, relacionades amb l\u2019entorn dels llibres, la literatura i la cultura en general<\/li>\n<li>A m\u00e9s, formaci\u00f3 permanent de la bibliotec\u00e0ria (tallers diversos, Seminari de literatura infantil i Juvenil de l\u2019Associaci\u00f3 de Mestres Rosa Sensat, Grup de treball Llums del nord, especialitzat en literatura juvenil, participant del grup de biblioteques escolars del districte)<\/li>\n<\/ul>\n<p>&nbsp;<\/p>\n<p><strong>HORARI DE LA BIBLIOTECA PER A L\u2019ALUMNAT<\/strong><br \/>\nEls nostres alumnes poden venir a la biblioteca:<\/p>\n<ul>\n<li>de 10.30 a 11h. (per a l\u2019alumnat de 1r d\u2019ESO) &#8211; hora del pati<\/li>\n<li>d&#8217;11.30 a 12h. per a la resta de l\u2019alumnat &#8211; hora del pati<\/li>\n<li>dilluns i dimecres de 15 a 15.30h. &#8211; <span style=\"font-family: inherit; font-size: 1em;\">per a l\u2019alumnat de 1r i 2n de l\u2019ESO que es queda a dinar al centre<\/span><\/li>\n<\/ul>\n<p>Aquest seria l\u2019horari en el qual les i els alumnes poden venir a fer deures, demanar un llibre en pr\u00e9stec o llegir amb tranquil\u00b7litat, per\u00f2 el servei de biblioteca t\u00e9 un horari m\u00e9s extens de manera que es puguin preparar totes les activitats que us hem comentat i es pugui oferir el millor servei possible a tot el centre.<\/p>\n<p>L\u2019horari de la bibliotec\u00e0ria \u00e9s:<\/p>\n<p>de dilluns a divendres de 9.30 a 14h.<br \/>\ndilluns i dimecres de 15 a 15.30h.<\/p>\n<ul>\n<li>Aquest \u00e9s l&#8217;horari marc susceptible de petits canvis en funci\u00f3 de les activitats programades.<\/li>\n<\/ul>\n<p style=\"text-align: justify;\"><a href=\"https:\/\/agora.xtec.cat\/ies-viladegracia\/wp-content\/uploads\/usu241\/2023\/02\/WhatsApp-Image-2023-02-14-at-15.25.41-e1677321105194.jpeg\"><img loading=\"lazy\" decoding=\"async\" class=\"alignnone wp-image-8857\" src=\"https:\/\/agora.xtec.cat\/ies-viladegracia\/wp-content\/uploads\/usu241\/2023\/02\/WhatsApp-Image-2023-02-14-at-15.25.41-678x1024.jpeg\" alt=\"\" width=\"198\" height=\"299\" \/><\/a><\/p>\n","protected":false},"excerpt":{"rendered":"<p>La biblioteca del nostre institut \u00e9s un servei, eina i recurs per a tota la comunitat educativa del Vila: alumnat, professorat i AFA. Poc temps despr\u00e9s de la inauguraci\u00f3 del centre en la seva ubicaci\u00f3 actual, ja es va comen\u00e7ar el projecte de biblioteca que&hellip;  <a href=\"https:\/\/agora.xtec.cat\/ies-viladegracia\/serveis\/biblioteca\/\" title=\"Read La Biblioteca del Vila\">Llegeix m\u00e9s\u00bb<\/a><\/p>\n","protected":false},"author":1,"featured_media":0,"parent":63,"menu_order":10,"comment_status":"closed","ping_status":"closed","template":"page-templates\/side-menu.php","meta":{"footnotes":""},"class_list":["post-648","page","type-page","status-publish","hentry"],"post_mailing_queue_ids":[],"_links":{"self":[{"href":"https:\/\/agora.xtec.cat\/ies-viladegracia\/wp-json\/wp\/v2\/pages\/648","targetHints":{"allow":["GET"]}}],"collection":[{"href":"https:\/\/agora.xtec.cat\/ies-viladegracia\/wp-json\/wp\/v2\/pages"}],"about":[{"href":"https:\/\/agora.xtec.cat\/ies-viladegracia\/wp-json\/wp\/v2\/types\/page"}],"author":[{"embeddable":true,"href":"https:\/\/agora.xtec.cat\/ies-viladegracia\/wp-json\/wp\/v2\/users\/1"}],"replies":[{"embeddable":true,"href":"https:\/\/agora.xtec.cat\/ies-viladegracia\/wp-json\/wp\/v2\/comments?post=648"}],"version-history":[{"count":5,"href":"https:\/\/agora.xtec.cat\/ies-viladegracia\/wp-json\/wp\/v2\/pages\/648\/revisions"}],"predecessor-version":[{"id":9695,"href":"https:\/\/agora.xtec.cat\/ies-viladegracia\/wp-json\/wp\/v2\/pages\/648\/revisions\/9695"}],"up":[{"embeddable":true,"href":"https:\/\/agora.xtec.cat\/ies-viladegracia\/wp-json\/wp\/v2\/pages\/63"}],"wp:attachment":[{"href":"https:\/\/agora.xtec.cat\/ies-viladegracia\/wp-json\/wp\/v2\/media?parent=648"}],"curies":[{"name":"wp","href":"https:\/\/api.w.org\/{rel}","templated":true}]}}