{"id":573,"date":"2016-12-19T12:55:20","date_gmt":"2016-12-19T11:55:20","guid":{"rendered":"http:\/\/agora.xtec.cat\/ies-viladegracia\/?page_id=573"},"modified":"2023-01-25T13:55:05","modified_gmt":"2023-01-25T12:55:05","slug":"eso","status":"publish","type":"page","link":"https:\/\/agora.xtec.cat\/ies-viladegracia\/eso\/","title":{"rendered":"ESO"},"content":{"rendered":"<p style=\"text-align: justify;\">L&#8217;Educaci\u00f3 Secund\u00e0ria Obligat\u00f2ria compr\u00e8n quatre cursos acad\u00e8mics, que generalment es cursen entre els 12 i els 16 anys. Es divideix en 1r, 2n, 3r i 4t de la ESO.<\/p>\n<p style=\"text-align: justify;\"><strong>A continuaci\u00f3 detallem les assignatures que es fan enguany a 1r d&#8217;ESO:\u00a0<\/strong><\/p>\n<table dir=\"ltr\" border=\"1\" cellspacing=\"0\" cellpadding=\"0\">\n<colgroup>\n<col width=\"156\" \/>\n<col width=\"138\" \/><\/colgroup>\n<tbody>\n<tr>\n<td data-sheets-value=\"{&quot;1&quot;:2,&quot;2&quot;:&quot;Mat\u00e8ries obligat\u00f2ries&quot;}\"><strong>Mat\u00e8ries obligat\u00f2ries<\/strong><\/td>\n<td data-sheets-value=\"{&quot;1&quot;:2,&quot;2&quot;:&quot;Hora per setmana &quot;}\"><strong>Hora per setmana<\/strong><\/td>\n<\/tr>\n<tr>\n<td data-sheets-value=\"{&quot;1&quot;:2,&quot;2&quot;:&quot;Angl\u00e8s &quot;}\">Angl\u00e8s<\/td>\n<td data-sheets-value=\"{&quot;1&quot;:2,&quot;2&quot;:&quot;3 h \/ setmana &quot;}\">3 h \/ setmana<\/td>\n<\/tr>\n<tr>\n<td data-sheets-value=\"{&quot;1&quot;:2,&quot;2&quot;:&quot;Arts esc\u00e8niques &quot;}\">Arts esc\u00e8niques<\/td>\n<td data-sheets-value=\"{&quot;1&quot;:2,&quot;2&quot;:&quot;1 h \/ setmana &quot;}\">1 h \/ setmana<\/td>\n<\/tr>\n<tr>\n<td data-sheets-value=\"{&quot;1&quot;:2,&quot;2&quot;:&quot;Biologia &quot;}\">Biologia<\/td>\n<td data-sheets-value=\"{&quot;1&quot;:2,&quot;2&quot;:&quot;3 h \/ setmana &quot;}\">3 h \/ setmana<\/td>\n<\/tr>\n<tr>\n<td data-sheets-value=\"{&quot;1&quot;:2,&quot;2&quot;:&quot;Castell\u00e0&quot;}\">Castell\u00e0<\/td>\n<td data-sheets-value=\"{&quot;1&quot;:2,&quot;2&quot;:&quot;3 h \/ setmana &quot;}\">3 h \/ setmana<\/td>\n<\/tr>\n<tr>\n<td data-sheets-value=\"{&quot;1&quot;:2,&quot;2&quot;:&quot;Catal\u00e0&quot;}\">Catal\u00e0<\/td>\n<td data-sheets-value=\"{&quot;1&quot;:2,&quot;2&quot;:&quot;3 h \/ setmana &quot;}\">3 h \/ setmana<\/td>\n<\/tr>\n<tr>\n<td data-sheets-value=\"{&quot;1&quot;:2,&quot;2&quot;:&quot;Cultura i valors&quot;}\">Cultura i valors<\/td>\n<td data-sheets-value=\"{&quot;1&quot;:2,&quot;2&quot;:&quot;1 h \/ setmana &quot;}\">1 h \/ setmana<\/td>\n<\/tr>\n<tr>\n<td data-sheets-value=\"{&quot;1&quot;:2,&quot;2&quot;:&quot;Educaci\u00f3 F\u00edsica &quot;}\">Educaci\u00f3 F\u00edsica<\/td>\n<td data-sheets-value=\"{&quot;1&quot;:2,&quot;2&quot;:&quot;2 h \/ setmana &quot;}\">2 h \/ setmana<\/td>\n<\/tr>\n<tr>\n<td data-sheets-value=\"{&quot;1&quot;:2,&quot;2&quot;:&quot;Matem\u00e0tiques &quot;}\">Matem\u00e0tiques<\/td>\n<td data-sheets-value=\"{&quot;1&quot;:2,&quot;2&quot;:&quot;3 h \/ setmana &quot;}\">3 h \/ setmana<\/td>\n<\/tr>\n<tr>\n<td data-sheets-value=\"{&quot;1&quot;:2,&quot;2&quot;:&quot;M\u00fasica &quot;}\">M\u00fasica<\/td>\n<td data-sheets-value=\"{&quot;1&quot;:2,&quot;2&quot;:&quot;2 h \/ setmana &quot;}\">2 h \/ setmana<\/td>\n<\/tr>\n<tr>\n<td data-sheets-value=\"{&quot;1&quot;:2,&quot;2&quot;:&quot;Optatives *&quot;}\">Optatives *<\/td>\n<td data-sheets-value=\"{&quot;1&quot;:2,&quot;2&quot;:&quot;1 h \/ setmana &quot;}\">1 h \/ setmana<\/td>\n<\/tr>\n<tr>\n<td data-sheets-value=\"{&quot;1&quot;:2,&quot;2&quot;:&quot;Socials &quot;}\">Socials<\/td>\n<td data-sheets-value=\"{&quot;1&quot;:2,&quot;2&quot;:&quot;3 h \/ setmana &quot;}\">3 h \/ setmana<\/td>\n<\/tr>\n<tr>\n<td data-sheets-value=\"{&quot;1&quot;:2,&quot;2&quot;:&quot;Tecnologia &quot;}\">Tecnologia<\/td>\n<td data-sheets-value=\"{&quot;1&quot;:2,&quot;2&quot;:&quot;2 h \/ setmana &quot;}\">2 h \/ setmana<\/td>\n<\/tr>\n<tr>\n<td data-sheets-value=\"{&quot;1&quot;:2,&quot;2&quot;:&quot;Tutoria &quot;}\">Tutoria<\/td>\n<td data-sheets-value=\"{&quot;1&quot;:2,&quot;2&quot;:&quot;1 h \/ setmana &quot;}\">1 h \/ setmana<\/td>\n<\/tr>\n<tr>\n<td data-sheets-value=\"{&quot;1&quot;:2,&quot;2&quot;:&quot;Visual i pl\u00e0stica &quot;}\">Visual i pl\u00e0stica<\/td>\n<td data-sheets-value=\"{&quot;1&quot;:2,&quot;2&quot;:&quot;2 h \/ setmana &quot;}\">2 h \/ setmana<\/td>\n<\/tr>\n<\/tbody>\n<\/table>\n<table dir=\"ltr\" border=\"1\" cellspacing=\"0\" cellpadding=\"0\">\n<colgroup>\n<col width=\"210\" \/><\/colgroup>\n<tbody>\n<tr>\n<td data-sheets-value=\"{&quot;1&quot;:2,&quot;2&quot;:&quot;* Optatives&quot;}\">* <strong>Optatives<\/strong><\/td>\n<\/tr>\n<tr>\n<td data-sheets-value=\"{&quot;1&quot;:2,&quot;2&quot;:&quot;Llengua i cultura francesa&quot;}\">Llengua i cultura francesa<\/td>\n<\/tr>\n<tr>\n<td data-sheets-value=\"{&quot;1&quot;:2,&quot;2&quot;:&quot;Mitologia cl\u00e0ssica&quot;}\">Mitologia cl\u00e0ssica<\/td>\n<\/tr>\n<tr>\n<td data-sheets-value=\"{&quot;1&quot;:2,&quot;2&quot;:&quot;Petites investigacions cient\u00edfiques &quot;}\">Petites investigacions cient\u00edfiques<\/td>\n<\/tr>\n<tr>\n<td data-sheets-value=\"{&quot;1&quot;:2,&quot;2&quot;:&quot;Refor\u00e7 compet\u00e8ncies b\u00e0siques &quot;}\">Refor\u00e7 compet\u00e8ncies b\u00e0siques<\/td>\n<\/tr>\n<\/tbody>\n<\/table>\n<p><strong>A continuaci\u00f3 detallem les assignatures que es fan enguany a 2n d&#8217;ESO:\u00a0<\/strong><\/p>\n<table dir=\"ltr\" style=\"width: 49.9834%; height: 745px;\" border=\"1\" cellspacing=\"0\" cellpadding=\"0\">\n<colgroup>\n<col width=\"156\" \/>\n<col width=\"138\" \/><\/colgroup>\n<tbody>\n<tr style=\"height: 49px;\">\n<td style=\"height: 49px; width: 52.5044%;\" data-sheets-value=\"{&quot;1&quot;:2,&quot;2&quot;:&quot;Mat\u00e8ries obligat\u00f2ries&quot;}\"><strong>Mat\u00e8ries obligat\u00f2ries<\/strong><\/td>\n<td style=\"height: 49px; width: 114.344%;\" data-sheets-value=\"{&quot;1&quot;:2,&quot;2&quot;:&quot;Hora per setmana &quot;}\"><strong>Hora per setmana<\/strong><\/td>\n<\/tr>\n<tr style=\"height: 33px;\">\n<td style=\"height: 33px; width: 52.5044%;\" data-sheets-value=\"{&quot;1&quot;:2,&quot;2&quot;:&quot;Angl\u00e8s &quot;}\">Angl\u00e8s<\/td>\n<td style=\"height: 33px; width: 114.344%;\" data-sheets-value=\"{&quot;1&quot;:2,&quot;2&quot;:&quot;4 h \/ setmana &quot;}\">4 h \/ setmana<\/td>\n<\/tr>\n<tr style=\"height: 33px;\">\n<td style=\"height: 33px; width: 52.5044%;\" data-sheets-value=\"{&quot;1&quot;:2,&quot;2&quot;:&quot;Arts esc\u00e8niques &quot;}\">Arts esc\u00e8niques<\/td>\n<td style=\"height: 33px; width: 114.344%;\" data-sheets-value=\"{&quot;1&quot;:2,&quot;2&quot;:&quot;1 h \/ setmana &quot;}\">1 h \/ setmana<\/td>\n<\/tr>\n<tr style=\"height: 33px;\">\n<td style=\"height: 33px; width: 52.5044%;\" data-sheets-value=\"{&quot;1&quot;:2,&quot;2&quot;:&quot;Biologia &quot;}\">Biologia<\/td>\n<td style=\"height: 33px; width: 114.344%;\" data-sheets-value=\"{&quot;1&quot;:2,&quot;2&quot;:&quot;3 h \/ setmana &quot;}\">3 h \/ setmana<\/td>\n<\/tr>\n<tr style=\"height: 33px;\">\n<td style=\"height: 33px; width: 52.5044%;\" data-sheets-value=\"{&quot;1&quot;:2,&quot;2&quot;:&quot;Castell\u00e0&quot;}\">Castell\u00e0<\/td>\n<td style=\"height: 33px; width: 114.344%;\" data-sheets-value=\"{&quot;1&quot;:2,&quot;2&quot;:&quot;3 h \/ setmana &quot;}\">3 h \/ setmana<\/td>\n<\/tr>\n<tr style=\"height: 33px;\">\n<td style=\"height: 33px; width: 52.5044%;\" data-sheets-value=\"{&quot;1&quot;:2,&quot;2&quot;:&quot;Catal\u00e0&quot;}\">Catal\u00e0<\/td>\n<td style=\"height: 33px; width: 114.344%;\" data-sheets-value=\"{&quot;1&quot;:2,&quot;2&quot;:&quot;3 h \/ setmana &quot;}\">3 h \/ setmana<\/td>\n<\/tr>\n<tr style=\"height: 33px;\">\n<td style=\"height: 33px; width: 52.5044%;\" data-sheets-value=\"{&quot;1&quot;:2,&quot;2&quot;:&quot;Cultura i valors&quot;}\">Cultura i valors<\/td>\n<td style=\"height: 33px; width: 114.344%;\" data-sheets-value=\"{&quot;1&quot;:2,&quot;2&quot;:&quot;1 h \/ setmana &quot;}\">1 h \/ setmana<\/td>\n<\/tr>\n<tr style=\"height: 33px;\">\n<td style=\"height: 33px; width: 52.5044%;\" data-sheets-value=\"{&quot;1&quot;:2,&quot;2&quot;:&quot;Educaci\u00f3 F\u00edsica &quot;}\">Educaci\u00f3 F\u00edsica<\/td>\n<td style=\"height: 33px; width: 114.344%;\" data-sheets-value=\"{&quot;1&quot;:2,&quot;2&quot;:&quot;2 h \/ setmana &quot;}\">2 h \/ setmana<\/td>\n<\/tr>\n<tr style=\"height: 33px;\">\n<td style=\"height: 33px; width: 52.5044%;\" data-sheets-value=\"{&quot;1&quot;:2,&quot;2&quot;:&quot;F\u00edsica i qu\u00edmica &quot;}\">F\u00edsica i qu\u00edmica<\/td>\n<td style=\"height: 33px; width: 114.344%;\" data-sheets-value=\"{&quot;1&quot;:2,&quot;2&quot;:&quot;3 h \/ setmana &quot;}\">3 h \/ setmana<\/td>\n<\/tr>\n<tr style=\"height: 33px;\">\n<td style=\"height: 33px; width: 52.5044%;\" data-sheets-value=\"{&quot;1&quot;:2,&quot;2&quot;:&quot;Matem\u00e0tiques &quot;}\">Matem\u00e0tiques<\/td>\n<td style=\"height: 33px; width: 114.344%;\" data-sheets-value=\"{&quot;1&quot;:2,&quot;2&quot;:&quot;4 h \/ setmana &quot;}\">4 h \/ setmana<\/td>\n<\/tr>\n<tr style=\"height: 33px;\">\n<td style=\"height: 33px; width: 52.5044%;\" data-sheets-value=\"{&quot;1&quot;:2,&quot;2&quot;:&quot;Optatives *&quot;}\">Optatives *<\/td>\n<td style=\"height: 33px; width: 114.344%;\" data-sheets-value=\"{&quot;1&quot;:2,&quot;2&quot;:&quot;1 h \/ setmana &quot;}\">1 h \/ setmana<\/td>\n<\/tr>\n<tr style=\"height: 33px;\">\n<td style=\"height: 33px; width: 52.5044%;\" data-sheets-value=\"{&quot;1&quot;:2,&quot;2&quot;:&quot;Socials &quot;}\">Socials<\/td>\n<td style=\"height: 33px; width: 114.344%;\" data-sheets-value=\"{&quot;1&quot;:2,&quot;2&quot;:&quot;3 h \/ setmana &quot;}\">3 h \/ setmana<\/td>\n<\/tr>\n<tr style=\"height: 33px;\">\n<td style=\"height: 33px; width: 52.5044%;\" data-sheets-value=\"{&quot;1&quot;:2,&quot;2&quot;:&quot;Tecnologa &quot;}\">Tecnologa<\/td>\n<td style=\"height: 33px; width: 114.344%;\" data-sheets-value=\"{&quot;1&quot;:2,&quot;2&quot;:&quot;2 h \/ setmana &quot;}\">2 h \/ setmana<\/td>\n<\/tr>\n<tr style=\"height: 33px;\">\n<td style=\"height: 33px; width: 52.5044%;\" data-sheets-value=\"{&quot;1&quot;:2,&quot;2&quot;:&quot;Tutoria &quot;}\">Tutoria<\/td>\n<td style=\"height: 33px; width: 114.344%;\" data-sheets-value=\"{&quot;1&quot;:2,&quot;2&quot;:&quot;1 h \/ setmana &quot;}\">1 h \/ setmana<\/td>\n<\/tr>\n<tr style=\"height: 33px;\">\n<td style=\"height: 33px; width: 52.5044%;\" data-sheets-value=\"{&quot;1&quot;:2,&quot;2&quot;:&quot;Visual i pl\u00e0stica &quot;}\">Visual i pl\u00e0stica<\/td>\n<td style=\"height: 33px; width: 114.344%;\" data-sheets-value=\"{&quot;1&quot;:2,&quot;2&quot;:&quot;2 h \/ setmana &quot;}\">2 h \/ setmana<\/td>\n<\/tr>\n<\/tbody>\n<\/table>\n<table dir=\"ltr\" style=\"width: 49.3365%; height: 180px;\" border=\"1\" cellspacing=\"0\" cellpadding=\"0\">\n<colgroup>\n<col width=\"210\" \/><\/colgroup>\n<tbody>\n<tr>\n<td data-sheets-value=\"{&quot;1&quot;:2,&quot;2&quot;:&quot;* Optatives&quot;}\"><strong>* Optatives<\/strong><\/td>\n<\/tr>\n<tr>\n<td data-sheets-value=\"{&quot;1&quot;:2,&quot;2&quot;:&quot;Liter\u00e0polis&quot;}\">Liter\u00e0polis<\/td>\n<\/tr>\n<tr>\n<td data-sheets-value=\"{&quot;1&quot;:2,&quot;2&quot;:&quot;Llengua i cultura francesa&quot;}\">Llengua i cultura francesa<\/td>\n<\/tr>\n<tr>\n<td data-sheets-value=\"{&quot;1&quot;:2,&quot;2&quot;:&quot;Multi &quot;}\">Multi<\/td>\n<\/tr>\n<tr>\n<td data-sheets-value=\"{&quot;1&quot;:2,&quot;2&quot;:&quot;Refor\u00e7 compet\u00e8ncies b\u00e0siques &quot;}\">Refor\u00e7 compet\u00e8ncies b\u00e0siques<\/td>\n<\/tr>\n<\/tbody>\n<\/table>\n<p><strong>A continuaci\u00f3 detallem les assignatures que es fan enguany a 3r d&#8217;ESO:\u00a0<\/strong><\/p>\n<table dir=\"ltr\" style=\"width: 46.4983%; height: 508px;\" border=\"1\" cellspacing=\"0\" cellpadding=\"0\">\n<colgroup>\n<col width=\"156\" \/>\n<col width=\"138\" \/><\/colgroup>\n<tbody>\n<tr>\n<td data-sheets-value=\"{&quot;1&quot;:2,&quot;2&quot;:&quot;Mat\u00e8ries obligat\u00f2ries&quot;}\"><strong>Mat\u00e8ries obligat\u00f2ries<\/strong><\/td>\n<td data-sheets-value=\"{&quot;1&quot;:2,&quot;2&quot;:&quot;Hora per setmana &quot;}\"><strong>Hores per setmana<\/strong><\/td>\n<\/tr>\n<tr>\n<td data-sheets-value=\"{&quot;1&quot;:2,&quot;2&quot;:&quot;Angl\u00e8s &quot;}\">Angl\u00e8s<\/td>\n<td data-sheets-value=\"{&quot;1&quot;:2,&quot;2&quot;:&quot;3 h \/ setmana &quot;}\">3 h \/ setmana<\/td>\n<\/tr>\n<tr>\n<td data-sheets-value=\"{&quot;1&quot;:2,&quot;2&quot;:&quot;Biologia &quot;}\">Biologia<\/td>\n<td data-sheets-value=\"{&quot;1&quot;:2,&quot;2&quot;:&quot;2 h \/ setmana &quot;}\">2 h \/ setmana<\/td>\n<\/tr>\n<tr>\n<td data-sheets-value=\"{&quot;1&quot;:2,&quot;2&quot;:&quot;Castell\u00e0&quot;}\">Castell\u00e0<\/td>\n<td data-sheets-value=\"{&quot;1&quot;:2,&quot;2&quot;:&quot;3 h \/ setmana &quot;}\">3 h \/ setmana<\/td>\n<\/tr>\n<tr>\n<td data-sheets-value=\"{&quot;1&quot;:2,&quot;2&quot;:&quot;Catal\u00e0&quot;}\">Catal\u00e0<\/td>\n<td data-sheets-value=\"{&quot;1&quot;:2,&quot;2&quot;:&quot;3 h \/ setmana &quot;}\">3 h \/ setmana<\/td>\n<\/tr>\n<tr>\n<td data-sheets-value=\"{&quot;1&quot;:2,&quot;2&quot;:&quot;Cultura i valors&quot;}\">Cultura i valors<\/td>\n<td data-sheets-value=\"{&quot;1&quot;:2,&quot;2&quot;:&quot;1 h \/ setmana &quot;}\">1 h \/ setmana<\/td>\n<\/tr>\n<tr>\n<td data-sheets-value=\"{&quot;1&quot;:2,&quot;2&quot;:&quot;Educaci\u00f3 F\u00edsica &quot;}\">Educaci\u00f3 F\u00edsica<\/td>\n<td data-sheets-value=\"{&quot;1&quot;:2,&quot;2&quot;:&quot;2 h \/ setmana &quot;}\">2 h \/ setmana<\/td>\n<\/tr>\n<tr>\n<td data-sheets-value=\"{&quot;1&quot;:2,&quot;2&quot;:&quot;F\u00edsica i qu\u00edmica &quot;}\">F\u00edsica i qu\u00edmica<\/td>\n<td data-sheets-value=\"{&quot;1&quot;:2,&quot;2&quot;:&quot;2 h \/ setmana &quot;}\">2 h \/ setmana<\/td>\n<\/tr>\n<tr>\n<td data-sheets-value=\"{&quot;1&quot;:2,&quot;2&quot;:&quot;Matem\u00e0tiques &quot;}\">Matem\u00e0tiques<\/td>\n<td data-sheets-value=\"{&quot;1&quot;:2,&quot;2&quot;:&quot;4 h \/ setmana &quot;}\">4 h \/ setmana<\/td>\n<\/tr>\n<tr>\n<td data-sheets-value=\"{&quot;1&quot;:2,&quot;2&quot;:&quot;M\u00fasica&quot;}\">M\u00fasica<\/td>\n<td data-sheets-value=\"{&quot;1&quot;:2,&quot;2&quot;:&quot;2 h \/ setmana &quot;}\">2 h \/ setmana<\/td>\n<\/tr>\n<tr>\n<td data-sheets-value=\"{&quot;1&quot;:2,&quot;2&quot;:&quot;Optatives *&quot;}\">Optatives *<\/td>\n<td data-sheets-value=\"{&quot;1&quot;:2,&quot;2&quot;:&quot;2 h \/ setmana &quot;}\">2 h \/ setmana<\/td>\n<\/tr>\n<tr>\n<td data-sheets-value=\"{&quot;1&quot;:2,&quot;2&quot;:&quot;Socials &quot;}\">Socials<\/td>\n<td data-sheets-value=\"{&quot;1&quot;:2,&quot;2&quot;:&quot;3 h \/ setmana &quot;}\">3 h \/ setmana<\/td>\n<\/tr>\n<tr>\n<td data-sheets-value=\"{&quot;1&quot;:2,&quot;2&quot;:&quot;Tecnologia &quot;}\">Tecnologia<\/td>\n<td data-sheets-value=\"{&quot;1&quot;:2,&quot;2&quot;:&quot;2 h \/ setmana &quot;}\">2 h \/ setmana<\/td>\n<\/tr>\n<tr>\n<td data-sheets-value=\"{&quot;1&quot;:2,&quot;2&quot;:&quot;Tutoria &quot;}\">Tutoria<\/td>\n<td data-sheets-value=\"{&quot;1&quot;:2,&quot;2&quot;:&quot;1 h \/ setmana &quot;}\">1 h \/ setmana<\/td>\n<\/tr>\n<tr>\n<td data-sheets-value=\"{&quot;1&quot;:2,&quot;2&quot;:&quot;Visual i pl\u00e0stica &quot;}\">Visual i pl\u00e0stica<\/td>\n<td data-sheets-value=\"{&quot;1&quot;:2,&quot;2&quot;:&quot;2 h \/ setmana &quot;}\">2 h \/ setmana<\/td>\n<\/tr>\n<\/tbody>\n<\/table>\n<table dir=\"ltr\" style=\"width: 46.4134%; height: 165px;\" border=\"1\" cellspacing=\"0\" cellpadding=\"0\">\n<colgroup>\n<col width=\"210\" \/><\/colgroup>\n<tbody>\n<tr>\n<td data-sheets-value=\"{&quot;1&quot;:2,&quot;2&quot;:&quot;* Optatives&quot;}\"><strong>* Optatives<\/strong><\/td>\n<\/tr>\n<tr>\n<td data-sheets-value=\"{&quot;1&quot;:2,&quot;2&quot;:&quot;Arts esc\u00e8niques &quot;}\">Arts esc\u00e8niques<\/td>\n<\/tr>\n<tr>\n<td data-sheets-value=\"{&quot;1&quot;:2,&quot;2&quot;:&quot;Cultura cl\u00e0ssica &quot;}\">Cultura cl\u00e0ssica<\/td>\n<\/tr>\n<tr>\n<td data-sheets-value=\"{&quot;1&quot;:2,&quot;2&quot;:&quot;Empresa&quot;}\">Empresa<\/td>\n<\/tr>\n<tr>\n<td data-sheets-value=\"{&quot;1&quot;:2,&quot;2&quot;:&quot;Llengua i cultura francesa&quot;}\">Llengua i cultura francesa<\/td>\n<\/tr>\n<\/tbody>\n<\/table>\n<p>Al finalitzar el curs de 1r, 2n i 3r es porta a terme un projecte de s\u00edntesi que t\u00e9 lloc a l&#8217;institut i a diferents entorns de la ciutat. Aquesta setmana \u00e9s especial i es posen en pr\u00e0ctica els coneixements adquirits aix\u00ed com la seva aplicaci\u00f3 m\u00e9s pr\u00e0ctica i quotidiana.<\/p>\n<p><strong>A continuaci\u00f3 detallem les assignatures que es fan enguany a 4t d&#8217;ESO:\u00a0<\/strong><\/p>\n<p>El curs de 4t d&#8217;ESO t\u00e9 car\u00e0cter orientador per aix\u00ed trobem les assignatures obligat\u00f2ries, les optatives i les optatives espec\u00edfiques.<\/p>\n<table dir=\"ltr\" style=\"width: 49.4136%; height: 410px;\" border=\"1\" cellspacing=\"0\" cellpadding=\"0\">\n<colgroup>\n<col width=\"156\" \/>\n<col width=\"138\" \/><\/colgroup>\n<tbody>\n<tr>\n<td data-sheets-value=\"{&quot;1&quot;:2,&quot;2&quot;:&quot;Mat\u00e8ries obligat\u00f2ries&quot;}\"><strong>Mat\u00e8ries obligat\u00f2ries<\/strong><\/td>\n<td data-sheets-value=\"{&quot;1&quot;:2,&quot;2&quot;:&quot;Hora per setmana &quot;}\"><strong>Hores per setmana<\/strong><\/td>\n<\/tr>\n<tr>\n<td data-sheets-value=\"{&quot;1&quot;:2,&quot;2&quot;:&quot;Angl\u00e8s &quot;}\">Angl\u00e8s<\/td>\n<td data-sheets-value=\"{&quot;1&quot;:2,&quot;2&quot;:&quot;3 h \/ setmana &quot;}\">3 h \/ setmana<\/td>\n<\/tr>\n<tr>\n<td data-sheets-value=\"{&quot;1&quot;:2,&quot;2&quot;:&quot;Angl\u00e8s &quot;}\">Angl\u00e8s<\/td>\n<td data-sheets-value=\"{&quot;1&quot;:2,&quot;2&quot;:&quot;3 h \/ setmana &quot;}\">3 h \/ setmana<\/td>\n<\/tr>\n<tr>\n<td data-sheets-value=\"{&quot;1&quot;:2,&quot;2&quot;:&quot;APS (2n Q) *&quot;}\">APS (2n Q) *<\/td>\n<td data-sheets-value=\"{&quot;1&quot;:2,&quot;2&quot;:&quot;2 h \/ setmana &quot;}\">2 h \/ setmana<\/td>\n<\/tr>\n<tr>\n<td data-sheets-value=\"{&quot;1&quot;:2,&quot;2&quot;:&quot;Audiovisuals (1r Q)&quot;}\">Audiovisuals (1r Q)<\/td>\n<td data-sheets-value=\"{&quot;1&quot;:2,&quot;2&quot;:&quot;2 h \/ setmana &quot;}\">2 h \/ setmana<\/td>\n<\/tr>\n<tr>\n<td data-sheets-value=\"{&quot;1&quot;:2,&quot;2&quot;:&quot;Castell\u00e0&quot;}\">Castell\u00e0<\/td>\n<td data-sheets-value=\"{&quot;1&quot;:2,&quot;2&quot;:&quot;3 h \/ setmana &quot;}\">3 h \/ setmana<\/td>\n<\/tr>\n<tr>\n<td data-sheets-value=\"{&quot;1&quot;:2,&quot;2&quot;:&quot;Catal\u00e0&quot;}\">Catal\u00e0<\/td>\n<td data-sheets-value=\"{&quot;1&quot;:2,&quot;2&quot;:&quot;3 h \/ setmana &quot;}\">3 h \/ setmana<\/td>\n<\/tr>\n<tr>\n<td data-sheets-value=\"{&quot;1&quot;:2,&quot;2&quot;:&quot;Educaci\u00f3 F\u00edsica &quot;}\">Educaci\u00f3 F\u00edsica<\/td>\n<td data-sheets-value=\"{&quot;1&quot;:2,&quot;2&quot;:&quot;2 h \/ setmana &quot;}\">2 h \/ setmana<\/td>\n<\/tr>\n<tr>\n<td data-sheets-value=\"{&quot;1&quot;:2,&quot;2&quot;:&quot;Matem\u00e0tiques &quot;}\">Matem\u00e0tiques<\/td>\n<td data-sheets-value=\"{&quot;1&quot;:2,&quot;2&quot;:&quot;4 h \/ setmana &quot;}\">4 h \/ setmana<\/td>\n<\/tr>\n<tr>\n<td data-sheets-value=\"{&quot;1&quot;:2,&quot;2&quot;:&quot;Optatives *&quot;}\">Optatives *<\/td>\n<td data-sheets-value=\"{&quot;1&quot;:2,&quot;2&quot;:&quot;4 h \/ setmana &quot;}\">3 h \/ setmana<\/td>\n<\/tr>\n<tr>\n<td data-sheets-value=\"{&quot;1&quot;:2,&quot;2&quot;:&quot;Socials &quot;}\">Socials<\/td>\n<td data-sheets-value=\"{&quot;1&quot;:2,&quot;2&quot;:&quot;3 h \/ setmana &quot;}\">3 h \/ setmana<\/td>\n<\/tr>\n<tr>\n<td data-sheets-value=\"{&quot;1&quot;:2,&quot;2&quot;:&quot;Tutoria &quot;}\">Tutoria<\/td>\n<td data-sheets-value=\"{&quot;1&quot;:2,&quot;2&quot;:&quot;1 h \/ setmana &quot;}\">1 h \/ setmana<\/td>\n<\/tr>\n<\/tbody>\n<\/table>\n<table dir=\"ltr\" style=\"width: 49.4358%; height: 329px;\" border=\"1\" cellspacing=\"0\" cellpadding=\"0\">\n<colgroup>\n<col width=\"210\" \/><\/colgroup>\n<tbody>\n<tr>\n<td data-sheets-value=\"{&quot;1&quot;:2,&quot;2&quot;:&quot;* Optatives&quot;}\">* <strong>Optatives<\/strong><\/td>\n<\/tr>\n<tr>\n<td data-sheets-value=\"{&quot;1&quot;:2,&quot;2&quot;:&quot;Arts esc\u00e8niques &quot;}\">Arts esc\u00e8niques<\/td>\n<\/tr>\n<tr>\n<td data-sheets-value=\"{&quot;1&quot;:2,&quot;2&quot;:&quot;Biologia i Geologia&quot;}\">Biologia i Geologia<\/td>\n<\/tr>\n<tr>\n<td data-sheets-value=\"{&quot;1&quot;:2,&quot;2&quot;:&quot;Ccient\u00edfiques&quot;}\">Cient\u00edfiques<\/td>\n<\/tr>\n<tr>\n<td data-sheets-value=\"{&quot;1&quot;:2,&quot;2&quot;:&quot;F\u00edsica i qu\u00edmica&quot;}\">F\u00edsica i qu\u00edmica<\/td>\n<\/tr>\n<tr>\n<td data-sheets-value=\"{&quot;1&quot;:2,&quot;2&quot;:&quot;IN&quot;}\">IN<\/td>\n<\/tr>\n<tr>\n<td data-sheets-value=\"{&quot;1&quot;:2,&quot;2&quot;:&quot;Llengua i cultura francesa&quot;}\">Llengua i cultura francesa<\/td>\n<\/tr>\n<tr>\n<td data-sheets-value=\"{&quot;1&quot;:2,&quot;2&quot;:&quot;M\u00fasica &quot;}\">M\u00fasica<\/td>\n<\/tr>\n<tr>\n<td data-sheets-value=\"{&quot;1&quot;:2,&quot;2&quot;:&quot;Tecnologia&quot;}\">Tecnologia<\/td>\n<\/tr>\n<tr>\n<td data-sheets-value=\"{&quot;1&quot;:2,&quot;2&quot;:&quot;Visual i Pl\u00e0stica&quot;}\">Educaci\u00f3 Visual, Pl\u00e0stica i Audiovisual<\/td>\n<\/tr>\n<\/tbody>\n<\/table>\n<table dir=\"ltr\" style=\"width: 49.3127%; height: 166px;\" border=\"1\" cellspacing=\"0\" cellpadding=\"0\">\n<colgroup>\n<col width=\"100\" \/><\/colgroup>\n<tbody>\n<tr>\n<td data-sheets-value=\"{&quot;1&quot;:2,&quot;2&quot;:&quot;* APS&quot;}\"><strong>* APS<\/strong><\/td>\n<\/tr>\n<tr>\n<td data-sheets-value=\"{&quot;1&quot;:2,&quot;2&quot;:&quot;Biologia &quot;}\">Biologia<\/td>\n<\/tr>\n<tr>\n<td data-sheets-value=\"{&quot;1&quot;:2,&quot;2&quot;:&quot;ESC&quot;}\">ESC<\/td>\n<\/tr>\n<tr>\n<td data-sheets-value=\"{&quot;1&quot;:2,&quot;2&quot;:&quot;MED&quot;}\">MED<\/td>\n<\/tr>\n<tr>\n<td data-sheets-value=\"{&quot;1&quot;:2,&quot;2&quot;:&quot;PIC&quot;}\">PIC<\/td>\n<\/tr>\n<\/tbody>\n<\/table>\n<p style=\"text-align: justify;\">A finals del curs de 4t es porta a terme el Projecte de recerca.<\/p>\n<p style=\"text-align: justify;\"><span style=\"font-family: inherit; font-size: 1em;\">I es fa una sortida de final de curs per a posar fi a l&#8217;etapa d&#8217;educaci\u00f3 obligat\u00f2ria.\u00a0<\/span><\/p>\n","protected":false},"excerpt":{"rendered":"<p>L&#8217;Educaci\u00f3 Secund\u00e0ria Obligat\u00f2ria compr\u00e8n quatre cursos acad\u00e8mics, que generalment es cursen entre els 12 i els 16 anys. Es divideix en 1r, 2n, 3r i 4t de la ESO.<br \/>\nA continuaci\u00f3 detallem les assignatures que es fan enguany a 1r d&#8217;ESO:\u00a0<\/p>\n<p>Mat\u00e8ries obligat\u00f2ries<br \/>\nHora per setmana<\/p>\n<p>Angl\u00e8s<br \/>\n3 h \/&hellip;  <a href=\"https:\/\/agora.xtec.cat\/ies-viladegracia\/eso\/\" title=\"Read ESO\">Llegeix m\u00e9s\u00bb<\/a><\/p>\n","protected":false},"author":1,"featured_media":0,"parent":0,"menu_order":0,"comment_status":"closed","ping_status":"closed","template":"page-templates\/side-menu.php","meta":{"footnotes":""},"class_list":["post-573","page","type-page","status-publish","hentry"],"post_mailing_queue_ids":[],"_links":{"self":[{"href":"https:\/\/agora.xtec.cat\/ies-viladegracia\/wp-json\/wp\/v2\/pages\/573","targetHints":{"allow":["GET"]}}],"collection":[{"href":"https:\/\/agora.xtec.cat\/ies-viladegracia\/wp-json\/wp\/v2\/pages"}],"about":[{"href":"https:\/\/agora.xtec.cat\/ies-viladegracia\/wp-json\/wp\/v2\/types\/page"}],"author":[{"embeddable":true,"href":"https:\/\/agora.xtec.cat\/ies-viladegracia\/wp-json\/wp\/v2\/users\/1"}],"replies":[{"embeddable":true,"href":"https:\/\/agora.xtec.cat\/ies-viladegracia\/wp-json\/wp\/v2\/comments?post=573"}],"version-history":[{"count":4,"href":"https:\/\/agora.xtec.cat\/ies-viladegracia\/wp-json\/wp\/v2\/pages\/573\/revisions"}],"predecessor-version":[{"id":8692,"href":"https:\/\/agora.xtec.cat\/ies-viladegracia\/wp-json\/wp\/v2\/pages\/573\/revisions\/8692"}],"wp:attachment":[{"href":"https:\/\/agora.xtec.cat\/ies-viladegracia\/wp-json\/wp\/v2\/media?parent=573"}],"curies":[{"name":"wp","href":"https:\/\/api.w.org\/{rel}","templated":true}]}}