{"id":4163,"date":"2025-02-20T16:00:16","date_gmt":"2025-02-20T15:00:16","guid":{"rendered":"http:\/\/agora.xtec.cat\/ies-viladegracia\/?page_id=4163"},"modified":"2026-05-14T12:26:36","modified_gmt":"2026-05-14T10:26:36","slug":"preinscripcio-batxillerat-curs-2025-2026","status":"publish","type":"page","link":"https:\/\/agora.xtec.cat\/ies-viladegracia\/preinscripcio-batxillerat-curs-2025-2026\/","title":{"rendered":"&#8211; Informaci\u00f3 preinscripci\u00f3 i matr\u00edcula curs 2026-2027 (actualitzat 14 de maig)"},"content":{"rendered":"<p><strong>PRINCIPALS DATES<\/strong><\/p>\n<p><strong>ESO<\/strong> &#8211; <a href=\"https:\/\/www.edubcn.cat\/ca\/alumnat_i_familia\/informacio_general_matriculacio\/preinscripcio_info\">Informaci\u00f3 preinscripci\u00f3 &#8211; Consorci d&#8217;Educaci\u00f3 de Barcelona<\/a><\/p>\n<p><a href=\"https:\/\/dogc.gencat.cat\/ca\/document-del-dogc\/?documentId=1036257\" target=\"_blank\" rel=\"noopener\">Normativa Preinscripci\u00f3<\/a><\/p>\n<p>3 de mar\u00e7: <a href=\"https:\/\/agora.xtec.cat\/ies-viladegracia\/wp-content\/uploads\/usu241\/2026\/03\/INFORME_OFERTA_OME_INFORME_OFERTA-12.pdf\" target=\"_blank\" rel=\"noopener\">Publicaci\u00f3 de l&#8217;oferta inicial<\/a>.<\/p>\n<p>6 al 18 de mar\u00e7: preinscripci\u00f3 (online) a partir de les 9 del mat\u00ed.<\/p>\n<p>19 de mar\u00e7: darrer dia per lliurar la documentaci\u00f3.<\/p>\n<p>15 d&#8217;abril: <a href=\"https:\/\/agora.xtec.cat\/ies-viladegracia\/wp-content\/uploads\/usu241\/2026\/04\/INFORME_BAREM_PROVISIONAL_BAREM.pdf\" target=\"_blank\" rel=\"noopener\">Publicaci\u00f3 de la llista de sol\u00b7licituds amb la puntuaci\u00f3 provisional.<\/a><\/p>\n<p>15 al 20 d&#8217;abril: Presentaci\u00f3 de reclamacions a la llista provisional.<\/p>\n<p>23 d&#8217;abril: <a href=\"https:\/\/agora.xtec.cat\/ies-viladegracia\/wp-content\/uploads\/usu241\/2026\/04\/INFORME_BAREM_RESOLTES_BAREM-3.pdf\" target=\"_blank\" rel=\"noopener\">Publicaci\u00f3 llista puntuaci\u00f3 definitiva.<\/a><\/p>\n<p>29 d&#8217;abril a les 11 hores: Sorteig per resoldre les sol\u00b7licituds de preinscripci\u00f3 empatades en punts. <strong>N\u00famero de desempat: 42.129.<\/strong><\/p>\n<p>29 d&#8217;abril: <a href=\"https:\/\/agora.xtec.cat\/ies-viladegracia\/wp-content\/uploads\/usu241\/2026\/04\/INFORME_BAREM_DEFINITIU_BAREM-2.pdf\" target=\"_blank\" rel=\"noopener\">Llista ordenada<\/a>. (Cal tenir en compte que en aquest llistat tan sols hi apareixen les peticions de centre en primera opci\u00f3, aquells que l&#8217;han sol\u00b7licitat en segona opci\u00f3, no apareixen).<\/p>\n<p>1 al 3 de juny: Ampliaci\u00f3 de petici\u00f3 d&#8217;inscripcions per alumnat sense pla\u00e7a assignada a cap centre.<\/p>\n<p>10 de juny: Oferta final de places.<\/p>\n<p>10 de juny: Llista d&#8217;alumnes assignats al centre. Llista d&#8217;espera. Llista d&#8217;alumnes que havien posat el centre com a primera opci\u00f3 (amb assignaci\u00f3 al Vila o a un altre centre).<\/p>\n<p>22 al 30 de juny: Matriculaci\u00f3. Per tal de matricular-vos al centre, us trucarem per concertar dia i hora i us demanarem que passeu pel centre a buscar la documentaci\u00f3 que haureu de retornar signada el dia que formalitzeu la matr\u00edcula.<\/p>\n<p><strong>BATXILLERAT<\/strong> &#8211; <a href=\"https:\/\/preinscripcio.gencat.cat\/ca\/estudis\/batxillerat\/inici\/\" target=\"_blank\" rel=\"noopener\">Enlla\u00e7 al web de preinscripci\u00f3.<\/a><\/p>\n<p>8 d&#8217;abril: <a href=\"https:\/\/agora.xtec.cat\/ies-viladegracia\/wp-content\/uploads\/usu241\/2026\/04\/INFORME_OFERTA_OME_INFORME_OFERTA-13.pdf\" target=\"_blank\" rel=\"noopener\">Oferta inicial de places<\/a>.<\/p>\n<p>9 al 16 d&#8217;abril: preinscripci\u00f3 online.<\/p>\n<p>17 d&#8217;abril: darrer dia per lliurar la documentaci\u00f3.<\/p>\n<p>14 de maig: L<a href=\"https:\/\/agora.xtec.cat\/ies-viladegracia\/wp-content\/uploads\/usu241\/2026\/05\/INFORME_BAREM_PROVISIONAL_BAREM-6.pdf\" target=\"_blank\" rel=\"noopener\">lista de sol\u00b7licituds amb la puntuaci\u00f3 provisiona<\/a>l.<\/p>\n<p>14 al 20 de maig: Presentaci\u00f3 de reclamacions a la llista provisional.<\/p>\n<p>26 de maig: Publicaci\u00f3 llista puntuaci\u00f3 definitiva.<\/p>\n<p>26 de maig a les 11 hores: Sorteig per resoldre les sol\u00b7licituds de preinscripci\u00f3 empatades en punts. <strong>N\u00famero de desempat: .<\/strong><\/p>\n<p>29 de maig: Llista ordenada.<\/p>\n<p>17 de juny: Oferta final de places.<\/p>\n<p>17 de juny: Llista d&#8217;alumnes admesos, llista d&#8217;espera i Llista d&#8217;alumnes que havien posat el centre com a primera opci\u00f3 (amb assignaci\u00f3 al Vila o a un altre centre).<\/p>\n<p><span style=\"font-family: inherit; font-size: 1em;\">18 al 30 de juny: Matriculaci\u00f3. Per tal de matricular-vos al centre, us trucarem per concertar dia i hora i us demanarem que passeu pel centre a buscar la documentaci\u00f3 que haureu de retornar signada el dia que formalitzeu la matr\u00edcula.<\/span><\/p>\n<p>Per tal de tenir informaci\u00f3 actualitzada, podeu accedir al web del <a href=\"https:\/\/www.edubcn.cat\/ca\/alumnat_i_familia\/informacio_general_matriculacio\/preinscripcio\" target=\"_blank\" rel=\"noopener\">Consorci d&#8217;Educaci\u00f3 de Barcelona<\/a> o al del<a href=\"https:\/\/preinscripcio.gencat.cat\/ca\/inici\/\" target=\"_blank\" rel=\"noopener\"> Departament d&#8217;Educaci\u00f3<\/a>.<\/p>\n","protected":false},"excerpt":{"rendered":"<p>PRINCIPALS DATES<br \/>\nESO &#8211; <a href=\"https:\/\/www.edubcn.cat\/ca\/alumnat_i_familia\/informacio_general_matriculacio\/preinscripcio_info\">Informaci\u00f3 preinscripci\u00f3 &#8211; Consorci d&#8217;Educaci\u00f3 de Barcelona<\/a><br \/>\n<a href=\"https:\/\/dogc.gencat.cat\/ca\/document-del-dogc\/?documentId=1036257\" target=\"_blank\" rel=\"noopener\">Normativa Preinscripci\u00f3<\/a><br \/>\n3 de mar\u00e7: <a href=\"https:\/\/agora.xtec.cat\/ies-viladegracia\/wp-content\/uploads\/usu241\/2026\/03\/INFORME_OFERTA_OME_INFORME_OFERTA-12.pdf\" target=\"_blank\" rel=\"noopener\">Publicaci\u00f3 de l&#8217;oferta inicial<\/a>.<br \/>\n6 al 18 de mar\u00e7: preinscripci\u00f3 (online) a partir de les 9 del mat\u00ed.<br \/>\n19 de mar\u00e7: darrer dia per lliurar la documentaci\u00f3.<br \/>\n15&hellip;  <a href=\"https:\/\/agora.xtec.cat\/ies-viladegracia\/preinscripcio-batxillerat-curs-2025-2026\/\" title=\"Read &#8211; Informaci\u00f3 preinscripci\u00f3 i matr\u00edcula curs 2026-2027 (actualitzat 14 de maig)\">Llegeix m\u00e9s\u00bb<\/a><\/p>\n","protected":false},"author":1,"featured_media":0,"parent":0,"menu_order":0,"comment_status":"closed","ping_status":"closed","template":"","meta":{"footnotes":""},"class_list":["post-4163","page","type-page","status-publish","hentry"],"post_mailing_queue_ids":[],"_links":{"self":[{"href":"https:\/\/agora.xtec.cat\/ies-viladegracia\/wp-json\/wp\/v2\/pages\/4163","targetHints":{"allow":["GET"]}}],"collection":[{"href":"https:\/\/agora.xtec.cat\/ies-viladegracia\/wp-json\/wp\/v2\/pages"}],"about":[{"href":"https:\/\/agora.xtec.cat\/ies-viladegracia\/wp-json\/wp\/v2\/types\/page"}],"author":[{"embeddable":true,"href":"https:\/\/agora.xtec.cat\/ies-viladegracia\/wp-json\/wp\/v2\/users\/1"}],"replies":[{"embeddable":true,"href":"https:\/\/agora.xtec.cat\/ies-viladegracia\/wp-json\/wp\/v2\/comments?post=4163"}],"version-history":[{"count":6,"href":"https:\/\/agora.xtec.cat\/ies-viladegracia\/wp-json\/wp\/v2\/pages\/4163\/revisions"}],"predecessor-version":[{"id":11858,"href":"https:\/\/agora.xtec.cat\/ies-viladegracia\/wp-json\/wp\/v2\/pages\/4163\/revisions\/11858"}],"wp:attachment":[{"href":"https:\/\/agora.xtec.cat\/ies-viladegracia\/wp-json\/wp\/v2\/media?parent=4163"}],"curies":[{"name":"wp","href":"https:\/\/api.w.org\/{rel}","templated":true}]}}