{"id":39,"date":"2014-09-17T16:36:44","date_gmt":"2014-09-17T16:36:44","guid":{"rendered":"http:\/\/agora.xtec.cat\/ies-viladegracia\/?page_id=39"},"modified":"2024-02-23T07:01:17","modified_gmt":"2024-02-23T06:01:17","slug":"instal%c2%b7lacions","status":"publish","type":"page","link":"https:\/\/agora.xtec.cat\/ies-viladegracia\/linstitut\/instal%c2%b7lacions\/","title":{"rendered":"Instal\u00b7lacions"},"content":{"rendered":"<p>El Vila de Gr\u00e0cia \u00e9s un centre petit per\u00f2 disposa de tots els espais necessaris per a portar a terme la doc\u00e8ncia d&#8217;ESO i Batxillerat.<\/p>\n<p style=\"text-align: justify;\"><a href=\"https:\/\/agora.xtec.cat\/ies-viladegracia\/wp-content\/uploads\/usu241\/2024\/02\/Hall_Vila.jpg\"><img loading=\"lazy\" decoding=\"async\" class=\"alignnone wp-image-9796\" src=\"https:\/\/agora.xtec.cat\/ies-viladegracia\/wp-content\/uploads\/usu241\/2024\/02\/Hall_Vila-1024x705.jpg\" alt=\"\" width=\"390\" height=\"268\" srcset=\"https:\/\/agora.xtec.cat\/ies-viladegracia\/wp-content\/uploads\/usu241\/2024\/02\/Hall_Vila-1024x705.jpg 1024w, https:\/\/agora.xtec.cat\/ies-viladegracia\/wp-content\/uploads\/usu241\/2024\/02\/Hall_Vila-300x207.jpg 300w, https:\/\/agora.xtec.cat\/ies-viladegracia\/wp-content\/uploads\/usu241\/2024\/02\/Hall_Vila-768x529.jpg 768w, https:\/\/agora.xtec.cat\/ies-viladegracia\/wp-content\/uploads\/usu241\/2024\/02\/Hall_Vila.jpg 1070w\" sizes=\"auto, (max-width: 390px) 100vw, 390px\" \/><\/a><\/p>\n<p style=\"text-align: justify;\">El centre disposa de laboratoris de Ci\u00e8ncies Naturals, F\u00edsica i Qu\u00edmica. T\u00e9 aules espec\u00edfiques: una aula d\u2019Inform\u00e0tica i dues de Tecnologia. Una Biblioteca informatitzada (amb bibliotec\u00e0ria subvencionada per l&#8217;AMPA), aula d&#8217;Arts Esc\u00e8niques i un bon equipament d&#8217;audiovisual (amb el qual es treballa a les diferents assignatures que ho necessiten).<\/p>\n<p style=\"text-align: justify;\"><a href=\"https:\/\/agora.xtec.cat\/ies-viladegracia\/wp-content\/uploads\/usu241\/2024\/02\/Biblio_2.jpg\"><img loading=\"lazy\" decoding=\"async\" class=\"alignnone wp-image-9794\" src=\"https:\/\/agora.xtec.cat\/ies-viladegracia\/wp-content\/uploads\/usu241\/2024\/02\/Biblio_2-1024x721.jpg\" alt=\"\" width=\"480\" height=\"338\" srcset=\"https:\/\/agora.xtec.cat\/ies-viladegracia\/wp-content\/uploads\/usu241\/2024\/02\/Biblio_2-1024x721.jpg 1024w, https:\/\/agora.xtec.cat\/ies-viladegracia\/wp-content\/uploads\/usu241\/2024\/02\/Biblio_2-300x211.jpg 300w, https:\/\/agora.xtec.cat\/ies-viladegracia\/wp-content\/uploads\/usu241\/2024\/02\/Biblio_2-768x541.jpg 768w, https:\/\/agora.xtec.cat\/ies-viladegracia\/wp-content\/uploads\/usu241\/2024\/02\/Biblio_2.jpg 1069w\" sizes=\"auto, (max-width: 480px) 100vw, 480px\" \/> <\/a><a href=\"https:\/\/agora.xtec.cat\/ies-viladegracia\/wp-content\/uploads\/usu241\/2024\/02\/Biblio_1.jpg\"><img loading=\"lazy\" decoding=\"async\" class=\"alignnone wp-image-9795\" src=\"https:\/\/agora.xtec.cat\/ies-viladegracia\/wp-content\/uploads\/usu241\/2024\/02\/Biblio_1-1024x575.jpg\" alt=\"\" width=\"600\" height=\"337\" srcset=\"https:\/\/agora.xtec.cat\/ies-viladegracia\/wp-content\/uploads\/usu241\/2024\/02\/Biblio_1-1024x575.jpg 1024w, https:\/\/agora.xtec.cat\/ies-viladegracia\/wp-content\/uploads\/usu241\/2024\/02\/Biblio_1-300x168.jpg 300w, https:\/\/agora.xtec.cat\/ies-viladegracia\/wp-content\/uploads\/usu241\/2024\/02\/Biblio_1-768x431.jpg 768w, https:\/\/agora.xtec.cat\/ies-viladegracia\/wp-content\/uploads\/usu241\/2024\/02\/Biblio_1.jpg 1427w\" sizes=\"auto, (max-width: 600px) 100vw, 600px\" \/><\/a><\/p>\n<p style=\"text-align: justify;\">Tots els espais del centre disposen de connexi\u00f3 a Internet per cable i wifi. Totes les aules estan equipades amb can\u00f3 de projecci\u00f3 i 5 d\u2019elles amb pissarres digitals.<\/p>\n<p style=\"text-align: justify;\">Per la celebraci\u00f3 dels grans esdeveniments que afecten a una part important de l&#8217;alumnat -algunes confer\u00e8ncies, Festivals de Nadal i Carnestoltes, Sant Jordi- comptem amb les instal\u00b7lacions de l&#8217;<a href=\"http:\/\/lafontana.org\/\">Espai Jove Fontana.<\/a> I pel que fa al tema esportiu disposem de les instal\u00b7lacions del Poliesportiu Josep Comellas, un equipament d&#8217;alt nivell que es troba a poc m\u00e9s d&#8217;un minut del centre, i per l&#8217;\u00fas del qual tenim prefer\u00e8ncia en horari escolar. Les mat\u00e8ries d&#8217;Arts Esc\u00e8niques del Batxillerat es porten a terme a l&#8217;<a href=\"https:\/\/ca.joanllongueres.com\/\">Escola de m\u00fasica Joan Llongueres<\/a>, tamb\u00e9 molt propera a l&#8217;institut.<\/p>\n<p><img loading=\"lazy\" decoding=\"async\" class=\"\" src=\"https:\/\/www.mesgestio.com\/wp-content\/uploads\/2022\/03\/WhatsApp-Image-2022-03-23-at-12.01.09-7-1-1024x461.jpeg\" alt=\"Noves proteccions al Josep Comellas per millorar la seguretat en la pr\u00e0ctica esportiva\" width=\"536\" height=\"241\" \/><\/p>\n","protected":false},"excerpt":{"rendered":"<p>El Vila de Gr\u00e0cia \u00e9s un centre petit per\u00f2 disposa de tots els espais necessaris per a portar a terme la doc\u00e8ncia d&#8217;ESO i Batxillerat.<br \/>\n<a href=\"https:\/\/agora.xtec.cat\/ies-viladegracia\/wp-content\/uploads\/usu241\/2024\/02\/Hall_Vila.jpg\"><\/a><br \/>\nEl centre disposa de laboratoris de Ci\u00e8ncies Naturals, F\u00edsica i Qu\u00edmica. T\u00e9 aules espec\u00edfiques: una aula d\u2019Inform\u00e0tica i dues de&hellip;  <a href=\"https:\/\/agora.xtec.cat\/ies-viladegracia\/linstitut\/instal%c2%b7lacions\/\" title=\"Read Instal\u00b7lacions\">Llegeix m\u00e9s\u00bb<\/a><\/p>\n","protected":false},"author":1,"featured_media":0,"parent":19,"menu_order":30,"comment_status":"closed","ping_status":"closed","template":"page-templates\/side-menu.php","meta":{"footnotes":""},"class_list":["post-39","page","type-page","status-publish","hentry"],"post_mailing_queue_ids":[],"_links":{"self":[{"href":"https:\/\/agora.xtec.cat\/ies-viladegracia\/wp-json\/wp\/v2\/pages\/39","targetHints":{"allow":["GET"]}}],"collection":[{"href":"https:\/\/agora.xtec.cat\/ies-viladegracia\/wp-json\/wp\/v2\/pages"}],"about":[{"href":"https:\/\/agora.xtec.cat\/ies-viladegracia\/wp-json\/wp\/v2\/types\/page"}],"author":[{"embeddable":true,"href":"https:\/\/agora.xtec.cat\/ies-viladegracia\/wp-json\/wp\/v2\/users\/1"}],"replies":[{"embeddable":true,"href":"https:\/\/agora.xtec.cat\/ies-viladegracia\/wp-json\/wp\/v2\/comments?post=39"}],"version-history":[{"count":5,"href":"https:\/\/agora.xtec.cat\/ies-viladegracia\/wp-json\/wp\/v2\/pages\/39\/revisions"}],"predecessor-version":[{"id":9797,"href":"https:\/\/agora.xtec.cat\/ies-viladegracia\/wp-json\/wp\/v2\/pages\/39\/revisions\/9797"}],"up":[{"embeddable":true,"href":"https:\/\/agora.xtec.cat\/ies-viladegracia\/wp-json\/wp\/v2\/pages\/19"}],"wp:attachment":[{"href":"https:\/\/agora.xtec.cat\/ies-viladegracia\/wp-json\/wp\/v2\/media?parent=39"}],"curies":[{"name":"wp","href":"https:\/\/api.w.org\/{rel}","templated":true}]}}