{"id":2722,"date":"2018-03-15T13:15:43","date_gmt":"2018-03-15T12:15:43","guid":{"rendered":"http:\/\/agora.xtec.cat\/ies-viladegracia\/?page_id=2722"},"modified":"2019-03-28T12:54:42","modified_gmt":"2019-03-28T11:54:42","slug":"preinscripcions-eso-curs-2018-2019","status":"publish","type":"page","link":"https:\/\/agora.xtec.cat\/ies-viladegracia\/preinscripcions-eso-curs-2018-2019\/","title":{"rendered":"&#8211; Preinscripcions ESO curs 2019-2020"},"content":{"rendered":"<p style=\"text-align: left;\"><a href=\"http:\/\/queestudiar.gencat.cat\/ca\/preinscripcio\/estudis\/obligatoris\/\">ENLLA\u00c7 A LA WEB AMB TOTA LA INFORMACI\u00d3<\/a><\/p>\n<p><strong>Horari de secretaria:<\/strong><\/p>\n<p>de dilluns a divendres, de 9.00 a 11.00 i de 11.30 a 14.00h.<br \/>\ni dilluns i dimecres de 16.00h. a 18.00h.<\/p>\n<p style=\"text-align: left;\"><a href=\"http:\/\/ensenyament.gencat.cat\/web\/shared\/OVT\/Departaments\/ENS\/TramitOVT\/preinscripcio\/obligatoris\/A42.pdf\">DESCARREGAR\u00a0FORMULARI SOL\u00b7LICITUD<\/a><\/p>\n<h3>Calendari<\/h3>\n<div>\n<div>\n<div><\/div>\n<div>\n<h4 id=\"FW_bloc_5ff9132d-55e8-11e4-aafa-000c29f68999_1\">Preinscripci\u00f3<\/h4>\n<div>\n<div>\n<ul>\n<li>Oferta inicial de places escolars: 27 de mar\u00e7 de 2019<\/li>\n<li>Presentaci\u00f3 de sol\u00b7licituds:\u00a0del 29 de mar\u00e7 al 9 d&#8217;abril\u00a0de 2019<\/li>\n<li>Presentaci\u00f3 de documentaci\u00f3: fins al 10 d&#8217;abril de 2019<\/li>\n<li>Llista de sol\u00b7licituds amb la puntuaci\u00f3 provisional: 26 d&#8217;abril de 2019<\/li>\n<li>Presentaci\u00f3 de reclamacions: del 29 d&#8217;abril al 3 de maig de 2019<\/li>\n<li>Llista de sol\u00b7licituds amb la puntuaci\u00f3 un cop resoltes les reclamacions: 8 de maig de 2019<\/li>\n<li>Sorteig del n\u00famero de desempat: 9 de maig de 2019, a les 11 h, als serveis centrals del\u00a0Departament d&#8217;Educaci\u00f3 (Via Augusta, 202, Barcelona)<\/li>\n<li>Llista ordenada definitiva: 14 de maig de 2019<\/li>\n<li>Ampliaci\u00f3 de petici\u00f3 de centres per a les sol\u00b7licituds que no han obtingut cap assignaci\u00f3 (assignaci\u00f3 d&#8217;ofici): del 30 de maig al 3 de juny de 2019<\/li>\n<li>Oferta final de places escolars: 11 de juny de 2019<\/li>\n<li>Llista d&#8217;alumnes admesos i\u00a0llista d&#8217;espera: 12 de juny\u00a0de 2019<\/li>\n<\/ul>\n<\/div>\n<\/div>\n<\/div>\n<div>\n<h4 id=\"FW_bloc_5ff9132d-55e8-11e4-aafa-000c29f68999_2\">Matr\u00edcula<\/h4>\n<div>\n<div>\n<ul>\n<li>Alumnes preinscrits amb pla\u00e7a assignada a segon cicle d&#8217;educaci\u00f3 infantil, educaci\u00f3 prim\u00e0ria i primer curs d&#8217;ESO: <strong>del\u00a020 al 26 de juny de 2019<\/strong><\/li>\n<li>Alumnes preinscrits amb pla\u00e7a assignada a 2n, 3r i 4t d&#8217;ESO: del 27 de juny al 3 de juliol de 2019<\/li>\n<\/ul>\n<p>La llista d&#8217;alumnes matriculats al centre procedents del\u00a0proc\u00e9s de preinscripci\u00f3 i admissi\u00f3 es publica l&#8217;1 d&#8217;octubre de 2019.<\/p>\n<\/div>\n<\/div>\n<\/div>\n<\/div>\n<\/div>\n<p style=\"text-align: left;\">\n","protected":false},"excerpt":{"rendered":"<p><a href=\"http:\/\/queestudiar.gencat.cat\/ca\/preinscripcio\/estudis\/obligatoris\/\">ENLLA\u00c7 A LA WEB AMB TOTA LA INFORMACI\u00d3<\/a><br \/>\nHorari de secretaria:<br \/>\nde dilluns a divendres, de 9.00 a 11.00 i de 11.30 a 14.00h.<br \/>\ni dilluns i dimecres de 16.00h. a 18.00h.<br \/>\n<a href=\"http:\/\/ensenyament.gencat.cat\/web\/shared\/OVT\/Departaments\/ENS\/TramitOVT\/preinscripcio\/obligatoris\/A42.pdf\">DESCARREGAR\u00a0FORMULARI SOL\u00b7LICITUD<\/a><br \/>\nCalendari<\/p>\n<p>Preinscripci\u00f3<\/p>\n<ul>\n<li>Oferta inicial de places escolars: 27 de mar\u00e7 de 2019<\/li>\n<li>Presentaci\u00f3 de sol\u00b7licituds:\u00a0del 29 de&hellip;  <a href=\"https:\/\/agora.xtec.cat\/ies-viladegracia\/preinscripcions-eso-curs-2018-2019\/\" title=\"Read &#8211; Preinscripcions ESO curs 2019-2020\">Llegeix m\u00e9s\u00bb<\/a><br \/>\n","protected":false},"author":1,"featured_media":0,"parent":0,"menu_order":0,"comment_status":"closed","ping_status":"closed","template":"","meta":{"footnotes":""},"class_list":["post-2722","page","type-page","status-publish","hentry"],"post_mailing_queue_ids":[],"_links":{"self":[{"href":"https:\/\/agora.xtec.cat\/ies-viladegracia\/wp-json\/wp\/v2\/pages\/2722","targetHints":{"allow":["GET"]}}],"collection":[{"href":"https:\/\/agora.xtec.cat\/ies-viladegracia\/wp-json\/wp\/v2\/pages"}],"about":[{"href":"https:\/\/agora.xtec.cat\/ies-viladegracia\/wp-json\/wp\/v2\/types\/page"}],"author":[{"embeddable":true,"href":"https:\/\/agora.xtec.cat\/ies-viladegracia\/wp-json\/wp\/v2\/users\/1"}],"replies":[{"embeddable":true,"href":"https:\/\/agora.xtec.cat\/ies-viladegracia\/wp-json\/wp\/v2\/comments?post=2722"}],"version-history":[{"count":3,"href":"https:\/\/agora.xtec.cat\/ies-viladegracia\/wp-json\/wp\/v2\/pages\/2722\/revisions"}],"predecessor-version":[{"id":4052,"href":"https:\/\/agora.xtec.cat\/ies-viladegracia\/wp-json\/wp\/v2\/pages\/2722\/revisions\/4052"}],"wp:attachment":[{"href":"https:\/\/agora.xtec.cat\/ies-viladegracia\/wp-json\/wp\/v2\/media?parent=2722"}],"curies":[{"name":"wp","href":"https:\/\/api.w.org\/{rel}","templated":true}]}}