{"id":2121,"date":"2023-10-10T10:27:58","date_gmt":"2023-10-10T08:27:58","guid":{"rendered":"http:\/\/agora.xtec.cat\/ies-viladegracia\/?page_id=2121"},"modified":"2024-03-19T07:59:17","modified_gmt":"2024-03-19T06:59:17","slug":"escola-2-0-informatica","status":"publish","type":"page","link":"https:\/\/agora.xtec.cat\/ies-viladegracia\/escola-2-0-informatica\/","title":{"rendered":"Estrat\u00e8gia Digital de Centre"},"content":{"rendered":"<p><span style=\"color: #000000;\"><strong>Per incid\u00e8ncies inform\u00e0tiques contacteu<\/strong>:<\/span> <a href=\"mailto:ticvila@insviladegracia.cat\">ticvila@insviladegracia.cat<\/a><\/p>\n<p><strong>Podeu veure l&#8217;Estrat\u00e8gia Digital del Vila de Gr\u00e0cies en<span style=\"text-decoration: underline;\"><a href=\"https:\/\/sites.google.com\/insviladegracia.cat\/edcinsviladegracia\/p%C3%A0gina-principal?pli=1\"> AQUEST ENLLA\u00c7<\/a><\/span>.\u00a0<\/strong><\/p>\n<hr \/>\n<p>L\u2019EDC t\u00e9, b\u00e0sicament dues parts. Una primera part que \u00e9s m\u00e9s <strong>estrat\u00e8gica<\/strong>\u00a0(objectius, activitats, planificaci\u00f3, etc.), on es defineix on vol arribar el centre digitalment parlant. La segona part mostra la\u00a0<strong>cultura digital,<\/strong>\u00a0ja que \u00e9s on es va recollint el que el centre ja t\u00e9 establert en aquest sentit.<\/p>\n<p>Per entendre\u2019ns, la part estrat\u00e8gica \u00e9s com volem que acabi sent el centre i com aconseguir-ho,\u00a0<em><strong>on volem anar?,<\/strong><\/em>\u00a0i la part de cultura digital s\u00f3n els plans, procediments, protocols, normatives, serveis i acords que el centre ja utilitza,\u00a0<strong><em>que estem fent?<\/em><\/strong><\/p>\n<p><a href=\"https:\/\/agora.xtec.cat\/ies-viladegracia\/wp-content\/uploads\/usu241\/2022\/11\/EDC.png\"><img loading=\"lazy\" decoding=\"async\" class=\"size-full wp-image-8301 aligncenter\" src=\"https:\/\/agora.xtec.cat\/ies-viladegracia\/wp-content\/uploads\/usu241\/2022\/11\/EDC.png\" alt=\"\" width=\"472\" height=\"719\" srcset=\"https:\/\/agora.xtec.cat\/ies-viladegracia\/wp-content\/uploads\/usu241\/2022\/11\/EDC.png 472w, https:\/\/agora.xtec.cat\/ies-viladegracia\/wp-content\/uploads\/usu241\/2022\/11\/EDC-197x300.png 197w\" sizes=\"auto, (max-width: 472px) 100vw, 472px\" \/><\/a><\/p>\n","protected":false},"excerpt":{"rendered":"<p>Per incid\u00e8ncies inform\u00e0tiques contacteu: <a href=\"mailto:ticvila@insviladegracia.cat\">ticvila@insviladegracia.cat<\/a><br \/>\nPodeu veure l&#8217;Estrat\u00e8gia Digital del Vila de Gr\u00e0cies en<a href=\"https:\/\/sites.google.com\/insviladegracia.cat\/edcinsviladegracia\/p%C3%A0gina-principal?pli=1\"> AQUEST ENLLA\u00c7<\/a>.\u00a0<\/p>\n<p>L\u2019EDC t\u00e9, b\u00e0sicament dues parts. Una primera part que \u00e9s m\u00e9s estrat\u00e8gica\u00a0(objectius, activitats, planificaci\u00f3, etc.), on es defineix on vol arribar el centre digitalment parlant. La segona part mostra&hellip;  <a href=\"https:\/\/agora.xtec.cat\/ies-viladegracia\/escola-2-0-informatica\/\" title=\"Read Estrat\u00e8gia Digital de Centre\">Llegeix m\u00e9s\u00bb<\/a><\/p>\n","protected":false},"author":1,"featured_media":0,"parent":0,"menu_order":0,"comment_status":"closed","ping_status":"closed","template":"page-templates\/side-menu.php","meta":{"footnotes":""},"class_list":["post-2121","page","type-page","status-publish","hentry"],"post_mailing_queue_ids":[],"_links":{"self":[{"href":"https:\/\/agora.xtec.cat\/ies-viladegracia\/wp-json\/wp\/v2\/pages\/2121","targetHints":{"allow":["GET"]}}],"collection":[{"href":"https:\/\/agora.xtec.cat\/ies-viladegracia\/wp-json\/wp\/v2\/pages"}],"about":[{"href":"https:\/\/agora.xtec.cat\/ies-viladegracia\/wp-json\/wp\/v2\/types\/page"}],"author":[{"embeddable":true,"href":"https:\/\/agora.xtec.cat\/ies-viladegracia\/wp-json\/wp\/v2\/users\/1"}],"replies":[{"embeddable":true,"href":"https:\/\/agora.xtec.cat\/ies-viladegracia\/wp-json\/wp\/v2\/comments?post=2121"}],"version-history":[{"count":7,"href":"https:\/\/agora.xtec.cat\/ies-viladegracia\/wp-json\/wp\/v2\/pages\/2121\/revisions"}],"predecessor-version":[{"id":9833,"href":"https:\/\/agora.xtec.cat\/ies-viladegracia\/wp-json\/wp\/v2\/pages\/2121\/revisions\/9833"}],"wp:attachment":[{"href":"https:\/\/agora.xtec.cat\/ies-viladegracia\/wp-json\/wp\/v2\/media?parent=2121"}],"curies":[{"name":"wp","href":"https:\/\/api.w.org\/{rel}","templated":true}]}}