{"id":1238,"date":"2017-03-17T10:36:38","date_gmt":"2017-03-17T09:36:38","guid":{"rendered":"http:\/\/agora.xtec.cat\/ies-viladegracia\/?page_id=1238"},"modified":"2020-09-30T13:07:21","modified_gmt":"2020-09-30T11:07:21","slug":"justificants","status":"publish","type":"page","link":"https:\/\/agora.xtec.cat\/ies-viladegracia\/justificants\/","title":{"rendered":"Justificants"},"content":{"rendered":"<p><b>1r, 2n d\u2019ESO: Justificaci\u00f3 de faltes d\u2019assist\u00e8ncia<\/b><\/p>\n<p>(Cal iniciar sessi\u00f3 amb el correu de fam\u00edlia del domini INS Vila de Gr\u00e0cia)<\/p>\n<p><a href=\"https:\/\/forms.gle\/3sf8uR91EzbkpFPF9\">Document 1r i 2n d\u2019ESO<\/a><\/p>\n<p>&nbsp;<\/p>\n<p><b>3r i 4t d\u2019ESO i Batxillerat: Justificaci\u00f3 de faltes d\u2019assist\u00e8ncia<\/b><\/p>\n<p>(Cal emplenar el formulari des del correu del pare\/mare\/tutor\/a que v\u00e0reu indicar en la matr\u00edcula)<\/p>\n<p><a href=\"https:\/\/forms.gle\/hpWKxbo7K9DpYkGC7\" target=\"_blank\" rel=\"noopener noreferrer\" data-saferedirecturl=\"https:\/\/www.google.com\/url?q=https:\/\/forms.gle\/hpWKxbo7K9DpYkGC7&amp;source=gmail&amp;ust=1600785809401000&amp;usg=AFQjCNHk5eOoCaccVmHUAORdjhZPwhfCVg\">Document 3r, 4t i Batxillerat<\/a><\/p>\n","protected":false},"excerpt":{"rendered":"<p>1r, 2n d\u2019ESO: Justificaci\u00f3 de faltes d\u2019assist\u00e8ncia<br \/>\n(Cal iniciar sessi\u00f3 amb el correu de fam\u00edlia del domini INS Vila de Gr\u00e0cia)<br \/>\n<a href=\"https:\/\/forms.gle\/3sf8uR91EzbkpFPF9\">Document 1r i 2n d\u2019ESO<\/a><br \/>\n&nbsp;<br \/>\n3r i 4t d\u2019ESO i Batxillerat: Justificaci\u00f3 de faltes d\u2019assist\u00e8ncia<br \/>\n(Cal emplenar el formulari des del correu del pare\/mare\/tutor\/a que v\u00e0reu indicar&hellip;  <a href=\"https:\/\/agora.xtec.cat\/ies-viladegracia\/justificants\/\" title=\"Read Justificants\">Llegeix m\u00e9s\u00bb<\/a><\/p>\n","protected":false},"author":1,"featured_media":0,"parent":0,"menu_order":30,"comment_status":"closed","ping_status":"closed","template":"page-templates\/side-menu.php","meta":{"footnotes":""},"class_list":["post-1238","page","type-page","status-publish","hentry"],"post_mailing_queue_ids":[],"_links":{"self":[{"href":"https:\/\/agora.xtec.cat\/ies-viladegracia\/wp-json\/wp\/v2\/pages\/1238","targetHints":{"allow":["GET"]}}],"collection":[{"href":"https:\/\/agora.xtec.cat\/ies-viladegracia\/wp-json\/wp\/v2\/pages"}],"about":[{"href":"https:\/\/agora.xtec.cat\/ies-viladegracia\/wp-json\/wp\/v2\/types\/page"}],"author":[{"embeddable":true,"href":"https:\/\/agora.xtec.cat\/ies-viladegracia\/wp-json\/wp\/v2\/users\/1"}],"replies":[{"embeddable":true,"href":"https:\/\/agora.xtec.cat\/ies-viladegracia\/wp-json\/wp\/v2\/comments?post=1238"}],"version-history":[{"count":3,"href":"https:\/\/agora.xtec.cat\/ies-viladegracia\/wp-json\/wp\/v2\/pages\/1238\/revisions"}],"predecessor-version":[{"id":5572,"href":"https:\/\/agora.xtec.cat\/ies-viladegracia\/wp-json\/wp\/v2\/pages\/1238\/revisions\/5572"}],"wp:attachment":[{"href":"https:\/\/agora.xtec.cat\/ies-viladegracia\/wp-json\/wp\/v2\/media?parent=1238"}],"curies":[{"name":"wp","href":"https:\/\/api.w.org\/{rel}","templated":true}]}}