{"id":11005,"date":"2025-07-21T16:28:45","date_gmt":"2025-07-21T14:28:45","guid":{"rendered":"https:\/\/agora.xtec.cat\/ies-viladegracia\/?page_id=11005"},"modified":"2025-11-28T11:20:46","modified_gmt":"2025-11-28T10:20:46","slug":"aprenentatge-basat-en-projectes-abp","status":"publish","type":"page","link":"https:\/\/agora.xtec.cat\/ies-viladegracia\/aprenentatge-basat-en-projectes-abp\/","title":{"rendered":"Aprenentatge Basat en Projectes (ABP)"},"content":{"rendered":"<h4><span style=\"font-weight: 400;\">Els projectes s\u00f3n una proposta metodol\u00f2gica globalitzada, que s&#8217;enfoca en l\u2019aprenentatge de coneixements clau del curr\u00edculum i en desenvolupar compet\u00e8ncies d\u2019aprenentatge profund.<\/span><\/h4>\n<p><span style=\"font-weight: 400;\">Els projectes comencen amb un tret de sortida que pot cridar l\u2019atenci\u00f3 de l\u2019alumnat, la seva curiositat, el seu comprom\u00eds, \u00e9s el moment en qu\u00e8 presentem el projecte i en el qual volem que l\u2019alumnat se\u2019l faci seu, s\u2019hi comprometi i se l\u2019apropi\u00ef.<\/span><\/p>\n<p><span style=\"font-weight: 400;\">A partir d\u2019aqu\u00ed comen\u00e7a el viatge que t\u00e9 uns objectius d\u2019aprenentatge, un producte final al qual arribar i una exhibici\u00f3 p\u00fablica en la qual presentar, tant el producte com el cam\u00ed transcorregut per aconseguir-lo.<\/span><\/p>\n<p><span style=\"font-weight: 400;\">Al llarg d\u2019aquest viatge hi ha m\u00faltiples moments d\u2019aprenentatge competencial multidisciplinari, aix\u00ed com activitats metacognitives, que afavoreixen el desenvolupament de<\/span><a href=\"https:\/\/deeper-learning.org\/\"><span style=\"font-weight: 400;\"> l\u2019aprenentatge profund<\/span><\/a><span style=\"font-weight: 400;\">, el qual inclou el pensament anal\u00edtic, cr\u00edtic i creatiu, la resoluci\u00f3 de problemes, el treball en equip i l\u2019autogesti\u00f3 de l\u2019aprenentatge.\u00a0<\/span><\/p>\n<p><span style=\"font-weight: 400;\">Al final del cam\u00ed, s\u2019elabora una creaci\u00f3 o producte final col\u00b7lectiu que \u00e9s presentat a la comunitat educativa en una exhibici\u00f3 p\u00fablica que valora i celebra els aprenentatges assolits. I, finalment, tanquem el projecte, tot fent-ne una reflexi\u00f3 de l\u2019aprenentatge fet i les compet\u00e8ncies adquirides, amb una mirada cr\u00edtica i constructiva.<\/span><\/p>\n<p><span style=\"font-weight: 400;\">Al Vila els projectes es realitzen en 2 o 3 sessions setmanals i s\u2019estructuren com una mat\u00e8ria m\u00e9s dins el nostre projecte educatiu. D\u2019aquesta manera l\u2019alumnat del centre viu l\u2019aprenentatge de manera diversa i enriquidora, ja que l\u2019ABP afavoreix el desenvolupament de destreses i habilitats cognitives complement\u00e0ries a les quals es poden oferir des de la resta d\u2019assignatures.\u00a0\u00a0<\/span><\/p>\n<p><span style=\"font-weight: 400;\">Projectes realitzats, per cursos:<\/span><\/p>\n<p><span style=\"font-weight: 400;\">1r: \u00e0mbits de llengua, socials i tutoria.<\/span><\/p>\n<ul>\n<li style=\"font-weight: 400;\" aria-level=\"1\"><span style=\"font-weight: 400;\">Qui soc jo? El nostre llibre de vides.<\/span><\/li>\n<li style=\"font-weight: 400;\" aria-level=\"1\"><span style=\"font-weight: 400;\">Juguem. Jocs de taula hist\u00f2rics.<\/span><\/li>\n<\/ul>\n<p><span style=\"font-weight: 400;\">2n: \u00e0mbits de f\u00edsica, matem\u00e0tiques i tecnologia.<\/span><\/p>\n<ul>\n<li style=\"font-weight: 400;\" aria-level=\"1\"><span style=\"font-weight: 400;\">El p\u00e8ndol. Com podem mesurar el temps?<\/span><\/li>\n<li style=\"font-weight: 400;\" aria-level=\"1\"><span style=\"font-weight: 400;\">Una Caminada per a tothom.<\/span><\/li>\n<\/ul>\n<p><span style=\"font-weight: 400;\">3r: \u00e0mbits de ci\u00e8ncies socials, biologia i filosofia:<\/span><\/p>\n<ul>\n<li aria-level=\"1\"><a href=\"https:\/\/agora.xtec.cat\/ies-viladegracia\/general\/3r-deso-presenta-els-documentals-del-projecte-podem-erradicar-les-epidemies\/\">Podem erradicar les epid\u00e8mies?<\/a><\/li>\n<li aria-level=\"1\"><a href=\"https:\/\/agora.xtec.cat\/ies-viladegracia\/general\/lalumnat-de-3r-us-dona-la-benvinguda-a-la-cimera-de-les-nacions-utopiques\/\">\u00c9s ut\u00f2pic imagina un m\u00f3n que no sigui dist\u00f2pic?<\/a><\/li>\n<\/ul>\n<p>&nbsp;<\/p>\n","protected":false},"excerpt":{"rendered":"<p>Els projectes s\u00f3n una proposta metodol\u00f2gica globalitzada, que s&#8217;enfoca en l\u2019aprenentatge de coneixements clau del curr\u00edculum i en desenvolupar compet\u00e8ncies d\u2019aprenentatge profund.<br \/>\nEls projectes comencen amb un tret de sortida que pot cridar l\u2019atenci\u00f3 de l\u2019alumnat, la seva curiositat, el seu comprom\u00eds, \u00e9s el moment en&hellip;  <a href=\"https:\/\/agora.xtec.cat\/ies-viladegracia\/aprenentatge-basat-en-projectes-abp\/\" title=\"Read Aprenentatge Basat en Projectes (ABP)\">Llegeix m\u00e9s\u00bb<\/a><\/p>\n","protected":false},"author":1,"featured_media":0,"parent":0,"menu_order":0,"comment_status":"closed","ping_status":"closed","template":"","meta":{"footnotes":""},"class_list":["post-11005","page","type-page","status-publish","hentry"],"post_mailing_queue_ids":[],"_links":{"self":[{"href":"https:\/\/agora.xtec.cat\/ies-viladegracia\/wp-json\/wp\/v2\/pages\/11005","targetHints":{"allow":["GET"]}}],"collection":[{"href":"https:\/\/agora.xtec.cat\/ies-viladegracia\/wp-json\/wp\/v2\/pages"}],"about":[{"href":"https:\/\/agora.xtec.cat\/ies-viladegracia\/wp-json\/wp\/v2\/types\/page"}],"author":[{"embeddable":true,"href":"https:\/\/agora.xtec.cat\/ies-viladegracia\/wp-json\/wp\/v2\/users\/1"}],"replies":[{"embeddable":true,"href":"https:\/\/agora.xtec.cat\/ies-viladegracia\/wp-json\/wp\/v2\/comments?post=11005"}],"version-history":[{"count":4,"href":"https:\/\/agora.xtec.cat\/ies-viladegracia\/wp-json\/wp\/v2\/pages\/11005\/revisions"}],"predecessor-version":[{"id":11249,"href":"https:\/\/agora.xtec.cat\/ies-viladegracia\/wp-json\/wp\/v2\/pages\/11005\/revisions\/11249"}],"wp:attachment":[{"href":"https:\/\/agora.xtec.cat\/ies-viladegracia\/wp-json\/wp\/v2\/media?parent=11005"}],"curies":[{"name":"wp","href":"https:\/\/api.w.org\/{rel}","templated":true}]}}