{"id":10468,"date":"2025-02-24T10:50:57","date_gmt":"2025-02-24T09:50:57","guid":{"rendered":"https:\/\/agora.xtec.cat\/ies-viladegracia\/?page_id=10468"},"modified":"2025-02-24T10:50:57","modified_gmt":"2025-02-24T09:50:57","slug":"projecte-aprenentatge-i-serveis-comunitaris","status":"publish","type":"page","link":"https:\/\/agora.xtec.cat\/ies-viladegracia\/projecte-aprenentatge-i-serveis-comunitaris\/","title":{"rendered":"Projecte Aprenentatge I Serveis comunitaris"},"content":{"rendered":"<p><strong>Projecte Aprenentatge I Serveis comunitaris<\/strong><\/p>\n<p><span style=\"font-weight: 400;\">Es tracta d\u2019una proposta innovadora, tot i que parteix d\u2019elements molt coneguts: el servei voluntari a la comunitat i, \u00f2bviament, la transmissi\u00f3 i construcci\u00f3 de coneixements, destreses i valors a c\u00e0rrec de l\u2019escola. La novetat no rau, doncs, en cadascuna de les parts que el formen, sin\u00f3 en l\u2019estreta vinculaci\u00f3 de servei i aprenentatge en una sola activitat educativa ben articulada i coherent contemplada en el curr\u00edculum. Els \u00e0mbits del servei poden ser m\u00faltiples (intergeneracional, patrimoni, medi ambient, discapacitats, salut, pobresa\u2026) aix\u00ed com les connexions amb el curr\u00edculum d&#8217;acord amb un treball de compet\u00e8ncies transversal.<\/span><\/p>\n<p><b>Un projecte d\u2019aprenentatge servei \u00e9s un projecte educatiu i social al mateix temps: suma \u00e8xit educatiu i comprom\u00eds social. Els nois i noies es comprometen a aportar els seus coneixements i habilitats en resoldre un problema o necessitat social de l\u2019entorn. En definitiva, posen el seu talent al servei de la comunitat.<\/b><\/p>\n<h6><span style=\"font-weight: 400;\">Aquesta mat\u00e8ria de <\/span><b>4t de l&#8217;ESO<\/b><span style=\"font-weight: 400;\"> pret\u00e9n portar a l&#8217;aula el m\u00f3n i el barri en qu\u00e8 vivim, i a la vegada portar les aules fora: al nostre barri, a la nostra ciutat per aportar una idea&#8230; en definitiva, una acci\u00f3 que generi un canvi, en coses petites i accions al meu voltant amb la pregunta: <\/span><b>Qu\u00e8 puc fer jo?<\/b><\/h6>\n<p><span style=\"font-weight: 400;\"><br \/>\n<\/span><span style=\"font-weight: 400;\">Investiguem, aprenem i proposem un servei a la comunitat&#8230; treballem amb entitats que ens ajuden i donen suport: <\/span><b>Escoles adscrites <\/b><span style=\"font-weight: 400;\">(Jujol, Patronat, Pau Casals, Reina Violant) <\/span><b>REMS<\/b><span style=\"font-weight: 400;\">, <\/span><b>Museu Picasso,<\/b> <b>Teatre Lliure<\/b><span style=\"font-weight: 400;\">, <\/span><b>PlanetAcci\u00f3, <\/b><span style=\"font-weight: 400;\">etc.<\/span><\/p>\n<p><span style=\"font-weight: 400;\">Aix\u00ed es comen\u00e7a a canviar el m\u00f3n: us presentem, doncs, els PROJECTES que aquest <\/span><b>CURS 2024-25<\/b><span style=\"font-weight: 400;\"> ens acompanyaran. Sabeu el que significa <\/span><a href=\"https:\/\/justiciaalimentaria.org\/ca\/\"><b>Just\u00edcia Aliment\u00e0ria?<\/b><b><br \/>\n<\/b><\/a><span style=\"font-weight: 400;\">Des de l\u2019entitat\u00a0 <\/span><a href=\"https:\/\/view.genially.com\/668be736ec70860014fd9378\/presentation-sessio-1\"><b>PlanetAccio,<\/b><\/a><span style=\"font-weight: 400;\"> obrim a l&#8217;alumnat tres itineraris per treballar la Just\u00edcia Aliment\u00e0ria: <\/span><b>Impacte Social, Ecofeminisme i H\u00e0bits Alimentaris.\u00a0<\/b><\/p>\n<p><span style=\"font-weight: 400;\">Volem crear una consci\u00e8ncia cr\u00edtica sobre les problem\u00e0tiques socials i ambientals generades per la ind\u00fastria aliment\u00e0ria actual, i donar eines per fer canvis cap a models alimentaris m\u00e9s sostenibles i \u00e8tics.<\/span><span style=\"font-weight: 400;\"><br \/>\n<\/span><span style=\"font-weight: 400;\"><br \/>\n<\/span><span style=\"font-weight: 400;\">I ho treballem des de tres \u00e0mbits:<\/span><span style=\"font-weight: 400;\"><br \/>\n<\/span><span style=\"font-weight: 400;\"><br \/>\n<\/span><b> ECOFEMINISME<\/b><\/p>\n<p><span style=\"font-weight: 400;\">En aquest itinerari l&#8217;alumnat aprendr\u00e0 sobre el moviment ecofeminista en l&#8217;\u00e0mbit de l&#8217;alimentaci\u00f3. Entendr\u00e0 de forma vivencial la connexi\u00f3 entre la degradaci\u00f3 del m\u00f3n natural i l&#8217;opressi\u00f3 que reben les dones i persones no bin\u00e0ries. A m\u00e9s, coneixeran nous referents i alternatives amb mirada ecofeminista.<\/span><\/p>\n<p><span style=\"font-weight: 400;\">En aquest projecte, treballarem per comissions i visitarem diferents entitats que lluiten per la igualtat entre tots els g\u00e8neres. Coneixerem dones d&#8217;altres cultures que viuen a Barcelona.<\/span><\/p>\n<p>&nbsp;<\/p>\n<p><b>IMPACTES SOCIALS<\/b><\/p>\n<p><span style=\"font-weight: 400;\">En aquest itinerari, l&#8217;alumnat podr\u00e0 aprendre sobre l&#8217;impacte\u00a0 del sistema alimentari actual en el medi ambient.\u00a0 Itinerari en el qual parlarem sobre les conseq\u00fc\u00e8ncies socials del sistema alimentari actual. Denunciarem els enganys de la publicitat aliment\u00e0ria i com abordar el problema de l&#8217;emerg\u00e8ncia\u00a0 clim\u00e0tica a les aules.<\/span><\/p>\n<p>&nbsp;<\/p>\n<p><b>H\u00c0BITS ALIMENTARIS<\/b><\/p>\n<p><span style=\"font-weight: 400;\">En aquest itinerari l&#8217;alumnat podr\u00e0 ser conscient de l&#8217;impacte de les seves decisions en el consum alimentari, i com afecta la seva salut i la del seu entorn. A m\u00e9s entendr\u00e0 quines s\u00f3n les mec\u00e0niques de desigualtat en la cadena aliment\u00e0ria, i com endinsar-se en el m\u00f3n de la cuina des d&#8217;una mirada sana, \u00e8tica i sostenible. En aquest projecte es fan visites a diferents entitats per con\u00e8ixer altres formes de consum dels aliments. Propostes: recollida d&#8217;aliments amb el Banc d&#8217;Aliments, contacte amb el mercat per fer una jornada de consum responsable al barri, reciclatge de menjar, etc.<\/span><\/p>\n<p><span style=\"font-weight: 400;\">Us convidem a visitar el nostre INSTAGRAM<\/span> <a href=\"https:\/\/www.instagram.com\/aps_viladegracia\/\"><b>@aps_viladegracia<\/b><\/a><b> ,<\/b> <b>trobareu un petit recull de tot el que fem al Vila. \ud83d\ude00<\/b><\/p>\n<p>&nbsp;<\/p>\n<table>\n<tbody>\n<tr>\n<td colspan=\"2\"><b>HIST\u00d2RIC DE SERVEIS A LA COMUNITAT<\/b><\/td>\n<\/tr>\n<tr>\n<td><b>Portes Obertes<\/b><\/td>\n<td><a href=\"https:\/\/docs.google.com\/presentation\/d\/1Z-426zlqDL1rV-wC2fggoC5kRd4w89-X\/edit?usp=sharing&amp;ouid=118175405644867286785&amp;rtpof=true&amp;sd=true\"><b>Curs 2016- 2017<\/b><\/a><\/td>\n<\/tr>\n<tr>\n<td><b>Presentaci\u00f3 als alumnes<\/b><\/td>\n<td><a href=\"https:\/\/docs.google.com\/presentation\/d\/12qpTZj39P6Dx4UfUZB3ySAOIgkl3gHzK\/edit?usp=sharing&amp;ouid=118175405644867286785&amp;rtpof=true&amp;sd=true\"><b>Curs 2022-2023<\/b><\/a><\/td>\n<\/tr>\n<\/tbody>\n<\/table>\n<p>&nbsp;<\/p>\n<table>\n<tbody>\n<tr>\n<td colspan=\"2\"><b>TREBALL PER \u00c0MBITS<\/b><\/td>\n<\/tr>\n<tr>\n<td><span style=\"font-weight: 400;\">INTERGENERACIONAL<\/span><\/td>\n<td><a href=\"http:\/\/www.insviladegracia.cat\/index.php\/29-el-nostre-centre\/activitats\/346-classes-d-informatica-per-a-gent-gran\"><span style=\"font-weight: 400;\">Classes d\u2019inform\u00e0tica per a gent gran<\/span><\/a><\/p>\n<p><a href=\"http:\/\/www.insviladegracia.cat\/index.php\/activitats\/2012-07-22-14-32-54\/3r-eso\/338-compartint-memories\"><span style=\"font-weight: 400;\">Compartint mem\u00f2ries\u00a0<\/span><\/a><\/p>\n<p><a href=\"http:\/\/www.insviladegracia.cat\/index.php\/activitats\/2012-07-22-14-32-54\/3r-eso\/336-taller-d-artterapia\"><span style=\"font-weight: 400;\">Taller d\u2019Artter\u00e0pia\u00a0<\/span><\/a><\/td>\n<\/tr>\n<tr>\n<td><span style=\"font-weight: 400;\">SUPORT A L\u2019ESCOLA<\/span><\/td>\n<td><\/td>\n<\/tr>\n<tr>\n<td><span style=\"font-weight: 400;\">PATRIMONI<\/span><\/td>\n<td><\/td>\n<\/tr>\n<tr>\n<td><span style=\"font-weight: 400;\">COOPERACI\u00d3<\/span><\/td>\n<td><a href=\"http:\/\/www.insviladegracia.cat\/index.php\/activitats\/2016-10-21-12-10-00\/413-1-minut-de-silenci-pels-refugiats\"><span style=\"font-weight: 400;\">1 minut de silenci pels refugiats (2016)<\/span><\/a><\/p>\n<p><a href=\"http:\/\/www.insviladegracia.cat\/index.php\/activitats\/2016-10-21-12-10-00\/407-exposicio-sobre-refugiats-al-vestibul\"><span style=\"font-weight: 400;\">Exposici\u00f3 sobre refugiats (2016)<\/span><\/a><\/p>\n<p><a href=\"http:\/\/www.insviladegracia.cat\/index.php\/activitats\/2016-10-21-12-10-00\/404-tot-l-institut-anem-al-cinema\"><span style=\"font-weight: 400;\">Cinema pels drets humans (2016)<\/span><\/a><\/p>\n<p><a href=\"http:\/\/www.insviladegracia.cat\/index.php\/activitats\/2016-10-21-12-10-00\/402-les-escoles-de-gracia-al-mercat-de-l-abaceria\"><span style=\"font-weight: 400;\">Acci\u00f3 al Mercat de l\u2019Abaceria (2016)<\/span><\/a><\/td>\n<\/tr>\n<\/tbody>\n<\/table>\n<p>&nbsp;<\/p>\n\r\n\t<div class=\"slideshow_container slideshow_container_style-light\" style=\" \" data-slideshow-id=\"10469\" data-style-name=\"style-light\" data-style-version=\"2.3.1\" >\r\n\r\n\t\t\t\t\t<div class=\"slideshow_loading_icon\"><\/div>\r\n\t\t\r\n\t\t<div class=\"slideshow_content\" style=\"display: none;\">\r\n\r\n\t\t\t<div class=\"slideshow_view\">\r\n\t\t\t\t<div class=\"slideshow_slide slideshow_slide_image\">\r\n\t\t\t\t\t\t\t\t\t\t\t<img src=\"https:\/\/agora.xtec.cat\/ies-viladegracia\/wp-content\/uploads\/usu241\/2025\/02\/APS-4-scaled.jpg\" alt=\"APS (4)\" width=\"1151\" height=\"2560\" \/>\r\n\t\t\t\t\t\t\t\t\t\t<div class=\"slideshow_description_box slideshow_transparent\">\r\n\t\t\t\t\t\t<div class=\"slideshow_title\">APS (4)<\/div>\t\t\t\t\t\t\t\t\t\t\t<\/div>\r\n\t\t\t\t<\/div>\r\n\r\n\t\t\t\t\t\t<div style=\"clear: both;\"><\/div><\/div><div class=\"slideshow_view\">\r\n\t\t\t\t<div class=\"slideshow_slide slideshow_slide_image\">\r\n\t\t\t\t\t\t\t\t\t\t\t<img src=\"https:\/\/agora.xtec.cat\/ies-viladegracia\/wp-content\/uploads\/usu241\/2025\/02\/APS-3-scaled.jpg\" alt=\"APS (3)\" width=\"1928\" height=\"2560\" \/>\r\n\t\t\t\t\t\t\t\t\t\t<div class=\"slideshow_description_box slideshow_transparent\">\r\n\t\t\t\t\t\t<div class=\"slideshow_title\">APS (3)<\/div>\t\t\t\t\t\t\t\t\t\t\t<\/div>\r\n\t\t\t\t<\/div>\r\n\r\n\t\t\t\t\t\t<div style=\"clear: both;\"><\/div><\/div><div class=\"slideshow_view\">\r\n\t\t\t\t<div class=\"slideshow_slide slideshow_slide_image\">\r\n\t\t\t\t\t\t\t\t\t\t\t<img src=\"https:\/\/agora.xtec.cat\/ies-viladegracia\/wp-content\/uploads\/usu241\/2025\/02\/APS-2.jpg\" alt=\"APS (2)\" width=\"1600\" height=\"1200\" \/>\r\n\t\t\t\t\t\t\t\t\t\t<div class=\"slideshow_description_box slideshow_transparent\">\r\n\t\t\t\t\t\t<div class=\"slideshow_title\">APS (2)<\/div>\t\t\t\t\t\t\t\t\t\t\t<\/div>\r\n\t\t\t\t<\/div>\r\n\r\n\t\t\t\t\t\t<div style=\"clear: both;\"><\/div><\/div><div class=\"slideshow_view\">\r\n\t\t\t\t<div class=\"slideshow_slide slideshow_slide_image\">\r\n\t\t\t\t\t\t\t\t\t\t\t<img src=\"https:\/\/agora.xtec.cat\/ies-viladegracia\/wp-content\/uploads\/usu241\/2025\/02\/APS-1.png\" alt=\"APS (1)\" width=\"1186\" height=\"646\" \/>\r\n\t\t\t\t\t\t\t\t\t\t<div class=\"slideshow_description_box slideshow_transparent\">\r\n\t\t\t\t\t\t<div class=\"slideshow_title\">APS (1)<\/div>\t\t\t\t\t\t\t\t\t\t\t<\/div>\r\n\t\t\t\t<\/div>\r\n\r\n\t\t\t\t\t\t<div style=\"clear: both;\"><\/div><\/div><div class=\"slideshow_view\">\r\n\t\t\t\t<div class=\"slideshow_slide slideshow_slide_image\">\r\n\t\t\t\t\t\t\t\t\t\t\t<img src=\"https:\/\/agora.xtec.cat\/ies-viladegracia\/wp-content\/uploads\/usu241\/2025\/02\/APS-1.jpg\" alt=\"APS (1)\" width=\"1560\" height=\"945\" \/>\r\n\t\t\t\t\t\t\t\t\t\t<div class=\"slideshow_description_box slideshow_transparent\">\r\n\t\t\t\t\t\t<div class=\"slideshow_title\">APS (1)<\/div>\t\t\t\t\t\t\t\t\t\t\t<\/div>\r\n\t\t\t\t<\/div>\r\n\r\n\t\t\t\t\t\t<div style=\"clear: both;\"><\/div><\/div>\r\n\t\t<\/div>\r\n\r\n\t\t<div class=\"slideshow_controlPanel slideshow_transparent\" style=\"display: none;\"><ul><li class=\"slideshow_togglePlay\" data-play-text=\"Visualitza\" data-pause-text=\"Pausa\"><\/li><\/ul><\/div>\r\n\r\n\t\t<div class=\"slideshow_button slideshow_previous slideshow_transparent\" role=\"button\" data-previous-text=\"Anterior\" style=\"display: none;\"><\/div>\r\n\t\t<div class=\"slideshow_button slideshow_next slideshow_transparent\" role=\"button\" data-next-text=\"Seg\u00fcent\" style=\"display: none;\"><\/div>\r\n\r\n\t\t<div class=\"slideshow_pagination\" style=\"display: none;\" data-go-to-text=\"V\u00e9s a la diapositiva\"><div class=\"slideshow_pagination_center\"><\/div><\/div>\r\n\r\n\t\t<!-- WordPress Slideshow Version 2.3.1 -->\r\n\r\n\t\t\t<\/div>\r\n\r\n\n","protected":false},"excerpt":{"rendered":"<p>Projecte Aprenentatge I Serveis comunitaris<br \/>\nEs tracta d\u2019una proposta innovadora, tot i que parteix d\u2019elements molt coneguts: el servei voluntari a la comunitat i, \u00f2bviament, la transmissi\u00f3 i construcci\u00f3 de coneixements, destreses i valors a c\u00e0rrec de l\u2019escola. La novetat no rau, doncs, en cadascuna de&hellip;  <a href=\"https:\/\/agora.xtec.cat\/ies-viladegracia\/projecte-aprenentatge-i-serveis-comunitaris\/\" title=\"Read Projecte Aprenentatge I Serveis comunitaris\">Llegeix m\u00e9s\u00bb<\/a><\/p>\n","protected":false},"author":1,"featured_media":0,"parent":0,"menu_order":0,"comment_status":"closed","ping_status":"closed","template":"","meta":{"footnotes":""},"class_list":["post-10468","page","type-page","status-publish","hentry"],"post_mailing_queue_ids":[],"_links":{"self":[{"href":"https:\/\/agora.xtec.cat\/ies-viladegracia\/wp-json\/wp\/v2\/pages\/10468","targetHints":{"allow":["GET"]}}],"collection":[{"href":"https:\/\/agora.xtec.cat\/ies-viladegracia\/wp-json\/wp\/v2\/pages"}],"about":[{"href":"https:\/\/agora.xtec.cat\/ies-viladegracia\/wp-json\/wp\/v2\/types\/page"}],"author":[{"embeddable":true,"href":"https:\/\/agora.xtec.cat\/ies-viladegracia\/wp-json\/wp\/v2\/users\/1"}],"replies":[{"embeddable":true,"href":"https:\/\/agora.xtec.cat\/ies-viladegracia\/wp-json\/wp\/v2\/comments?post=10468"}],"version-history":[{"count":2,"href":"https:\/\/agora.xtec.cat\/ies-viladegracia\/wp-json\/wp\/v2\/pages\/10468\/revisions"}],"predecessor-version":[{"id":10476,"href":"https:\/\/agora.xtec.cat\/ies-viladegracia\/wp-json\/wp\/v2\/pages\/10468\/revisions\/10476"}],"wp:attachment":[{"href":"https:\/\/agora.xtec.cat\/ies-viladegracia\/wp-json\/wp\/v2\/media?parent=10468"}],"curies":[{"name":"wp","href":"https:\/\/api.w.org\/{rel}","templated":true}]}}