{"id":1036,"date":"2023-03-02T10:57:57","date_gmt":"2023-03-02T09:57:57","guid":{"rendered":"http:\/\/agora.xtec.cat\/ies-viladegracia\/?page_id=1036"},"modified":"2024-02-20T06:51:00","modified_gmt":"2024-02-20T05:51:00","slug":"documents-de-centre","status":"publish","type":"page","link":"https:\/\/agora.xtec.cat\/ies-viladegracia\/documents-de-centre\/","title":{"rendered":"Documents generals"},"content":{"rendered":"<p><a href=\"https:\/\/agora.xtec.cat\/ies-viladegracia\/wp-content\/uploads\/usu241\/2021\/11\/NOFC-Institut-Vila-de-Gracia2017_portada.pdf\">Normes de Centre NOFC<\/a><\/p>\n<p><a href=\"https:\/\/agora.xtec.cat\/ies-viladegracia\/wp-content\/uploads\/usu241\/2019\/03\/PLC.pdf\">Projecte Ling\u00fc\u00edstic Ins Vila de Gr\u00e0cia (Document pendent d&#8217;actualitzaci\u00f3)<\/a><\/p>\n<p><a href=\"https:\/\/agora.xtec.cat\/ies-viladegracia\/wp-content\/uploads\/usu241\/2020\/10\/projecte_actiu_REV-DEFINITIU.pdf\">Projecte de Conviv\u00e8ncia<\/a><\/p>\n<p><a href=\"https:\/\/agora.xtec.cat\/ies-viladegracia\/wp-content\/uploads\/usu241\/2017\/03\/2015Projecte-Educatiu-Vila-de-Grcia.pdf\" target=\"_blank\" rel=\"noopener\">Projecte Educatiu de Centre (PEC)<\/a><\/p>\n<p>&nbsp;<\/p>\n","protected":false},"excerpt":{"rendered":"<p><a href=\"https:\/\/agora.xtec.cat\/ies-viladegracia\/wp-content\/uploads\/usu241\/2021\/11\/NOFC-Institut-Vila-de-Gracia2017_portada.pdf\">Normes de Centre NOFC<\/a><br \/>\n<a href=\"https:\/\/agora.xtec.cat\/ies-viladegracia\/wp-content\/uploads\/usu241\/2019\/03\/PLC.pdf\">Projecte Ling\u00fc\u00edstic Ins Vila de Gr\u00e0cia (Document pendent d&#8217;actualitzaci\u00f3)<\/a><br \/>\n<a href=\"https:\/\/agora.xtec.cat\/ies-viladegracia\/wp-content\/uploads\/usu241\/2020\/10\/projecte_actiu_REV-DEFINITIU.pdf\">Projecte de Conviv\u00e8ncia<\/a><br \/>\n<a href=\"https:\/\/agora.xtec.cat\/ies-viladegracia\/wp-content\/uploads\/usu241\/2017\/03\/2015Projecte-Educatiu-Vila-de-Grcia.pdf\" target=\"_blank\" rel=\"noopener\">Projecte Educatiu de Centre (PEC)<\/a><br \/>\n&nbsp;<\/p>\n","protected":false},"author":1,"featured_media":0,"parent":0,"menu_order":0,"comment_status":"closed","ping_status":"closed","template":"","meta":{"footnotes":""},"class_list":["post-1036","page","type-page","status-publish","hentry"],"post_mailing_queue_ids":[],"_links":{"self":[{"href":"https:\/\/agora.xtec.cat\/ies-viladegracia\/wp-json\/wp\/v2\/pages\/1036","targetHints":{"allow":["GET"]}}],"collection":[{"href":"https:\/\/agora.xtec.cat\/ies-viladegracia\/wp-json\/wp\/v2\/pages"}],"about":[{"href":"https:\/\/agora.xtec.cat\/ies-viladegracia\/wp-json\/wp\/v2\/types\/page"}],"author":[{"embeddable":true,"href":"https:\/\/agora.xtec.cat\/ies-viladegracia\/wp-json\/wp\/v2\/users\/1"}],"replies":[{"embeddable":true,"href":"https:\/\/agora.xtec.cat\/ies-viladegracia\/wp-json\/wp\/v2\/comments?post=1036"}],"version-history":[{"count":4,"href":"https:\/\/agora.xtec.cat\/ies-viladegracia\/wp-json\/wp\/v2\/pages\/1036\/revisions"}],"predecessor-version":[{"id":9093,"href":"https:\/\/agora.xtec.cat\/ies-viladegracia\/wp-json\/wp\/v2\/pages\/1036\/revisions\/9093"}],"wp:attachment":[{"href":"https:\/\/agora.xtec.cat\/ies-viladegracia\/wp-json\/wp\/v2\/media?parent=1036"}],"curies":[{"name":"wp","href":"https:\/\/api.w.org\/{rel}","templated":true}]}}