{"id":10377,"date":"2020-05-24T01:10:21","date_gmt":"2020-05-23T23:10:21","guid":{"rendered":"http:\/\/agora.xtec.cat\/ies-viladecavalls\/?page_id=10377"},"modified":"2020-08-18T08:37:24","modified_gmt":"2020-08-18T06:37:24","slug":"recursos-digitals","status":"publish","type":"page","link":"https:\/\/agora.xtec.cat\/ies-viladecavalls\/recursos-digitals\/","title":{"rendered":"TUTORIALS RECURSOS DIGITALS"},"content":{"rendered":"<p><img loading=\"lazy\" decoding=\"async\" class=\"aligncenter size-full wp-image-10423\" src=\"https:\/\/agora.xtec.cat\/ies-viladecavalls\/wp-content\/uploads\/usu1438\/2020\/07\/Captura.jpg\" alt=\"\" width=\"235\" height=\"165\" \/><\/p>\n<p><a href=\"https:\/\/youtu.be\/nYuDKbn9i_wTutorial\"><span style=\"font-weight: 400;\">Tutorial breu per professors<\/span><\/a><span style=\"font-weight: 400;\">\u00a0<\/span><\/p>\n<ol>\n<li style=\"font-weight: 400;\">\n<h2><span style=\"font-weight: 400;\">GOOGLE MEET:<\/span> <span style=\"font-weight: 400;\">permet fer videoconfer\u00e8ncies amb fins a 250 persones. Podem interactuar amb els alumnes o programar la videoconfer\u00e8ncia perqu\u00e8 escoltin alguna explicaci\u00f3. Tamb\u00e9 els ofereix la possibilitat d\u2019exposar dubtes o aclariments sobre alguna tasca\/explicaci\u00f3. Cal fer servir el navegador google chrome.<\/span><\/h2>\n<\/li>\n<\/ol>\n<p><a href=\"https:\/\/www.youtube.com\/watch?v=fw1a2t_AeIo\"><span style=\"font-weight: 400;\">TUTORIAL<\/span><\/a><\/p>\n<p>&nbsp;<\/p>\n<p><span style=\"font-weight: 400;\">I un complement per veure\u2019ls a tots en pantalla:<\/span><\/p>\n<p><a href=\"https:\/\/chrome.google.com\/webstore\/detail\/google-meet-grid-view\/bjkegbgpfgpikgkfidhcihhiflbjgfic\"><span style=\"font-weight: 400;\">https:\/\/chrome.google.com\/webstore\/detail\/google-meet-grid-view\/bjkegbgpfgpikgkfidhcihhiflbjgfic<\/span><\/a><\/p>\n<p>&nbsp;<\/p>\n<ol>\n<li style=\"font-weight: 400;\">\n<h2><span style=\"font-weight: 400;\">SCREENCASTIFY<\/span><\/h2>\n<\/li>\n<\/ol>\n<ul>\n<li style=\"font-weight: 400;\"><span style=\"font-weight: 400;\">Cal fer servir el correu xtec.\u00a0<\/span><\/li>\n<li style=\"font-weight: 400;\"><span style=\"font-weight: 400;\">Eina senzilla de gravaci\u00f3 de la pantalla. T\u00e9 una versi\u00f3 de pagament i una altra de gratu\u00efta que insereix una petita marca d&#8217;aigua a la part superior dreta i limita alguna funcionalitat (exportaci\u00f3 a mp4 -per defecte exporta a webm-, durada de 10 minuts i un m\u00e0xim de 50 gravacions al mes).\u00a0<\/span><\/li>\n<li style=\"font-weight: 400;\"><span style=\"font-weight: 400;\">Tamb\u00e9 permet inserir un petit requadre amb la nostra imatge i la nostra veu, afavorint molt el seu \u00fas dins de la <\/span><b>classe invertida<\/b><span style=\"font-weight: 400;\">.<\/span><\/li>\n<\/ul>\n<p><a href=\"http:\/\/ateneu.xtec.cat\/wikiform\/wikiexport\/cmd\/tac\/lamevaxtec\/google_app_education\/aula\/apps\/screencastify\"><span style=\"font-weight: 400;\">TUTORIAL<\/span><\/a><\/p>\n<ol>\n<li style=\"font-weight: 400;\">\n<h2><span style=\"font-weight: 400;\">MOODLE<\/span><\/h2>\n<\/li>\n<\/ol>\n<p><span style=\"font-weight: 400;\">Molts de vosaltres ja el feu servir. Cal tenir un curs creat i donar permisos als alumnes que hi tindran acc\u00e9s. Aix\u00f2 nom\u00e9s ho poden fer les coordinadores d\u2019inform\u00e0tica.<\/span><\/p>\n<p><a href=\"https:\/\/www.youtube.com\/watch?v=0nqtFwWOAF0\"><span style=\"font-weight: 400;\">TUTORIAL<\/span><\/a><\/p>\n<p>&nbsp;<\/p>\n<ol>\n<li style=\"font-weight: 400;\">\n<h3><span style=\"font-weight: 400;\">GLOPS:<\/span><span style=\"font-weight: 400;\"> \u00e9s una <\/span><a href=\"http:\/\/www.edu365.cat\/eso\/catala\/comprensio\/index.html\"><span style=\"font-weight: 400;\">web<\/span><\/a><span style=\"font-weight: 400;\"> de l\u2019edu 365. Hi ha molts recursos i est\u00e0 molt ben organitzada per nivells i mat\u00e8ries.<\/span><\/h3>\n<\/li>\n<\/ol>\n<p>&nbsp;<\/p>\n<ol>\n<li style=\"font-weight: 400;\">\n<h3><span style=\"font-weight: 400;\">LLIC\u00c8NCIES DIGITALS<\/span><span style=\"font-weight: 400;\"> que ja feu servir.<\/span><\/h3>\n<\/li>\n<li style=\"font-weight: 400;\">\n<h3><span style=\"font-weight: 400;\">Aplicaci\u00f3 ED PUZZLE:<\/span> <a href=\"https:\/\/edpuzzle.com\/\"><span style=\"font-weight: 400;\">https:\/\/edpuzzle.com\/<\/span><\/a><\/h3>\n<\/li>\n<\/ol>\n<p>&nbsp;<\/p>\n<p><span style=\"font-weight: 400;\">Permet insertar preguntes autoavaluables o per corregir pel professor en un v\u00eddeo (que pots fer tu, o que el pots agafar el youtube, vimeo&#8230;) i a m\u00e9s el pots connectar a <\/span><b>google classroom<\/b><span style=\"font-weight: 400;\">.<\/span><\/p>\n<p><span style=\"font-weight: 400;\">Aix\u00f2 permet, per exemple: Fer una tasca amb EDpuzzle, fer a la vegada un post a la classe del classroom que vols que faci la tasca i una vegada corregida, els torna la nota autom\u00e0ticament als alumnes mitjan\u00e7ant el classroom. Porta una mica de temps configurar les classes, per\u00f2 tamb\u00e9 permet importar-les des del classroom.\u00a0<\/span><\/p>\n<p>&nbsp;<\/p>\n<ol>\n<li style=\"font-weight: 400;\">\n<h3><b>JAMBOARD<\/b> <a href=\"https:\/\/jamboard.google.com\/\"><span style=\"font-weight: 400;\">https:\/\/jamboard.google.com\/<\/span><\/a><\/h3>\n<\/li>\n<\/ol>\n<p>&nbsp;<\/p>\n<p><span style=\"font-weight: 400;\">Problema no va amb el domini Viladecavalls, per\u00f2 s\u00ed amb un gmail normal. Possibilitats:\u00a0 pots compartir la pissarra online, pots posar v\u00eddeos, documents, notes, escriure amb el m\u00f2bil i que surti a la pissarra, et pot recon\u00e8ixer la lletra a m\u00e0 i te la digitalitza, pots exportar com a pdf, com a jpg.<\/span><\/p>\n<p>&nbsp;<\/p>\n<h3><b>9. MSCHOOLS <\/b><span style=\"font-weight: 400;\">Selecci\u00f3 d\u2019aplicacions per crear contingut en l\u00ednia:<\/span><\/h3>\n<p><a href=\"https:\/\/toolbox.mobileworldcapital.com\/apps\/android\/metacategory:aplicacions-en-linia?utm_source=%2A+mSchools+mailing+list+%2A&amp;utm_campaign=f9ee7e00e0-EMAIL_CAMPAIGN_2018_06_27_01_59_COPY_02&amp;utm_medium=email&amp;utm_term=0_e6934f6547-f9ee7e00e0-362782181\"><span style=\"font-weight: 400;\">https:\/\/toolbox.mobileworldcapital.com\/apps\/android\/metacategory:aplicacions-en-linia?utm_source=%2A+mSchools+mailing+list+%2A&amp;utm_campaign=f9ee7e00e0-EMAIL_CAMPAIGN_2018_06_27_01_59_COPY_02&amp;utm_medium=email&amp;utm_term=0_e6934f6547-f9ee7e00e0-362782181<\/span><\/a><\/p>\n<p>&nbsp;<\/p>\n<h3><b>10. ZOOM <\/b><a href=\"https:\/\/support.zoom.us\/hc\/es\/articles\/206618765-Tutoriales-de-Zoom-en-video\"><span style=\"font-weight: 400;\">https:\/\/support.zoom.us\/hc\/es\/articles\/206618765-Tutoriales-de-Zoom-en-video<\/span><\/a><\/h3>\n<p>&nbsp;<\/p>\n<h3><b>11. DISCORD:<\/b><span style=\"font-weight: 400;\"> molt intu\u00eftiu i, a m\u00e9s, et permet enviar documents, imatges, etc, mentre fas la videoconfer\u00e8ncia<\/span><\/h3>\n<p><a href=\"https:\/\/support.discordapp.com\/hc\/es\"><span style=\"font-weight: 400;\">https:\/\/support.discordapp.com\/hc\/es<\/span><\/a><\/p>\n<p>&nbsp;<\/p>\n<h3><span style=\"font-weight: 400;\">12. V\u00eddeo del youtube on s&#8217;explica com crear un <\/span><b>document pdf sense utilitzar cap programa<\/b><span style=\"font-weight: 400;\">, simplement amb el Google Drive.\u00a0<\/span><\/h3>\n<p><a href=\"https:\/\/www.youtube.com\/watch?v=sOP6gQN3nGY\"><span style=\"font-weight: 400;\">Crear pdf f\u00e0cil i sense programes<\/span><\/a><\/p>\n<p>&nbsp;<\/p>\n","protected":false},"excerpt":{"rendered":"<p><a href=\"https:\/\/youtu.be\/nYuDKbn9i_wTutorial\">Tutorial breu per professors<\/a>\u00a0<\/p>\n<ol>\n<li style=\"font-weight: 400;\">\nGOOGLE MEET: permet fer videoconfer\u00e8ncies amb fins a 250 persones. Podem interactuar amb els alumnes o programar la videoconfer\u00e8ncia perqu\u00e8 escoltin alguna explicaci\u00f3. Tamb\u00e9 els ofereix la possibilitat d\u2019exposar dubtes o aclariments sobre alguna tasca\/explicaci\u00f3. Cal fer servir el&hellip;  <a href=\"https:\/\/agora.xtec.cat\/ies-viladecavalls\/recursos-digitals\/\" title=\"Read TUTORIALS RECURSOS DIGITALS\">Llegeix m\u00e9s\u00bb<\/a><\/p>\n","protected":false},"author":1,"featured_media":0,"parent":0,"menu_order":0,"comment_status":"closed","ping_status":"closed","template":"page-templates\/side-menu.php","meta":{"_bbp_topic_count":0,"_bbp_reply_count":0,"_bbp_total_topic_count":0,"_bbp_total_reply_count":0,"_bbp_voice_count":0,"_bbp_anonymous_reply_count":0,"_bbp_topic_count_hidden":0,"_bbp_reply_count_hidden":0,"_bbp_forum_subforum_count":0,"footnotes":""},"class_list":["post-10377","page","type-page","status-publish","hentry"],"post_mailing_queue_ids":[],"_links":{"self":[{"href":"https:\/\/agora.xtec.cat\/ies-viladecavalls\/wp-json\/wp\/v2\/pages\/10377","targetHints":{"allow":["GET"]}}],"collection":[{"href":"https:\/\/agora.xtec.cat\/ies-viladecavalls\/wp-json\/wp\/v2\/pages"}],"about":[{"href":"https:\/\/agora.xtec.cat\/ies-viladecavalls\/wp-json\/wp\/v2\/types\/page"}],"author":[{"embeddable":true,"href":"https:\/\/agora.xtec.cat\/ies-viladecavalls\/wp-json\/wp\/v2\/users\/1"}],"replies":[{"embeddable":true,"href":"https:\/\/agora.xtec.cat\/ies-viladecavalls\/wp-json\/wp\/v2\/comments?post=10377"}],"version-history":[{"count":3,"href":"https:\/\/agora.xtec.cat\/ies-viladecavalls\/wp-json\/wp\/v2\/pages\/10377\/revisions"}],"predecessor-version":[{"id":10443,"href":"https:\/\/agora.xtec.cat\/ies-viladecavalls\/wp-json\/wp\/v2\/pages\/10377\/revisions\/10443"}],"wp:attachment":[{"href":"https:\/\/agora.xtec.cat\/ies-viladecavalls\/wp-json\/wp\/v2\/media?parent=10377"}],"curies":[{"name":"wp","href":"https:\/\/api.w.org\/{rel}","templated":true}]}}