{"id":836,"date":"2019-06-17T16:21:02","date_gmt":"2019-06-17T14:21:02","guid":{"rendered":"http:\/\/agora.xtec.cat\/ies-vidreres\/?page_id=836"},"modified":"2019-06-17T16:21:02","modified_gmt":"2019-06-17T14:21:02","slug":"el-nostre-projecte-educatiu-de-batxillerat","status":"publish","type":"page","link":"https:\/\/agora.xtec.cat\/ies-vidreres\/estudis\/batxillerat\/el-nostre-projecte-educatiu-de-batxillerat\/","title":{"rendered":"El nostre projecte educatiu de Batxillerat"},"content":{"rendered":"<p>Els estudis de batxillerat ofereixen una formaci\u00f3 general i especialitzada que prepara l&#8217;alumne per poder continuar posteriorment estudis universitaris, o cursar cicles formatius de grau superior o b\u00e9 incorporar-se al m\u00f3n laboral. Per accedir al batxillerat en qualsevol de les seves modalitats cal estar en possessi\u00f3 del t\u00edtol de graduat en educaci\u00f3 secund\u00e0ria. Tamb\u00e9 hi pot accedir l&#8217;alumnat que hagi obtingut el t\u00edtol de T\u00e8cnic un cop superat un Cicle Formatiu de Grau Mitj\u00e0.<\/p>\n<h3>Qu\u00e8 oferim al nostre projecte educatiu de Batxillerat?<\/h3>\n<ul style=\"font-weight: 400;\">\n<li>Educaci\u00f3 inclusiva i respectuosa amb la pluralitat.<\/li>\n<li>Ensenyament basat en la cultura de l&#8217;esfor\u00e7 i el treball ben fet.<\/li>\n<li>Formaci\u00f3 integral de l&#8217;alumne.<\/li>\n<li>Foment de la responsabilitat, autoexig\u00e8ncia, autonomia personal, col\u00b7laboraci\u00f3 i participaci\u00f3.<\/li>\n<li>Innovaci\u00f3 i qualitat pedag\u00f2giques, dedicaci\u00f3, responsabilitat i professionalitat docents.<\/li>\n<li>Bona preparaci\u00f3 per a l&#8217;acc\u00e9s a la Universitat i els CFGS.<\/li>\n<li>Col\u00b7laboraci\u00f3 entre fam\u00edlies i Institut.<\/li>\n<li>Col\u00b7laboraci\u00f3 amb empreses i entitats del nostre entorn.<\/li>\n<li>Participaci\u00f3 en activitats formatives i d&#8217;orientaci\u00f3 externes.<\/li>\n<li>Seguiment tutorial individualitzat de l&#8217;alumne.<\/li>\n<li>Orientaci\u00f3 personal, acad\u00e8mica i laboral al llarg de tota l&#8217;etapa.<\/li>\n<\/ul>\n<h3>Estudiar Batxillerat requereix&#8230;<\/h3>\n<ul style=\"font-weight: 400;\">\n<li>Bons h\u00e0bits d&#8217;estudi.<\/li>\n<li>Esfor\u00e7, const\u00e0ncia i dedicaci\u00f3.<\/li>\n<li>Responsabilitat i organitzaci\u00f3 personal.<\/li>\n<\/ul>\n","protected":false},"excerpt":{"rendered":"<p>Els estudis de batxillerat ofereixen una formaci\u00f3 general i especialitzada que prepara l&#8217;alumne per poder continuar posteriorment estudis universitaris, o cursar cicles formatius de grau superior o b\u00e9 incorporar-se al m\u00f3n laboral. Per accedir al batxillerat en qualsevol de les seves modalitats cal estar en possessi\u00f3 del t\u00edtol de graduat en educaci\u00f3 secund\u00e0ria. Tamb\u00e9 hi [&hellip;]<\/p>\n","protected":false},"author":1,"featured_media":0,"parent":832,"menu_order":10,"comment_status":"closed","ping_status":"closed","template":"page-templates\/side-menu.php","meta":{"_bbp_topic_count":0,"_bbp_reply_count":0,"_bbp_total_topic_count":0,"_bbp_total_reply_count":0,"_bbp_voice_count":0,"_bbp_anonymous_reply_count":0,"_bbp_topic_count_hidden":0,"_bbp_reply_count_hidden":0,"_bbp_forum_subforum_count":0,"site-sidebar-layout":"default","site-content-layout":"","ast-site-content-layout":"","site-content-style":"default","site-sidebar-style":"default","ast-global-header-display":"","ast-banner-title-visibility":"","ast-main-header-display":"","ast-hfb-above-header-display":"","ast-hfb-below-header-display":"","ast-hfb-mobile-header-display":"","site-post-title":"","ast-breadcrumbs-content":"","ast-featured-img":"","footer-sml-layout":"","theme-transparent-header-meta":"","adv-header-id-meta":"","stick-header-meta":"","header-above-stick-meta":"","header-main-stick-meta":"","header-below-stick-meta":"","astra-migrate-meta-layouts":"default","ast-page-background-enabled":"default","ast-page-background-meta":{"desktop":{"background-color":"var(--ast-global-color-4)","background-image":"","background-repeat":"repeat","background-position":"center center","background-size":"auto","background-attachment":"scroll","background-type":"","background-media":"","overlay-type":"","overlay-color":"","overlay-opacity":"","overlay-gradient":""},"tablet":{"background-color":"","background-image":"","background-repeat":"repeat","background-position":"center center","background-size":"auto","background-attachment":"scroll","background-type":"","background-media":"","overlay-type":"","overlay-color":"","overlay-opacity":"","overlay-gradient":""},"mobile":{"background-color":"","background-image":"","background-repeat":"repeat","background-position":"center center","background-size":"auto","background-attachment":"scroll","background-type":"","background-media":"","overlay-type":"","overlay-color":"","overlay-opacity":"","overlay-gradient":""}},"ast-content-background-meta":{"desktop":{"background-color":"var(--ast-global-color-5)","background-image":"","background-repeat":"repeat","background-position":"center center","background-size":"auto","background-attachment":"scroll","background-type":"","background-media":"","overlay-type":"","overlay-color":"","overlay-opacity":"","overlay-gradient":""},"tablet":{"background-color":"var(--ast-global-color-5)","background-image":"","background-repeat":"repeat","background-position":"center center","background-size":"auto","background-attachment":"scroll","background-type":"","background-media":"","overlay-type":"","overlay-color":"","overlay-opacity":"","overlay-gradient":""},"mobile":{"background-color":"var(--ast-global-color-5)","background-image":"","background-repeat":"repeat","background-position":"center center","background-size":"auto","background-attachment":"scroll","background-type":"","background-media":"","overlay-type":"","overlay-color":"","overlay-opacity":"","overlay-gradient":""}},"footnotes":""},"class_list":["post-836","page","type-page","status-publish","hentry"],"post_mailing_queue_ids":[],"_links":{"self":[{"href":"https:\/\/agora.xtec.cat\/ies-vidreres\/wp-json\/wp\/v2\/pages\/836","targetHints":{"allow":["GET"]}}],"collection":[{"href":"https:\/\/agora.xtec.cat\/ies-vidreres\/wp-json\/wp\/v2\/pages"}],"about":[{"href":"https:\/\/agora.xtec.cat\/ies-vidreres\/wp-json\/wp\/v2\/types\/page"}],"author":[{"embeddable":true,"href":"https:\/\/agora.xtec.cat\/ies-vidreres\/wp-json\/wp\/v2\/users\/1"}],"replies":[{"embeddable":true,"href":"https:\/\/agora.xtec.cat\/ies-vidreres\/wp-json\/wp\/v2\/comments?post=836"}],"version-history":[{"count":2,"href":"https:\/\/agora.xtec.cat\/ies-vidreres\/wp-json\/wp\/v2\/pages\/836\/revisions"}],"predecessor-version":[{"id":839,"href":"https:\/\/agora.xtec.cat\/ies-vidreres\/wp-json\/wp\/v2\/pages\/836\/revisions\/839"}],"up":[{"embeddable":true,"href":"https:\/\/agora.xtec.cat\/ies-vidreres\/wp-json\/wp\/v2\/pages\/832"}],"wp:attachment":[{"href":"https:\/\/agora.xtec.cat\/ies-vidreres\/wp-json\/wp\/v2\/media?parent=836"}],"curies":[{"name":"wp","href":"https:\/\/api.w.org\/{rel}","templated":true}]}}