{"id":832,"date":"2019-06-17T16:00:25","date_gmt":"2019-06-17T14:00:25","guid":{"rendered":"http:\/\/agora.xtec.cat\/ies-vidreres\/?page_id=832"},"modified":"2026-04-13T11:51:48","modified_gmt":"2026-04-13T09:51:48","slug":"batxillerat","status":"publish","type":"page","link":"https:\/\/agora.xtec.cat\/ies-vidreres\/estudis\/batxillerat\/","title":{"rendered":"Batxillerat"},"content":{"rendered":"<p style=\"font-weight: 400;\">L&#8217;institut Vidreres va entrar en funcionament el curs 1995-96. Pertany a la xarxa de centres educatius p\u00fablics del Departament d&#8217;Ensenyament de la Generalitat de Catalunya, oferint al nostre entorn els estudis reglamentats d&#8217;Educaci\u00f3 Secundaria Obligat\u00f2ria, Batxillerat i un Cicle Formatiu de Grau Mitj\u00e0 (Sistemes Microinform\u00e0tics i Xarxes). La titularitat p\u00fablica del centre implica i regula aspectes tan diversos com el tracte igualitari, la transpar\u00e8ncia en l&#8217;adjudicaci\u00f3 del dret a matr\u00edcula, l&#8217;acc\u00e9s a la doc\u00e8ncia i la gratu\u00eftat de l&#8217;ensenyament.<\/p>\n<p style=\"font-weight: 400;\">El Projecte Educatiu de l&#8217;Institut Vidreres s&#8217;ent\u00e9n com el nivell de m\u00e0xima expressi\u00f3 de l&#8217;autonomia del nostre centre i es fonamenta en els seg\u00fcents principis:<\/p>\n<ul style=\"font-weight: 400;\">\n<li>Que el nostre alumnat assoleixi les compet\u00e8ncies b\u00e0siques a les diferents etapes i el m\u00e0xim aprofitament educatiu dins de les seves possibilitats individuals.<\/li>\n<li>Que fomenti l&#8217;equitat i la cohesi\u00f3 social.<\/li>\n<li>Que serveixi com a guia d&#8217;actuaci\u00f3 per a tots els professionals que actuen en el proc\u00e9s educatiu.<\/li>\n<li>Que contribueixi a impulsar la col\u00b7laboraci\u00f3 entre els diversos sectors de la comunitat educativa i la relaci\u00f3 del centre amb l&#8217;entorn social.<\/li>\n<\/ul>\n<p style=\"font-weight: 400;\">Per a m\u00e9s informaci\u00f3 sobre les caracter\u00edstiques generals del Batxillerat: <a href=\"https:\/\/triaeducativa.gencat.cat\/ca\/batxillerat\/\" target=\"_blank\" rel=\"noopener\">https:\/\/triaeducativa.gencat.cat\/ca\/batxillerat\/<\/a><\/p>\n<p style=\"font-weight: 400;\">Al document &#8220;<a href=\"https:\/\/agora.xtec.cat\/ies-vidreres\/wp-content\/uploads\/usu1911\/2025\/03\/El-Batxillerat-a-lInstitut-Vidreres.pdf\" target=\"_blank\" rel=\"noopener\">El Batxillerat a l&#8217;Institut Vidreres<\/a>&#8221; hi trobareu informaci\u00f3 sobre l&#8217;organitzaci\u00f3 curricular de les mat\u00e8ries comunes, de modalitat i optatives al nostre centre aix\u00ed com les caracter\u00edstiques del treball de recerca de batxillerat i l&#8217;avaluaci\u00f3 dels alumnes durant i al final de l&#8217;etapa.<\/p>\n<p><a href=\"https:\/\/drive.google.com\/file\/d\/1JOIR18vHqdHVQW6ArEEVf-Bt7kXvsgxm\/view?usp=drive_link\" target=\"_blank\" rel=\"noopener\">Presentaci\u00f3 dels estudis de batxillerat a l&#8217;institut Vidreres<\/a><\/p>\n\n\n<p><\/p>\n","protected":false},"excerpt":{"rendered":"<p>L&#8217;institut Vidreres va entrar en funcionament el curs 1995-96. Pertany a la xarxa de centres educatius p\u00fablics del Departament d&#8217;Ensenyament de la Generalitat de Catalunya, oferint al nostre entorn els estudis reglamentats d&#8217;Educaci\u00f3 Secundaria Obligat\u00f2ria, Batxillerat i un Cicle Formatiu de Grau Mitj\u00e0 (Sistemes Microinform\u00e0tics i Xarxes). La titularitat p\u00fablica del centre implica i regula [&hellip;]<\/p>\n","protected":false},"author":1,"featured_media":0,"parent":195,"menu_order":20,"comment_status":"closed","ping_status":"closed","template":"","meta":{"_bbp_topic_count":0,"_bbp_reply_count":0,"_bbp_total_topic_count":0,"_bbp_total_reply_count":0,"_bbp_voice_count":0,"_bbp_anonymous_reply_count":0,"_bbp_topic_count_hidden":0,"_bbp_reply_count_hidden":0,"_bbp_forum_subforum_count":0,"site-sidebar-layout":"default","site-content-layout":"","ast-site-content-layout":"default","site-content-style":"default","site-sidebar-style":"default","ast-global-header-display":"","ast-banner-title-visibility":"","ast-main-header-display":"","ast-hfb-above-header-display":"","ast-hfb-below-header-display":"","ast-hfb-mobile-header-display":"","site-post-title":"","ast-breadcrumbs-content":"","ast-featured-img":"","footer-sml-layout":"","theme-transparent-header-meta":"","adv-header-id-meta":"","stick-header-meta":"","header-above-stick-meta":"","header-main-stick-meta":"","header-below-stick-meta":"","astra-migrate-meta-layouts":"set","ast-page-background-enabled":"default","ast-page-background-meta":{"desktop":{"background-color":"var(--ast-global-color-4)","background-image":"","background-repeat":"repeat","background-position":"center center","background-size":"auto","background-attachment":"scroll","background-type":"","background-media":"","overlay-type":"","overlay-color":"","overlay-opacity":"","overlay-gradient":""},"tablet":{"background-color":"","background-image":"","background-repeat":"repeat","background-position":"center center","background-size":"auto","background-attachment":"scroll","background-type":"","background-media":"","overlay-type":"","overlay-color":"","overlay-opacity":"","overlay-gradient":""},"mobile":{"background-color":"","background-image":"","background-repeat":"repeat","background-position":"center center","background-size":"auto","background-attachment":"scroll","background-type":"","background-media":"","overlay-type":"","overlay-color":"","overlay-opacity":"","overlay-gradient":""}},"ast-content-background-meta":{"desktop":{"background-color":"var(--ast-global-color-5)","background-image":"","background-repeat":"repeat","background-position":"center center","background-size":"auto","background-attachment":"scroll","background-type":"","background-media":"","overlay-type":"","overlay-color":"","overlay-opacity":"","overlay-gradient":""},"tablet":{"background-color":"var(--ast-global-color-5)","background-image":"","background-repeat":"repeat","background-position":"center center","background-size":"auto","background-attachment":"scroll","background-type":"","background-media":"","overlay-type":"","overlay-color":"","overlay-opacity":"","overlay-gradient":""},"mobile":{"background-color":"var(--ast-global-color-5)","background-image":"","background-repeat":"repeat","background-position":"center center","background-size":"auto","background-attachment":"scroll","background-type":"","background-media":"","overlay-type":"","overlay-color":"","overlay-opacity":"","overlay-gradient":""}},"footnotes":""},"class_list":["post-832","page","type-page","status-publish","hentry"],"post_mailing_queue_ids":[],"_links":{"self":[{"href":"https:\/\/agora.xtec.cat\/ies-vidreres\/wp-json\/wp\/v2\/pages\/832","targetHints":{"allow":["GET"]}}],"collection":[{"href":"https:\/\/agora.xtec.cat\/ies-vidreres\/wp-json\/wp\/v2\/pages"}],"about":[{"href":"https:\/\/agora.xtec.cat\/ies-vidreres\/wp-json\/wp\/v2\/types\/page"}],"author":[{"embeddable":true,"href":"https:\/\/agora.xtec.cat\/ies-vidreres\/wp-json\/wp\/v2\/users\/1"}],"replies":[{"embeddable":true,"href":"https:\/\/agora.xtec.cat\/ies-vidreres\/wp-json\/wp\/v2\/comments?post=832"}],"version-history":[{"count":6,"href":"https:\/\/agora.xtec.cat\/ies-vidreres\/wp-json\/wp\/v2\/pages\/832\/revisions"}],"predecessor-version":[{"id":4692,"href":"https:\/\/agora.xtec.cat\/ies-vidreres\/wp-json\/wp\/v2\/pages\/832\/revisions\/4692"}],"up":[{"embeddable":true,"href":"https:\/\/agora.xtec.cat\/ies-vidreres\/wp-json\/wp\/v2\/pages\/195"}],"wp:attachment":[{"href":"https:\/\/agora.xtec.cat\/ies-vidreres\/wp-json\/wp\/v2\/media?parent=832"}],"curies":[{"name":"wp","href":"https:\/\/api.w.org\/{rel}","templated":true}]}}