{"id":527,"date":"2019-04-25T23:52:34","date_gmt":"2019-04-25T21:52:34","guid":{"rendered":"http:\/\/agora.xtec.cat\/ies-vidreres\/?page_id=527"},"modified":"2026-02-09T10:58:36","modified_gmt":"2026-02-09T09:58:36","slug":"documentacio-de-referenca","status":"publish","type":"page","link":"https:\/\/agora.xtec.cat\/ies-vidreres\/linstitut\/documentacio-de-referenca\/","title":{"rendered":"Documentaci\u00f3 de refer\u00e8ncia"},"content":{"rendered":"\n<ul class=\"wp-block-list\">\n<li><a href=\"https:\/\/drive.google.com\/file\/d\/1wgiQEZtwCKJdcOUKrauMAgdktPzVkj9z\/view\" target=\"_blank\" rel=\"noreferrer noopener\">Projecte, organitzaci\u00f3 i oferta educativa<\/a> (v. 2025)<\/li>\n\n\n\n<li><a href=\"https:\/\/drive.google.com\/file\/d\/1R-6_VNGpyxYZah3TVvEn57ludM2AXx7y\/view?usp=drive_link\" data-type=\"link\" data-id=\"https:\/\/drive.google.com\/file\/d\/1R-6_VNGpyxYZah3TVvEn57ludM2AXx7y\/view?usp=drive_link\">Normes d&#8217;organitzaci\u00f3 i funcionament del centre (NOFC)<\/a>&nbsp;&nbsp;(v. 2025)<\/li>\n\n\n\n<li><a href=\"https:\/\/drive.google.com\/file\/d\/1iZnCPRHViTwEBkxpMnl-wCDEkB4S8Vvg\/view?usp=drive_link\">Programaci\u00f3 General Anual (PGA)<\/a> (v. 2026)<\/li>\n\n\n\n<li><a href=\"https:\/\/drive.google.com\/file\/d\/1EwMG8ExKFov15P_w_DKnQF1No3B4CVup\/view?usp=drive_link\">Projecte de Direcci\u00f3 (PdD)<\/a> (2024-2028)<\/li>\n\n\n\n<li><a href=\"https:\/\/drive.google.com\/file\/d\/1ZhCAeaOspuKSwGVTnYjHqEyHAgcSwPoK\/\" target=\"_blank\" rel=\"noreferrer noopener\">Carta de comprom\u00eds educatiu<\/a> (v. 2025-26)<\/li>\n\n\n\n<li><a href=\"https:\/\/drive.google.com\/file\/d\/1GPld6fw9q6utkuUGcJW_7hsNxkcwNHJe\">Protocol d\u2019intervenci\u00f3 de les persones que treballen a les administracions p\u00fabliques de Catalunya per a fer efectiu l\u2019abordatge de l\u2019homof\u00f2bia, la bif\u00f2bia i la transf\u00f2bia a Catalunya<\/a><\/li>\n\n\n\n<li><a href=\"https:\/\/drive.google.com\/file\/d\/1zMHl1Sx1ytcS6WI3xjNLrW0A7Q363zXa\/view?usp=sharing\" target=\"_blank\" rel=\"noreferrer noopener\">Projecte Ling\u00fc\u00edstic<\/a> (v. 2022)<\/li>\n\n\n\n<li><a href=\"https:\/\/drive.google.com\/drive\/folders\/1HO9f7CNxxuKdflVoahaCIaM9L4eQzWoG?usp=share_link\" target=\"_blank\" rel=\"noreferrer noopener\">Dades dels pressuposts econ\u00f2mics del centre<\/a><\/li>\n\n\n\n<li><a href=\"https:\/\/sites.google.com\/institutvidreres.cat\/estrategia-digital-de-centre\/\" target=\"_blank\" rel=\"noreferrer noopener\">Estrat\u00e8gia digital de centre<\/a><\/li>\n\n\n\n<li><a href=\"https:\/\/drive.google.com\/file\/d\/1nitY_rM4wU-6bzSi7zVdIEg5YYQfO5W4\/view?usp=drive_link\">Pla de funcionament del transport a l&#8217;Institut Vidreres<\/a> (v. 2025 &#8211; 2026)<\/li>\n<\/ul>\n\n\n\n<p><\/p>\n","protected":false},"excerpt":{"rendered":"","protected":false},"author":21,"featured_media":0,"parent":19,"menu_order":15,"comment_status":"closed","ping_status":"closed","template":"","meta":{"_bbp_topic_count":0,"_bbp_reply_count":0,"_bbp_total_topic_count":0,"_bbp_total_reply_count":0,"_bbp_voice_count":0,"_bbp_anonymous_reply_count":0,"_bbp_topic_count_hidden":0,"_bbp_reply_count_hidden":0,"_bbp_forum_subforum_count":0,"site-sidebar-layout":"default","site-content-layout":"","ast-site-content-layout":"default","site-content-style":"default","site-sidebar-style":"default","ast-global-header-display":"","ast-banner-title-visibility":"","ast-main-header-display":"","ast-hfb-above-header-display":"","ast-hfb-below-header-display":"","ast-hfb-mobile-header-display":"","site-post-title":"","ast-breadcrumbs-content":"","ast-featured-img":"","footer-sml-layout":"","theme-transparent-header-meta":"","adv-header-id-meta":"","stick-header-meta":"","header-above-stick-meta":"","header-main-stick-meta":"","header-below-stick-meta":"","astra-migrate-meta-layouts":"set","ast-page-background-enabled":"default","ast-page-background-meta":{"desktop":{"background-color":"var(--ast-global-color-4)","background-image":"","background-repeat":"repeat","background-position":"center center","background-size":"auto","background-attachment":"scroll","background-type":"","background-media":"","overlay-type":"","overlay-color":"","overlay-opacity":"","overlay-gradient":""},"tablet":{"background-color":"","background-image":"","background-repeat":"repeat","background-position":"center center","background-size":"auto","background-attachment":"scroll","background-type":"","background-media":"","overlay-type":"","overlay-color":"","overlay-opacity":"","overlay-gradient":""},"mobile":{"background-color":"","background-image":"","background-repeat":"repeat","background-position":"center center","background-size":"auto","background-attachment":"scroll","background-type":"","background-media":"","overlay-type":"","overlay-color":"","overlay-opacity":"","overlay-gradient":""}},"ast-content-background-meta":{"desktop":{"background-color":"var(--ast-global-color-5)","background-image":"","background-repeat":"repeat","background-position":"center center","background-size":"auto","background-attachment":"scroll","background-type":"","background-media":"","overlay-type":"","overlay-color":"","overlay-opacity":"","overlay-gradient":""},"tablet":{"background-color":"var(--ast-global-color-5)","background-image":"","background-repeat":"repeat","background-position":"center center","background-size":"auto","background-attachment":"scroll","background-type":"","background-media":"","overlay-type":"","overlay-color":"","overlay-opacity":"","overlay-gradient":""},"mobile":{"background-color":"var(--ast-global-color-5)","background-image":"","background-repeat":"repeat","background-position":"center center","background-size":"auto","background-attachment":"scroll","background-type":"","background-media":"","overlay-type":"","overlay-color":"","overlay-opacity":"","overlay-gradient":""}},"footnotes":""},"class_list":["post-527","page","type-page","status-publish","hentry"],"post_mailing_queue_ids":[],"_links":{"self":[{"href":"https:\/\/agora.xtec.cat\/ies-vidreres\/wp-json\/wp\/v2\/pages\/527","targetHints":{"allow":["GET"]}}],"collection":[{"href":"https:\/\/agora.xtec.cat\/ies-vidreres\/wp-json\/wp\/v2\/pages"}],"about":[{"href":"https:\/\/agora.xtec.cat\/ies-vidreres\/wp-json\/wp\/v2\/types\/page"}],"author":[{"embeddable":true,"href":"https:\/\/agora.xtec.cat\/ies-vidreres\/wp-json\/wp\/v2\/users\/21"}],"replies":[{"embeddable":true,"href":"https:\/\/agora.xtec.cat\/ies-vidreres\/wp-json\/wp\/v2\/comments?post=527"}],"version-history":[{"count":6,"href":"https:\/\/agora.xtec.cat\/ies-vidreres\/wp-json\/wp\/v2\/pages\/527\/revisions"}],"predecessor-version":[{"id":4563,"href":"https:\/\/agora.xtec.cat\/ies-vidreres\/wp-json\/wp\/v2\/pages\/527\/revisions\/4563"}],"up":[{"embeddable":true,"href":"https:\/\/agora.xtec.cat\/ies-vidreres\/wp-json\/wp\/v2\/pages\/19"}],"wp:attachment":[{"href":"https:\/\/agora.xtec.cat\/ies-vidreres\/wp-json\/wp\/v2\/media?parent=527"}],"curies":[{"name":"wp","href":"https:\/\/api.w.org\/{rel}","templated":true}]}}