{"id":4693,"date":"2026-04-15T12:22:44","date_gmt":"2026-04-15T10:22:44","guid":{"rendered":"https:\/\/agora.xtec.cat\/ies-vidreres\/?page_id=4693"},"modified":"2026-04-15T12:22:55","modified_gmt":"2026-04-15T10:22:55","slug":"aula-ateca-dfp","status":"publish","type":"page","link":"https:\/\/agora.xtec.cat\/ies-vidreres\/projectes\/aula-ateca-dfp\/","title":{"rendered":"Aula Ateca d&#8217;FP"},"content":{"rendered":"\n<p>L\u2019Aula ATECA (Aula de Tecnologia Aplicada) \u00e9s un espai d\u2019aprenentatge actiu concebut per aproximar l\u2019alumnat de Formaci\u00f3 Professional a la realitat digital i tecnol\u00f2gica del mercat laboral actual. Aquest espai trenca amb la distribuci\u00f3 tradicional de les aules per convertir-se en un <strong>node d\u2019innovaci\u00f3<\/strong>, on les noves tecnologies es posen al servei del talent.<\/p>\n\n\n\n<p>L&#8217;aula est\u00e0 equipada per donar resposta als reptes de la <strong>digitalitzaci\u00f3 i l&#8217;economia 4.0<\/strong>, integrant recursos com:<\/p>\n\n\n\n<ul class=\"wp-block-list\">\n<li><strong>Entorns de Realitat Virtual i Augmentada<\/strong> per a simulacions pr\u00e0ctiques.<\/li>\n\n\n\n<li><strong>Sistemes de fabricaci\u00f3 additiva<\/strong> (Impressi\u00f3 3D) i prototipatge.<\/li>\n\n\n\n<li><strong>Eines de connectivitat avan\u00e7ada<\/strong> i treball col\u00b7laboratiu en xarxa.<\/li>\n<\/ul>\n\n\n\n<p>L&#8217;objectiu principal d&#8217;aquest nou equipament \u00e9s fomentar les <strong>compet\u00e8ncies digitals<\/strong> i la capacitat d&#8217;adaptaci\u00f3 dels nostres estudiants. Mitjan\u00e7ant l&#8217;\u00fas de metodologies basades en reptes i l&#8217;\u00fas intensiu de tecnologia punta, garantim que els futurs professionals formats al nostre institut estiguin preparats per liderar la transformaci\u00f3 tecnol\u00f2gica de les empreses del nostre entorn.<\/p>\n\n\n\n<div class=\"wp-block-getwid-images-slider has-arrows-inside has-dots-inside has-images-center has-cropped-images\"><div class=\"wp-block-getwid-images-slider__wrapper\" data-effect=\"slide\" data-slides-show=\"1\" data-slides-show-laptop=\"1\" data-slides-show-tablet=\"1\" data-slides-show-mobile=\"1\" data-slides-scroll=\"1\" data-autoplay=\"false\" data-pause-hover=\"false\" data-autoplay-speed=\"6000\" data-infinite=\"true\" data-animation-speed=\"800\" data-center-mode=\"false\" data-variable-width=\"false\" data-arrows=\"inside\" data-dots=\"inside\" data-spacing=\"none\"><div class=\"wp-block-getwid-images-slider__item\"><figure><img loading=\"lazy\" decoding=\"async\" width=\"2016\" height=\"1134\" src=\"https:\/\/agora.xtec.cat\/ies-vidreres\/wp-content\/uploads\/usu1911\/2026\/04\/L1_META-QUEST-3-512GB-WITH-3-YEAR-LIMITED-WARRANTY_2.jpg\" data-id=\"4695\" data-link=\"https:\/\/agora.xtec.cat\/ies-vidreres\/?attachment_id=4695\" data-original-link=\"https:\/\/agora.xtec.cat\/ies-vidreres\/wp-content\/uploads\/usu1911\/2026\/04\/L1_META-QUEST-3-512GB-WITH-3-YEAR-LIMITED-WARRANTY_2.jpg\" class=\"wp-block-getwid-images-slider__image wp-image-4695\" srcset=\"https:\/\/agora.xtec.cat\/ies-vidreres\/wp-content\/uploads\/usu1911\/2026\/04\/L1_META-QUEST-3-512GB-WITH-3-YEAR-LIMITED-WARRANTY_2.jpg 2016w, https:\/\/agora.xtec.cat\/ies-vidreres\/wp-content\/uploads\/usu1911\/2026\/04\/L1_META-QUEST-3-512GB-WITH-3-YEAR-LIMITED-WARRANTY_2-300x169.jpg 300w, https:\/\/agora.xtec.cat\/ies-vidreres\/wp-content\/uploads\/usu1911\/2026\/04\/L1_META-QUEST-3-512GB-WITH-3-YEAR-LIMITED-WARRANTY_2-1024x576.jpg 1024w, https:\/\/agora.xtec.cat\/ies-vidreres\/wp-content\/uploads\/usu1911\/2026\/04\/L1_META-QUEST-3-512GB-WITH-3-YEAR-LIMITED-WARRANTY_2-768x432.jpg 768w, https:\/\/agora.xtec.cat\/ies-vidreres\/wp-content\/uploads\/usu1911\/2026\/04\/L1_META-QUEST-3-512GB-WITH-3-YEAR-LIMITED-WARRANTY_2-1536x864.jpg 1536w\" sizes=\"auto, (max-width: 2016px) 100vw, 2016px\" \/><figcaption class=\"wp-block-getwid-images-slider__caption\">Meta Quest 3<\/figcaption><\/figure><\/div><div class=\"wp-block-getwid-images-slider__item\"><figure><img loading=\"lazy\" decoding=\"async\" width=\"2560\" height=\"1922\" src=\"https:\/\/agora.xtec.cat\/ies-vidreres\/wp-content\/uploads\/usu1911\/2026\/04\/L2-Bambu-Lab-H2D-Combo-scaled.jpg\" data-id=\"4696\" data-link=\"https:\/\/agora.xtec.cat\/ies-vidreres\/?attachment_id=4696\" data-original-link=\"https:\/\/agora.xtec.cat\/ies-vidreres\/wp-content\/uploads\/usu1911\/2026\/04\/L2-Bambu-Lab-H2D-Combo-scaled.jpg\" class=\"wp-block-getwid-images-slider__image wp-image-4696\" srcset=\"https:\/\/agora.xtec.cat\/ies-vidreres\/wp-content\/uploads\/usu1911\/2026\/04\/L2-Bambu-Lab-H2D-Combo-scaled.jpg 2560w, https:\/\/agora.xtec.cat\/ies-vidreres\/wp-content\/uploads\/usu1911\/2026\/04\/L2-Bambu-Lab-H2D-Combo-300x225.jpg 300w, https:\/\/agora.xtec.cat\/ies-vidreres\/wp-content\/uploads\/usu1911\/2026\/04\/L2-Bambu-Lab-H2D-Combo-1024x769.jpg 1024w, https:\/\/agora.xtec.cat\/ies-vidreres\/wp-content\/uploads\/usu1911\/2026\/04\/L2-Bambu-Lab-H2D-Combo-768x577.jpg 768w, https:\/\/agora.xtec.cat\/ies-vidreres\/wp-content\/uploads\/usu1911\/2026\/04\/L2-Bambu-Lab-H2D-Combo-1536x1153.jpg 1536w, https:\/\/agora.xtec.cat\/ies-vidreres\/wp-content\/uploads\/usu1911\/2026\/04\/L2-Bambu-Lab-H2D-Combo-2048x1538.jpg 2048w\" sizes=\"auto, (max-width: 2560px) 100vw, 2560px\" \/><figcaption class=\"wp-block-getwid-images-slider__caption\">Impressores 3D Bamb\u00fa<\/figcaption><\/figure><\/div><\/div><\/div>\n\n\n\n<p><\/p>\n\n\n\n<figure class=\"wp-block-image size-large\"><a href=\"https:\/\/agora.xtec.cat\/ies-vidreres\/wp-content\/uploads\/usu1911\/2026\/04\/LOGOTIPS-I-FRASE-MRR23-scaled.jpg\"><img loading=\"lazy\" decoding=\"async\" width=\"1024\" height=\"125\" src=\"https:\/\/agora.xtec.cat\/ies-vidreres\/wp-content\/uploads\/usu1911\/2026\/04\/LOGOTIPS-I-FRASE-MRR23-1024x125.jpg\" alt=\"\" class=\"wp-image-4694\" srcset=\"https:\/\/agora.xtec.cat\/ies-vidreres\/wp-content\/uploads\/usu1911\/2026\/04\/LOGOTIPS-I-FRASE-MRR23-1024x125.jpg 1024w, https:\/\/agora.xtec.cat\/ies-vidreres\/wp-content\/uploads\/usu1911\/2026\/04\/LOGOTIPS-I-FRASE-MRR23-300x37.jpg 300w, https:\/\/agora.xtec.cat\/ies-vidreres\/wp-content\/uploads\/usu1911\/2026\/04\/LOGOTIPS-I-FRASE-MRR23-768x94.jpg 768w, https:\/\/agora.xtec.cat\/ies-vidreres\/wp-content\/uploads\/usu1911\/2026\/04\/LOGOTIPS-I-FRASE-MRR23-1536x188.jpg 1536w, https:\/\/agora.xtec.cat\/ies-vidreres\/wp-content\/uploads\/usu1911\/2026\/04\/LOGOTIPS-I-FRASE-MRR23-2048x251.jpg 2048w\" sizes=\"auto, (max-width: 1024px) 100vw, 1024px\" \/><\/a><\/figure>\n\n\n\n<p><\/p>\n","protected":false},"excerpt":{"rendered":"<p>L\u2019Aula ATECA (Aula de Tecnologia Aplicada) \u00e9s un espai d\u2019aprenentatge actiu concebut per aproximar l\u2019alumnat de Formaci\u00f3 Professional a la realitat digital i tecnol\u00f2gica del mercat laboral actual. Aquest espai trenca amb la distribuci\u00f3 tradicional de les aules per convertir-se en un node d\u2019innovaci\u00f3, on les noves tecnologies es posen al servei del talent. L&#8217;aula [&hellip;]<\/p>\n","protected":false},"author":32,"featured_media":0,"parent":4708,"menu_order":0,"comment_status":"closed","ping_status":"closed","template":"","meta":{"_bbp_topic_count":0,"_bbp_reply_count":0,"_bbp_total_topic_count":0,"_bbp_total_reply_count":0,"_bbp_voice_count":0,"_bbp_anonymous_reply_count":0,"_bbp_topic_count_hidden":0,"_bbp_reply_count_hidden":0,"_bbp_forum_subforum_count":0,"site-sidebar-layout":"default","site-content-layout":"","ast-site-content-layout":"default","site-content-style":"default","site-sidebar-style":"default","ast-global-header-display":"","ast-banner-title-visibility":"","ast-main-header-display":"","ast-hfb-above-header-display":"","ast-hfb-below-header-display":"","ast-hfb-mobile-header-display":"","site-post-title":"","ast-breadcrumbs-content":"","ast-featured-img":"","footer-sml-layout":"","theme-transparent-header-meta":"","adv-header-id-meta":"","stick-header-meta":"","header-above-stick-meta":"","header-main-stick-meta":"","header-below-stick-meta":"","astra-migrate-meta-layouts":"set","ast-page-background-enabled":"default","ast-page-background-meta":{"desktop":{"background-color":"var(--ast-global-color-4)","background-image":"","background-repeat":"repeat","background-position":"center center","background-size":"auto","background-attachment":"scroll","background-type":"","background-media":"","overlay-type":"","overlay-color":"","overlay-opacity":"","overlay-gradient":""},"tablet":{"background-color":"","background-image":"","background-repeat":"repeat","background-position":"center center","background-size":"auto","background-attachment":"scroll","background-type":"","background-media":"","overlay-type":"","overlay-color":"","overlay-opacity":"","overlay-gradient":""},"mobile":{"background-color":"","background-image":"","background-repeat":"repeat","background-position":"center center","background-size":"auto","background-attachment":"scroll","background-type":"","background-media":"","overlay-type":"","overlay-color":"","overlay-opacity":"","overlay-gradient":""}},"ast-content-background-meta":{"desktop":{"background-color":"var(--ast-global-color-5)","background-image":"","background-repeat":"repeat","background-position":"center center","background-size":"auto","background-attachment":"scroll","background-type":"","background-media":"","overlay-type":"","overlay-color":"","overlay-opacity":"","overlay-gradient":""},"tablet":{"background-color":"var(--ast-global-color-5)","background-image":"","background-repeat":"repeat","background-position":"center center","background-size":"auto","background-attachment":"scroll","background-type":"","background-media":"","overlay-type":"","overlay-color":"","overlay-opacity":"","overlay-gradient":""},"mobile":{"background-color":"var(--ast-global-color-5)","background-image":"","background-repeat":"repeat","background-position":"center center","background-size":"auto","background-attachment":"scroll","background-type":"","background-media":"","overlay-type":"","overlay-color":"","overlay-opacity":"","overlay-gradient":""}},"footnotes":""},"class_list":["post-4693","page","type-page","status-publish","hentry"],"post_mailing_queue_ids":[],"_links":{"self":[{"href":"https:\/\/agora.xtec.cat\/ies-vidreres\/wp-json\/wp\/v2\/pages\/4693","targetHints":{"allow":["GET"]}}],"collection":[{"href":"https:\/\/agora.xtec.cat\/ies-vidreres\/wp-json\/wp\/v2\/pages"}],"about":[{"href":"https:\/\/agora.xtec.cat\/ies-vidreres\/wp-json\/wp\/v2\/types\/page"}],"author":[{"embeddable":true,"href":"https:\/\/agora.xtec.cat\/ies-vidreres\/wp-json\/wp\/v2\/users\/32"}],"replies":[{"embeddable":true,"href":"https:\/\/agora.xtec.cat\/ies-vidreres\/wp-json\/wp\/v2\/comments?post=4693"}],"version-history":[{"count":2,"href":"https:\/\/agora.xtec.cat\/ies-vidreres\/wp-json\/wp\/v2\/pages\/4693\/revisions"}],"predecessor-version":[{"id":4712,"href":"https:\/\/agora.xtec.cat\/ies-vidreres\/wp-json\/wp\/v2\/pages\/4693\/revisions\/4712"}],"up":[{"embeddable":true,"href":"https:\/\/agora.xtec.cat\/ies-vidreres\/wp-json\/wp\/v2\/pages\/4708"}],"wp:attachment":[{"href":"https:\/\/agora.xtec.cat\/ies-vidreres\/wp-json\/wp\/v2\/media?parent=4693"}],"curies":[{"name":"wp","href":"https:\/\/api.w.org\/{rel}","templated":true}]}}