{"id":39,"date":"2014-09-17T16:36:44","date_gmt":"2014-09-17T16:36:44","guid":{"rendered":"http:\/\/agora.xtec.cat\/ies-vidreres\/?page_id=39"},"modified":"2025-06-19T11:14:14","modified_gmt":"2025-06-19T09:14:14","slug":"instal%c2%b7lacions","status":"publish","type":"page","link":"https:\/\/agora.xtec.cat\/ies-vidreres\/linstitut\/instal%c2%b7lacions\/","title":{"rendered":"Instal\u00b7lacions"},"content":{"rendered":"<table style=\"width: 814px; border: 0px solid #ffffff; height: 605px;\" border=\"0\" align=\"left\">\n<tbody>\n<tr>\n<td style=\"width: 400px;\">\n<h1 style=\"text-align: left;\"><span style=\"font-family: 'Trebuchet MS', Verdana, Arial, Helvetica, sans-serif;\"><a id=\"biblioteca\"><\/a>Biblioteca<\/span><\/h1>\n<p style=\"text-align: left;\"><span style=\"line-height: 1.231;\">A l\u2019hora de pati, la biblioteca de l\u2019institut \u00e9s un espai tranquil on es pot llegir, estudiar, fer deures o connectar-se a internet i fer la feina del moodle. Tamb\u00e9 \u00e9s el lloc on es fan les xerrades de tutoria, les visites d\u2019autors, els claustres de professorat&#8230;<\/span><\/p>\n<\/td>\n<td style=\"width: 408px;\">\u00a0\u00a0\u00a0\u00a0\u00a0\u00a0\u00a0<a href=\"https:\/\/agora.xtec.cat\/ies-vidreres\/wp-content\/uploads\/usu1911\/2019\/04\/biblio5_861x646.jpg\"><img loading=\"lazy\" decoding=\"async\" class=\"alignnone wp-image-509\" src=\"https:\/\/agora.xtec.cat\/ies-vidreres\/wp-content\/uploads\/usu1911\/2019\/04\/biblio5_861x646.jpg\" alt=\"\" width=\"347\" height=\"260\" srcset=\"https:\/\/agora.xtec.cat\/ies-vidreres\/wp-content\/uploads\/usu1911\/2019\/04\/biblio5_861x646.jpg 861w, https:\/\/agora.xtec.cat\/ies-vidreres\/wp-content\/uploads\/usu1911\/2019\/04\/biblio5_861x646-300x225.jpg 300w, https:\/\/agora.xtec.cat\/ies-vidreres\/wp-content\/uploads\/usu1911\/2019\/04\/biblio5_861x646-768x576.jpg 768w, https:\/\/agora.xtec.cat\/ies-vidreres\/wp-content\/uploads\/usu1911\/2019\/04\/biblio5_861x646-200x150.jpg 200w\" sizes=\"auto, (max-width: 347px) 100vw, 347px\" \/><\/a><\/td>\n<\/tr>\n<tr>\n<td style=\"width: 400px;\">\n<p style=\"text-align: center;\"><a href=\"https:\/\/agora.xtec.cat\/ies-vidreres\/wp-content\/uploads\/usu1911\/2019\/04\/biblio-6_861x646.jpg\"><img loading=\"lazy\" decoding=\"async\" class=\"alignnone size-full wp-image-508\" src=\"https:\/\/agora.xtec.cat\/ies-vidreres\/wp-content\/uploads\/usu1911\/2019\/04\/biblio-6_861x646.jpg\" alt=\"\" width=\"861\" height=\"646\" srcset=\"https:\/\/agora.xtec.cat\/ies-vidreres\/wp-content\/uploads\/usu1911\/2019\/04\/biblio-6_861x646.jpg 861w, https:\/\/agora.xtec.cat\/ies-vidreres\/wp-content\/uploads\/usu1911\/2019\/04\/biblio-6_861x646-300x225.jpg 300w, https:\/\/agora.xtec.cat\/ies-vidreres\/wp-content\/uploads\/usu1911\/2019\/04\/biblio-6_861x646-768x576.jpg 768w, https:\/\/agora.xtec.cat\/ies-vidreres\/wp-content\/uploads\/usu1911\/2019\/04\/biblio-6_861x646-200x150.jpg 200w\" sizes=\"auto, (max-width: 861px) 100vw, 861px\" \/><\/a><br \/>\n<em><span style=\"font-size: xx-small;\">La biblioteca a l&#8217;hora del pati<\/span><\/em><\/p>\n<\/td>\n<td style=\"width: 408px;\"><a href=\"https:\/\/agora.xtec.cat\/ies-vidreres\/wp-content\/uploads\/usu1911\/2019\/04\/Xerrada-Dolors-Garcia-Cornell\u00e0.-23-nov-001_861x646.jpg\"><img loading=\"lazy\" decoding=\"async\" class=\"alignnone size-full wp-image-507\" src=\"https:\/\/agora.xtec.cat\/ies-vidreres\/wp-content\/uploads\/usu1911\/2019\/04\/Xerrada-Dolors-Garcia-Cornell\u00e0.-23-nov-001_861x646.jpg\" alt=\"\" width=\"861\" height=\"646\" srcset=\"https:\/\/agora.xtec.cat\/ies-vidreres\/wp-content\/uploads\/usu1911\/2019\/04\/Xerrada-Dolors-Garcia-Cornell\u00e0.-23-nov-001_861x646.jpg 861w, https:\/\/agora.xtec.cat\/ies-vidreres\/wp-content\/uploads\/usu1911\/2019\/04\/Xerrada-Dolors-Garcia-Cornell\u00e0.-23-nov-001_861x646-300x225.jpg 300w, https:\/\/agora.xtec.cat\/ies-vidreres\/wp-content\/uploads\/usu1911\/2019\/04\/Xerrada-Dolors-Garcia-Cornell\u00e0.-23-nov-001_861x646-768x576.jpg 768w, https:\/\/agora.xtec.cat\/ies-vidreres\/wp-content\/uploads\/usu1911\/2019\/04\/Xerrada-Dolors-Garcia-Cornell\u00e0.-23-nov-001_861x646-200x150.jpg 200w\" sizes=\"auto, (max-width: 861px) 100vw, 861px\" \/><\/a><\/p>\n<p style=\"text-align: center;\"><span style=\"font-size: xx-small;\">Xerrada Dolors Garcia Cornell\u00e0<\/span><\/p>\n<\/td>\n<\/tr>\n<\/tbody>\n<\/table>\n<table style=\"width: 814px; border: 0px solid #ffffff; height: 565px;\" border=\"0\" align=\"left\">\n<tbody>\n<tr>\n<td style=\"width: 401px;\">\u00a0<a href=\"https:\/\/agora.xtec.cat\/ies-vidreres\/wp-content\/uploads\/usu1911\/2019\/04\/taller1.jpg\"><img loading=\"lazy\" decoding=\"async\" class=\"alignnone size-full wp-image-506\" src=\"https:\/\/agora.xtec.cat\/ies-vidreres\/wp-content\/uploads\/usu1911\/2019\/04\/taller1.jpg\" alt=\"\" width=\"500\" height=\"375\" srcset=\"https:\/\/agora.xtec.cat\/ies-vidreres\/wp-content\/uploads\/usu1911\/2019\/04\/taller1.jpg 500w, https:\/\/agora.xtec.cat\/ies-vidreres\/wp-content\/uploads\/usu1911\/2019\/04\/taller1-300x225.jpg 300w, https:\/\/agora.xtec.cat\/ies-vidreres\/wp-content\/uploads\/usu1911\/2019\/04\/taller1-200x150.jpg 200w\" sizes=\"auto, (max-width: 500px) 100vw, 500px\" \/><\/a><\/td>\n<td style=\"width: 407px;\">\n<h1 style=\"text-align: left;\"><span style=\"font-family: 'Trebuchet MS', Verdana, Arial, Helvetica, sans-serif;\"><a id=\"biblioteca\"><\/a>Tallers<\/span><\/h1>\n<p style=\"text-align: left;\"><span style=\"line-height: 1.231;\">Hi ha dos tallers equipats amb eines i tot el material necessari per a fer les pr\u00e0ctiques de les assignatures de tecnologies d&#8217;ESO i batxillerat i els tallers de rob\u00f2tica.<\/span><\/p>\n<p style=\"text-align: left;\"><span style=\"line-height: 1.231;\">Tamb\u00e9 disposem d&#8217;un espai adequat per construir robots, lligat a la participaci\u00f3 a la <a href=\"http:\/\/legoleaguevidreres.blogspot.com.es\/\" target=\"_blank\" rel=\"noopener\">Lego League<\/a>.<\/span><\/p>\n<\/td>\n<\/tr>\n<tr>\n<td style=\"width: 401px;\">\u00a0<a href=\"https:\/\/agora.xtec.cat\/ies-vidreres\/wp-content\/uploads\/usu1911\/2019\/04\/taller2.jpg\"><img loading=\"lazy\" decoding=\"async\" class=\"alignnone size-full wp-image-505\" src=\"https:\/\/agora.xtec.cat\/ies-vidreres\/wp-content\/uploads\/usu1911\/2019\/04\/taller2.jpg\" alt=\"\" width=\"500\" height=\"375\" srcset=\"https:\/\/agora.xtec.cat\/ies-vidreres\/wp-content\/uploads\/usu1911\/2019\/04\/taller2.jpg 500w, https:\/\/agora.xtec.cat\/ies-vidreres\/wp-content\/uploads\/usu1911\/2019\/04\/taller2-300x225.jpg 300w, https:\/\/agora.xtec.cat\/ies-vidreres\/wp-content\/uploads\/usu1911\/2019\/04\/taller2-200x150.jpg 200w\" sizes=\"auto, (max-width: 500px) 100vw, 500px\" \/><\/a><\/td>\n<td style=\"width: 407px;\">\u00a0<a href=\"https:\/\/agora.xtec.cat\/ies-vidreres\/wp-content\/uploads\/usu1911\/2019\/04\/taller3.jpg\"><img loading=\"lazy\" decoding=\"async\" class=\"alignnone size-full wp-image-504\" src=\"https:\/\/agora.xtec.cat\/ies-vidreres\/wp-content\/uploads\/usu1911\/2019\/04\/taller3.jpg\" alt=\"\" width=\"500\" height=\"375\" srcset=\"https:\/\/agora.xtec.cat\/ies-vidreres\/wp-content\/uploads\/usu1911\/2019\/04\/taller3.jpg 500w, https:\/\/agora.xtec.cat\/ies-vidreres\/wp-content\/uploads\/usu1911\/2019\/04\/taller3-300x225.jpg 300w, https:\/\/agora.xtec.cat\/ies-vidreres\/wp-content\/uploads\/usu1911\/2019\/04\/taller3-200x150.jpg 200w\" sizes=\"auto, (max-width: 500px) 100vw, 500px\" \/><\/a><\/td>\n<\/tr>\n<\/tbody>\n<\/table>\n<table style=\"width: 809px; border: 0px solid #ffffff; height: 324px;\" border=\"0\" align=\"left\">\n<tbody>\n<tr>\n<td style=\"width: 402px;\">\n<h1 style=\"text-align: left;\"><span style=\"font-family: 'Trebuchet MS', Verdana, Arial, Helvetica, sans-serif;\"><a id=\"gimnas\"><\/a><span class=\"nolink\">Instal\u00b7lacions<\/span> esportives<\/span><\/h1>\n<p style=\"text-align: left;\"><span style=\"line-height: 1.231;\">Les <span class=\"nolink\">instal\u00b7lacions<\/span> esportives pr\u00f2pies de l&#8217;institut consten d&#8217;un gimn\u00e0s amb escenari, divisible en dues sales per poder fer dues classes simult\u00e0nies. A l&#8217;exterior gran pista poliesportiva amb dues pistes grans de futbol sala\/handbol, dues pistes de b\u00e0squet i quatre pistes de voleibol. Sobre les mateixes pistes hi ha projectades dues pistes m\u00e9s de basquet i quatre camps petits de futbol sala.<\/span><\/p>\n<p style=\"text-align: left;\"><span style=\"line-height: 1.231;\">Tamb\u00e9 tenim acc\u00e9s a les <span class=\"nolink\">instal\u00b7lacions<\/span> esportives municipals del complex esportiu del camp de futbol.<\/span><\/p>\n<\/td>\n<td style=\"width: 401px;\">\u00a0<a href=\"https:\/\/agora.xtec.cat\/ies-vidreres\/wp-content\/uploads\/usu1911\/2019\/04\/DSCF0188.jpg\"><img loading=\"lazy\" decoding=\"async\" class=\"alignnone size-full wp-image-503\" src=\"https:\/\/agora.xtec.cat\/ies-vidreres\/wp-content\/uploads\/usu1911\/2019\/04\/DSCF0188.jpg\" alt=\"\" width=\"800\" height=\"600\" srcset=\"https:\/\/agora.xtec.cat\/ies-vidreres\/wp-content\/uploads\/usu1911\/2019\/04\/DSCF0188.jpg 800w, https:\/\/agora.xtec.cat\/ies-vidreres\/wp-content\/uploads\/usu1911\/2019\/04\/DSCF0188-300x225.jpg 300w, https:\/\/agora.xtec.cat\/ies-vidreres\/wp-content\/uploads\/usu1911\/2019\/04\/DSCF0188-768x576.jpg 768w, https:\/\/agora.xtec.cat\/ies-vidreres\/wp-content\/uploads\/usu1911\/2019\/04\/DSCF0188-200x150.jpg 200w\" sizes=\"auto, (max-width: 800px) 100vw, 800px\" \/><\/a><\/td>\n<\/tr>\n<tr>\n<td style=\"width: 402px;\">\u00a0<a href=\"https:\/\/agora.xtec.cat\/ies-vidreres\/wp-content\/uploads\/usu1911\/2019\/04\/DSCF0060.jpg\"><img loading=\"lazy\" decoding=\"async\" class=\"alignnone size-full wp-image-502\" src=\"https:\/\/agora.xtec.cat\/ies-vidreres\/wp-content\/uploads\/usu1911\/2019\/04\/DSCF0060.jpg\" alt=\"\" width=\"800\" height=\"225\" srcset=\"https:\/\/agora.xtec.cat\/ies-vidreres\/wp-content\/uploads\/usu1911\/2019\/04\/DSCF0060.jpg 800w, https:\/\/agora.xtec.cat\/ies-vidreres\/wp-content\/uploads\/usu1911\/2019\/04\/DSCF0060-300x84.jpg 300w, https:\/\/agora.xtec.cat\/ies-vidreres\/wp-content\/uploads\/usu1911\/2019\/04\/DSCF0060-768x216.jpg 768w\" sizes=\"auto, (max-width: 800px) 100vw, 800px\" \/><\/a><\/td>\n<td style=\"width: 401px;\">\u00a0<a href=\"https:\/\/agora.xtec.cat\/ies-vidreres\/wp-content\/uploads\/usu1911\/2019\/04\/DSCF0053.jpg\"><img loading=\"lazy\" decoding=\"async\" class=\"alignnone size-full wp-image-516\" src=\"https:\/\/agora.xtec.cat\/ies-vidreres\/wp-content\/uploads\/usu1911\/2019\/04\/DSCF0053.jpg\" alt=\"\" width=\"800\" height=\"225\" srcset=\"https:\/\/agora.xtec.cat\/ies-vidreres\/wp-content\/uploads\/usu1911\/2019\/04\/DSCF0053.jpg 800w, https:\/\/agora.xtec.cat\/ies-vidreres\/wp-content\/uploads\/usu1911\/2019\/04\/DSCF0053-300x84.jpg 300w, https:\/\/agora.xtec.cat\/ies-vidreres\/wp-content\/uploads\/usu1911\/2019\/04\/DSCF0053-768x216.jpg 768w\" sizes=\"auto, (max-width: 800px) 100vw, 800px\" \/><\/a><\/td>\n<\/tr>\n<\/tbody>\n<\/table>\n<table style=\"width: 807px; height: 384px;\" border=\"0\" align=\"left\">\n<tbody>\n<tr>\n<td style=\"width: 399px;\">\n<h1 style=\"text-align: left;\"><span style=\"font-family: 'Trebuchet MS', Verdana, Arial, Helvetica, sans-serif;\"><a id=\"laboratoris\"><\/a>Laboratoris<\/span><\/h1>\n<p style=\"text-align: left;\">L&#8217;institut disposa de tres laboratoris, un de biologia i geologia, un de f\u00edsica i qu\u00edmica i un de polivalent, on es fan les activitats pr\u00e0ctiques de les assignatures corresponents.<\/p>\n<p style=\"text-align: left;\">Disposem de l&#8217;equipament b\u00e0sic d&#8217;un laboratori did\u00e0ctic: material b\u00e0sic de laboratori, reactius, microscopis, lupes binoculars, col\u00b7leccions de biologia i geologia, equips de sensors Multilog&#8230;<\/p>\n<p style=\"text-align: left;\">\n<\/td>\n<td style=\"width: 400px;\">\u00a0<a href=\"https:\/\/agora.xtec.cat\/ies-vidreres\/wp-content\/uploads\/usu1911\/2019\/04\/lab1.jpg\"><img loading=\"lazy\" decoding=\"async\" class=\"alignnone size-full wp-image-515\" src=\"https:\/\/agora.xtec.cat\/ies-vidreres\/wp-content\/uploads\/usu1911\/2019\/04\/lab1.jpg\" alt=\"\" width=\"800\" height=\"600\" srcset=\"https:\/\/agora.xtec.cat\/ies-vidreres\/wp-content\/uploads\/usu1911\/2019\/04\/lab1.jpg 800w, https:\/\/agora.xtec.cat\/ies-vidreres\/wp-content\/uploads\/usu1911\/2019\/04\/lab1-300x225.jpg 300w, https:\/\/agora.xtec.cat\/ies-vidreres\/wp-content\/uploads\/usu1911\/2019\/04\/lab1-768x576.jpg 768w, https:\/\/agora.xtec.cat\/ies-vidreres\/wp-content\/uploads\/usu1911\/2019\/04\/lab1-200x150.jpg 200w\" sizes=\"auto, (max-width: 800px) 100vw, 800px\" \/><\/a><\/td>\n<\/tr>\n<tr>\n<td style=\"width: 399px;\">\u00a0<a href=\"https:\/\/agora.xtec.cat\/ies-vidreres\/wp-content\/uploads\/usu1911\/2019\/04\/lab2.jpg\"><img loading=\"lazy\" decoding=\"async\" class=\"alignnone size-full wp-image-514\" src=\"https:\/\/agora.xtec.cat\/ies-vidreres\/wp-content\/uploads\/usu1911\/2019\/04\/lab2.jpg\" alt=\"\" width=\"800\" height=\"600\" srcset=\"https:\/\/agora.xtec.cat\/ies-vidreres\/wp-content\/uploads\/usu1911\/2019\/04\/lab2.jpg 800w, https:\/\/agora.xtec.cat\/ies-vidreres\/wp-content\/uploads\/usu1911\/2019\/04\/lab2-300x225.jpg 300w, https:\/\/agora.xtec.cat\/ies-vidreres\/wp-content\/uploads\/usu1911\/2019\/04\/lab2-768x576.jpg 768w, https:\/\/agora.xtec.cat\/ies-vidreres\/wp-content\/uploads\/usu1911\/2019\/04\/lab2-200x150.jpg 200w\" sizes=\"auto, (max-width: 800px) 100vw, 800px\" \/><\/a><\/td>\n<td style=\"width: 400px;\">\u00a0<a href=\"https:\/\/agora.xtec.cat\/ies-vidreres\/wp-content\/uploads\/usu1911\/2019\/04\/lab3.jpg\"><img loading=\"lazy\" decoding=\"async\" class=\"alignnone size-full wp-image-513\" src=\"https:\/\/agora.xtec.cat\/ies-vidreres\/wp-content\/uploads\/usu1911\/2019\/04\/lab3.jpg\" alt=\"\" width=\"800\" height=\"600\" srcset=\"https:\/\/agora.xtec.cat\/ies-vidreres\/wp-content\/uploads\/usu1911\/2019\/04\/lab3.jpg 800w, https:\/\/agora.xtec.cat\/ies-vidreres\/wp-content\/uploads\/usu1911\/2019\/04\/lab3-300x225.jpg 300w, https:\/\/agora.xtec.cat\/ies-vidreres\/wp-content\/uploads\/usu1911\/2019\/04\/lab3-768x576.jpg 768w, https:\/\/agora.xtec.cat\/ies-vidreres\/wp-content\/uploads\/usu1911\/2019\/04\/lab3-200x150.jpg 200w\" sizes=\"auto, (max-width: 800px) 100vw, 800px\" \/><\/a><\/td>\n<\/tr>\n<\/tbody>\n<\/table>\n<table style=\"width: 807px; height: 234px;\" border=\"0\" align=\"left\">\n<tbody>\n<tr>\n<td style=\"width: 400px;\">\n<h1 style=\"text-align: left;\"><span style=\"font-family: 'Trebuchet MS', Verdana, Arial, Helvetica, sans-serif;\"><a id=\"informatica\"><\/a>Aules d&#8217;inform\u00e0tica<\/span><\/h1>\n<p style=\"text-align: left;\">Hi ha tres aules d&#8217;inform\u00e0tica amb capacitat per entre 15-20 alumnes.<\/p>\n<p style=\"text-align: left;\">A m\u00e9s totes les aules ordin\u00e0ries estan equipades amb un ordinador, un projector i una pissarra blanca que es pot utilitzar com a pissarra digital.<\/p>\n<\/td>\n<td style=\"width: 399px;\">\u00a0<a href=\"https:\/\/agora.xtec.cat\/ies-vidreres\/wp-content\/uploads\/usu1911\/2019\/04\/info2.jpg\"><img loading=\"lazy\" decoding=\"async\" class=\"alignnone size-full wp-image-512\" src=\"https:\/\/agora.xtec.cat\/ies-vidreres\/wp-content\/uploads\/usu1911\/2019\/04\/info2.jpg\" alt=\"\" width=\"800\" height=\"600\" srcset=\"https:\/\/agora.xtec.cat\/ies-vidreres\/wp-content\/uploads\/usu1911\/2019\/04\/info2.jpg 800w, https:\/\/agora.xtec.cat\/ies-vidreres\/wp-content\/uploads\/usu1911\/2019\/04\/info2-300x225.jpg 300w, https:\/\/agora.xtec.cat\/ies-vidreres\/wp-content\/uploads\/usu1911\/2019\/04\/info2-768x576.jpg 768w, https:\/\/agora.xtec.cat\/ies-vidreres\/wp-content\/uploads\/usu1911\/2019\/04\/info2-200x150.jpg 200w\" sizes=\"auto, (max-width: 800px) 100vw, 800px\" \/><\/a><\/td>\n<\/tr>\n<tr>\n<td style=\"width: 400px;\"><\/td>\n<td style=\"width: 399px;\"><\/td>\n<\/tr>\n<\/tbody>\n<\/table>\n<table style=\"width: 801px; height: 1815px;\" border=\"0\" align=\"left\">\n<tbody>\n<tr>\n<td style=\"width: 795px;\">\n<h1 style=\"text-align: left;\"><a id=\"cicles\"><\/a>Aules dels cicles formatius<\/h1>\n<p>Les aules del cicle formatiu de grau mitj\u00e0 de Sistemes Microinform\u00e0tics i Xarxes conten de 3 tallers i una aula polivalent:<\/p>\n<ul>\n<li>Taller de hardware<br \/>\n<a href=\"https:\/\/agora.xtec.cat\/ies-vidreres\/wp-content\/uploads\/usu1911\/2019\/04\/Taller-de-Hardware-CFGM-SMX-Vidreres.png\"><img loading=\"lazy\" decoding=\"async\" class=\"alignnone size-full wp-image-511\" src=\"https:\/\/agora.xtec.cat\/ies-vidreres\/wp-content\/uploads\/usu1911\/2019\/04\/Taller-de-Hardware-CFGM-SMX-Vidreres.png\" alt=\"\" width=\"384\" height=\"288\" srcset=\"https:\/\/agora.xtec.cat\/ies-vidreres\/wp-content\/uploads\/usu1911\/2019\/04\/Taller-de-Hardware-CFGM-SMX-Vidreres.png 384w, https:\/\/agora.xtec.cat\/ies-vidreres\/wp-content\/uploads\/usu1911\/2019\/04\/Taller-de-Hardware-CFGM-SMX-Vidreres-300x225.png 300w, https:\/\/agora.xtec.cat\/ies-vidreres\/wp-content\/uploads\/usu1911\/2019\/04\/Taller-de-Hardware-CFGM-SMX-Vidreres-200x150.png 200w\" sizes=\"auto, (max-width: 384px) 100vw, 384px\" \/><\/a><\/li>\n<li>Taller de xarxes<br \/>\n<a href=\"https:\/\/agora.xtec.cat\/ies-vidreres\/wp-content\/uploads\/usu1911\/2019\/04\/Taller-de-Xarxes-CFGM-SMX-Vidreres.png\"><img loading=\"lazy\" decoding=\"async\" class=\"alignnone size-full wp-image-510\" src=\"https:\/\/agora.xtec.cat\/ies-vidreres\/wp-content\/uploads\/usu1911\/2019\/04\/Taller-de-Xarxes-CFGM-SMX-Vidreres.png\" alt=\"\" width=\"384\" height=\"288\" srcset=\"https:\/\/agora.xtec.cat\/ies-vidreres\/wp-content\/uploads\/usu1911\/2019\/04\/Taller-de-Xarxes-CFGM-SMX-Vidreres.png 384w, https:\/\/agora.xtec.cat\/ies-vidreres\/wp-content\/uploads\/usu1911\/2019\/04\/Taller-de-Xarxes-CFGM-SMX-Vidreres-300x225.png 300w, https:\/\/agora.xtec.cat\/ies-vidreres\/wp-content\/uploads\/usu1911\/2019\/04\/Taller-de-Xarxes-CFGM-SMX-Vidreres-200x150.png 200w\" sizes=\"auto, (max-width: 384px) 100vw, 384px\" \/><\/a><\/li>\n<li>Taller de software<\/li>\n<li>Aula polivalent<\/li>\n<\/ul>\n<h1 style=\"text-align: left;\"><span style=\"font-family: 'Trebuchet MS', Verdana, Arial, Helvetica, sans-serif;\"><a id=\"estacio\"><\/a>L&#8217;estaci\u00f3 meteorol\u00f2gica<\/span><\/h1>\n<p><iframe loading=\"lazy\" src=\"https:\/\/docs.google.com\/document\/d\/1ePtk4dlG5k4az0hJa_M1e-64z8ve0XXhTqoxboQ_hNM\/pub?embedded=true\" width=\"100%\" height=\"800px\"><\/iframe><\/td>\n<\/tr>\n<\/tbody>\n<\/table>\n","protected":false},"excerpt":{"rendered":"<p>Biblioteca A l\u2019hora de pati, la biblioteca de l\u2019institut \u00e9s un espai tranquil on es pot llegir, estudiar, fer deures o connectar-se a internet i fer la feina del moodle. Tamb\u00e9 \u00e9s el lloc on es fan les xerrades de tutoria, les visites d\u2019autors, els claustres de professorat&#8230; \u00a0\u00a0\u00a0\u00a0\u00a0\u00a0\u00a0 La biblioteca a l&#8217;hora del pati [&hellip;]<\/p>\n","protected":false},"author":1,"featured_media":0,"parent":19,"menu_order":30,"comment_status":"closed","ping_status":"closed","template":"","meta":{"_bbp_topic_count":0,"_bbp_reply_count":0,"_bbp_total_topic_count":0,"_bbp_total_reply_count":0,"_bbp_voice_count":0,"_bbp_anonymous_reply_count":0,"_bbp_topic_count_hidden":0,"_bbp_reply_count_hidden":0,"_bbp_forum_subforum_count":0,"site-sidebar-layout":"default","site-content-layout":"","ast-site-content-layout":"default","site-content-style":"default","site-sidebar-style":"default","ast-global-header-display":"","ast-banner-title-visibility":"","ast-main-header-display":"","ast-hfb-above-header-display":"","ast-hfb-below-header-display":"","ast-hfb-mobile-header-display":"","site-post-title":"","ast-breadcrumbs-content":"","ast-featured-img":"","footer-sml-layout":"","theme-transparent-header-meta":"","adv-header-id-meta":"","stick-header-meta":"","header-above-stick-meta":"","header-main-stick-meta":"","header-below-stick-meta":"","astra-migrate-meta-layouts":"set","ast-page-background-enabled":"default","ast-page-background-meta":{"desktop":{"background-color":"var(--ast-global-color-4)","background-image":"","background-repeat":"repeat","background-position":"center center","background-size":"auto","background-attachment":"scroll","background-type":"","background-media":"","overlay-type":"","overlay-color":"","overlay-opacity":"","overlay-gradient":""},"tablet":{"background-color":"","background-image":"","background-repeat":"repeat","background-position":"center center","background-size":"auto","background-attachment":"scroll","background-type":"","background-media":"","overlay-type":"","overlay-color":"","overlay-opacity":"","overlay-gradient":""},"mobile":{"background-color":"","background-image":"","background-repeat":"repeat","background-position":"center center","background-size":"auto","background-attachment":"scroll","background-type":"","background-media":"","overlay-type":"","overlay-color":"","overlay-opacity":"","overlay-gradient":""}},"ast-content-background-meta":{"desktop":{"background-color":"var(--ast-global-color-5)","background-image":"","background-repeat":"repeat","background-position":"center center","background-size":"auto","background-attachment":"scroll","background-type":"","background-media":"","overlay-type":"","overlay-color":"","overlay-opacity":"","overlay-gradient":""},"tablet":{"background-color":"var(--ast-global-color-5)","background-image":"","background-repeat":"repeat","background-position":"center center","background-size":"auto","background-attachment":"scroll","background-type":"","background-media":"","overlay-type":"","overlay-color":"","overlay-opacity":"","overlay-gradient":""},"mobile":{"background-color":"var(--ast-global-color-5)","background-image":"","background-repeat":"repeat","background-position":"center center","background-size":"auto","background-attachment":"scroll","background-type":"","background-media":"","overlay-type":"","overlay-color":"","overlay-opacity":"","overlay-gradient":""}},"footnotes":""},"class_list":["post-39","page","type-page","status-publish","hentry"],"post_mailing_queue_ids":[],"_links":{"self":[{"href":"https:\/\/agora.xtec.cat\/ies-vidreres\/wp-json\/wp\/v2\/pages\/39","targetHints":{"allow":["GET"]}}],"collection":[{"href":"https:\/\/agora.xtec.cat\/ies-vidreres\/wp-json\/wp\/v2\/pages"}],"about":[{"href":"https:\/\/agora.xtec.cat\/ies-vidreres\/wp-json\/wp\/v2\/types\/page"}],"author":[{"embeddable":true,"href":"https:\/\/agora.xtec.cat\/ies-vidreres\/wp-json\/wp\/v2\/users\/1"}],"replies":[{"embeddable":true,"href":"https:\/\/agora.xtec.cat\/ies-vidreres\/wp-json\/wp\/v2\/comments?post=39"}],"version-history":[{"count":2,"href":"https:\/\/agora.xtec.cat\/ies-vidreres\/wp-json\/wp\/v2\/pages\/39\/revisions"}],"predecessor-version":[{"id":4202,"href":"https:\/\/agora.xtec.cat\/ies-vidreres\/wp-json\/wp\/v2\/pages\/39\/revisions\/4202"}],"up":[{"embeddable":true,"href":"https:\/\/agora.xtec.cat\/ies-vidreres\/wp-json\/wp\/v2\/pages\/19"}],"wp:attachment":[{"href":"https:\/\/agora.xtec.cat\/ies-vidreres\/wp-json\/wp\/v2\/media?parent=39"}],"curies":[{"name":"wp","href":"https:\/\/api.w.org\/{rel}","templated":true}]}}