{"id":3815,"date":"2025-03-25T12:02:36","date_gmt":"2025-03-25T11:02:36","guid":{"rendered":"https:\/\/agora.xtec.cat\/ies-vidreres\/?page_id=3815"},"modified":"2026-04-16T09:09:44","modified_gmt":"2026-04-16T07:09:44","slug":"preinscripcions-grau-superior-dam","status":"publish","type":"page","link":"https:\/\/agora.xtec.cat\/ies-vidreres\/secretaria\/preinscripcions-2024-2025\/preinscripcions-grau-superior-dam\/","title":{"rendered":"Preinscripcions Grau Superior (DAM)"},"content":{"rendered":"<h3><a href=\"https:\/\/agora.xtec.cat\/ies-vidreres\/estudis\/cicles-formatius\/desenvolupament-daplicacions-multiplataforma\/\">Descripci\u00f3 dels estudis<\/a><\/h3>\n<p>El Departament d\u2019Educaci\u00f3 i Formaci\u00f3 Professional posa en marxa el canal de WhatsApp Preinscripci\u00f3 FP <a href=\"https:\/\/whatsapp.com\/channel\/0029Vb4r4Ew84Om4VTV0dn3E\" target=\"_blank\" rel=\"noopener\">gen.cat\/whatsappFPO<\/a>\u200b.\u200b<\/p>\n<table style=\"border-collapse: collapse; width: 100%;\">\n<tbody>\n<tr>\n<td style=\"width: 50%;\">Quina informaci\u00f3 s\u2019hi difondr\u00e0?<\/p>\n<ul>\n<li>\u200bPublicaci\u00f3 de l&#8217;oferta de places<\/li>\n<li>Inici i final del per\u00edode de sol\u00b7licituds, amb enlla\u00e7 al formulari<\/li>\n<li><strong>Recordatoris<\/strong> de requisits i vies d\u2019acc\u00e9s\u200b<\/li>\n<li>Publicaci\u00f3 de llistes provisionals i per\u00edodes de reclamaci\u00f3<\/li>\n<li>Assignacions de places i instruccions per confirmar-les i matricular-se<\/li>\n<li>Publicaci\u00f3 de vacants i com consultar-les<\/li>\n<li>Altres <strong>avisos<\/strong> rellevants del proc\u00e9s\u200b<\/li>\n<\/ul>\n<\/td>\n<td style=\"width: 50%;\"><a href=\"https:\/\/agora.xtec.cat\/ies-vidreres\/wp-content\/uploads\/usu1911\/2025\/05\/qr-watsapp-fp.png\"><img loading=\"lazy\" decoding=\"async\" class=\"size-full wp-image-3986 alignright\" src=\"https:\/\/agora.xtec.cat\/ies-vidreres\/wp-content\/uploads\/usu1911\/2025\/05\/qr-watsapp-fp.png\" alt=\"\" width=\"232\" height=\"274\" \/><\/a><\/td>\n<\/tr>\n<\/tbody>\n<\/table>\n<p>Si toqueu la icona de la campana se&#8217;ls activaran les notificacions i rebran un av\u00eds cada vegada que publiquem un contingut al canal.<\/p>\n<hr \/>\n<h2>Llistats i documents<\/h2>\n<ul>\n<li>Presentaci\u00f3 de sol\u00b7licituds <strong>del 26 de maig al 1 de juny<\/strong>. Consulteu <a href=\"https:\/\/preinscripcio.gencat.cat\/ca\/estudis\/fp-grau-mitja\/inici\/index.html\" target=\"_blank\" rel=\"noopener noreferrer\">aqu\u00ed<\/a> la resta del calendari.<\/li>\n<li>Oferta inicial de places<\/li>\n<li>Llista de sol\u00b7licituds amb la puntuaci\u00f3 provisional<\/li>\n<li>Llista de sol\u00b7licituds amb la puntuaci\u00f3 definitiva<\/li>\n<li>Llista de places assignades en primera tanda<\/li>\n<li>Llista de places assignades en segona tanda<\/li>\n<li>Llista de places assignades en tercera tanda<span style=\"font-family: inherit; font-size: 1em;\">.<\/span><\/li>\n<li>Carta de comprom\u00eds educatiu<\/li>\n<\/ul>\n","protected":false},"excerpt":{"rendered":"<p>Descripci\u00f3 dels estudis El Departament d\u2019Educaci\u00f3 i Formaci\u00f3 Professional posa en marxa el canal de WhatsApp Preinscripci\u00f3 FP gen.cat\/whatsappFPO\u200b.\u200b Quina informaci\u00f3 s\u2019hi difondr\u00e0? \u200bPublicaci\u00f3 de l&#8217;oferta de places Inici i final del per\u00edode de sol\u00b7licituds, amb enlla\u00e7 al formulari Recordatoris de requisits i vies d\u2019acc\u00e9s\u200b Publicaci\u00f3 de llistes provisionals i per\u00edodes de reclamaci\u00f3 Assignacions de [&hellip;]<\/p>\n","protected":false},"author":31,"featured_media":0,"parent":1334,"menu_order":0,"comment_status":"closed","ping_status":"closed","template":"","meta":{"_bbp_topic_count":0,"_bbp_reply_count":0,"_bbp_total_topic_count":0,"_bbp_total_reply_count":0,"_bbp_voice_count":0,"_bbp_anonymous_reply_count":0,"_bbp_topic_count_hidden":0,"_bbp_reply_count_hidden":0,"_bbp_forum_subforum_count":0,"site-sidebar-layout":"default","site-content-layout":"","ast-site-content-layout":"default","site-content-style":"default","site-sidebar-style":"default","ast-global-header-display":"","ast-banner-title-visibility":"","ast-main-header-display":"","ast-hfb-above-header-display":"","ast-hfb-below-header-display":"","ast-hfb-mobile-header-display":"","site-post-title":"","ast-breadcrumbs-content":"","ast-featured-img":"","footer-sml-layout":"","theme-transparent-header-meta":"","adv-header-id-meta":"","stick-header-meta":"","header-above-stick-meta":"","header-main-stick-meta":"","header-below-stick-meta":"","astra-migrate-meta-layouts":"set","ast-page-background-enabled":"default","ast-page-background-meta":{"desktop":{"background-color":"var(--ast-global-color-4)","background-image":"","background-repeat":"repeat","background-position":"center center","background-size":"auto","background-attachment":"scroll","background-type":"","background-media":"","overlay-type":"","overlay-color":"","overlay-opacity":"","overlay-gradient":""},"tablet":{"background-color":"","background-image":"","background-repeat":"repeat","background-position":"center center","background-size":"auto","background-attachment":"scroll","background-type":"","background-media":"","overlay-type":"","overlay-color":"","overlay-opacity":"","overlay-gradient":""},"mobile":{"background-color":"","background-image":"","background-repeat":"repeat","background-position":"center center","background-size":"auto","background-attachment":"scroll","background-type":"","background-media":"","overlay-type":"","overlay-color":"","overlay-opacity":"","overlay-gradient":""}},"ast-content-background-meta":{"desktop":{"background-color":"var(--ast-global-color-5)","background-image":"","background-repeat":"repeat","background-position":"center center","background-size":"auto","background-attachment":"scroll","background-type":"","background-media":"","overlay-type":"","overlay-color":"","overlay-opacity":"","overlay-gradient":""},"tablet":{"background-color":"var(--ast-global-color-5)","background-image":"","background-repeat":"repeat","background-position":"center center","background-size":"auto","background-attachment":"scroll","background-type":"","background-media":"","overlay-type":"","overlay-color":"","overlay-opacity":"","overlay-gradient":""},"mobile":{"background-color":"var(--ast-global-color-5)","background-image":"","background-repeat":"repeat","background-position":"center center","background-size":"auto","background-attachment":"scroll","background-type":"","background-media":"","overlay-type":"","overlay-color":"","overlay-opacity":"","overlay-gradient":""}},"footnotes":""},"class_list":["post-3815","page","type-page","status-publish","hentry"],"post_mailing_queue_ids":[],"_links":{"self":[{"href":"https:\/\/agora.xtec.cat\/ies-vidreres\/wp-json\/wp\/v2\/pages\/3815","targetHints":{"allow":["GET"]}}],"collection":[{"href":"https:\/\/agora.xtec.cat\/ies-vidreres\/wp-json\/wp\/v2\/pages"}],"about":[{"href":"https:\/\/agora.xtec.cat\/ies-vidreres\/wp-json\/wp\/v2\/types\/page"}],"author":[{"embeddable":true,"href":"https:\/\/agora.xtec.cat\/ies-vidreres\/wp-json\/wp\/v2\/users\/31"}],"replies":[{"embeddable":true,"href":"https:\/\/agora.xtec.cat\/ies-vidreres\/wp-json\/wp\/v2\/comments?post=3815"}],"version-history":[{"count":6,"href":"https:\/\/agora.xtec.cat\/ies-vidreres\/wp-json\/wp\/v2\/pages\/3815\/revisions"}],"predecessor-version":[{"id":4733,"href":"https:\/\/agora.xtec.cat\/ies-vidreres\/wp-json\/wp\/v2\/pages\/3815\/revisions\/4733"}],"up":[{"embeddable":true,"href":"https:\/\/agora.xtec.cat\/ies-vidreres\/wp-json\/wp\/v2\/pages\/1334"}],"wp:attachment":[{"href":"https:\/\/agora.xtec.cat\/ies-vidreres\/wp-json\/wp\/v2\/media?parent=3815"}],"curies":[{"name":"wp","href":"https:\/\/api.w.org\/{rel}","templated":true}]}}