{"id":3810,"date":"2025-03-25T12:00:21","date_gmt":"2025-03-25T11:00:21","guid":{"rendered":"https:\/\/agora.xtec.cat\/ies-vidreres\/?page_id=3810"},"modified":"2026-04-09T08:24:10","modified_gmt":"2026-04-09T06:24:10","slug":"preinscripcions-batxillerat","status":"publish","type":"page","link":"https:\/\/agora.xtec.cat\/ies-vidreres\/secretaria\/preinscripcions-2024-2025\/preinscripcions-batxillerat\/","title":{"rendered":"Preinscripcions Batxillerat"},"content":{"rendered":"<h3>\u00a0<\/h3>\n<h3 style=\"text-align: left;\"><a href=\"https:\/\/drive.google.com\/file\/d\/1JOIR18vHqdHVQW6ArEEVf-Bt7kXvsgxm\/view?usp=drive_link\" target=\"_blank\" rel=\"noopener\">Presentaci\u00f3 del Batxillerat a l&#8217;Institut Vidreres<\/a><\/h3>\n<h3>Informaci\u00f3 i enlla\u00e7os \u00fatils<\/h3>\n<ul>\n<li>Consulteu el calendari i terminis de tot el proc\u00e9s en aquest <a href=\"https:\/\/preinscripcio.gencat.cat\/ca\/estudis\/batxillerat\/preinscriute\/sollicitud\/\">enlla\u00e7<\/a>.<\/li>\n<li>La presentaci\u00f3 de sol\u00b7licituds <strong>del 9 al 16 d&#8217;abril \u00fanicament pels alumnes que venen d&#8217;un altre centre <\/strong>es fa en aquest <a href=\"https:\/\/preinscripcio.gencat.cat\/ca\/estudis\/batxillerat\/preinscriute\/sollicitud\/\" target=\"_blank\" rel=\"noopener\">enlla\u00e7<\/a>.<\/li>\n<li>Tria de mat\u00e8ries de modalitat i optatives a<span style=\"color: #ff0000;\"><strong>\u00a0omplir per tot l&#8217;alumnat independentment del centre proced\u00e8ncia<\/strong><\/span>:\n<ul>\n<li><a href=\"https:\/\/drive.google.com\/file\/d\/1cu-Z79AlFQ7uj13Mqc7vhO7cOayLhhpf\/view?usp=drive_link\">Orientacions per a la tria de mat\u00e8ries de modalitat i optatives a 1r de Batxillerat.<\/a><\/li>\n<li><a href=\"https:\/\/drive.google.com\/file\/d\/1wdY3FRH9-5Y2a1rBNvPsn3xrFmFDXP76\/view?usp=drive_link\">Descripci\u00f3 de les mat\u00e8ries optatives de 1r de Batxillerat.<\/a><\/li>\n<li><a href=\"https:\/\/docs.google.com\/forms\/d\/1fN2C_-ABKzAVZZfHu5kv7be-JbuHQ3EDA6aQ0_yubVQ\/edit\" target=\"_blank\" rel=\"noopener\">Formulari de tria de mat\u00e8ries de modalitat i optatives curs 2026-27. 1r de Batxillerat.<\/a><\/li>\n<li><a href=\"https:\/\/docs.google.com\/forms\/d\/1MxshpHrZPLNcnB05esJkr_4qj1gVoPBQ8XVw1jk11bc\/edit\" target=\"_blank\" rel=\"noopener\"><span style=\"font-family: inherit; font-size: 1em;\">Formulari de tria de mat\u00e8ries de modalitat i optatives curs 2026-27. 2n de Batxillerat.<\/span><\/a><\/li>\n<\/ul>\n<\/li>\n<li><a href=\"https:\/\/drive.google.com\/file\/d\/12IrbBs-k416N1MX9AKQxcchBRopYmg7Q\/view?usp=drive_link\" target=\"_blank\" rel=\"noopener\">Oferta inicial de places<\/a><\/li>\n<li>Llistat de sol\u00b7licituds amb la puntuaci\u00f3 provisional<\/li>\n<li>Llistat de sol\u00b7licituds amb puntuaci\u00f3 un cop resoltes les reclamacions<\/li>\n<li>Llistat d&#8217;alumnes admesos<\/li>\n<li>Carta de comprom\u00eds educatiu<\/li>\n<\/ul>\n\n\n<p><\/p>\n","protected":false},"excerpt":{"rendered":"<p>\u00a0 Presentaci\u00f3 del Batxillerat a l&#8217;Institut Vidreres Informaci\u00f3 i enlla\u00e7os \u00fatils Consulteu el calendari i terminis de tot el proc\u00e9s en aquest enlla\u00e7. La presentaci\u00f3 de sol\u00b7licituds del 9 al 16 d&#8217;abril \u00fanicament pels alumnes que venen d&#8217;un altre centre es fa en aquest enlla\u00e7. Tria de mat\u00e8ries de modalitat i optatives a\u00a0omplir per tot [&hellip;]<\/p>\n","protected":false},"author":31,"featured_media":0,"parent":1334,"menu_order":0,"comment_status":"closed","ping_status":"closed","template":"","meta":{"_bbp_topic_count":0,"_bbp_reply_count":0,"_bbp_total_topic_count":0,"_bbp_total_reply_count":0,"_bbp_voice_count":0,"_bbp_anonymous_reply_count":0,"_bbp_topic_count_hidden":0,"_bbp_reply_count_hidden":0,"_bbp_forum_subforum_count":0,"site-sidebar-layout":"default","site-content-layout":"","ast-site-content-layout":"default","site-content-style":"default","site-sidebar-style":"default","ast-global-header-display":"","ast-banner-title-visibility":"","ast-main-header-display":"","ast-hfb-above-header-display":"","ast-hfb-below-header-display":"","ast-hfb-mobile-header-display":"","site-post-title":"","ast-breadcrumbs-content":"","ast-featured-img":"","footer-sml-layout":"","theme-transparent-header-meta":"","adv-header-id-meta":"","stick-header-meta":"","header-above-stick-meta":"","header-main-stick-meta":"","header-below-stick-meta":"","astra-migrate-meta-layouts":"set","ast-page-background-enabled":"default","ast-page-background-meta":{"desktop":{"background-color":"var(--ast-global-color-4)","background-image":"","background-repeat":"repeat","background-position":"center center","background-size":"auto","background-attachment":"scroll","background-type":"","background-media":"","overlay-type":"","overlay-color":"","overlay-opacity":"","overlay-gradient":""},"tablet":{"background-color":"","background-image":"","background-repeat":"repeat","background-position":"center center","background-size":"auto","background-attachment":"scroll","background-type":"","background-media":"","overlay-type":"","overlay-color":"","overlay-opacity":"","overlay-gradient":""},"mobile":{"background-color":"","background-image":"","background-repeat":"repeat","background-position":"center center","background-size":"auto","background-attachment":"scroll","background-type":"","background-media":"","overlay-type":"","overlay-color":"","overlay-opacity":"","overlay-gradient":""}},"ast-content-background-meta":{"desktop":{"background-color":"var(--ast-global-color-5)","background-image":"","background-repeat":"repeat","background-position":"center center","background-size":"auto","background-attachment":"scroll","background-type":"","background-media":"","overlay-type":"","overlay-color":"","overlay-opacity":"","overlay-gradient":""},"tablet":{"background-color":"var(--ast-global-color-5)","background-image":"","background-repeat":"repeat","background-position":"center center","background-size":"auto","background-attachment":"scroll","background-type":"","background-media":"","overlay-type":"","overlay-color":"","overlay-opacity":"","overlay-gradient":""},"mobile":{"background-color":"var(--ast-global-color-5)","background-image":"","background-repeat":"repeat","background-position":"center center","background-size":"auto","background-attachment":"scroll","background-type":"","background-media":"","overlay-type":"","overlay-color":"","overlay-opacity":"","overlay-gradient":""}},"footnotes":""},"class_list":["post-3810","page","type-page","status-publish","hentry"],"post_mailing_queue_ids":[],"_links":{"self":[{"href":"https:\/\/agora.xtec.cat\/ies-vidreres\/wp-json\/wp\/v2\/pages\/3810","targetHints":{"allow":["GET"]}}],"collection":[{"href":"https:\/\/agora.xtec.cat\/ies-vidreres\/wp-json\/wp\/v2\/pages"}],"about":[{"href":"https:\/\/agora.xtec.cat\/ies-vidreres\/wp-json\/wp\/v2\/types\/page"}],"author":[{"embeddable":true,"href":"https:\/\/agora.xtec.cat\/ies-vidreres\/wp-json\/wp\/v2\/users\/31"}],"replies":[{"embeddable":true,"href":"https:\/\/agora.xtec.cat\/ies-vidreres\/wp-json\/wp\/v2\/comments?post=3810"}],"version-history":[{"count":6,"href":"https:\/\/agora.xtec.cat\/ies-vidreres\/wp-json\/wp\/v2\/pages\/3810\/revisions"}],"predecessor-version":[{"id":4681,"href":"https:\/\/agora.xtec.cat\/ies-vidreres\/wp-json\/wp\/v2\/pages\/3810\/revisions\/4681"}],"up":[{"embeddable":true,"href":"https:\/\/agora.xtec.cat\/ies-vidreres\/wp-json\/wp\/v2\/pages\/1334"}],"wp:attachment":[{"href":"https:\/\/agora.xtec.cat\/ies-vidreres\/wp-json\/wp\/v2\/media?parent=3810"}],"curies":[{"name":"wp","href":"https:\/\/api.w.org\/{rel}","templated":true}]}}