{"id":3807,"date":"2025-03-25T11:51:26","date_gmt":"2025-03-25T10:51:26","guid":{"rendered":"https:\/\/agora.xtec.cat\/ies-vidreres\/?page_id=3807"},"modified":"2026-04-29T10:31:06","modified_gmt":"2026-04-29T08:31:06","slug":"preinscripcions-eso","status":"publish","type":"page","link":"https:\/\/agora.xtec.cat\/ies-vidreres\/secretaria\/preinscripcions-2024-2025\/preinscripcions-eso\/","title":{"rendered":"Preinscripcions ESO"},"content":{"rendered":"<h3><a href=\"https:\/\/agora.xtec.cat\/ies-vidreres\/wp-content\/uploads\/usu1911\/2025\/03\/Reunio-mares-i-pares-6e-primaria-2025.pdf\" target=\"_blank\" rel=\"noopener\">Presentaci\u00f3 de la ESO a l&#8217;Institut Vidreres<\/a><\/h3>\n<ul>\n<li>Presentaci\u00f3 de sol\u00b7licituds <strong>del 6 al 18 de mar\u00e7<\/strong>. Consulteu <a href=\"https:\/\/preinscripcio.gencat.cat\/ca\/estudis\/eso\/informat\/calendari\/\" target=\"_blank\" rel=\"noopener noreferrer\">aqu\u00ed<\/a> la resta del calendari.<\/li>\n<li><a href=\"https:\/\/drive.google.com\/file\/d\/1CQhwops1LKYfB63XKY6ir9c_ozQ1e71D\/view?usp=drive_link\" target=\"_blank\" rel=\"noopener\">Oferta inicial de places<\/a><\/li>\n<li><a href=\"https:\/\/drive.google.com\/file\/d\/1nyjeHaxS_XqU2-31EGEkJhNB0x2BivuP\/view?usp=drive_link\" target=\"_blank\" rel=\"noopener\">Informe barem provisional<\/a><\/li>\n<li><a href=\"https:\/\/drive.google.com\/file\/d\/1-1wosSTo364ddJ3s7vZhnJSzoYbMLda8\/view?usp=drive_link\" target=\"_blank\" rel=\"noopener\">Llistat de sol\u00b7licituds amb puntuaci\u00f3\u00a0un cop resoltes les reclamacions<\/a><\/li>\n<li><a href=\"https:\/\/drive.google.com\/file\/d\/12He5PrvtAvCc90cxUBGo-DP7py3skecU\/view?usp=drive_link\" target=\"_blank\" rel=\"noopener\">Llista de sol\u00b7licituds ordenada definitiva<\/a><\/li>\n<li>Alumnes amb assignaci\u00f3 al centre<\/li>\n<li>Alumnes amb preinscripci\u00f3 al centre<\/li>\n<li>Presentaci\u00f3 de l&#8217;Institut per a alumnes que venen de 6\u00e8 de prim\u00e0ria<\/li>\n<li>Carta de comprom\u00eds educatiu<\/li>\n<\/ul>\n\n\n<p><\/p>\n","protected":false},"excerpt":{"rendered":"<p>Presentaci\u00f3 de la ESO a l&#8217;Institut Vidreres Presentaci\u00f3 de sol\u00b7licituds del 6 al 18 de mar\u00e7. Consulteu aqu\u00ed la resta del calendari. Oferta inicial de places Informe barem provisional Llistat de sol\u00b7licituds amb puntuaci\u00f3\u00a0un cop resoltes les reclamacions Llista de sol\u00b7licituds ordenada definitiva Alumnes amb assignaci\u00f3 al centre Alumnes amb preinscripci\u00f3 al centre Presentaci\u00f3 de [&hellip;]<\/p>\n","protected":false},"author":31,"featured_media":0,"parent":1334,"menu_order":0,"comment_status":"closed","ping_status":"closed","template":"","meta":{"_bbp_topic_count":0,"_bbp_reply_count":0,"_bbp_total_topic_count":0,"_bbp_total_reply_count":0,"_bbp_voice_count":0,"_bbp_anonymous_reply_count":0,"_bbp_topic_count_hidden":0,"_bbp_reply_count_hidden":0,"_bbp_forum_subforum_count":0,"site-sidebar-layout":"default","site-content-layout":"","ast-site-content-layout":"default","site-content-style":"default","site-sidebar-style":"default","ast-global-header-display":"","ast-banner-title-visibility":"","ast-main-header-display":"","ast-hfb-above-header-display":"","ast-hfb-below-header-display":"","ast-hfb-mobile-header-display":"","site-post-title":"","ast-breadcrumbs-content":"","ast-featured-img":"","footer-sml-layout":"","theme-transparent-header-meta":"","adv-header-id-meta":"","stick-header-meta":"","header-above-stick-meta":"","header-main-stick-meta":"","header-below-stick-meta":"","astra-migrate-meta-layouts":"set","ast-page-background-enabled":"default","ast-page-background-meta":{"desktop":{"background-color":"var(--ast-global-color-4)","background-image":"","background-repeat":"repeat","background-position":"center center","background-size":"auto","background-attachment":"scroll","background-type":"","background-media":"","overlay-type":"","overlay-color":"","overlay-opacity":"","overlay-gradient":""},"tablet":{"background-color":"","background-image":"","background-repeat":"repeat","background-position":"center center","background-size":"auto","background-attachment":"scroll","background-type":"","background-media":"","overlay-type":"","overlay-color":"","overlay-opacity":"","overlay-gradient":""},"mobile":{"background-color":"","background-image":"","background-repeat":"repeat","background-position":"center center","background-size":"auto","background-attachment":"scroll","background-type":"","background-media":"","overlay-type":"","overlay-color":"","overlay-opacity":"","overlay-gradient":""}},"ast-content-background-meta":{"desktop":{"background-color":"var(--ast-global-color-5)","background-image":"","background-repeat":"repeat","background-position":"center center","background-size":"auto","background-attachment":"scroll","background-type":"","background-media":"","overlay-type":"","overlay-color":"","overlay-opacity":"","overlay-gradient":""},"tablet":{"background-color":"var(--ast-global-color-5)","background-image":"","background-repeat":"repeat","background-position":"center center","background-size":"auto","background-attachment":"scroll","background-type":"","background-media":"","overlay-type":"","overlay-color":"","overlay-opacity":"","overlay-gradient":""},"mobile":{"background-color":"var(--ast-global-color-5)","background-image":"","background-repeat":"repeat","background-position":"center center","background-size":"auto","background-attachment":"scroll","background-type":"","background-media":"","overlay-type":"","overlay-color":"","overlay-opacity":"","overlay-gradient":""}},"footnotes":""},"class_list":["post-3807","page","type-page","status-publish","hentry"],"post_mailing_queue_ids":[],"_links":{"self":[{"href":"https:\/\/agora.xtec.cat\/ies-vidreres\/wp-json\/wp\/v2\/pages\/3807","targetHints":{"allow":["GET"]}}],"collection":[{"href":"https:\/\/agora.xtec.cat\/ies-vidreres\/wp-json\/wp\/v2\/pages"}],"about":[{"href":"https:\/\/agora.xtec.cat\/ies-vidreres\/wp-json\/wp\/v2\/types\/page"}],"author":[{"embeddable":true,"href":"https:\/\/agora.xtec.cat\/ies-vidreres\/wp-json\/wp\/v2\/users\/31"}],"replies":[{"embeddable":true,"href":"https:\/\/agora.xtec.cat\/ies-vidreres\/wp-json\/wp\/v2\/comments?post=3807"}],"version-history":[{"count":6,"href":"https:\/\/agora.xtec.cat\/ies-vidreres\/wp-json\/wp\/v2\/pages\/3807\/revisions"}],"predecessor-version":[{"id":4744,"href":"https:\/\/agora.xtec.cat\/ies-vidreres\/wp-json\/wp\/v2\/pages\/3807\/revisions\/4744"}],"up":[{"embeddable":true,"href":"https:\/\/agora.xtec.cat\/ies-vidreres\/wp-json\/wp\/v2\/pages\/1334"}],"wp:attachment":[{"href":"https:\/\/agora.xtec.cat\/ies-vidreres\/wp-json\/wp\/v2\/media?parent=3807"}],"curies":[{"name":"wp","href":"https:\/\/api.w.org\/{rel}","templated":true}]}}