{"id":3511,"date":"2024-12-20T11:31:05","date_gmt":"2024-12-20T10:31:05","guid":{"rendered":"https:\/\/agora.xtec.cat\/ies-vidreres\/?page_id=3511"},"modified":"2025-06-18T10:32:41","modified_gmt":"2025-06-18T08:32:41","slug":"sistemes-microinformatics-i-xarxes","status":"publish","type":"page","link":"https:\/\/agora.xtec.cat\/ies-vidreres\/estudis\/cicles-formatius\/sistemes-microinformatics-i-xarxes\/","title":{"rendered":"Sistemes Microinform\u00e0tics i Xarxes"},"content":{"rendered":"\n<div style=\"width: 100%;\">\n<div style=\"position: relative; padding-bottom: 56.25%; padding-top: 0; height: 0;\"><iframe loading=\"lazy\" style=\"position: absolute; top: 0; left: 0; width: 100%; height: 100%;\" title=\"SMX Institut Vidreres 25-26\" src=\"https:\/\/view.genially.com\/678e1ce0dc9204be96068b0c\" width=\"1200\" height=\"675\" frameborder=\"0\" scrolling=\"yes\" allowfullscreen=\"allowfullscreen\"><\/iframe><\/div>\n<\/div>\n\n\n\n<h2 class=\"wp-block-heading\" style=\"padding-top:var(--wp--preset--spacing--30);padding-bottom:var(--wp--preset--spacing--30)\">Descripci\u00f3<\/h2>\n\n\n\n<p>Aquests estudis postobligatoris capaciten per instal\u00b7lar i mantenir serveis de xarxes fixes i m\u00f2bils, serveis d\u2019Internet i sistemes inform\u00e0tics i tamb\u00e9 per prestar suport als usuaris i usu\u00e0ries.<br>Tenen una durada de 2.000 hores distribu\u00efdes en dos cursos acad\u00e8mics (1.485 en un centre educatiu i 515 (hores d&#8217;estada a l&#8217;empresa) en un centre de treball).<\/p>\n\n\n\n<h2 class=\"wp-block-heading\">M\u00f2duls professionals i hores<\/h2>\n\n\n\n<p>Tots els cicles formatius s&#8217;estructuren en m\u00f2duls professionals. Des de la modificaci\u00f3 del curr\u00edculum posat en marxa a partir del curs 2024-2025, cada m\u00f2dul incorpora una part de pr\u00e0ctiques en empresa. Aquesta part s&#8217;avaluar\u00e0 durant l&#8217;estada en empresa.<\/p>\n\n\n\n<figure class=\"wp-block-table\"><table><tbody><tr><td><strong>&nbsp;<\/strong><\/td><td class=\"has-text-align-center\" data-align=\"center\"><strong>&nbsp;<\/strong><\/td><td class=\"has-text-align-center\" data-align=\"center\" colspan=\"3\"><strong>Hores<\/strong><\/td><\/tr><tr><td><strong>M\u00f2duls Professionals<\/strong><\/td><td class=\"has-text-align-center\" data-align=\"center\"><strong>Curs<\/strong><\/td><td class=\"has-text-align-center\" data-align=\"center\"><strong>Centre<\/strong><\/td><td class=\"has-text-align-center\" data-align=\"center\"><strong>Empresa<\/strong><\/td><td class=\"has-text-align-center\" data-align=\"center\"><strong>Totals<\/strong><\/td><\/tr><tr><td>0221. Muntatge i manteniment d\u2019equips.<\/td><td class=\"has-text-align-center\" data-align=\"center\">1er<\/td><td class=\"has-text-align-center\" data-align=\"center\">132<\/td><td class=\"has-text-align-center\" data-align=\"center\">99<\/td><td class=\"has-text-align-center\" data-align=\"center\">231<\/td><\/tr><tr><td>0222. Sistemes operatius monolloc.<\/td><td class=\"has-text-align-center\" data-align=\"center\">1er<\/td><td class=\"has-text-align-center\" data-align=\"center\">99<\/td><td class=\"has-text-align-center\" data-align=\"center\">33<\/td><td class=\"has-text-align-center\" data-align=\"center\">132<\/td><\/tr><tr><td>0223. Aplicacions ofim\u00e0tiques.<\/td><td class=\"has-text-align-center\" data-align=\"center\">1er<\/td><td class=\"has-text-align-center\" data-align=\"center\">99<\/td><td class=\"has-text-align-center\" data-align=\"center\">99<\/td><td class=\"has-text-align-center\" data-align=\"center\">198<\/td><\/tr><tr><td>0224. Sistemes operatius en xarxa.<\/td><td class=\"has-text-align-center\" data-align=\"center\">2on<\/td><td class=\"has-text-align-center\" data-align=\"center\">132<\/td><td class=\"has-text-align-center\" data-align=\"center\">66<\/td><td class=\"has-text-align-center\" data-align=\"center\">198<\/td><\/tr><tr><td>0225. Xarxes locals.<\/td><td class=\"has-text-align-center\" data-align=\"center\">1er<\/td><td class=\"has-text-align-center\" data-align=\"center\">132<\/td><td class=\"has-text-align-center\" data-align=\"center\">66<\/td><td class=\"has-text-align-center\" data-align=\"center\">198<\/td><\/tr><tr><td>0226. Seguretat inform\u00e0tica.<\/td><td class=\"has-text-align-center\" data-align=\"center\">2on<\/td><td class=\"has-text-align-center\" data-align=\"center\">99<\/td><td class=\"has-text-align-center\" data-align=\"center\">33<\/td><td class=\"has-text-align-center\" data-align=\"center\">132<\/td><\/tr><tr><td>0227. Serveis de xarxa.<\/td><td class=\"has-text-align-center\" data-align=\"center\">2on<\/td><td class=\"has-text-align-center\" data-align=\"center\">132<\/td><td class=\"has-text-align-center\" data-align=\"center\">66<\/td><td class=\"has-text-align-center\" data-align=\"center\">198<\/td><\/tr><tr><td>0228. Aplicacions web.<\/td><td class=\"has-text-align-center\" data-align=\"center\">1er<\/td><td class=\"has-text-align-center\" data-align=\"center\">66<\/td><td class=\"has-text-align-center\" data-align=\"center\">53<\/td><td class=\"has-text-align-center\" data-align=\"center\">119<\/td><\/tr><tr><td>0156. Angl\u00e8s professional.<\/td><td class=\"has-text-align-center\" data-align=\"center\">1er<\/td><td class=\"has-text-align-center\" data-align=\"center\">66<\/td><td class=\"has-text-align-center\" data-align=\"center\">&nbsp;<\/td><td class=\"has-text-align-center\" data-align=\"center\">66<\/td><\/tr><tr><td>1664. Digitalitzaci\u00f3 aplicada als sectors productius.<\/td><td class=\"has-text-align-center\" data-align=\"center\">1er<\/td><td class=\"has-text-align-center\" data-align=\"center\">33<\/td><td class=\"has-text-align-center\" data-align=\"center\">&nbsp;<\/td><td class=\"has-text-align-center\" data-align=\"center\">33<\/td><\/tr><tr><td>1708. Sostenibilitat aplicada al sistema productiu.<\/td><td class=\"has-text-align-center\" data-align=\"center\">1er<\/td><td class=\"has-text-align-center\" data-align=\"center\">33<\/td><td class=\"has-text-align-center\" data-align=\"center\">&nbsp;<\/td><td class=\"has-text-align-center\" data-align=\"center\">33<\/td><\/tr><tr><td>1709. Itinerari personal per a l&#8217;ocupabilitat I.<\/td><td class=\"has-text-align-center\" data-align=\"center\">2on<\/td><td class=\"has-text-align-center\" data-align=\"center\">99<\/td><td class=\"has-text-align-center\" data-align=\"center\">&nbsp;<\/td><td class=\"has-text-align-center\" data-align=\"center\">99<\/td><\/tr><tr><td>1710. Itinerari personal per a l&#8217;ocupabilitat II.<\/td><td class=\"has-text-align-center\" data-align=\"center\">2on<\/td><td class=\"has-text-align-center\" data-align=\"center\">66<\/td><td class=\"has-text-align-center\" data-align=\"center\">&nbsp;<\/td><td class=\"has-text-align-center\" data-align=\"center\">66<\/td><\/tr><tr><td>1713. Projecte intermodular.<\/td><td class=\"has-text-align-center\" data-align=\"center\">2on<\/td><td class=\"has-text-align-center\" data-align=\"center\">198<\/td><td class=\"has-text-align-center\" data-align=\"center\">&nbsp;<\/td><td class=\"has-text-align-center\" data-align=\"center\">198<\/td><\/tr><tr><td>Iniciaci\u00f3 a la Programaci\u00f3.<\/td><td class=\"has-text-align-center\" data-align=\"center\">1er<\/td><td class=\"has-text-align-center\" data-align=\"center\">33<\/td><td class=\"has-text-align-center\" data-align=\"center\">&nbsp;<\/td><td class=\"has-text-align-center\" data-align=\"center\">33<\/td><\/tr><tr><td>Disseny Web<\/td><td class=\"has-text-align-center\" data-align=\"center\">1er<\/td><td class=\"has-text-align-center\" data-align=\"center\">66<\/td><td class=\"has-text-align-center\" data-align=\"center\">&nbsp;<\/td><td class=\"has-text-align-center\" data-align=\"center\">66<\/td><\/tr><tr><td>&nbsp;<\/td><td class=\"has-text-align-center\" data-align=\"center\">&nbsp;<\/td><td class=\"has-text-align-center\" data-align=\"center\">&nbsp;<\/td><td class=\"has-text-align-center\" data-align=\"center\"><strong> <\/strong><\/td><td class=\"has-text-align-center\" data-align=\"center\"><strong>2000<\/strong><\/td><\/tr><\/tbody><\/table><\/figure>\n\n\n\n<h2 class=\"wp-block-heading\">Horaris<\/h2>\n\n\n\n<p>El marc horari de SMX \u00e9s de 8:00 a 14:40. Els grups de segon tenen un dia sense classes al centre per poder fer les pr\u00e0ctiques d&#8217;empresa.<\/p>\n\n\n\n<h3 class=\"wp-block-heading\">1SMX<\/h3>\n\n\n\n<figure class=\"wp-block-table\"><table class=\"has-fixed-layout\"><tbody><tr><td>&nbsp;<\/td><td class=\"has-text-align-center\" data-align=\"center\"><strong>Dilluns<\/strong><\/td><td class=\"has-text-align-center\" data-align=\"center\"><strong>Dimarts<\/strong><\/td><td class=\"has-text-align-center\" data-align=\"center\"><strong>Dimecres<\/strong><\/td><td class=\"has-text-align-center\" data-align=\"center\"><strong>Dijous<\/strong><\/td><td class=\"has-text-align-center\" data-align=\"center\"><strong>Divendres<\/strong><\/td><\/tr><tr><td>8:00 &#8211; 9:00<\/td><td class=\"has-text-align-center\" data-align=\"center\">&nbsp;<\/td><td class=\"has-text-align-center\" data-align=\"center\">&nbsp;<\/td><td class=\"has-text-align-center\" data-align=\"center\">&nbsp;<\/td><td class=\"has-text-align-center\" data-align=\"center\">&nbsp;<\/td><td class=\"has-text-align-center\" data-align=\"center\">&nbsp;<\/td><\/tr><tr><td>9:00 &#8211; 10:00<\/td><td class=\"has-text-align-center\" data-align=\"center\">&nbsp;<\/td><td class=\"has-text-align-center\" data-align=\"center\">&nbsp;<\/td><td class=\"has-text-align-center\" data-align=\"center\">&nbsp;<\/td><td class=\"has-text-align-center\" data-align=\"center\">&nbsp;<\/td><td class=\"has-text-align-center\" data-align=\"center\">&nbsp;<\/td><\/tr><tr><td>10:00 &#8211; 10:25<\/td><td class=\"has-text-align-center\" data-align=\"center\" colspan=\"5\">Lliure<\/td><\/tr><tr><td>10:25 &#8211; 11:25<\/td><td class=\"has-text-align-center\" data-align=\"center\">&nbsp;<\/td><td class=\"has-text-align-center\" data-align=\"center\">&nbsp;<\/td><td class=\"has-text-align-center\" data-align=\"center\">&nbsp;<\/td><td class=\"has-text-align-center\" data-align=\"center\">&nbsp;<\/td><td class=\"has-text-align-center\" data-align=\"center\">&nbsp;<\/td><\/tr><tr><td>11:25 &#8211; 12:25<\/td><td class=\"has-text-align-center\" data-align=\"center\">&nbsp;<\/td><td class=\"has-text-align-center\" data-align=\"center\">&nbsp;<\/td><td class=\"has-text-align-center\" data-align=\"center\">&nbsp;<\/td><td class=\"has-text-align-center\" data-align=\"center\">&nbsp;<\/td><td class=\"has-text-align-center\" data-align=\"center\">(Nom\u00e9s C)<\/td><\/tr><tr><td>12:25 &#8211; 12:40<\/td><td class=\"has-text-align-center\" data-align=\"center\" colspan=\"5\">Lliure<\/td><\/tr><tr><td>12:40 &#8211; 13:40<\/td><td class=\"has-text-align-center\" data-align=\"center\">&nbsp;<\/td><td class=\"has-text-align-center\" data-align=\"center\">&nbsp;<\/td><td class=\"has-text-align-center\" data-align=\"center\">&nbsp;<\/td><td class=\"has-text-align-center\" data-align=\"center\">&nbsp;<\/td><td class=\"has-text-align-center\" data-align=\"center\">&nbsp;<\/td><\/tr><tr><td>13:40 &#8211; 14:40<\/td><td class=\"has-text-align-center\" data-align=\"center\">&nbsp;<\/td><td class=\"has-text-align-center\" data-align=\"center\">(Nom\u00e9s AB)<\/td><td class=\"has-text-align-center\" data-align=\"center\">&nbsp;<\/td><td class=\"has-text-align-center\" data-align=\"center\">&nbsp;<\/td><td class=\"has-text-align-center\" data-align=\"center\">&nbsp;<\/td><\/tr><\/tbody><\/table><\/figure>\n\n\n\n<h3 class=\"wp-block-heading\">2SMX<\/h3>\n\n\n\n<figure class=\"wp-block-table\"><table class=\"has-fixed-layout\"><tbody><tr><td>&nbsp;<\/td><td class=\"has-text-align-center\" data-align=\"center\"><strong>Dilluns<\/strong><\/td><td class=\"has-text-align-center\" data-align=\"center\"><strong>Dimarts<\/strong><\/td><td><strong>Dimecres<\/strong><\/td><td class=\"has-text-align-center\" data-align=\"center\"><strong>Dijous<\/strong><\/td><td class=\"has-text-align-center\" data-align=\"center\"><strong>Divendres<\/strong><\/td><\/tr><tr><td>8:00 &#8211; 9:00<\/td><td class=\"has-text-align-center\" data-align=\"center\">(Nomes B)<\/td><td class=\"has-text-align-center\" data-align=\"center\">&nbsp;<\/td><td>&nbsp;<\/td><td class=\"has-text-align-center\" data-align=\"center\">(Nom\u00e9s A)<\/td><td class=\"has-text-align-center\" data-align=\"center\">&nbsp;<\/td><\/tr><tr><td>9:00 &#8211; 10:00<\/td><td class=\"has-text-align-center\" data-align=\"center\">(Nomes B)<\/td><td class=\"has-text-align-center\" data-align=\"center\">&nbsp;<\/td><td>&nbsp;<\/td><td class=\"has-text-align-center\" data-align=\"center\">(Nom\u00e9s A)<\/td><td class=\"has-text-align-center\" data-align=\"center\">&nbsp;<\/td><\/tr><tr><td>10:00 &#8211; 10:25<\/td><td class=\"has-text-align-center\" data-align=\"center\" colspan=\"5\">Lliure<\/td><\/tr><tr><td>10:25 &#8211; 11:25<\/td><td class=\"has-text-align-center\" data-align=\"center\">(Nomes B)<\/td><td class=\"has-text-align-center\" data-align=\"center\">&nbsp;<\/td><td>&nbsp;<\/td><td class=\"has-text-align-center\" data-align=\"center\">(Nom\u00e9s A)<\/td><td class=\"has-text-align-center\" data-align=\"center\">&nbsp;<\/td><\/tr><tr><td>11:25 &#8211; 12:25<\/td><td class=\"has-text-align-center\" data-align=\"center\">(Nomes B)<\/td><td class=\"has-text-align-center\" data-align=\"center\">&nbsp;<\/td><td>&nbsp;<\/td><td class=\"has-text-align-center\" data-align=\"center\">(Nom\u00e9s A)<\/td><td class=\"has-text-align-center\" data-align=\"center\">&nbsp;<\/td><\/tr><tr><td>12:25 &#8211; 12:40<\/td><td class=\"has-text-align-center\" data-align=\"center\" colspan=\"5\">Lliure<\/td><\/tr><tr><td>12:40 &#8211; 13:40<\/td><td class=\"has-text-align-center\" data-align=\"center\">(Nomes B)<\/td><td class=\"has-text-align-center\" data-align=\"center\">&nbsp;<\/td><td>&nbsp;<\/td><td class=\"has-text-align-center\" data-align=\"center\">(Nom\u00e9s A)<\/td><td class=\"has-text-align-center\" data-align=\"center\">&nbsp;<\/td><\/tr><tr><td>13:40 &#8211; 14:40<\/td><td class=\"has-text-align-center\" data-align=\"center\">(Nomes B)<\/td><td class=\"has-text-align-center\" data-align=\"center\">&nbsp;<\/td><td>&nbsp;<\/td><td class=\"has-text-align-center\" data-align=\"center\">(Nom\u00e9s A)<\/td><td class=\"has-text-align-center\" data-align=\"center\">&nbsp;<\/td><\/tr><\/tbody><\/table><\/figure>\n\n\n\n<h2 class=\"wp-block-heading\">Formaci\u00f3 en centres de treball<\/h2>\n\n\n\n<p>Les pr\u00e0ctiques d&#8217;empresa s\u00f3n part integral dels cicles formatiu. De fet, composen un 10% de la nota de cada m\u00f2dul (a<span style=\"font-weight: 400;\">mb les excepcions d\u2019Angl\u00e8s, IPO I, IPO II, Sostenibilitat i Digitalitzaci\u00f3).<\/span><\/p>\n\n\n\n<p>Habitualment es comencen al tercer trimestre del primer curs, per\u00f2 es pot avan\u00e7ar o retrassar segons l&#8217;evoluci\u00f3 de l&#8217;alumne i la valoraci\u00f3 de l&#8217;equip docent.<\/p>\n\n\n\n<h2 class=\"wp-block-heading\">Sortides acad\u00e8miques<\/h2>\n\n\n\n<p>Amb aquests estudis s&#8217;obt\u00e9 el t\u00edtol de t\u00e8cnic o t\u00e8cnica, que permet accedir:<\/p>\n\n\n\n<ul class=\"wp-block-list\">\n<li>\n<ul class=\"wp-block-list\">\n<li>Al batxillerat,<\/li>\n\n\n\n<li>A un cicle de grau superior de formaci\u00f3 professional<\/li>\n<\/ul>\n<\/li>\n<\/ul>\n\n\n\n<h2 class=\"wp-block-heading\">Sortides professionals<\/h2>\n\n\n\n<p>La superaci\u00f3 d&#8217;aquest cicle formatiu permet accedir al m\u00f3n laboral com a:<\/p>\n\n\n\n<ul class=\"wp-block-list\">\n<li>\n<ul class=\"wp-block-list\">\n<li>t\u00e8cnic instal\u00b7lador i reparador o t\u00e8cnica instal\u00b7ladora i reparadora d&#8217;equips inform\u00e0tics;<\/li>\n\n\n\n<li>t\u00e8cnic o t\u00e8cnica en manteniment de sistemes inform\u00e0tics;<\/li>\n\n\n\n<li>t\u00e8cnic o t\u00e8cnica en manteniment de serveis d&#8217;Internet;<\/li>\n\n\n\n<li>t\u00e8cnic o t\u00e8cnica de suport inform\u00e0tic;<\/li>\n\n\n\n<li>t\u00e8cnic o t\u00e8cnica de xarxes de dades;<\/li>\n\n\n\n<li>t\u00e8cnic o t\u00e8cnica en vendes de TIC per a sectors industrials;<\/li>\n\n\n\n<li>reparador o reparadora de perif\u00e8rics de sistemes microinform\u00e0tics;<\/li>\n\n\n\n<li>comercial de microinform\u00e0tica;<\/li>\n\n\n\n<li>operador o operadora de teleassist\u00e8ncia, i operador o operadora de sistemes.<\/li>\n<\/ul>\n<\/li>\n<\/ul>\n\n\n\n<p>M\u00e9s informaci\u00f3 a <a href=\"https:\/\/triaeducativa.gencat.cat\/ca\/fp\/grau-mitja\/families-professionals\/informatica-comunicacions\/\">https:\/\/triaeducativa.gencat.cat\/<\/a><\/p>\n","protected":false},"excerpt":{"rendered":"<p>Descripci\u00f3 Aquests estudis postobligatoris capaciten per instal\u00b7lar i mantenir serveis de xarxes fixes i m\u00f2bils, serveis d\u2019Internet i sistemes inform\u00e0tics i tamb\u00e9 per prestar suport als usuaris i usu\u00e0ries.Tenen una durada de 2.000 hores distribu\u00efdes en dos cursos acad\u00e8mics (1.485 en un centre educatiu i 515 (hores d&#8217;estada a l&#8217;empresa) en un centre de treball). [&hellip;]<\/p>\n","protected":false},"author":31,"featured_media":0,"parent":878,"menu_order":1,"comment_status":"closed","ping_status":"closed","template":"","meta":{"_bbp_topic_count":0,"_bbp_reply_count":0,"_bbp_total_topic_count":0,"_bbp_total_reply_count":0,"_bbp_voice_count":0,"_bbp_anonymous_reply_count":0,"_bbp_topic_count_hidden":0,"_bbp_reply_count_hidden":0,"_bbp_forum_subforum_count":0,"site-sidebar-layout":"default","site-content-layout":"","ast-site-content-layout":"default","site-content-style":"default","site-sidebar-style":"default","ast-global-header-display":"","ast-banner-title-visibility":"","ast-main-header-display":"","ast-hfb-above-header-display":"","ast-hfb-below-header-display":"","ast-hfb-mobile-header-display":"","site-post-title":"","ast-breadcrumbs-content":"","ast-featured-img":"","footer-sml-layout":"","theme-transparent-header-meta":"","adv-header-id-meta":"","stick-header-meta":"","header-above-stick-meta":"","header-main-stick-meta":"","header-below-stick-meta":"","astra-migrate-meta-layouts":"set","ast-page-background-enabled":"default","ast-page-background-meta":{"desktop":{"background-color":"var(--ast-global-color-4)","background-image":"","background-repeat":"repeat","background-position":"center center","background-size":"auto","background-attachment":"scroll","background-type":"","background-media":"","overlay-type":"","overlay-color":"","overlay-opacity":"","overlay-gradient":""},"tablet":{"background-color":"","background-image":"","background-repeat":"repeat","background-position":"center center","background-size":"auto","background-attachment":"scroll","background-type":"","background-media":"","overlay-type":"","overlay-color":"","overlay-opacity":"","overlay-gradient":""},"mobile":{"background-color":"","background-image":"","background-repeat":"repeat","background-position":"center center","background-size":"auto","background-attachment":"scroll","background-type":"","background-media":"","overlay-type":"","overlay-color":"","overlay-opacity":"","overlay-gradient":""}},"ast-content-background-meta":{"desktop":{"background-color":"var(--ast-global-color-5)","background-image":"","background-repeat":"repeat","background-position":"center center","background-size":"auto","background-attachment":"scroll","background-type":"","background-media":"","overlay-type":"","overlay-color":"","overlay-opacity":"","overlay-gradient":""},"tablet":{"background-color":"var(--ast-global-color-5)","background-image":"","background-repeat":"repeat","background-position":"center center","background-size":"auto","background-attachment":"scroll","background-type":"","background-media":"","overlay-type":"","overlay-color":"","overlay-opacity":"","overlay-gradient":""},"mobile":{"background-color":"var(--ast-global-color-5)","background-image":"","background-repeat":"repeat","background-position":"center center","background-size":"auto","background-attachment":"scroll","background-type":"","background-media":"","overlay-type":"","overlay-color":"","overlay-opacity":"","overlay-gradient":""}},"footnotes":""},"class_list":["post-3511","page","type-page","status-publish","hentry"],"post_mailing_queue_ids":[],"_links":{"self":[{"href":"https:\/\/agora.xtec.cat\/ies-vidreres\/wp-json\/wp\/v2\/pages\/3511","targetHints":{"allow":["GET"]}}],"collection":[{"href":"https:\/\/agora.xtec.cat\/ies-vidreres\/wp-json\/wp\/v2\/pages"}],"about":[{"href":"https:\/\/agora.xtec.cat\/ies-vidreres\/wp-json\/wp\/v2\/types\/page"}],"author":[{"embeddable":true,"href":"https:\/\/agora.xtec.cat\/ies-vidreres\/wp-json\/wp\/v2\/users\/31"}],"replies":[{"embeddable":true,"href":"https:\/\/agora.xtec.cat\/ies-vidreres\/wp-json\/wp\/v2\/comments?post=3511"}],"version-history":[{"count":6,"href":"https:\/\/agora.xtec.cat\/ies-vidreres\/wp-json\/wp\/v2\/pages\/3511\/revisions"}],"predecessor-version":[{"id":4187,"href":"https:\/\/agora.xtec.cat\/ies-vidreres\/wp-json\/wp\/v2\/pages\/3511\/revisions\/4187"}],"up":[{"embeddable":true,"href":"https:\/\/agora.xtec.cat\/ies-vidreres\/wp-json\/wp\/v2\/pages\/878"}],"wp:attachment":[{"href":"https:\/\/agora.xtec.cat\/ies-vidreres\/wp-json\/wp\/v2\/media?parent=3511"}],"curies":[{"name":"wp","href":"https:\/\/api.w.org\/{rel}","templated":true}]}}