{"id":1631,"date":"2020-11-23T12:19:18","date_gmt":"2020-11-23T11:19:18","guid":{"rendered":"http:\/\/agora.xtec.cat\/ies-vidreres\/?page_id=1631"},"modified":"2022-02-23T10:45:28","modified_gmt":"2022-02-23T09:45:28","slug":"curs-2021-22-informacions-covid","status":"publish","type":"page","link":"https:\/\/agora.xtec.cat\/ies-vidreres\/curs-2021-22-informacions-covid\/","title":{"rendered":"Gesti\u00f3 covid-19 al centre. Curs 2021-22."},"content":{"rendered":"<ul>\n<li><a href=\"https:\/\/drive.google.com\/file\/d\/1pSonktcPTZCMum3szNsVxl7tkNPIhPXC\/view?usp=sharing\" target=\"_blank\" rel=\"noopener\">Pla d&#8217;organitzaci\u00f3 del centre curs 2021-22<\/a>.<\/li>\n<li><a href=\"https:\/\/drive.google.com\/file\/d\/1V1zLnIsw-077n6cZ7yHca2ftEiKhw9D8\/view?usp=sharing\" target=\"_blank\" rel=\"noopener\">Autoritzaci\u00f3 per al procediment de gesti\u00f3 de casos i contactes de la covid-19 als centres educatius. Curs 2021-2022<\/a>.<\/li>\n<li><a href=\"https:\/\/drive.google.com\/file\/d\/11lzLtVNNaT9-rrHiK34EeU-wMD7Z-nhq\/view?usp=sharing\" target=\"_blank\" rel=\"noopener\">Declaraci\u00f3 responsable per a les fam\u00edlies d\u2019alumnes d\u2019educaci\u00f3 secund\u00e0ria obligat\u00f2ria, batxillerat i cicles formatius (per a alumnes menors de 18 anys)<\/a>.<\/li>\n<li><a href=\"https:\/\/drive.google.com\/file\/d\/1aqkVZUd2E-uLn_OmHkakoQrrMcjohblM\/view?usp=sharing\" target=\"_blank\" rel=\"noopener\">Declaraci\u00f3 responsable d\u2019alumnes majors de 18 anys<\/a>.<\/li>\n<li><a href=\"https:\/\/drive.google.com\/file\/d\/13FG2SJe7rRg1jF8T1w_X4RIa-GocIYEm\/view?usp=sharing\" target=\"_blank\" rel=\"noopener\">Dades sobre confinament de grups a l&#8217;institut. Curs 2021-2022<\/a>.<\/li>\n<li><a href=\"https:\/\/drive.google.com\/file\/d\/1x_ttzLiV-SPUUGlReqZ_4rhwUhJqcMWI\/view?usp=sharing\" target=\"_blank\" rel=\"noopener\">Algoritme gesti\u00f3 de contactes de centres educatius<\/a>.<\/li>\n<\/ul>\n<h4>Novetats gesti\u00f3 casos covid-19 als centres. Gener 2022<\/h4>\n<ul>\n<li><a href=\"https:\/\/drive.google.com\/file\/d\/11FRFFj4UdXiehKH6AyPQde19x50yNt56\/view?usp=sharing\" target=\"_blank\" rel=\"noopener\">Resum canvis gesti\u00f3 de casos covid19 als centres. Gener 2022.<\/a><\/li>\n<li><a href=\"https:\/\/drive.google.com\/file\/d\/1ZUptB6j44CcmAd6sUmwRAgEKFLCbto3k\/view?usp=sharing\" target=\"_blank\" rel=\"noopener\">Gesti\u00f3 casos covid19 en centres educatius. Actualitzat gener 2022<\/a>.<\/li>\n<li><a href=\"https:\/\/drive.google.com\/file\/d\/1m7OHMAUZ4Dp1Jf0J3U7d-x6fRv-aOxK1\/view?usp=sharing\" target=\"_blank\" rel=\"noopener\">Resum gesti\u00f3 quarantenes. Actualitzat gener 2022<\/a>.<\/li>\n<\/ul>\n<h4>Novetats gesti\u00f3 casos covid-19 als centres. Febrer 2022<\/h4>\n<ul>\n<li><a href=\"https:\/\/drive.google.com\/file\/d\/14hatPyJPp35elq5NcrbjF6enm57Smueh\/view?usp=sharing\" target=\"_blank\" rel=\"noopener\">Nota informativa. Canvis en la realitzaci\u00f3 de TAR en centres educatius<\/a><\/li>\n<li><a href=\"https:\/\/drive.google.com\/file\/d\/1B-7ADgXAk94uA14ZrG4EYmIMy_4Ohuh9\/view?usp=sharing\" target=\"_blank\" rel=\"noopener\">Novetats en l&#8217;\u00fas de mascareta als centres educatius<\/a><\/li>\n<li><a href=\"https:\/\/drive.google.com\/file\/d\/1HR6KLN2nHcIVrXnsh6OH7dNXn6dxBcHM\/view?usp=sharing\" target=\"_blank\" rel=\"noopener\">Carta Consellers d&#8217;Educaci\u00f3 i Salut &#8211; Fi del seguiment dels casos covid als centres<\/a><\/li>\n<\/ul>\n","protected":false},"excerpt":{"rendered":"<p>Pla d&#8217;organitzaci\u00f3 del centre curs 2021-22. Autoritzaci\u00f3 per al procediment de gesti\u00f3 de casos i contactes de la covid-19 als centres educatius. Curs 2021-2022. Declaraci\u00f3 responsable per a les fam\u00edlies d\u2019alumnes d\u2019educaci\u00f3 secund\u00e0ria obligat\u00f2ria, batxillerat i cicles formatius (per a alumnes menors de 18 anys). Declaraci\u00f3 responsable d\u2019alumnes majors de 18 anys. Dades sobre confinament [&hellip;]<\/p>\n","protected":false},"author":1,"featured_media":0,"parent":0,"menu_order":0,"comment_status":"closed","ping_status":"closed","template":"","meta":{"_bbp_topic_count":0,"_bbp_reply_count":0,"_bbp_total_topic_count":0,"_bbp_total_reply_count":0,"_bbp_voice_count":0,"_bbp_anonymous_reply_count":0,"_bbp_topic_count_hidden":0,"_bbp_reply_count_hidden":0,"_bbp_forum_subforum_count":0,"site-sidebar-layout":"default","site-content-layout":"","ast-site-content-layout":"","site-content-style":"default","site-sidebar-style":"default","ast-global-header-display":"","ast-banner-title-visibility":"","ast-main-header-display":"","ast-hfb-above-header-display":"","ast-hfb-below-header-display":"","ast-hfb-mobile-header-display":"","site-post-title":"","ast-breadcrumbs-content":"","ast-featured-img":"","footer-sml-layout":"","theme-transparent-header-meta":"","adv-header-id-meta":"","stick-header-meta":"","header-above-stick-meta":"","header-main-stick-meta":"","header-below-stick-meta":"","astra-migrate-meta-layouts":"default","ast-page-background-enabled":"default","ast-page-background-meta":{"desktop":{"background-color":"var(--ast-global-color-4)","background-image":"","background-repeat":"repeat","background-position":"center center","background-size":"auto","background-attachment":"scroll","background-type":"","background-media":"","overlay-type":"","overlay-color":"","overlay-opacity":"","overlay-gradient":""},"tablet":{"background-color":"","background-image":"","background-repeat":"repeat","background-position":"center center","background-size":"auto","background-attachment":"scroll","background-type":"","background-media":"","overlay-type":"","overlay-color":"","overlay-opacity":"","overlay-gradient":""},"mobile":{"background-color":"","background-image":"","background-repeat":"repeat","background-position":"center center","background-size":"auto","background-attachment":"scroll","background-type":"","background-media":"","overlay-type":"","overlay-color":"","overlay-opacity":"","overlay-gradient":""}},"ast-content-background-meta":{"desktop":{"background-color":"var(--ast-global-color-5)","background-image":"","background-repeat":"repeat","background-position":"center center","background-size":"auto","background-attachment":"scroll","background-type":"","background-media":"","overlay-type":"","overlay-color":"","overlay-opacity":"","overlay-gradient":""},"tablet":{"background-color":"var(--ast-global-color-5)","background-image":"","background-repeat":"repeat","background-position":"center center","background-size":"auto","background-attachment":"scroll","background-type":"","background-media":"","overlay-type":"","overlay-color":"","overlay-opacity":"","overlay-gradient":""},"mobile":{"background-color":"var(--ast-global-color-5)","background-image":"","background-repeat":"repeat","background-position":"center center","background-size":"auto","background-attachment":"scroll","background-type":"","background-media":"","overlay-type":"","overlay-color":"","overlay-opacity":"","overlay-gradient":""}},"footnotes":""},"class_list":["post-1631","page","type-page","status-publish","hentry"],"post_mailing_queue_ids":[],"_links":{"self":[{"href":"https:\/\/agora.xtec.cat\/ies-vidreres\/wp-json\/wp\/v2\/pages\/1631","targetHints":{"allow":["GET"]}}],"collection":[{"href":"https:\/\/agora.xtec.cat\/ies-vidreres\/wp-json\/wp\/v2\/pages"}],"about":[{"href":"https:\/\/agora.xtec.cat\/ies-vidreres\/wp-json\/wp\/v2\/types\/page"}],"author":[{"embeddable":true,"href":"https:\/\/agora.xtec.cat\/ies-vidreres\/wp-json\/wp\/v2\/users\/1"}],"replies":[{"embeddable":true,"href":"https:\/\/agora.xtec.cat\/ies-vidreres\/wp-json\/wp\/v2\/comments?post=1631"}],"version-history":[{"count":4,"href":"https:\/\/agora.xtec.cat\/ies-vidreres\/wp-json\/wp\/v2\/pages\/1631\/revisions"}],"predecessor-version":[{"id":2154,"href":"https:\/\/agora.xtec.cat\/ies-vidreres\/wp-json\/wp\/v2\/pages\/1631\/revisions\/2154"}],"wp:attachment":[{"href":"https:\/\/agora.xtec.cat\/ies-vidreres\/wp-json\/wp\/v2\/media?parent=1631"}],"curies":[{"name":"wp","href":"https:\/\/api.w.org\/{rel}","templated":true}]}}