{"id":1544,"date":"2020-10-28T21:30:03","date_gmt":"2020-10-28T20:30:03","guid":{"rendered":"http:\/\/agora.xtec.cat\/ies-vidreres\/?page_id=1544"},"modified":"2022-12-01T11:49:09","modified_gmt":"2022-12-01T10:49:09","slug":"erasmus","status":"publish","type":"page","link":"https:\/\/agora.xtec.cat\/ies-vidreres\/linstitut\/projectes\/erasmus\/","title":{"rendered":"Erasmus+"},"content":{"rendered":"<p><a href=\"https:\/\/agora.xtec.cat\/ies-vidreres\/wp-content\/uploads\/usu1911\/2020\/11\/uploads_images_paginas_inici_353x143_c_erasmus.png\"><img loading=\"lazy\" decoding=\"async\" class=\"wp-image-1616 alignright\" src=\"https:\/\/agora.xtec.cat\/ies-vidreres\/wp-content\/uploads\/usu1911\/2020\/11\/uploads_images_paginas_inici_353x143_c_erasmus.png\" alt=\"\" width=\"291\" height=\"118\" srcset=\"https:\/\/agora.xtec.cat\/ies-vidreres\/wp-content\/uploads\/usu1911\/2020\/11\/uploads_images_paginas_inici_353x143_c_erasmus.png 353w, https:\/\/agora.xtec.cat\/ies-vidreres\/wp-content\/uploads\/usu1911\/2020\/11\/uploads_images_paginas_inici_353x143_c_erasmus-300x122.png 300w\" sizes=\"auto, (max-width: 291px) 100vw, 291px\" \/><\/a><\/p>\n<p><span style=\"font-weight: 400;\">L&#8217;Institut Vidreres des d&#8217;aquest curs i durant els propers dos anys formar\u00e0 part del projecte KA229 Erasmus+ <\/span><b><i>Modern Europe-Digital Competence for Young Europeans<\/i><\/b><span style=\"font-weight: 400;\">. Es tracta d&#8217;un projecte internacional i transdisciplinar on participen de manera col\u00b7laborativa quatre centres europeus de Gal\u00b7les (Ysgol Emrys Ap Iwan), Finl\u00e0ndia (Nilsi\u00e4n yhten\u00e4iskoulu), B\u00e8lgica (Kogeka 5) i el nostre centre.<\/span><\/p>\n<p><span style=\"font-weight: 400;\">Aquest innovador projecte t\u00e9 l\u2019objectiu d&#8217;oferir oportunitats per tal de millorar tant la compet\u00e8ncia digital com la ling\u00fc\u00edstica, aix\u00ed com fomentar el di\u00e0leg intercultural tot potenciant el coneixement del nostre alumnat de la diversitat social, ling\u00fc\u00edstica i cultural dels diferents estats que formen part de la Uni\u00f3 Europea.<\/span><\/p>\n<p style=\"text-align: right;\"><span style=\"font-weight: 400;\">\u201c<em>L\u2019educaci\u00f3 \u00e9s l\u2019arma m\u00e9s poderosa per canviar el m\u00f3n<\/em>\u201d, Nelson Mandela.<\/span><\/p>\n<h3>El projecte Erasmus+ del curs 2022-23<\/h3>\n<p>Per obtenir la beca associada al projecte heu d&#8217;omplir una sol\u00b7licitud de participaci\u00f3. Tingueu en compte els criteris de baremaci\u00f3.<\/p>\n<ul>\n<li><a href=\"https:\/\/forms.gle\/RaqzMpTNMWngMVnC6\" target=\"_blank\" rel=\"noopener\">Enlla\u00e7 a la sol\u00b7licitud de participaci\u00f3<\/a>. Els documents associats els heu d&#8217;enviar per correu electr\u00f2nic a mobilitat@institutvidreres.cat. <strong>El termini per presentar la sol\u00b7licitud, el v\u00eddeo i la documentaci\u00f3 \u00e9s el divendres 2 de desembre de 2022<\/strong>.<\/li>\n<li><a href=\"https:\/\/drive.google.com\/file\/d\/1GatSxigzx4rNOhhKglRs0p-JyV2gvL3T\/view?usp=share_link\" target=\"_blank\" rel=\"noopener\">Document amb els criteris de baremaci\u00f3<\/a>.<\/li>\n<\/ul>\n<p>Heu <strong>d&#8217;enregistrar un v\u00eddeo<\/strong> en llengua anglesa i ha de contenir la seg\u00fcent informaci\u00f3:<br \/>\n&#8211; Presentaci\u00f3 personal (nom, edat, lloc de resid\u00e8ncia, aficions&#8230;)<br \/>\n&#8211; Motius pels quals vols participar a l&#8217;Intercanvi<br \/>\nLa durada ha de ser de 5 minuts com a m\u00e0xim i cal enviar-lo a l&#8217;adre\u00e7a mobilitat@institutvidreres.cat<\/p>\n<h2>Prova de rob\u00f2tica<\/h2>\n<p><img loading=\"lazy\" decoding=\"async\" class=\"aligncenter size-full wp-image-2494\" src=\"https:\/\/agora.xtec.cat\/ies-vidreres\/wp-content\/uploads\/usu1911\/2022\/11\/scratch.png\" alt=\"\" width=\"186\" height=\"186\" srcset=\"https:\/\/agora.xtec.cat\/ies-vidreres\/wp-content\/uploads\/usu1911\/2022\/11\/scratch.png 186w, https:\/\/agora.xtec.cat\/ies-vidreres\/wp-content\/uploads\/usu1911\/2022\/11\/scratch-150x150.png 150w\" sizes=\"auto, (max-width: 186px) 100vw, 186px\" \/><\/p>\n<p>Dia: Dimecres 7 de Desembre de 10:25 a 11:25 h.<br \/>\nAula: Inform\u00e0tica 2<br \/>\nTasca: Dissenyar un Scape Room.<br \/>\nA partir d&#8217;unes condicions pr\u00e8vies haur\u00e0s de dissenyar un petit programa amb Scratch que et permeti sortir. La puntuaci\u00f3 de la prova es posar\u00e0 en funci\u00f3 dels reptes aconseguits (posar fons i elements, programar accions&#8230;)<\/p>\n<p>En cas d&#8217;empat es valorar\u00e0 la creativitat i l&#8217;enginy a l&#8217;hora de programar els reptes.<\/p>\n","protected":false},"excerpt":{"rendered":"<p>L&#8217;Institut Vidreres des d&#8217;aquest curs i durant els propers dos anys formar\u00e0 part del projecte KA229 Erasmus+ Modern Europe-Digital Competence for Young Europeans. Es tracta d&#8217;un projecte internacional i transdisciplinar on participen de manera col\u00b7laborativa quatre centres europeus de Gal\u00b7les (Ysgol Emrys Ap Iwan), Finl\u00e0ndia (Nilsi\u00e4n yhten\u00e4iskoulu), B\u00e8lgica (Kogeka 5) i el nostre centre. Aquest [&hellip;]<\/p>\n","protected":false},"author":1,"featured_media":0,"parent":1533,"menu_order":20,"comment_status":"closed","ping_status":"closed","template":"","meta":{"_bbp_topic_count":0,"_bbp_reply_count":0,"_bbp_total_topic_count":0,"_bbp_total_reply_count":0,"_bbp_voice_count":0,"_bbp_anonymous_reply_count":0,"_bbp_topic_count_hidden":0,"_bbp_reply_count_hidden":0,"_bbp_forum_subforum_count":0,"site-sidebar-layout":"default","site-content-layout":"","ast-site-content-layout":"","site-content-style":"default","site-sidebar-style":"default","ast-global-header-display":"","ast-banner-title-visibility":"","ast-main-header-display":"","ast-hfb-above-header-display":"","ast-hfb-below-header-display":"","ast-hfb-mobile-header-display":"","site-post-title":"","ast-breadcrumbs-content":"","ast-featured-img":"","footer-sml-layout":"","theme-transparent-header-meta":"","adv-header-id-meta":"","stick-header-meta":"","header-above-stick-meta":"","header-main-stick-meta":"","header-below-stick-meta":"","astra-migrate-meta-layouts":"default","ast-page-background-enabled":"default","ast-page-background-meta":{"desktop":{"background-color":"var(--ast-global-color-4)","background-image":"","background-repeat":"repeat","background-position":"center center","background-size":"auto","background-attachment":"scroll","background-type":"","background-media":"","overlay-type":"","overlay-color":"","overlay-opacity":"","overlay-gradient":""},"tablet":{"background-color":"","background-image":"","background-repeat":"repeat","background-position":"center center","background-size":"auto","background-attachment":"scroll","background-type":"","background-media":"","overlay-type":"","overlay-color":"","overlay-opacity":"","overlay-gradient":""},"mobile":{"background-color":"","background-image":"","background-repeat":"repeat","background-position":"center center","background-size":"auto","background-attachment":"scroll","background-type":"","background-media":"","overlay-type":"","overlay-color":"","overlay-opacity":"","overlay-gradient":""}},"ast-content-background-meta":{"desktop":{"background-color":"var(--ast-global-color-5)","background-image":"","background-repeat":"repeat","background-position":"center center","background-size":"auto","background-attachment":"scroll","background-type":"","background-media":"","overlay-type":"","overlay-color":"","overlay-opacity":"","overlay-gradient":""},"tablet":{"background-color":"var(--ast-global-color-5)","background-image":"","background-repeat":"repeat","background-position":"center center","background-size":"auto","background-attachment":"scroll","background-type":"","background-media":"","overlay-type":"","overlay-color":"","overlay-opacity":"","overlay-gradient":""},"mobile":{"background-color":"var(--ast-global-color-5)","background-image":"","background-repeat":"repeat","background-position":"center center","background-size":"auto","background-attachment":"scroll","background-type":"","background-media":"","overlay-type":"","overlay-color":"","overlay-opacity":"","overlay-gradient":""}},"footnotes":""},"class_list":["post-1544","page","type-page","status-publish","hentry"],"post_mailing_queue_ids":[],"_links":{"self":[{"href":"https:\/\/agora.xtec.cat\/ies-vidreres\/wp-json\/wp\/v2\/pages\/1544","targetHints":{"allow":["GET"]}}],"collection":[{"href":"https:\/\/agora.xtec.cat\/ies-vidreres\/wp-json\/wp\/v2\/pages"}],"about":[{"href":"https:\/\/agora.xtec.cat\/ies-vidreres\/wp-json\/wp\/v2\/types\/page"}],"author":[{"embeddable":true,"href":"https:\/\/agora.xtec.cat\/ies-vidreres\/wp-json\/wp\/v2\/users\/1"}],"replies":[{"embeddable":true,"href":"https:\/\/agora.xtec.cat\/ies-vidreres\/wp-json\/wp\/v2\/comments?post=1544"}],"version-history":[{"count":3,"href":"https:\/\/agora.xtec.cat\/ies-vidreres\/wp-json\/wp\/v2\/pages\/1544\/revisions"}],"predecessor-version":[{"id":2499,"href":"https:\/\/agora.xtec.cat\/ies-vidreres\/wp-json\/wp\/v2\/pages\/1544\/revisions\/2499"}],"up":[{"embeddable":true,"href":"https:\/\/agora.xtec.cat\/ies-vidreres\/wp-json\/wp\/v2\/pages\/1533"}],"wp:attachment":[{"href":"https:\/\/agora.xtec.cat\/ies-vidreres\/wp-json\/wp\/v2\/media?parent=1544"}],"curies":[{"name":"wp","href":"https:\/\/api.w.org\/{rel}","templated":true}]}}