{"id":635,"date":"2021-01-04T17:33:32","date_gmt":"2021-01-04T16:33:32","guid":{"rendered":"https:\/\/agora.xtec.cat\/ies-valeriapujol\/?page_id=635"},"modified":"2025-09-12T11:31:21","modified_gmt":"2025-09-12T09:31:21","slug":"equip-docent-de-1r-de-batxillerat","status":"publish","type":"page","link":"https:\/\/agora.xtec.cat\/ies-valeriapujol\/estudis\/equip-docent-de-1r-de-batxillerat\/","title":{"rendered":"Equip docent de 1r de Batxillerat"},"content":{"rendered":"<p>&nbsp;<\/p>\n<table dir=\"ltr\" style=\"width: 82.8379%;\" border=\"1\" cellspacing=\"0\" cellpadding=\"0\" data-sheets-root=\"1\" data-sheets-baot=\"1\">\n<colgroup>\n<col width=\"284\" \/>\n<col width=\"132\" \/>\n<col width=\"132\" \/>\n<col width=\"132\" \/>\n<col width=\"132\" \/><\/colgroup>\n<tbody>\n<tr>\n<td style=\"width: 37.9175%;\"><\/td>\n<td style=\"width: 58.7426%; text-align: center;\" colspan=\"2\">\n<h5>1r de Batxillerat<\/h5>\n<\/td>\n<\/tr>\n<tr>\n<td style=\"width: 37.9175%;\"><\/td>\n<td style=\"width: 28.9747%; text-align: center;\">\n<h5>CT<\/h5>\n<\/td>\n<td style=\"width: 29.7679%; text-align: center;\">\n<h5>SH<\/h5>\n<\/td>\n<\/tr>\n<tr>\n<td style=\"width: 37.9175%;\">Tutoria<\/td>\n<td style=\"width: 28.9747%; text-align: center;\">Cristina Lahoz<\/td>\n<td style=\"width: 29.7679%; text-align: center;\">Coral Ben\u00edtez<\/td>\n<\/tr>\n<tr>\n<td style=\"width: 37.9175%;\">Llengua catalana i literatura<\/td>\n<td style=\"width: 58.7426%; text-align: center;\" colspan=\"2\">Rosa Mendoza<\/td>\n<\/tr>\n<tr>\n<td style=\"width: 37.9175%;\">Llengua castellana i literatura<\/td>\n<td style=\"width: 28.9747%; text-align: center;\">Fer S\u00e1nchez-Colomer<\/td>\n<td style=\"width: 29.7679%; text-align: center;\">Coral Ben\u00edtez<\/td>\n<\/tr>\n<tr>\n<td style=\"width: 37.9175%;\">Llengua estrangera: angl\u00e8s<\/td>\n<td style=\"width: 58.7426%; text-align: center;\" colspan=\"2\">Xavier Alacio<\/td>\n<\/tr>\n<tr>\n<td style=\"width: 37.9175%;\">Filosofia<\/td>\n<td style=\"width: 58.7426%; text-align: center;\" colspan=\"2\">Jes\u00fas Olmo<\/td>\n<\/tr>\n<tr>\n<td style=\"width: 37.9175%;\">Educaci\u00f3 f\u00edsica<\/td>\n<td style=\"width: 58.7426%; text-align: center;\" colspan=\"2\">David Granados<\/td>\n<\/tr>\n<tr>\n<td style=\"width: 37.9175%;\">Matem\u00e0tiques<\/td>\n<td style=\"width: 28.9747%; text-align: center;\">\u00c0lex Blasco<\/td>\n<td style=\"width: 29.7679%; text-align: center;\"><\/td>\n<\/tr>\n<tr>\n<td style=\"width: 37.9175%;\">F\u00edsica<\/td>\n<td style=\"width: 28.9747%; text-align: center;\">Cristina Lahoz<\/td>\n<td style=\"width: 29.7679%; text-align: center;\"><\/td>\n<\/tr>\n<tr>\n<td style=\"width: 37.9175%;\">Biologia<\/td>\n<td style=\"width: 28.9747%; text-align: center;\">Carme Garcia<\/td>\n<td style=\"width: 29.7679%; text-align: center;\"><\/td>\n<\/tr>\n<tr>\n<td style=\"width: 37.9175%;\">Qu\u00edmica<\/td>\n<td style=\"width: 28.9747%; text-align: center;\">Cristina Lahoz<\/td>\n<td style=\"width: 29.7679%; text-align: center;\"><\/td>\n<\/tr>\n<tr>\n<td style=\"width: 37.9175%;\">Tecnologia i enginyeria<\/td>\n<td style=\"width: 28.9747%; text-align: center;\">Carles Badell<\/td>\n<td style=\"width: 29.7679%; text-align: center;\"><\/td>\n<\/tr>\n<tr>\n<td style=\"width: 37.9175%;\">Dibuix t\u00e8cnic<\/td>\n<td style=\"width: 28.9747%; text-align: center;\">Llu\u00eds Civit<\/td>\n<td style=\"width: 29.7679%; text-align: center;\"><\/td>\n<\/tr>\n<tr>\n<td style=\"width: 37.9175%;\">Matem\u00e0tiques aplicades a les CCSS<\/td>\n<td style=\"width: 28.9747%; text-align: center;\"><\/td>\n<td style=\"width: 29.7679%; text-align: center;\">Pedro Arriezu<\/td>\n<\/tr>\n<tr>\n<td style=\"width: 37.9175%;\">Economia<\/td>\n<td style=\"width: 28.9747%; text-align: center;\"><\/td>\n<td style=\"width: 29.7679%; text-align: center;\">Mariona Fontanella<\/td>\n<\/tr>\n<tr>\n<td style=\"width: 37.9175%;\">Funcionament de l&#8217;empresa<\/td>\n<td style=\"width: 28.9747%; text-align: center;\"><\/td>\n<td style=\"width: 29.7679%; text-align: center;\">Mariona Fontanella<\/td>\n<\/tr>\n<tr>\n<td style=\"width: 37.9175%;\">Llat\u00ed<\/td>\n<td style=\"width: 28.9747%; text-align: center;\"><\/td>\n<td style=\"width: 29.7679%; text-align: center;\">Irene Real<\/td>\n<\/tr>\n<tr>\n<td style=\"width: 37.9175%;\">Grec<\/td>\n<td style=\"width: 28.9747%; text-align: center;\"><\/td>\n<td style=\"width: 29.7679%; text-align: center;\">Irene Real<\/td>\n<\/tr>\n<tr>\n<td style=\"width: 37.9175%;\">Hist\u00f2ria del m\u00f3n contemporani<\/td>\n<td style=\"width: 58.7426%; text-align: center;\" colspan=\"2\">Enric Contra<\/td>\n<\/tr>\n<tr>\n<td style=\"width: 37.9175%;\">Funcionament de l&#8217;empresa<\/td>\n<td style=\"width: 28.9747%; text-align: center;\"><\/td>\n<td style=\"width: 29.7679%; text-align: center;\">Meritxell Pou<\/td>\n<\/tr>\n<tr>\n<td style=\"width: 37.9175%;\">Llat\u00ed<\/td>\n<td style=\"width: 28.9747%; text-align: center;\">Irene Real<\/td>\n<td style=\"width: 29.7679%; text-align: center;\"><\/td>\n<\/tr>\n<tr>\n<td style=\"width: 37.9175%;\">Hist\u00f2ria del m\u00f3n contemporani<\/td>\n<td style=\"width: 58.7426%; text-align: center;\" colspan=\"2\">Enric Contra<\/td>\n<\/tr>\n<\/tbody>\n<\/table>\n","protected":false},"excerpt":{"rendered":"<p>&nbsp; 1r de Batxillerat CT SH Tutoria Cristina Lahoz Coral Ben\u00edtez Llengua catalana i literatura Rosa Mendoza Llengua castellana i literatura Fer S\u00e1nchez-Colomer Coral Ben\u00edtez Llengua estrangera: angl\u00e8s Xavier Alacio Filosofia Jes\u00fas Olmo Educaci\u00f3 f\u00edsica David Granados Matem\u00e0tiques \u00c0lex Blasco F\u00edsica Cristina Lahoz Biologia Carme Garcia Qu\u00edmica Cristina Lahoz Tecnologia i enginyeria Carles Badell Dibuix [&hellip;]<\/p>\n","protected":false},"author":1,"featured_media":0,"parent":195,"menu_order":0,"comment_status":"closed","ping_status":"closed","template":"","meta":{"_bbp_topic_count":0,"_bbp_reply_count":0,"_bbp_total_topic_count":0,"_bbp_total_reply_count":0,"_bbp_voice_count":0,"_bbp_anonymous_reply_count":0,"_bbp_topic_count_hidden":0,"_bbp_reply_count_hidden":0,"_bbp_forum_subforum_count":0,"site-sidebar-layout":"default","site-content-layout":"","ast-site-content-layout":"","site-content-style":"default","site-sidebar-style":"default","ast-global-header-display":"","ast-banner-title-visibility":"","ast-main-header-display":"","ast-hfb-above-header-display":"","ast-hfb-below-header-display":"","ast-hfb-mobile-header-display":"","site-post-title":"","ast-breadcrumbs-content":"","ast-featured-img":"","footer-sml-layout":"","theme-transparent-header-meta":"","adv-header-id-meta":"","stick-header-meta":"","header-above-stick-meta":"","header-main-stick-meta":"","header-below-stick-meta":"","astra-migrate-meta-layouts":"default","ast-page-background-enabled":"default","ast-page-background-meta":{"desktop":{"background-color":"var(--ast-global-color-4)","background-image":"","background-repeat":"repeat","background-position":"center center","background-size":"auto","background-attachment":"scroll","background-type":"","background-media":"","overlay-type":"","overlay-color":"","overlay-opacity":"","overlay-gradient":""},"tablet":{"background-color":"","background-image":"","background-repeat":"repeat","background-position":"center center","background-size":"auto","background-attachment":"scroll","background-type":"","background-media":"","overlay-type":"","overlay-color":"","overlay-opacity":"","overlay-gradient":""},"mobile":{"background-color":"","background-image":"","background-repeat":"repeat","background-position":"center center","background-size":"auto","background-attachment":"scroll","background-type":"","background-media":"","overlay-type":"","overlay-color":"","overlay-opacity":"","overlay-gradient":""}},"ast-content-background-meta":{"desktop":{"background-color":"var(--ast-global-color-5)","background-image":"","background-repeat":"repeat","background-position":"center center","background-size":"auto","background-attachment":"scroll","background-type":"","background-media":"","overlay-type":"","overlay-color":"","overlay-opacity":"","overlay-gradient":""},"tablet":{"background-color":"var(--ast-global-color-5)","background-image":"","background-repeat":"repeat","background-position":"center center","background-size":"auto","background-attachment":"scroll","background-type":"","background-media":"","overlay-type":"","overlay-color":"","overlay-opacity":"","overlay-gradient":""},"mobile":{"background-color":"var(--ast-global-color-5)","background-image":"","background-repeat":"repeat","background-position":"center center","background-size":"auto","background-attachment":"scroll","background-type":"","background-media":"","overlay-type":"","overlay-color":"","overlay-opacity":"","overlay-gradient":""}},"footnotes":""},"class_list":["post-635","page","type-page","status-publish","hentry"],"post_mailing_queue_ids":[],"_links":{"self":[{"href":"https:\/\/agora.xtec.cat\/ies-valeriapujol\/wp-json\/wp\/v2\/pages\/635","targetHints":{"allow":["GET"]}}],"collection":[{"href":"https:\/\/agora.xtec.cat\/ies-valeriapujol\/wp-json\/wp\/v2\/pages"}],"about":[{"href":"https:\/\/agora.xtec.cat\/ies-valeriapujol\/wp-json\/wp\/v2\/types\/page"}],"author":[{"embeddable":true,"href":"https:\/\/agora.xtec.cat\/ies-valeriapujol\/wp-json\/wp\/v2\/users\/1"}],"replies":[{"embeddable":true,"href":"https:\/\/agora.xtec.cat\/ies-valeriapujol\/wp-json\/wp\/v2\/comments?post=635"}],"version-history":[{"count":5,"href":"https:\/\/agora.xtec.cat\/ies-valeriapujol\/wp-json\/wp\/v2\/pages\/635\/revisions"}],"predecessor-version":[{"id":1850,"href":"https:\/\/agora.xtec.cat\/ies-valeriapujol\/wp-json\/wp\/v2\/pages\/635\/revisions\/1850"}],"up":[{"embeddable":true,"href":"https:\/\/agora.xtec.cat\/ies-valeriapujol\/wp-json\/wp\/v2\/pages\/195"}],"wp:attachment":[{"href":"https:\/\/agora.xtec.cat\/ies-valeriapujol\/wp-json\/wp\/v2\/media?parent=635"}],"curies":[{"name":"wp","href":"https:\/\/api.w.org\/{rel}","templated":true}]}}