{"id":624,"date":"2021-01-04T16:35:55","date_gmt":"2021-01-04T15:35:55","guid":{"rendered":"https:\/\/agora.xtec.cat\/ies-valeriapujol\/?page_id=624"},"modified":"2025-09-12T10:50:01","modified_gmt":"2025-09-12T08:50:01","slug":"equip-docent-de-3r-deso","status":"publish","type":"page","link":"https:\/\/agora.xtec.cat\/ies-valeriapujol\/equip-docent-de-3r-deso\/","title":{"rendered":"Equip docent de 3r d&#8217;ESO"},"content":{"rendered":"<p>Equip docent de 3r d&#8217;ESO.<\/p>\n<table dir=\"ltr\" style=\"height: 976px; width: 129.872%;\" border=\"1\" cellspacing=\"0\" cellpadding=\"0\" data-sheets-root=\"1\" data-sheets-baot=\"1\">\n<colgroup>\n<col width=\"389\" \/>\n<col width=\"120\" \/>\n<col width=\"120\" \/>\n<col width=\"128\" \/>\n<col width=\"120\" \/>\n<col width=\"120\" \/>\n<col width=\"128\" \/>\n<col width=\"120\" \/>\n<col width=\"120\" \/>\n<col width=\"120\" \/>\n<col width=\"133\" \/>\n<col width=\"120\" \/><\/colgroup>\n<tbody>\n<tr style=\"height: 32px;\">\n<td style=\"width: 20.4136%; height: 32px;\"><\/td>\n<td style=\"width: 37.6782%; height: 32px; text-align: center;\" colspan=\"3\">\n<h5>3r d&#8217;ESO<\/h5>\n<\/td>\n<\/tr>\n<tr style=\"height: 32px;\">\n<td style=\"width: 20.4136%; height: 32px;\"><\/td>\n<td style=\"width: 12.1798%; height: 32px; text-align: center;\">\n<h5>A<\/h5>\n<\/td>\n<td style=\"width: 11.8492%; height: 32px; text-align: center;\">\n<h5>B<\/h5>\n<\/td>\n<td style=\"width: 13.6492%; height: 32px; text-align: center;\">\n<h5>C<\/h5>\n<\/td>\n<\/tr>\n<tr style=\"height: 32px;\">\n<td style=\"width: 20.4136%; height: 32px;\">Tutoria<\/td>\n<td style=\"width: 12.1798%; text-align: center; height: 32px;\">Ester Rubio<\/td>\n<td style=\"width: 11.8492%; text-align: center; height: 32px;\">Dani Tom\u00e1s<\/td>\n<td style=\"width: 13.6492%; text-align: center; height: 32px;\">Quim Soler<\/td>\n<\/tr>\n<tr style=\"height: 32px;\">\n<td style=\"width: 20.4136%; height: 32px;\">Llengua catalana i literatura<\/td>\n<td style=\"width: 37.6782%; text-align: center; height: 32px;\" colspan=\"3\">Ignacio Rodr\u00edguez<\/td>\n<\/tr>\n<tr style=\"height: 48px;\">\n<td style=\"width: 20.4136%; height: 48px;\">Llengua castellana i literatura<\/td>\n<td style=\"width: 37.6782%; text-align: center; height: 48px;\" colspan=\"3\">Fer S\u00e1nchez-Colomer<\/td>\n<\/tr>\n<tr style=\"height: 32px;\">\n<td style=\"width: 20.4136%; height: 32px;\">Llengua estrangera: angl\u00e8s<\/td>\n<td style=\"width: 37.6782%; text-align: center; height: 32px;\" colspan=\"3\">N\u00faria Forns<\/td>\n<\/tr>\n<tr style=\"height: 32px;\">\n<td style=\"width: 20.4136%; height: 32px;\">Matem\u00e0tiques<\/td>\n<td style=\"width: 37.6782%; text-align: center; height: 32px;\" colspan=\"3\">Quim Soler<\/td>\n<\/tr>\n<tr style=\"height: 48px;\">\n<td style=\"width: 20.4136%; height: 48px;\">Ci\u00e8ncies socials: geografia i hist\u00f2ria<\/td>\n<td style=\"width: 37.6782%; text-align: center; height: 48px;\" colspan=\"3\">Isidora Molina<\/td>\n<\/tr>\n<tr style=\"height: 32px;\">\n<td style=\"width: 20.4136%; height: 32px;\">Tecnologia i Digitalitzaci\u00f3<\/td>\n<td style=\"width: 37.6782%; text-align: center; height: 32px;\" colspan=\"3\">Dani Tom\u00e1s<\/td>\n<\/tr>\n<tr style=\"height: 48px;\">\n<td style=\"width: 20.4136%; height: 48px;\">Ci\u00e8ncies de la naturalesa: biologia i geologia<\/td>\n<td style=\"width: 37.6782%; text-align: center; height: 48px;\" colspan=\"3\">Ester Rubio<\/td>\n<\/tr>\n<tr style=\"height: 48px;\">\n<td style=\"width: 20.4136%; height: 48px;\">Ci\u00e8ncies de la naturalesa: f\u00edsica i qu\u00edmica<\/td>\n<td style=\"width: 37.6782%; text-align: center; height: 48px;\" colspan=\"3\">Ester Rubio<\/td>\n<\/tr>\n<tr style=\"height: 32px;\">\n<td style=\"width: 20.4136%; height: 32px;\">Educaci\u00f3 f\u00edsica<\/td>\n<td style=\"width: 37.6782%; text-align: center; height: 32px;\" colspan=\"3\">Miriam Vi\u00f1olas<\/td>\n<\/tr>\n<tr style=\"height: 48px;\">\n<td style=\"width: 20.4136%; height: 48px;\">Educaci\u00f3 pl\u00e0stica, visual i audiovisual<\/td>\n<td style=\"width: 37.6782%; text-align: center; height: 48px;\" colspan=\"3\">Llu\u00eds Civit<\/td>\n<\/tr>\n<tr style=\"height: 32px;\">\n<td style=\"width: 20.4136%; height: 32px;\">Religi\u00f3<\/td>\n<td style=\"width: 12.1798%; text-align: center; height: 32px;\"><\/td>\n<td style=\"width: 11.8492%; text-align: center; height: 32px;\">Valent\u00ed Farrer\u00f3<\/td>\n<td style=\"width: 13.6492%; text-align: center; height: 32px;\"><\/td>\n<\/tr>\n<tr style=\"height: 32px;\">\n<td style=\"width: 20.4136%; height: 32px;\">OP3: M\u00fasica<\/td>\n<td style=\"width: 37.6782%; text-align: center; height: 32px;\" colspan=\"3\">Carmen P\u00e9rez<\/td>\n<\/tr>\n<tr style=\"height: 32px;\">\n<td style=\"width: 20.4136%; height: 32px;\">OP3: Teatre<\/td>\n<td style=\"width: 37.6782%; text-align: center; height: 32px;\" colspan=\"3\">Maria Riera<\/td>\n<\/tr>\n<tr style=\"height: 32px;\">\n<td style=\"width: 20.4136%; height: 32px;\">OP3: Esports i jocs<\/td>\n<td style=\"width: 37.6782%; text-align: center; height: 32px;\" colspan=\"3\">Miriam Vi\u00f1olas<\/td>\n<\/tr>\n<tr style=\"height: 32px;\">\n<td style=\"width: 20.4136%; height: 32px;\">OP3: Emprenedoria<\/td>\n<td style=\"width: 37.6782%; text-align: center; height: 32px;\" colspan=\"3\">Mariona Fontanella<\/td>\n<\/tr>\n<\/tbody>\n<\/table>\n<p>&nbsp;<\/p>\n<p>&nbsp;<\/p>\n","protected":false},"excerpt":{"rendered":"<p>Equip docent de 3r d&#8217;ESO. 3r d&#8217;ESO A B C Tutoria Ester Rubio Dani Tom\u00e1s Quim Soler Llengua catalana i literatura Ignacio Rodr\u00edguez Llengua castellana i literatura Fer S\u00e1nchez-Colomer Llengua estrangera: angl\u00e8s N\u00faria Forns Matem\u00e0tiques Quim Soler Ci\u00e8ncies socials: geografia i hist\u00f2ria Isidora Molina Tecnologia i Digitalitzaci\u00f3 Dani Tom\u00e1s Ci\u00e8ncies de la naturalesa: biologia i [&hellip;]<\/p>\n","protected":false},"author":1,"featured_media":0,"parent":0,"menu_order":0,"comment_status":"closed","ping_status":"closed","template":"","meta":{"_bbp_topic_count":0,"_bbp_reply_count":0,"_bbp_total_topic_count":0,"_bbp_total_reply_count":0,"_bbp_voice_count":0,"_bbp_anonymous_reply_count":0,"_bbp_topic_count_hidden":0,"_bbp_reply_count_hidden":0,"_bbp_forum_subforum_count":0,"site-sidebar-layout":"default","site-content-layout":"","ast-site-content-layout":"","site-content-style":"default","site-sidebar-style":"default","ast-global-header-display":"","ast-banner-title-visibility":"","ast-main-header-display":"","ast-hfb-above-header-display":"","ast-hfb-below-header-display":"","ast-hfb-mobile-header-display":"","site-post-title":"","ast-breadcrumbs-content":"","ast-featured-img":"","footer-sml-layout":"","theme-transparent-header-meta":"","adv-header-id-meta":"","stick-header-meta":"","header-above-stick-meta":"","header-main-stick-meta":"","header-below-stick-meta":"","astra-migrate-meta-layouts":"default","ast-page-background-enabled":"default","ast-page-background-meta":{"desktop":{"background-color":"var(--ast-global-color-4)","background-image":"","background-repeat":"repeat","background-position":"center center","background-size":"auto","background-attachment":"scroll","background-type":"","background-media":"","overlay-type":"","overlay-color":"","overlay-opacity":"","overlay-gradient":""},"tablet":{"background-color":"","background-image":"","background-repeat":"repeat","background-position":"center center","background-size":"auto","background-attachment":"scroll","background-type":"","background-media":"","overlay-type":"","overlay-color":"","overlay-opacity":"","overlay-gradient":""},"mobile":{"background-color":"","background-image":"","background-repeat":"repeat","background-position":"center center","background-size":"auto","background-attachment":"scroll","background-type":"","background-media":"","overlay-type":"","overlay-color":"","overlay-opacity":"","overlay-gradient":""}},"ast-content-background-meta":{"desktop":{"background-color":"var(--ast-global-color-5)","background-image":"","background-repeat":"repeat","background-position":"center center","background-size":"auto","background-attachment":"scroll","background-type":"","background-media":"","overlay-type":"","overlay-color":"","overlay-opacity":"","overlay-gradient":""},"tablet":{"background-color":"var(--ast-global-color-5)","background-image":"","background-repeat":"repeat","background-position":"center center","background-size":"auto","background-attachment":"scroll","background-type":"","background-media":"","overlay-type":"","overlay-color":"","overlay-opacity":"","overlay-gradient":""},"mobile":{"background-color":"var(--ast-global-color-5)","background-image":"","background-repeat":"repeat","background-position":"center center","background-size":"auto","background-attachment":"scroll","background-type":"","background-media":"","overlay-type":"","overlay-color":"","overlay-opacity":"","overlay-gradient":""}},"footnotes":""},"class_list":["post-624","page","type-page","status-publish","hentry"],"post_mailing_queue_ids":[],"_links":{"self":[{"href":"https:\/\/agora.xtec.cat\/ies-valeriapujol\/wp-json\/wp\/v2\/pages\/624","targetHints":{"allow":["GET"]}}],"collection":[{"href":"https:\/\/agora.xtec.cat\/ies-valeriapujol\/wp-json\/wp\/v2\/pages"}],"about":[{"href":"https:\/\/agora.xtec.cat\/ies-valeriapujol\/wp-json\/wp\/v2\/types\/page"}],"author":[{"embeddable":true,"href":"https:\/\/agora.xtec.cat\/ies-valeriapujol\/wp-json\/wp\/v2\/users\/1"}],"replies":[{"embeddable":true,"href":"https:\/\/agora.xtec.cat\/ies-valeriapujol\/wp-json\/wp\/v2\/comments?post=624"}],"version-history":[{"count":6,"href":"https:\/\/agora.xtec.cat\/ies-valeriapujol\/wp-json\/wp\/v2\/pages\/624\/revisions"}],"predecessor-version":[{"id":1846,"href":"https:\/\/agora.xtec.cat\/ies-valeriapujol\/wp-json\/wp\/v2\/pages\/624\/revisions\/1846"}],"wp:attachment":[{"href":"https:\/\/agora.xtec.cat\/ies-valeriapujol\/wp-json\/wp\/v2\/media?parent=624"}],"curies":[{"name":"wp","href":"https:\/\/api.w.org\/{rel}","templated":true}]}}