{"id":609,"date":"2021-01-04T16:10:46","date_gmt":"2021-01-04T15:10:46","guid":{"rendered":"https:\/\/agora.xtec.cat\/ies-valeriapujol\/?page_id=609"},"modified":"2025-09-12T10:52:46","modified_gmt":"2025-09-12T08:52:46","slug":"equip-docent-de-2n-deso","status":"publish","type":"page","link":"https:\/\/agora.xtec.cat\/ies-valeriapujol\/equip-docent-de-2n-deso\/","title":{"rendered":"Equip docent de 2n d&#8217;ESO"},"content":{"rendered":"<p>Equip docent de 2n d&#8217;ESO.<\/p>\n<table dir=\"ltr\" style=\"width: 108.671%; height: 592px;\" border=\"1\" cellspacing=\"0\" cellpadding=\"0\" data-sheets-root=\"1\" data-sheets-baot=\"1\">\n<colgroup>\n<col width=\"389\" \/>\n<col width=\"120\" \/>\n<col width=\"120\" \/>\n<col width=\"128\" \/>\n<col width=\"120\" \/>\n<col width=\"120\" \/>\n<col width=\"128\" \/><\/colgroup>\n<tbody>\n<tr style=\"height: 32px;\">\n<td style=\"width: 29.109%; height: 32px;\"><\/td>\n<td style=\"width: 43.3002%; text-align: center; height: 32px;\" colspan=\"3\">\n<h5>2n d&#8217;ESO<\/h5>\n<\/td>\n<\/tr>\n<tr style=\"height: 32px;\">\n<td style=\"width: 29.109%; height: 32px;\"><\/td>\n<td style=\"width: 14.8883%; text-align: center; height: 32px;\">\n<h5>A<\/h5>\n<\/td>\n<td style=\"width: 13.7717%; text-align: center; height: 32px;\">\n<h5>B<\/h5>\n<\/td>\n<td style=\"width: 14.6402%; text-align: center; height: 32px;\">\n<h5>C<\/h5>\n<\/td>\n<\/tr>\n<tr style=\"height: 32px;\">\n<td style=\"width: 29.109%; height: 32px;\">Tutoria<\/td>\n<td style=\"width: 14.8883%; height: 32px; text-align: center;\">Alba L\u00f3pez<\/td>\n<td style=\"width: 13.7717%; height: 32px; text-align: center;\">Xavier Pujals<\/td>\n<td style=\"width: 14.6402%; height: 32px; text-align: center;\">Eva Verg\u00e9s<\/td>\n<\/tr>\n<tr style=\"height: 32px;\">\n<td style=\"width: 29.109%; height: 32px;\">Llengua catalana i literatura<\/td>\n<td style=\"width: 43.3002%; text-align: center; height: 32px;\" colspan=\"3\">Xavier Pujals<\/td>\n<\/tr>\n<tr style=\"height: 32px;\">\n<td style=\"width: 29.109%; height: 32px;\">Llengua castellana i literatura<\/td>\n<td style=\"width: 43.3002%; text-align: center; height: 32px;\" colspan=\"3\">Alba L\u00f3pez<\/td>\n<\/tr>\n<tr style=\"height: 32px;\">\n<td style=\"width: 29.109%; height: 32px;\">Llengua estrangera: angl\u00e8s<\/td>\n<td style=\"width: 43.3002%; text-align: center; height: 32px;\" colspan=\"3\">Eva Verg\u00e9s<\/td>\n<\/tr>\n<tr style=\"height: 32px;\">\n<td style=\"width: 29.109%; height: 32px;\">Matem\u00e0tiques<\/td>\n<td style=\"width: 43.3002%; text-align: center; height: 32px;\" colspan=\"3\">Pedro Arriezu<\/td>\n<\/tr>\n<tr style=\"height: 48px;\">\n<td style=\"width: 29.109%; height: 48px;\">Ci\u00e8ncies socials: geografia i hist\u00f2ria<\/td>\n<td style=\"width: 43.3002%; text-align: center; height: 48px;\" colspan=\"3\">Valent\u00ed Farrer\u00f3<\/td>\n<\/tr>\n<tr style=\"height: 32px;\">\n<td style=\"width: 29.109%; height: 32px;\">Tecnologia i Digitalitzaci\u00f3<\/td>\n<td style=\"width: 43.3002%; text-align: center; height: 32px;\" colspan=\"3\">Carles Badell<\/td>\n<\/tr>\n<tr style=\"height: 48px;\">\n<td style=\"width: 29.109%; height: 48px;\">Ci\u00e8ncies de la naturalesa: f\u00edsica i qu\u00edmica<\/td>\n<td style=\"width: 43.3002%; text-align: center; height: 48px;\" colspan=\"3\">Ricardo Garcia<\/td>\n<\/tr>\n<tr style=\"height: 32px;\">\n<td style=\"width: 29.109%; height: 32px;\">Educaci\u00f3 f\u00edsica<\/td>\n<td style=\"width: 43.3002%; text-align: center; height: 32px;\" colspan=\"3\">Alberto S\u00e1nchez<\/td>\n<\/tr>\n<tr style=\"height: 32px;\">\n<td style=\"width: 29.109%; height: 32px;\">M\u00fasica<\/td>\n<td style=\"width: 43.3002%; text-align: center; height: 32px;\" colspan=\"3\">Carmen P\u00e9rez<\/td>\n<\/tr>\n<tr style=\"height: 32px;\">\n<td style=\"width: 29.109%; height: 32px;\">Religi\u00f3<\/td>\n<td style=\"width: 14.8883%; height: 32px;\">Valent\u00ed Farrer\u00f3<\/td>\n<td style=\"width: 28.4119%; height: 32px;\" colspan=\"2\"><\/td>\n<\/tr>\n<tr style=\"height: 48px;\">\n<td style=\"width: 29.109%; height: 48px;\">OP1, OP2 i OP3: 2a ll. estrangera: Franc\u00e8s<\/td>\n<td style=\"width: 43.3002%; text-align: center; height: 48px;\" colspan=\"3\">N\u00faria Forns<\/td>\n<\/tr>\n<tr style=\"height: 32px;\">\n<td style=\"width: 29.109%; height: 32px;\">OP2: Cultura cl\u00e0ssica<\/td>\n<td style=\"width: 43.3002%; text-align: center; height: 32px;\" colspan=\"3\">Irene Real<\/td>\n<\/tr>\n<tr style=\"height: 32px;\">\n<td style=\"width: 29.109%; height: 32px;\">OP2: Inform\u00e0tica<\/td>\n<td style=\"width: 43.3002%; text-align: center; height: 32px;\" colspan=\"3\">Carles Badell<\/td>\n<\/tr>\n<tr style=\"height: 32px;\">\n<td style=\"width: 29.109%; height: 32px;\">OP2: Teatre<\/td>\n<td style=\"width: 43.3002%; text-align: center; height: 32px;\" colspan=\"3\">Maria Riera<\/td>\n<\/tr>\n<\/tbody>\n<\/table>\n<p>&nbsp;<\/p>\n","protected":false},"excerpt":{"rendered":"<p>Equip docent de 2n d&#8217;ESO. 2n d&#8217;ESO A B C Tutoria Alba L\u00f3pez Xavier Pujals Eva Verg\u00e9s Llengua catalana i literatura Xavier Pujals Llengua castellana i literatura Alba L\u00f3pez Llengua estrangera: angl\u00e8s Eva Verg\u00e9s Matem\u00e0tiques Pedro Arriezu Ci\u00e8ncies socials: geografia i hist\u00f2ria Valent\u00ed Farrer\u00f3 Tecnologia i Digitalitzaci\u00f3 Carles Badell Ci\u00e8ncies de la naturalesa: f\u00edsica i [&hellip;]<\/p>\n","protected":false},"author":1,"featured_media":0,"parent":0,"menu_order":0,"comment_status":"closed","ping_status":"closed","template":"","meta":{"_bbp_topic_count":0,"_bbp_reply_count":0,"_bbp_total_topic_count":0,"_bbp_total_reply_count":0,"_bbp_voice_count":0,"_bbp_anonymous_reply_count":0,"_bbp_topic_count_hidden":0,"_bbp_reply_count_hidden":0,"_bbp_forum_subforum_count":0,"site-sidebar-layout":"default","site-content-layout":"","ast-site-content-layout":"","site-content-style":"default","site-sidebar-style":"default","ast-global-header-display":"","ast-banner-title-visibility":"","ast-main-header-display":"","ast-hfb-above-header-display":"","ast-hfb-below-header-display":"","ast-hfb-mobile-header-display":"","site-post-title":"","ast-breadcrumbs-content":"","ast-featured-img":"","footer-sml-layout":"","theme-transparent-header-meta":"","adv-header-id-meta":"","stick-header-meta":"","header-above-stick-meta":"","header-main-stick-meta":"","header-below-stick-meta":"","astra-migrate-meta-layouts":"default","ast-page-background-enabled":"default","ast-page-background-meta":{"desktop":{"background-color":"var(--ast-global-color-4)","background-image":"","background-repeat":"repeat","background-position":"center center","background-size":"auto","background-attachment":"scroll","background-type":"","background-media":"","overlay-type":"","overlay-color":"","overlay-opacity":"","overlay-gradient":""},"tablet":{"background-color":"","background-image":"","background-repeat":"repeat","background-position":"center center","background-size":"auto","background-attachment":"scroll","background-type":"","background-media":"","overlay-type":"","overlay-color":"","overlay-opacity":"","overlay-gradient":""},"mobile":{"background-color":"","background-image":"","background-repeat":"repeat","background-position":"center center","background-size":"auto","background-attachment":"scroll","background-type":"","background-media":"","overlay-type":"","overlay-color":"","overlay-opacity":"","overlay-gradient":""}},"ast-content-background-meta":{"desktop":{"background-color":"var(--ast-global-color-5)","background-image":"","background-repeat":"repeat","background-position":"center center","background-size":"auto","background-attachment":"scroll","background-type":"","background-media":"","overlay-type":"","overlay-color":"","overlay-opacity":"","overlay-gradient":""},"tablet":{"background-color":"var(--ast-global-color-5)","background-image":"","background-repeat":"repeat","background-position":"center center","background-size":"auto","background-attachment":"scroll","background-type":"","background-media":"","overlay-type":"","overlay-color":"","overlay-opacity":"","overlay-gradient":""},"mobile":{"background-color":"var(--ast-global-color-5)","background-image":"","background-repeat":"repeat","background-position":"center center","background-size":"auto","background-attachment":"scroll","background-type":"","background-media":"","overlay-type":"","overlay-color":"","overlay-opacity":"","overlay-gradient":""}},"footnotes":""},"class_list":["post-609","page","type-page","status-publish","hentry"],"post_mailing_queue_ids":[],"_links":{"self":[{"href":"https:\/\/agora.xtec.cat\/ies-valeriapujol\/wp-json\/wp\/v2\/pages\/609","targetHints":{"allow":["GET"]}}],"collection":[{"href":"https:\/\/agora.xtec.cat\/ies-valeriapujol\/wp-json\/wp\/v2\/pages"}],"about":[{"href":"https:\/\/agora.xtec.cat\/ies-valeriapujol\/wp-json\/wp\/v2\/types\/page"}],"author":[{"embeddable":true,"href":"https:\/\/agora.xtec.cat\/ies-valeriapujol\/wp-json\/wp\/v2\/users\/1"}],"replies":[{"embeddable":true,"href":"https:\/\/agora.xtec.cat\/ies-valeriapujol\/wp-json\/wp\/v2\/comments?post=609"}],"version-history":[{"count":6,"href":"https:\/\/agora.xtec.cat\/ies-valeriapujol\/wp-json\/wp\/v2\/pages\/609\/revisions"}],"predecessor-version":[{"id":1848,"href":"https:\/\/agora.xtec.cat\/ies-valeriapujol\/wp-json\/wp\/v2\/pages\/609\/revisions\/1848"}],"wp:attachment":[{"href":"https:\/\/agora.xtec.cat\/ies-valeriapujol\/wp-json\/wp\/v2\/media?parent=609"}],"curies":[{"name":"wp","href":"https:\/\/api.w.org\/{rel}","templated":true}]}}