{"id":602,"date":"2021-01-04T15:52:11","date_gmt":"2021-01-04T14:52:11","guid":{"rendered":"https:\/\/agora.xtec.cat\/ies-valeriapujol\/?page_id=602"},"modified":"2025-09-12T10:51:58","modified_gmt":"2025-09-12T08:51:58","slug":"equip-docent-de-1r-deso","status":"publish","type":"page","link":"https:\/\/agora.xtec.cat\/ies-valeriapujol\/equip-docent-de-1r-deso\/","title":{"rendered":"Equip docent de 1r d&#8217;ESO"},"content":{"rendered":"<p>Equip docent de 1r d&#8217;ESO<\/p>\n<table dir=\"ltr\" style=\"width: 100.045%; height: 704px;\" border=\"1\" cellspacing=\"0\" cellpadding=\"0\" data-sheets-root=\"1\" data-sheets-baot=\"1\">\n<colgroup>\n<col width=\"389\" \/>\n<col width=\"120\" \/>\n<col width=\"120\" \/>\n<col width=\"128\" \/><\/colgroup>\n<tbody>\n<tr style=\"height: 32px;\">\n<td style=\"width: 51.0782%; height: 32px;\"><\/td>\n<td style=\"text-align: center; width: 48.7871%; height: 32px;\" colspan=\"3\">1r d&#8217;ESO<\/td>\n<\/tr>\n<tr style=\"height: 32px;\">\n<td style=\"width: 51.0782%; height: 32px;\"><\/td>\n<td style=\"text-align: center; width: 15.903%; height: 32px;\">A<\/td>\n<td style=\"text-align: center; width: 15.903%; height: 32px;\">B<\/td>\n<td style=\"text-align: center; width: 16.9811%; height: 32px;\">C<\/td>\n<\/tr>\n<tr style=\"height: 32px;\">\n<td style=\"width: 51.0782%; height: 32px;\">Tutoria<\/td>\n<td style=\"width: 15.903%; text-align: center; height: 32px;\">Enric Contra<\/td>\n<td style=\"width: 15.903%; text-align: center; height: 32px;\">Xavier Alacio<\/td>\n<td style=\"width: 16.9811%; text-align: center; height: 32px;\">Helena Mart\u00ednez<\/td>\n<\/tr>\n<tr style=\"height: 32px;\">\n<td style=\"width: 51.0782%; height: 32px;\">Llengua catalana i literatura<\/td>\n<td style=\"width: 48.7871%; text-align: center; height: 32px;\" colspan=\"3\">Rosa Mendoza<\/td>\n<\/tr>\n<tr style=\"height: 32px;\">\n<td style=\"width: 51.0782%; height: 32px;\">Llengua castellana i literatura<\/td>\n<td style=\"width: 48.7871%; text-align: center; height: 32px;\" colspan=\"3\">Eva M\u00fajica<\/td>\n<\/tr>\n<tr style=\"height: 32px;\">\n<td style=\"width: 51.0782%; height: 32px;\">Llengua estrangera: angl\u00e8s<\/td>\n<td style=\"width: 48.7871%; text-align: center; height: 32px;\" colspan=\"3\">Xavier Alacio<\/td>\n<\/tr>\n<tr style=\"height: 32px;\">\n<td style=\"width: 51.0782%; height: 32px;\">Matem\u00e0tiques<\/td>\n<td style=\"width: 31.8059%; text-align: center; height: 32px;\" colspan=\"2\">Raimond Bimbela<\/td>\n<td style=\"width: 16.9811%; text-align: center; height: 32px;\">Helena Mart\u00ednez<\/td>\n<\/tr>\n<tr style=\"height: 32px;\">\n<td style=\"width: 51.0782%; height: 32px;\">Ci\u00e8ncies socials: geografia i hist\u00f2ria<\/td>\n<td style=\"width: 48.7871%; text-align: center; height: 32px;\" colspan=\"3\">Enric Contra<\/td>\n<\/tr>\n<tr style=\"height: 32px;\">\n<td style=\"width: 51.0782%; height: 32px;\">Ci\u00e8ncies de la naturalesa: biologia i geologia<\/td>\n<td style=\"width: 48.7871%; text-align: center; height: 32px;\" colspan=\"3\">Ana\u00efs Ramos<\/td>\n<\/tr>\n<tr style=\"height: 32px;\">\n<td style=\"width: 51.0782%; height: 32px;\">Educaci\u00f3 f\u00edsica<\/td>\n<td style=\"width: 48.7871%; text-align: center; height: 32px;\" colspan=\"3\">Miriam Vi\u00f1olas<\/td>\n<\/tr>\n<tr style=\"height: 32px;\">\n<td style=\"width: 51.0782%; height: 32px;\">M\u00fasica<\/td>\n<td style=\"width: 48.7871%; text-align: center; height: 32px;\" colspan=\"3\">Carmen P\u00e9rez<\/td>\n<\/tr>\n<tr style=\"height: 32px;\">\n<td style=\"width: 51.0782%; height: 32px;\">Educaci\u00f3 pl\u00e0stica, visual i audiovisual<\/td>\n<td style=\"width: 48.7871%; text-align: center; height: 32px;\" colspan=\"3\">Marina Clemente<\/td>\n<\/tr>\n<tr style=\"height: 32px;\">\n<td style=\"width: 51.0782%; height: 32px;\">OP1, OP2 i OP3: 2a ll. estrangera: Franc\u00e8s<\/td>\n<td style=\"width: 48.7871%; text-align: center; height: 32px;\" colspan=\"3\">N\u00faria Forns<\/td>\n<\/tr>\n<tr style=\"height: 32px;\">\n<td style=\"width: 51.0782%; height: 32px;\">OP1: Teatre<\/td>\n<td style=\"width: 48.7871%; text-align: center; height: 32px;\" colspan=\"3\">Carmen P\u00e9rez<\/td>\n<\/tr>\n<tr style=\"height: 32px;\">\n<td style=\"width: 51.0782%; height: 32px;\">OP1: Esports i jocs<\/td>\n<td style=\"width: 48.7871%; text-align: center; height: 32px;\" colspan=\"3\">Alberto S\u00e1nchez<\/td>\n<\/tr>\n<tr style=\"height: 32px;\">\n<td style=\"width: 51.0782%; height: 32px;\">OP1: Revolta digital<\/td>\n<td style=\"width: 48.7871%; text-align: center; height: 32px;\" colspan=\"3\">Maria Sanz<\/td>\n<\/tr>\n<tr style=\"height: 32px;\">\n<td style=\"width: 51.0782%; height: 32px;\">OP1: Esports i jocs<\/td>\n<td style=\"width: 48.7871%; text-align: center; height: 32px;\" colspan=\"3\">Alberto S\u00e1nchez<\/td>\n<\/tr>\n<tr style=\"height: 32px;\">\n<td style=\"width: 51.0782%; height: 32px;\">OP1: Revolta digital<\/td>\n<td style=\"width: 48.7871%; text-align: center; height: 32px;\" colspan=\"3\">Maria Sanz<\/td>\n<\/tr>\n<\/tbody>\n<\/table>\n<p>&nbsp;<\/p>\n","protected":false},"excerpt":{"rendered":"<p>Equip docent de 1r d&#8217;ESO 1r d&#8217;ESO A B C Tutoria Enric Contra Xavier Alacio Helena Mart\u00ednez Llengua catalana i literatura Rosa Mendoza Llengua castellana i literatura Eva M\u00fajica Llengua estrangera: angl\u00e8s Xavier Alacio Matem\u00e0tiques Raimond Bimbela Helena Mart\u00ednez Ci\u00e8ncies socials: geografia i hist\u00f2ria Enric Contra Ci\u00e8ncies de la naturalesa: biologia i geologia Ana\u00efs Ramos [&hellip;]<\/p>\n","protected":false},"author":1,"featured_media":0,"parent":0,"menu_order":0,"comment_status":"closed","ping_status":"closed","template":"","meta":{"_bbp_topic_count":0,"_bbp_reply_count":0,"_bbp_total_topic_count":0,"_bbp_total_reply_count":0,"_bbp_voice_count":0,"_bbp_anonymous_reply_count":0,"_bbp_topic_count_hidden":0,"_bbp_reply_count_hidden":0,"_bbp_forum_subforum_count":0,"site-sidebar-layout":"default","site-content-layout":"","ast-site-content-layout":"","site-content-style":"default","site-sidebar-style":"default","ast-global-header-display":"","ast-banner-title-visibility":"","ast-main-header-display":"","ast-hfb-above-header-display":"","ast-hfb-below-header-display":"","ast-hfb-mobile-header-display":"","site-post-title":"","ast-breadcrumbs-content":"","ast-featured-img":"","footer-sml-layout":"","theme-transparent-header-meta":"","adv-header-id-meta":"","stick-header-meta":"","header-above-stick-meta":"","header-main-stick-meta":"","header-below-stick-meta":"","astra-migrate-meta-layouts":"default","ast-page-background-enabled":"default","ast-page-background-meta":{"desktop":{"background-color":"var(--ast-global-color-4)","background-image":"","background-repeat":"repeat","background-position":"center center","background-size":"auto","background-attachment":"scroll","background-type":"","background-media":"","overlay-type":"","overlay-color":"","overlay-opacity":"","overlay-gradient":""},"tablet":{"background-color":"","background-image":"","background-repeat":"repeat","background-position":"center center","background-size":"auto","background-attachment":"scroll","background-type":"","background-media":"","overlay-type":"","overlay-color":"","overlay-opacity":"","overlay-gradient":""},"mobile":{"background-color":"","background-image":"","background-repeat":"repeat","background-position":"center center","background-size":"auto","background-attachment":"scroll","background-type":"","background-media":"","overlay-type":"","overlay-color":"","overlay-opacity":"","overlay-gradient":""}},"ast-content-background-meta":{"desktop":{"background-color":"var(--ast-global-color-5)","background-image":"","background-repeat":"repeat","background-position":"center center","background-size":"auto","background-attachment":"scroll","background-type":"","background-media":"","overlay-type":"","overlay-color":"","overlay-opacity":"","overlay-gradient":""},"tablet":{"background-color":"var(--ast-global-color-5)","background-image":"","background-repeat":"repeat","background-position":"center center","background-size":"auto","background-attachment":"scroll","background-type":"","background-media":"","overlay-type":"","overlay-color":"","overlay-opacity":"","overlay-gradient":""},"mobile":{"background-color":"var(--ast-global-color-5)","background-image":"","background-repeat":"repeat","background-position":"center center","background-size":"auto","background-attachment":"scroll","background-type":"","background-media":"","overlay-type":"","overlay-color":"","overlay-opacity":"","overlay-gradient":""}},"footnotes":""},"class_list":["post-602","page","type-page","status-publish","hentry"],"post_mailing_queue_ids":[],"_links":{"self":[{"href":"https:\/\/agora.xtec.cat\/ies-valeriapujol\/wp-json\/wp\/v2\/pages\/602","targetHints":{"allow":["GET"]}}],"collection":[{"href":"https:\/\/agora.xtec.cat\/ies-valeriapujol\/wp-json\/wp\/v2\/pages"}],"about":[{"href":"https:\/\/agora.xtec.cat\/ies-valeriapujol\/wp-json\/wp\/v2\/types\/page"}],"author":[{"embeddable":true,"href":"https:\/\/agora.xtec.cat\/ies-valeriapujol\/wp-json\/wp\/v2\/users\/1"}],"replies":[{"embeddable":true,"href":"https:\/\/agora.xtec.cat\/ies-valeriapujol\/wp-json\/wp\/v2\/comments?post=602"}],"version-history":[{"count":6,"href":"https:\/\/agora.xtec.cat\/ies-valeriapujol\/wp-json\/wp\/v2\/pages\/602\/revisions"}],"predecessor-version":[{"id":1847,"href":"https:\/\/agora.xtec.cat\/ies-valeriapujol\/wp-json\/wp\/v2\/pages\/602\/revisions\/1847"}],"wp:attachment":[{"href":"https:\/\/agora.xtec.cat\/ies-valeriapujol\/wp-json\/wp\/v2\/media?parent=602"}],"curies":[{"name":"wp","href":"https:\/\/api.w.org\/{rel}","templated":true}]}}