{"id":538,"date":"2020-06-17T13:26:54","date_gmt":"2020-06-17T11:26:54","guid":{"rendered":"https:\/\/agora.xtec.cat\/ies-valeriapujol\/?page_id=538"},"modified":"2025-10-23T10:37:55","modified_gmt":"2025-10-23T08:37:55","slug":"nofc","status":"publish","type":"page","link":"https:\/\/agora.xtec.cat\/ies-valeriapujol\/documents-de-centre\/nofc\/","title":{"rendered":"NOFC"},"content":{"rendered":"<p style=\"text-align: justify;\">Les normes d\u2019organitzaci\u00f3 i funcionament del centre (NOFC) representen el conjunt d\u2019acords i decisions d\u2019organitzaci\u00f3 i de funcionament que fan possible el treball educatiu i la gesti\u00f3 per assolir els objectius del projecte educatiu i de la programaci\u00f3 anual.<\/p>\n<p style=\"text-align: justify;\">Aquestes normes tenen el seg\u00fcent marc normatiu:<br \/>\n\u2022 Llei 12\/2009, del 10 juliol, d\u2019educaci\u00f3 \u2013 LEC.<br \/>\n\u2022 Decret 102\/2010, de 3 d\u2019agost, d\u2019autonomia dels centres educatius.<br \/>\n\u2022 Decret 297\/2006, de 4 d\u2019abril, sobre drets i deures de l\u2019alumnat i regulaci\u00f3 de la conviv\u00e8ncia en els centres educatius no universitaris de Catalunya, derogat parcialment (art. 4 T\u00edtol IV) pel Decret 102\/2010, d\u2019autonomia dels centres educatius.<br \/>\n\u2022 Ordre ENS\/108\/2018, 4 juliol. Ordre d\u2019avaluaci\u00f3.<\/p>\n<p style=\"text-align: justify;\">Les NOFC del nostre centre queden recollides al document seg\u00fcent:\u00a0\u00a0NOFC de l\u2019INS Valeri\u00e0 Pujol i Bosch<\/p>\n<p><iframe loading=\"lazy\" src=\"https:\/\/drive.google.com\/file\/d\/1HGy0FMxJnPRmaPutrp569PCJhfs1kk6Q\/preview\" width=\"640\" height=\"480\"><\/iframe><\/p>\n","protected":false},"excerpt":{"rendered":"<p>Les normes d\u2019organitzaci\u00f3 i funcionament del centre (NOFC) representen el conjunt d\u2019acords i decisions d\u2019organitzaci\u00f3 i de funcionament que fan possible el treball educatiu i la gesti\u00f3 per assolir els objectius del projecte educatiu i de la programaci\u00f3 anual. Aquestes normes tenen el seg\u00fcent marc normatiu: \u2022 Llei 12\/2009, del 10 juliol, d\u2019educaci\u00f3 \u2013 LEC. [&hellip;]<\/p>\n","protected":false},"author":1,"featured_media":0,"parent":523,"menu_order":4,"comment_status":"closed","ping_status":"closed","template":"","meta":{"_bbp_topic_count":0,"_bbp_reply_count":0,"_bbp_total_topic_count":0,"_bbp_total_reply_count":0,"_bbp_voice_count":0,"_bbp_anonymous_reply_count":0,"_bbp_topic_count_hidden":0,"_bbp_reply_count_hidden":0,"_bbp_forum_subforum_count":0,"site-sidebar-layout":"default","site-content-layout":"","ast-site-content-layout":"default","site-content-style":"default","site-sidebar-style":"default","ast-global-header-display":"","ast-banner-title-visibility":"","ast-main-header-display":"","ast-hfb-above-header-display":"","ast-hfb-below-header-display":"","ast-hfb-mobile-header-display":"","site-post-title":"","ast-breadcrumbs-content":"","ast-featured-img":"","footer-sml-layout":"","theme-transparent-header-meta":"default","adv-header-id-meta":"","stick-header-meta":"","header-above-stick-meta":"","header-main-stick-meta":"","header-below-stick-meta":"","astra-migrate-meta-layouts":"set","ast-page-background-enabled":"default","ast-page-background-meta":{"desktop":{"background-color":"var(--ast-global-color-4)","background-image":"","background-repeat":"repeat","background-position":"center center","background-size":"auto","background-attachment":"scroll","background-type":"","background-media":"","overlay-type":"","overlay-color":"","overlay-opacity":"","overlay-gradient":""},"tablet":{"background-color":"","background-image":"","background-repeat":"repeat","background-position":"center center","background-size":"auto","background-attachment":"scroll","background-type":"","background-media":"","overlay-type":"","overlay-color":"","overlay-opacity":"","overlay-gradient":""},"mobile":{"background-color":"","background-image":"","background-repeat":"repeat","background-position":"center center","background-size":"auto","background-attachment":"scroll","background-type":"","background-media":"","overlay-type":"","overlay-color":"","overlay-opacity":"","overlay-gradient":""}},"ast-content-background-meta":{"desktop":{"background-color":"var(--ast-global-color-5)","background-image":"","background-repeat":"repeat","background-position":"center center","background-size":"auto","background-attachment":"scroll","background-type":"","background-media":"","overlay-type":"","overlay-color":"","overlay-opacity":"","overlay-gradient":""},"tablet":{"background-color":"var(--ast-global-color-5)","background-image":"","background-repeat":"repeat","background-position":"center center","background-size":"auto","background-attachment":"scroll","background-type":"","background-media":"","overlay-type":"","overlay-color":"","overlay-opacity":"","overlay-gradient":""},"mobile":{"background-color":"var(--ast-global-color-5)","background-image":"","background-repeat":"repeat","background-position":"center center","background-size":"auto","background-attachment":"scroll","background-type":"","background-media":"","overlay-type":"","overlay-color":"","overlay-opacity":"","overlay-gradient":""}},"footnotes":""},"class_list":["post-538","page","type-page","status-publish","hentry"],"post_mailing_queue_ids":[],"_links":{"self":[{"href":"https:\/\/agora.xtec.cat\/ies-valeriapujol\/wp-json\/wp\/v2\/pages\/538","targetHints":{"allow":["GET"]}}],"collection":[{"href":"https:\/\/agora.xtec.cat\/ies-valeriapujol\/wp-json\/wp\/v2\/pages"}],"about":[{"href":"https:\/\/agora.xtec.cat\/ies-valeriapujol\/wp-json\/wp\/v2\/types\/page"}],"author":[{"embeddable":true,"href":"https:\/\/agora.xtec.cat\/ies-valeriapujol\/wp-json\/wp\/v2\/users\/1"}],"replies":[{"embeddable":true,"href":"https:\/\/agora.xtec.cat\/ies-valeriapujol\/wp-json\/wp\/v2\/comments?post=538"}],"version-history":[{"count":5,"href":"https:\/\/agora.xtec.cat\/ies-valeriapujol\/wp-json\/wp\/v2\/pages\/538\/revisions"}],"predecessor-version":[{"id":1907,"href":"https:\/\/agora.xtec.cat\/ies-valeriapujol\/wp-json\/wp\/v2\/pages\/538\/revisions\/1907"}],"up":[{"embeddable":true,"href":"https:\/\/agora.xtec.cat\/ies-valeriapujol\/wp-json\/wp\/v2\/pages\/523"}],"wp:attachment":[{"href":"https:\/\/agora.xtec.cat\/ies-valeriapujol\/wp-json\/wp\/v2\/media?parent=538"}],"curies":[{"name":"wp","href":"https:\/\/api.w.org\/{rel}","templated":true}]}}