{"id":49,"date":"2014-09-17T16:55:55","date_gmt":"2014-09-17T16:55:55","guid":{"rendered":"http:\/\/agora.xtec.cat\/ies-valeriapujol\/?page_id=49"},"modified":"2023-07-05T10:00:38","modified_gmt":"2023-07-05T08:00:38","slug":"normes-dorganitzacio-i-funcionament","status":"publish","type":"page","link":"https:\/\/agora.xtec.cat\/ies-valeriapujol\/linstitut\/normes-dorganitzacio-i-funcionament\/","title":{"rendered":"Normes i funcionament"},"content":{"rendered":"<p>Les normes d\u2019organitzaci\u00f3 i funcionament del centre (NOFC) representen el conjunt d\u2019acords i decisions d\u2019organitzaci\u00f3 i de funcionament que fan possible el treball educatiu i la gesti\u00f3 per assolir els objectius del projecte educatiu i de la programaci\u00f3 anual.<\/p>\n<p>Aquestes normes tenen el seg\u00fcent marc normatiu:<br \/>\n\u2022 Llei 12\/2009, del 10 juliol, d\u2019educaci\u00f3 \u2013 LEC.<br \/>\n\u2022 Decret 102\/2010, de 3 d\u2019agost, d\u2019autonomia dels centres educatius.<br \/>\n\u2022 Decret 297\/2006, de 4 d\u2019abril, sobre drets i deures de l\u2019alumnat i regulaci\u00f3 de la conviv\u00e8ncia en els centres educatius no universitaris de Catalunya, derogat parcialment (art. 4 T\u00edtol IV) pel Decret 102\/2010, d\u2019autonomia dels centres educatius.<br \/>\n\u2022 Ordre ENS\/108\/2018, 4 juliol. Ordre d&#8217;avaluaci\u00f3.<\/p>\n<p>Les NOFC del nostre centre queden recollides al document seg\u00fcent:\u00a0 <a href=\"https:\/\/drive.google.com\/file\/d\/1GKbVSJm-t7idqnPtth7V1GLAiA0Y3sY8\/view?usp=sharing\" target=\"_blank\" rel=\"noopener noreferrer\">NOFC de l&#8217;INS Valeri\u00e0 Pujol i Bosch<\/a><\/p>\n","protected":false},"excerpt":{"rendered":"<p>Les normes d\u2019organitzaci\u00f3 i funcionament del centre (NOFC) representen el conjunt d\u2019acords i decisions d\u2019organitzaci\u00f3 i de funcionament que fan possible el treball educatiu i la gesti\u00f3 per assolir els objectius del projecte educatiu i de la programaci\u00f3 anual. Aquestes normes tenen el seg\u00fcent marc normatiu: \u2022 Llei 12\/2009, del 10 juliol, d\u2019educaci\u00f3 \u2013 LEC. [&hellip;]<\/p>\n","protected":false},"author":1,"featured_media":0,"parent":19,"menu_order":60,"comment_status":"closed","ping_status":"closed","template":"page-templates\/side-menu.php","meta":{"_bbp_topic_count":0,"_bbp_reply_count":0,"_bbp_total_topic_count":0,"_bbp_total_reply_count":0,"_bbp_voice_count":0,"_bbp_anonymous_reply_count":0,"_bbp_topic_count_hidden":0,"_bbp_reply_count_hidden":0,"_bbp_forum_subforum_count":0,"site-sidebar-layout":"default","site-content-layout":"","ast-site-content-layout":"","site-content-style":"default","site-sidebar-style":"default","ast-global-header-display":"","ast-banner-title-visibility":"","ast-main-header-display":"","ast-hfb-above-header-display":"","ast-hfb-below-header-display":"","ast-hfb-mobile-header-display":"","site-post-title":"","ast-breadcrumbs-content":"","ast-featured-img":"","footer-sml-layout":"","theme-transparent-header-meta":"","adv-header-id-meta":"","stick-header-meta":"","header-above-stick-meta":"","header-main-stick-meta":"","header-below-stick-meta":"","astra-migrate-meta-layouts":"default","ast-page-background-enabled":"default","ast-page-background-meta":{"desktop":{"background-color":"var(--ast-global-color-4)","background-image":"","background-repeat":"repeat","background-position":"center center","background-size":"auto","background-attachment":"scroll","background-type":"","background-media":"","overlay-type":"","overlay-color":"","overlay-opacity":"","overlay-gradient":""},"tablet":{"background-color":"","background-image":"","background-repeat":"repeat","background-position":"center center","background-size":"auto","background-attachment":"scroll","background-type":"","background-media":"","overlay-type":"","overlay-color":"","overlay-opacity":"","overlay-gradient":""},"mobile":{"background-color":"","background-image":"","background-repeat":"repeat","background-position":"center center","background-size":"auto","background-attachment":"scroll","background-type":"","background-media":"","overlay-type":"","overlay-color":"","overlay-opacity":"","overlay-gradient":""}},"ast-content-background-meta":{"desktop":{"background-color":"var(--ast-global-color-5)","background-image":"","background-repeat":"repeat","background-position":"center center","background-size":"auto","background-attachment":"scroll","background-type":"","background-media":"","overlay-type":"","overlay-color":"","overlay-opacity":"","overlay-gradient":""},"tablet":{"background-color":"var(--ast-global-color-5)","background-image":"","background-repeat":"repeat","background-position":"center center","background-size":"auto","background-attachment":"scroll","background-type":"","background-media":"","overlay-type":"","overlay-color":"","overlay-opacity":"","overlay-gradient":""},"mobile":{"background-color":"var(--ast-global-color-5)","background-image":"","background-repeat":"repeat","background-position":"center center","background-size":"auto","background-attachment":"scroll","background-type":"","background-media":"","overlay-type":"","overlay-color":"","overlay-opacity":"","overlay-gradient":""}},"footnotes":""},"class_list":["post-49","page","type-page","status-publish","hentry"],"post_mailing_queue_ids":[],"_links":{"self":[{"href":"https:\/\/agora.xtec.cat\/ies-valeriapujol\/wp-json\/wp\/v2\/pages\/49","targetHints":{"allow":["GET"]}}],"collection":[{"href":"https:\/\/agora.xtec.cat\/ies-valeriapujol\/wp-json\/wp\/v2\/pages"}],"about":[{"href":"https:\/\/agora.xtec.cat\/ies-valeriapujol\/wp-json\/wp\/v2\/types\/page"}],"author":[{"embeddable":true,"href":"https:\/\/agora.xtec.cat\/ies-valeriapujol\/wp-json\/wp\/v2\/users\/1"}],"replies":[{"embeddable":true,"href":"https:\/\/agora.xtec.cat\/ies-valeriapujol\/wp-json\/wp\/v2\/comments?post=49"}],"version-history":[{"count":3,"href":"https:\/\/agora.xtec.cat\/ies-valeriapujol\/wp-json\/wp\/v2\/pages\/49\/revisions"}],"predecessor-version":[{"id":1351,"href":"https:\/\/agora.xtec.cat\/ies-valeriapujol\/wp-json\/wp\/v2\/pages\/49\/revisions\/1351"}],"up":[{"embeddable":true,"href":"https:\/\/agora.xtec.cat\/ies-valeriapujol\/wp-json\/wp\/v2\/pages\/19"}],"wp:attachment":[{"href":"https:\/\/agora.xtec.cat\/ies-valeriapujol\/wp-json\/wp\/v2\/media?parent=49"}],"curies":[{"name":"wp","href":"https:\/\/api.w.org\/{rel}","templated":true}]}}