{"id":8269,"date":"2023-07-12T17:43:19","date_gmt":"2023-07-12T15:43:19","guid":{"rendered":"https:\/\/agora.xtec.cat\/ies-vacarisses\/?page_id=8269"},"modified":"2025-11-26T14:59:59","modified_gmt":"2025-11-26T13:59:59","slug":"cartellera-informtiva-del-centre","status":"publish","type":"page","link":"https:\/\/agora.xtec.cat\/ies-vacarisses\/cartellera-informtiva-del-centre\/","title":{"rendered":"CARTELLERA INFORMATIVA DEL CENTRE"},"content":{"rendered":"<p><strong><a href=\"https:\/\/drive.google.com\/drive\/folders\/1d2IlpiH2VU4OH15WwvZG9TPSn9CJtwy8?usp=drive_link\">ACTES CONSELL ESCOLAR<\/a>:<\/strong><\/p>\n<p><strong><a href=\"https:\/\/drive.google.com\/drive\/folders\/1Fi0hlTOIVflICtY2RWOA5s2sPaokSC4O\">TAULER INFORMATIU 2025<\/a>:<\/strong><\/p>\n<p>&nbsp;<\/p>\n<p><strong><a href=\"https:\/\/drive.google.com\/drive\/u\/0\/folders\/1jYMJkPSZbeK3LbzvIt9kXjDxQjRy2YG4\">TAULER INFORMATIU 2024<\/a>:<\/strong><\/p>\n<ul>\n<li style=\"list-style-type: none;\">\n<ul>\n<li>\u00a0<a href=\"https:\/\/agora.xtec.cat\/ies-vacarisses\/wp-content\/uploads\/usu603\/2024\/07\/GRUPS-DE-BATXILLERAT-CURS-2024-2025.pdf\">GRUPS ASSIGNATS A 1r I 2n DE BATXILLERAT CURS 2024-2025<\/a><\/li>\n<li>\u00a0<a href=\"https:\/\/agora.xtec.cat\/ies-vacarisses\/wp-content\/uploads\/usu603\/2024\/06\/Alumnes-assignats-al-centre-amb-indicacio-de-la-primera-peticio-20-06-24-1.pdf\">ALUMNES ASSIGNATS AL CENTRE AMB INDICACI\u00d3<\/a>\u00a0<a href=\"https:\/\/agora.xtec.cat\/ies-vacarisses\/wp-content\/uploads\/usu603\/2024\/06\/Alumnes-assignats-al-centre-amb-indicacio-de-la-primera-peticio-20-06-24-1.pdf\">DE LA PRIMERA PETICI\u00d3 A 20\/06\/2024<\/a><\/li>\n<li><a href=\"https:\/\/agora.xtec.cat\/ies-vacarisses\/wp-content\/uploads\/usu603\/2024\/06\/INFORME_PREINSCRITES_OME_INFORME_PREINSCRITES_OME-3.pdf\">ALUMNAT PREINSCRIT AL CENTRE 20\/06\/2024<\/a><\/li>\n<li><a href=\"https:\/\/agora.xtec.cat\/ies-vacarisses\/wp-content\/uploads\/usu603\/2024\/06\/PUBLICACIO-OFERTA-DEFINITIVA-BATXILLERAT.pdf\">PUBLICACI\u00d3 OFERTA DEFINITIVA BATXILLERAT<\/a><\/li>\n<li><a href=\"https:\/\/drive.google.com\/file\/d\/17AKUp0tJjx_NusoYVr6kAoXbq5U9CuCb\/view?usp=drive_link\">ALUMNES PREINSCRITS AL CENTRE 10\/06\/2024<\/a><\/li>\n<li><a href=\"https:\/\/drive.google.com\/file\/d\/17AKUp0tJjx_NusoYVr6kAoXbq5U9CuCb\/view?usp=drive_link\">ALUMNES ASSIGNATS AL CENTRE A LA PRIMERA PETICI\u00d3 10\/06\/2024<\/a><\/li>\n<li><a href=\"https:\/\/drive.google.com\/file\/d\/1oGqddb7CJv9JtE1JLWueBDvCkmVadSyj\/view?usp=drive_link\">OFERTA DEFINITIVA DE PLACES D&#8217;ESO 07\/06\/2024<\/a><\/li>\n<li><a href=\"https:\/\/drive.google.com\/file\/d\/1SXiU0XSRyGV9oJoDU74mPp4LPeiB-kap\/view?usp=drive_link\">LLISTA DE SOL\u00b7LICITUDS DE BATXILLERAT AMB PUNTUACI\u00d3 DEFINITIVA 29\/05\/2024<\/a><\/li>\n<li><a href=\"https:\/\/drive.google.com\/file\/d\/1VxjJdShkenn-cxgebZtXKviUi_NntFkZ\/view?usp=drive_link\">LLISTA DE SOL\u00b7LICITUDS DE BATXILLERAT AMB PUNTUACI\u00d3 PROVISIONAL 17\/05\/2024<\/a><\/li>\n<li><a href=\"https:\/\/drive.google.com\/file\/d\/1nqJl3J-flG9O0p_BJkUk3xiq0cV_5lTc\/view?usp=drive_link\">LLISTA PUNTUACI\u00d3 DEFINITIVA SOL\u00b7LICITUDS D&#8217;ESO 25\/04\/2024<\/a><\/li>\n<li><a href=\"https:\/\/agora.xtec.cat\/ies-vacarisses\/wp-content\/uploads\/usu603\/2024\/04\/LLISTA-ALUMNES-ESO-2024-2025.pdf\">LLISTA PROVISIONAL DE SOL\u00b7LICITUDS AMB PUNTUACI\u00d3 PROVISIONAL 17\/04\/2024<\/a><\/li>\n<li><a href=\"https:\/\/drive.google.com\/file\/d\/1A_7BWQ6o4_1dVqKblm_Bmg2TEgQ-IQNN\/view?usp=drive_link\">INFORMACI\u00d3 SOBRE ALTRES ENSENYAMENTS<\/a><\/li>\n<li><a href=\"https:\/\/drive.google.com\/file\/d\/1_Y-pwesaZwboBIt_34LGnsOpzA0Fmzuo\/view?usp=drive_link\">PROC\u00c9S DE PREINSCRIPCI\u00d3 I MATRICULACI\u00d3 D&#8217;ESO I BATXILLERAT 2024-2025<\/a><\/li>\n<li><a href=\"https:\/\/drive.google.com\/file\/d\/1U5JLh_LdcyXTPCbkfgyuQ0rQI9J5LN1s\/view?usp=drive_link\">PUBLICACIO\u0301-OFERTA-INICIAL-DE-PLACES-ESO 05\/03\/2024<\/a><\/li>\n<\/ul>\n<\/li>\n<\/ul>\n<p>&nbsp;<\/p>\n<p><strong><a href=\"https:\/\/drive.google.com\/drive\/u\/0\/folders\/1zUChtYqy6vL552TSrrceY9ZlUnPXRTTr\">TAULER INFORMATIU 2023<\/a>:<\/strong><\/p>\n<p><a href=\"https:\/\/drive.google.com\/drive\/u\/0\/folders\/13f_55lasRBOjDZKy5rTKa36aKOnyqaxY\">cartellera informativa fins al 5\/3\/2024<\/a><\/p>\n","protected":false},"excerpt":{"rendered":"<p><a href=\"https:\/\/drive.google.com\/drive\/folders\/1d2IlpiH2VU4OH15WwvZG9TPSn9CJtwy8?usp=drive_link\">ACTES CONSELL ESCOLAR<\/a>:<br \/>\n<a href=\"https:\/\/drive.google.com\/drive\/folders\/1Fi0hlTOIVflICtY2RWOA5s2sPaokSC4O\">TAULER INFORMATIU 2025<\/a>:<br \/>\n&nbsp;<br \/>\n<a href=\"https:\/\/drive.google.com\/drive\/u\/0\/folders\/1jYMJkPSZbeK3LbzvIt9kXjDxQjRy2YG4\">TAULER INFORMATIU 2024<\/a>:<\/p>\n<ul>\n<li style=\"list-style-type: none;\">\n<ul>\n<li>\u00a0<a href=\"https:\/\/agora.xtec.cat\/ies-vacarisses\/wp-content\/uploads\/usu603\/2024\/07\/GRUPS-DE-BATXILLERAT-CURS-2024-2025.pdf\">GRUPS ASSIGNATS A 1r I 2n DE BATXILLERAT CURS 2024-2025<\/a><\/li>\n<li>\u00a0<a href=\"https:\/\/agora.xtec.cat\/ies-vacarisses\/wp-content\/uploads\/usu603\/2024\/06\/Alumnes-assignats-al-centre-amb-indicacio-de-la-primera-peticio-20-06-24-1.pdf\">ALUMNES ASSIGNATS AL CENTRE AMB INDICACI\u00d3<\/a>\u00a0<a href=\"https:\/\/agora.xtec.cat\/ies-vacarisses\/wp-content\/uploads\/usu603\/2024\/06\/Alumnes-assignats-al-centre-amb-indicacio-de-la-primera-peticio-20-06-24-1.pdf\">DE LA PRIMERA PETICI\u00d3 A 20\/06\/2024<\/a><\/li>\n<li><a href=\"https:\/\/agora.xtec.cat\/ies-vacarisses\/wp-content\/uploads\/usu603\/2024\/06\/INFORME_PREINSCRITES_OME_INFORME_PREINSCRITES_OME-3.pdf\">ALUMNAT PREINSCRIT AL CENTRE 20\/06\/2024<\/a><\/li>\n<li><a href=\"https:\/\/agora.xtec.cat\/ies-vacarisses\/wp-content\/uploads\/usu603\/2024\/06\/PUBLICACIO-OFERTA-DEFINITIVA-BATXILLERAT.pdf\">PUBLICACI\u00d3 OFERTA DEFINITIVA BATXILLERAT<\/a><\/li>\n<li><a href=\"https:\/\/drive.google.com\/file\/d\/17AKUp0tJjx_NusoYVr6kAoXbq5U9CuCb\/view?usp=drive_link\">ALUMNES PREINSCRITS&hellip;  <a href=\"https:\/\/agora.xtec.cat\/ies-vacarisses\/cartellera-informtiva-del-centre\/\" title=\"Read CARTELLERA INFORMATIVA DEL CENTRE\">Llegeix m\u00e9s\u00bb<\/a><br \/>\n","protected":false},"author":45,"featured_media":0,"parent":0,"menu_order":0,"comment_status":"closed","ping_status":"closed","template":"","meta":{"_bbp_topic_count":0,"_bbp_reply_count":0,"_bbp_total_topic_count":0,"_bbp_total_reply_count":0,"_bbp_voice_count":0,"_bbp_anonymous_reply_count":0,"_bbp_topic_count_hidden":0,"_bbp_reply_count_hidden":0,"_bbp_forum_subforum_count":0,"footnotes":""},"class_list":["post-8269","page","type-page","status-publish","hentry"],"post_mailing_queue_ids":[],"_links":{"self":[{"href":"https:\/\/agora.xtec.cat\/ies-vacarisses\/wp-json\/wp\/v2\/pages\/8269","targetHints":{"allow":["GET"]}}],"collection":[{"href":"https:\/\/agora.xtec.cat\/ies-vacarisses\/wp-json\/wp\/v2\/pages"}],"about":[{"href":"https:\/\/agora.xtec.cat\/ies-vacarisses\/wp-json\/wp\/v2\/types\/page"}],"author":[{"embeddable":true,"href":"https:\/\/agora.xtec.cat\/ies-vacarisses\/wp-json\/wp\/v2\/users\/45"}],"replies":[{"embeddable":true,"href":"https:\/\/agora.xtec.cat\/ies-vacarisses\/wp-json\/wp\/v2\/comments?post=8269"}],"version-history":[{"count":6,"href":"https:\/\/agora.xtec.cat\/ies-vacarisses\/wp-json\/wp\/v2\/pages\/8269\/revisions"}],"predecessor-version":[{"id":12105,"href":"https:\/\/agora.xtec.cat\/ies-vacarisses\/wp-json\/wp\/v2\/pages\/8269\/revisions\/12105"}],"wp:attachment":[{"href":"https:\/\/agora.xtec.cat\/ies-vacarisses\/wp-json\/wp\/v2\/media?parent=8269"}],"curies":[{"name":"wp","href":"https:\/\/api.w.org\/{rel}","templated":true}]}}