{"id":7531,"date":"2023-02-16T11:45:35","date_gmt":"2023-02-16T10:45:35","guid":{"rendered":"https:\/\/agora.xtec.cat\/ies-vacarisses\/?page_id=7531"},"modified":"2023-02-16T11:54:23","modified_gmt":"2023-02-16T10:54:23","slug":"secretaria","status":"publish","type":"page","link":"https:\/\/agora.xtec.cat\/ies-vacarisses\/secretaria\/","title":{"rendered":"Horari d\u2019atenci\u00f3 al p\u00fablic"},"content":{"rendered":"<p style=\"text-align: left;\"><b>DE L&#8217; 1 D&#8217;OCTUBRE AL 31 DE MAIG:<\/b><\/p>\n<p style=\"text-align: left;\"><b>MAT\u00cd\u00a0 de 8:00h-14:00h de dilluns a divendres<\/b><\/p>\n<p style=\"text-align: left;\"><b>DE L&#8217;1 DE JUNY AL 30 DE SETEMBRE (excepte vacances -tancat- i quan l\u2019Institut estigui tancat):<\/b><\/p>\n<p style=\"text-align: left;\"><b>MAT\u00cd de 9h-13h de dilluns a divendres<\/b><\/p>\n<p><span style=\"font-weight: 400;\">La Secretaria de l\u2019institut s\u2019ocupa de tots els aspectes de la gesti\u00f3 administrativa del centre. Dirigiu-vos a la Secretaria tant per a efectuar els diferents tr\u00e0mits administratius que desitgeu (preinscripci\u00f3, matriculaci\u00f3, beques, etc) com per a obtenir informacions addicionals sobre terminis o documentaci\u00f3 necess\u00e0ria per a les diferents gestions.<\/span><\/p>\n<p><span style=\"font-weight: 400;\">A m\u00e9s de presencialment, podeu tamb\u00e9 contactar amb la Secretaria per:<\/span><\/p>\n<p style=\"text-align: center;\"><b>tel\u00e8fon: 93 828 03 22<\/b><\/p>\n<p style=\"text-align: center;\"><b>correu electr\u00f2nic: secretariacentre@insvacarisses.cat<\/b><\/p>\n<p style=\"text-align: center;\"><b>Durant el curs, els alumnes nom\u00e9s seran atesos a l&#8217;hora del pati. Fora d&#8217;aquest horari hauran de portar autoritzaci\u00f3 per part del professorat.<\/b><\/p>\n","protected":false},"excerpt":{"rendered":"<p>DE L&#8217; 1 D&#8217;OCTUBRE AL 31 DE MAIG:<br \/>\nMAT\u00cd\u00a0 de 8:00h-14:00h de dilluns a divendres<br \/>\nDE L&#8217;1 DE JUNY AL 30 DE SETEMBRE (excepte vacances -tancat- i quan l\u2019Institut estigui tancat):<br \/>\nMAT\u00cd de 9h-13h de dilluns a divendres<br \/>\nLa Secretaria de l\u2019institut s\u2019ocupa de tots els aspectes de la&hellip;  <a href=\"https:\/\/agora.xtec.cat\/ies-vacarisses\/secretaria\/\" title=\"Read Horari d\u2019atenci\u00f3 al p\u00fablic\">Llegeix m\u00e9s\u00bb<\/a><\/p>\n","protected":false},"author":48,"featured_media":0,"parent":0,"menu_order":0,"comment_status":"closed","ping_status":"closed","template":"","meta":{"_bbp_topic_count":0,"_bbp_reply_count":0,"_bbp_total_topic_count":0,"_bbp_total_reply_count":0,"_bbp_voice_count":0,"_bbp_anonymous_reply_count":0,"_bbp_topic_count_hidden":0,"_bbp_reply_count_hidden":0,"_bbp_forum_subforum_count":0,"footnotes":""},"class_list":["post-7531","page","type-page","status-publish","hentry"],"post_mailing_queue_ids":[],"_links":{"self":[{"href":"https:\/\/agora.xtec.cat\/ies-vacarisses\/wp-json\/wp\/v2\/pages\/7531","targetHints":{"allow":["GET"]}}],"collection":[{"href":"https:\/\/agora.xtec.cat\/ies-vacarisses\/wp-json\/wp\/v2\/pages"}],"about":[{"href":"https:\/\/agora.xtec.cat\/ies-vacarisses\/wp-json\/wp\/v2\/types\/page"}],"author":[{"embeddable":true,"href":"https:\/\/agora.xtec.cat\/ies-vacarisses\/wp-json\/wp\/v2\/users\/48"}],"replies":[{"embeddable":true,"href":"https:\/\/agora.xtec.cat\/ies-vacarisses\/wp-json\/wp\/v2\/comments?post=7531"}],"version-history":[{"count":3,"href":"https:\/\/agora.xtec.cat\/ies-vacarisses\/wp-json\/wp\/v2\/pages\/7531\/revisions"}],"predecessor-version":[{"id":7538,"href":"https:\/\/agora.xtec.cat\/ies-vacarisses\/wp-json\/wp\/v2\/pages\/7531\/revisions\/7538"}],"wp:attachment":[{"href":"https:\/\/agora.xtec.cat\/ies-vacarisses\/wp-json\/wp\/v2\/media?parent=7531"}],"curies":[{"name":"wp","href":"https:\/\/api.w.org\/{rel}","templated":true}]}}