{"id":1326,"date":"2017-03-20T15:25:17","date_gmt":"2017-03-20T14:25:17","guid":{"rendered":"http:\/\/agora.xtec.cat\/ies-vacarisses\/?page_id=1326"},"modified":"2023-01-10T11:00:44","modified_gmt":"2023-01-10T10:00:44","slug":"instal%c2%b7lacions","status":"publish","type":"page","link":"https:\/\/agora.xtec.cat\/ies-vacarisses\/instal%c2%b7lacions\/","title":{"rendered":"Instal\u00b7lacions"},"content":{"rendered":"<p><span style=\"font-family: inherit; font-size: 1em;\">L&#8217; edifici principal cont\u00e9 fins a 25 aules, entre espais gen\u00e8rics (aules de grups tutoria per a mat\u00e8ries generals) i aules espec\u00edfiques (museu de les matem\u00e0tiques, laboratoris, taller de tecnologia, aula de m\u00fasica, de visual i pl\u00e0stica, d\u2019inform\u00e0tica i dues sales de reunions). A totes les aules es disposa de can\u00f3 de projecci\u00f3, altaveus i pissarres i tot l\u2019alumnat disposa d\u2019un port\u00e0til d\u2019\u00fas propi que facilita el centre.<\/span><\/p>\n<p>A m\u00e9s, el centre cont\u00e9 espais dedicats als serveis escolars com la biblioteca, la cantina i els despatxos dels diversos departaments did\u00e0ctics i de gesti\u00f3. Tamb\u00e9 reserva un espai per a la consergeria i altres serveis complementaris.<\/p>\n<p>El gimn\u00e0s \u00e9s un espai annex a l\u2019edifici principal i est\u00e0 connectat per una passarel\u00b7la superior amb aquest. La passarel\u00b7la delimita el pati general del centre. Aquest gimn\u00e0s est\u00e0 dissenyat per convertir-se en una sala d\u2019actes quan es requereix. El centre tamb\u00e9 disposa de dues pistes esportives amb els corresponents vestidors i lavabos, que s\u2019utilitzen a l\u2019hora del pati. La superf\u00edcie total d&#8217;espais interiors constru\u00efts \u00e9s de 4067,06 m<sup>2<\/sup>.<\/p>\n<div style=\"text-align: center;\">\r\n\t<div class=\"slideshow_container slideshow_container_style-light\" style=\"height: 300px; \" data-slideshow-id=\"7291\" data-style-name=\"style-light\" data-style-version=\"2.3.1\" >\r\n\r\n\t\t\t\t\t<div class=\"slideshow_loading_icon\"><\/div>\r\n\t\t\r\n\t\t<div class=\"slideshow_content\" style=\"display: none;\">\r\n\r\n\t\t\t<div class=\"slideshow_view\">\r\n\t\t\t\t<div class=\"slideshow_slide slideshow_slide_image\">\r\n\t\t\t\t\t\t\t\t\t\t\t<img src=\"https:\/\/agora.xtec.cat\/ies-vacarisses\/wp-content\/uploads\/usu603\/2023\/01\/WhatsApp-Image-2023-01-09-at-11.15.17.jpeg\" alt=\"WhatsApp Image 2023-01-09 at 11.15.17\" width=\"1600\" height=\"1200\" \/>\r\n\t\t\t\t\t\t\t\t\t\t<div class=\"slideshow_description_box slideshow_transparent\">\r\n\t\t\t\t\t\t<div class=\"slideshow_title\">WhatsApp Image 2023-01-09 at 11.15.17<\/div>\t\t\t\t\t\t\t\t\t\t\t<\/div>\r\n\t\t\t\t<\/div>\r\n\r\n\t\t\t\t\t\t<div style=\"clear: both;\"><\/div><\/div><div class=\"slideshow_view\">\r\n\t\t\t\t<div class=\"slideshow_slide slideshow_slide_image\">\r\n\t\t\t\t\t\t\t\t\t\t\t<img src=\"https:\/\/agora.xtec.cat\/ies-vacarisses\/wp-content\/uploads\/usu603\/2023\/01\/WhatsApp-Image-2023-01-09-at-11.15.28.jpeg\" alt=\"WhatsApp Image 2023-01-09 at 11.15.28\" width=\"1600\" height=\"1200\" \/>\r\n\t\t\t\t\t\t\t\t\t\t<div class=\"slideshow_description_box slideshow_transparent\">\r\n\t\t\t\t\t\t<div class=\"slideshow_title\">WhatsApp Image 2023-01-09 at 11.15.28<\/div>\t\t\t\t\t\t\t\t\t\t\t<\/div>\r\n\t\t\t\t<\/div>\r\n\r\n\t\t\t\t\t\t<div style=\"clear: both;\"><\/div><\/div><div class=\"slideshow_view\">\r\n\t\t\t\t<div class=\"slideshow_slide slideshow_slide_image\">\r\n\t\t\t\t\t\t\t\t\t\t\t<img src=\"https:\/\/agora.xtec.cat\/ies-vacarisses\/wp-content\/uploads\/usu603\/2023\/01\/WhatsApp-Image-2023-01-09-at-11.15.28-1.jpeg\" alt=\"WhatsApp Image 2023-01-09 at 11.15.28 (1)\" width=\"1600\" height=\"1200\" \/>\r\n\t\t\t\t\t\t\t\t\t\t<div class=\"slideshow_description_box slideshow_transparent\">\r\n\t\t\t\t\t\t<div class=\"slideshow_title\">WhatsApp Image 2023-01-09 at 11.15.28 (1)<\/div>\t\t\t\t\t\t\t\t\t\t\t<\/div>\r\n\t\t\t\t<\/div>\r\n\r\n\t\t\t\t\t\t<div style=\"clear: both;\"><\/div><\/div><div class=\"slideshow_view\">\r\n\t\t\t\t<div class=\"slideshow_slide slideshow_slide_image\">\r\n\t\t\t\t\t\t\t\t\t\t\t<img src=\"https:\/\/agora.xtec.cat\/ies-vacarisses\/wp-content\/uploads\/usu603\/2023\/01\/WhatsApp-Image-2023-01-09-at-11.15.28-2.jpeg\" alt=\"WhatsApp Image 2023-01-09 at 11.15.28 (2)\" width=\"1600\" height=\"1200\" \/>\r\n\t\t\t\t\t\t\t\t\t\t<div class=\"slideshow_description_box slideshow_transparent\">\r\n\t\t\t\t\t\t<div class=\"slideshow_title\">WhatsApp Image 2023-01-09 at 11.15.28 (2)<\/div>\t\t\t\t\t\t\t\t\t\t\t<\/div>\r\n\t\t\t\t<\/div>\r\n\r\n\t\t\t\t\t\t<div style=\"clear: both;\"><\/div><\/div><div class=\"slideshow_view\">\r\n\t\t\t\t<div class=\"slideshow_slide slideshow_slide_image\">\r\n\t\t\t\t\t\t\t\t\t\t\t<img src=\"https:\/\/agora.xtec.cat\/ies-vacarisses\/wp-content\/uploads\/usu603\/2023\/01\/WhatsApp-Image-2023-01-09-at-11.15.28-3.jpeg\" alt=\"WhatsApp Image 2023-01-09 at 11.15.28 (3)\" width=\"1600\" height=\"1200\" \/>\r\n\t\t\t\t\t\t\t\t\t\t<div class=\"slideshow_description_box slideshow_transparent\">\r\n\t\t\t\t\t\t<div class=\"slideshow_title\">WhatsApp Image 2023-01-09 at 11.15.28 (3)<\/div>\t\t\t\t\t\t\t\t\t\t\t<\/div>\r\n\t\t\t\t<\/div>\r\n\r\n\t\t\t\t\t\t<div style=\"clear: both;\"><\/div><\/div><div class=\"slideshow_view\">\r\n\t\t\t\t<div class=\"slideshow_slide slideshow_slide_image\">\r\n\t\t\t\t\t\t\t\t\t\t\t<img src=\"https:\/\/agora.xtec.cat\/ies-vacarisses\/wp-content\/uploads\/usu603\/2023\/01\/WhatsApp-Image-2023-01-09-at-11.15.29.jpeg\" alt=\"WhatsApp Image 2023-01-09 at 11.15.29\" width=\"1600\" height=\"1200\" \/>\r\n\t\t\t\t\t\t\t\t\t\t<div class=\"slideshow_description_box slideshow_transparent\">\r\n\t\t\t\t\t\t<div class=\"slideshow_title\">WhatsApp Image 2023-01-09 at 11.15.29<\/div>\t\t\t\t\t\t\t\t\t\t\t<\/div>\r\n\t\t\t\t<\/div>\r\n\r\n\t\t\t\t\t\t<div style=\"clear: both;\"><\/div><\/div><div class=\"slideshow_view\">\r\n\t\t\t\t<div class=\"slideshow_slide slideshow_slide_image\">\r\n\t\t\t\t\t\t\t\t\t\t\t<img src=\"https:\/\/agora.xtec.cat\/ies-vacarisses\/wp-content\/uploads\/usu603\/2023\/01\/WhatsApp-Image-2023-01-09-at-11.15.29-1.jpeg\" alt=\"WhatsApp Image 2023-01-09 at 11.15.29 (1)\" width=\"1600\" height=\"1200\" \/>\r\n\t\t\t\t\t\t\t\t\t\t<div class=\"slideshow_description_box slideshow_transparent\">\r\n\t\t\t\t\t\t<div class=\"slideshow_title\">WhatsApp Image 2023-01-09 at 11.15.29 (1)<\/div>\t\t\t\t\t\t\t\t\t\t\t<\/div>\r\n\t\t\t\t<\/div>\r\n\r\n\t\t\t\t\t\t<div style=\"clear: both;\"><\/div><\/div><div class=\"slideshow_view\">\r\n\t\t\t\t<div class=\"slideshow_slide slideshow_slide_image\">\r\n\t\t\t\t\t\t\t\t\t\t\t<img src=\"https:\/\/agora.xtec.cat\/ies-vacarisses\/wp-content\/uploads\/usu603\/2023\/01\/WhatsApp-Image-2023-01-09-at-11.15.29-2.jpeg\" alt=\"WhatsApp Image 2023-01-09 at 11.15.29 (2)\" width=\"1600\" height=\"1200\" \/>\r\n\t\t\t\t\t\t\t\t\t\t<div class=\"slideshow_description_box slideshow_transparent\">\r\n\t\t\t\t\t\t<div class=\"slideshow_title\">WhatsApp Image 2023-01-09 at 11.15.29 (2)<\/div>\t\t\t\t\t\t\t\t\t\t\t<\/div>\r\n\t\t\t\t<\/div>\r\n\r\n\t\t\t\t\t\t<div style=\"clear: both;\"><\/div><\/div><div class=\"slideshow_view\">\r\n\t\t\t\t<div class=\"slideshow_slide slideshow_slide_image\">\r\n\t\t\t\t\t\t\t\t\t\t\t<img src=\"https:\/\/agora.xtec.cat\/ies-vacarisses\/wp-content\/uploads\/usu603\/2023\/01\/WhatsApp-Image-2023-01-09-at-11.15.30.jpeg\" alt=\"WhatsApp Image 2023-01-09 at 11.15.30\" width=\"1600\" height=\"1200\" \/>\r\n\t\t\t\t\t\t\t\t\t\t<div class=\"slideshow_description_box slideshow_transparent\">\r\n\t\t\t\t\t\t<div class=\"slideshow_title\">WhatsApp Image 2023-01-09 at 11.15.30<\/div>\t\t\t\t\t\t\t\t\t\t\t<\/div>\r\n\t\t\t\t<\/div>\r\n\r\n\t\t\t\t\t\t<div style=\"clear: both;\"><\/div><\/div>\r\n\t\t<\/div>\r\n\r\n\t\t<div class=\"slideshow_controlPanel slideshow_transparent\" style=\"display: none;\"><ul><li class=\"slideshow_togglePlay\" data-play-text=\"Visualitza\" data-pause-text=\"Pausa\"><\/li><\/ul><\/div>\r\n\r\n\t\t<div class=\"slideshow_button slideshow_previous slideshow_transparent\" role=\"button\" data-previous-text=\"Anterior\" style=\"display: none;\"><\/div>\r\n\t\t<div class=\"slideshow_button slideshow_next slideshow_transparent\" role=\"button\" data-next-text=\"Seg\u00fcent\" style=\"display: none;\"><\/div>\r\n\r\n\t\t<div class=\"slideshow_pagination\" style=\"display: none;\" data-go-to-text=\"V\u00e9s a la diapositiva\"><div class=\"slideshow_pagination_center\"><\/div><\/div>\r\n\r\n\t\t<!-- WordPress Slideshow Version 2.3.1 -->\r\n\r\n\t\t\t<\/div>\r\n\r\n<\/div>\n","protected":false},"excerpt":{"rendered":"<p>L&#8217; edifici principal cont\u00e9 fins a 25 aules, entre espais gen\u00e8rics (aules de grups tutoria per a mat\u00e8ries generals) i aules espec\u00edfiques (museu de les matem\u00e0tiques, laboratoris, taller de tecnologia, aula de m\u00fasica, de visual i pl\u00e0stica, d\u2019inform\u00e0tica i dues sales de reunions). A totes&hellip;  <a href=\"https:\/\/agora.xtec.cat\/ies-vacarisses\/instal%c2%b7lacions\/\" title=\"Read Instal\u00b7lacions\">Llegeix m\u00e9s\u00bb<\/a><\/p>\n","protected":false},"author":1,"featured_media":0,"parent":0,"menu_order":0,"comment_status":"closed","ping_status":"closed","template":"","meta":{"_bbp_topic_count":0,"_bbp_reply_count":0,"_bbp_total_topic_count":0,"_bbp_total_reply_count":0,"_bbp_voice_count":0,"_bbp_anonymous_reply_count":0,"_bbp_topic_count_hidden":0,"_bbp_reply_count_hidden":0,"_bbp_forum_subforum_count":0,"footnotes":""},"class_list":["post-1326","page","type-page","status-publish","hentry"],"post_mailing_queue_ids":[],"_links":{"self":[{"href":"https:\/\/agora.xtec.cat\/ies-vacarisses\/wp-json\/wp\/v2\/pages\/1326","targetHints":{"allow":["GET"]}}],"collection":[{"href":"https:\/\/agora.xtec.cat\/ies-vacarisses\/wp-json\/wp\/v2\/pages"}],"about":[{"href":"https:\/\/agora.xtec.cat\/ies-vacarisses\/wp-json\/wp\/v2\/types\/page"}],"author":[{"embeddable":true,"href":"https:\/\/agora.xtec.cat\/ies-vacarisses\/wp-json\/wp\/v2\/users\/1"}],"replies":[{"embeddable":true,"href":"https:\/\/agora.xtec.cat\/ies-vacarisses\/wp-json\/wp\/v2\/comments?post=1326"}],"version-history":[{"count":3,"href":"https:\/\/agora.xtec.cat\/ies-vacarisses\/wp-json\/wp\/v2\/pages\/1326\/revisions"}],"predecessor-version":[{"id":7301,"href":"https:\/\/agora.xtec.cat\/ies-vacarisses\/wp-json\/wp\/v2\/pages\/1326\/revisions\/7301"}],"wp:attachment":[{"href":"https:\/\/agora.xtec.cat\/ies-vacarisses\/wp-json\/wp\/v2\/media?parent=1326"}],"curies":[{"name":"wp","href":"https:\/\/api.w.org\/{rel}","templated":true}]}}