{"id":11685,"date":"2025-07-08T10:48:28","date_gmt":"2025-07-08T08:48:28","guid":{"rendered":"https:\/\/agora.xtec.cat\/ies-vacarisses\/?page_id=11685"},"modified":"2025-07-09T17:01:33","modified_gmt":"2025-07-09T15:01:33","slug":"materials-i-pagaments-25-26","status":"publish","type":"page","link":"https:\/\/agora.xtec.cat\/ies-vacarisses\/materials-i-pagaments-25-26\/","title":{"rendered":"MATERIALS I PAGAMENTS 25-26"},"content":{"rendered":"<div>\n<div>\n<p><span style=\"font-size: 1.4375em; font-weight: bold;\">INFORMACIONS CURS 25-26<\/span><\/p>\n<\/div>\n<\/div>\n<div>\n<p style=\"text-align: left;\">El termini per a fer el <strong>pagament \u00e9s fins al 31 d\u2019agost,<\/strong> si teniu qualsevol dubte, dificultat per fer el pagament o pagament pendent, poseu-vos en contacte amb Secretaria (<strong>secretariacentre@insvacarisses.cat o 93 828 03 22<\/strong>) tan aviat com sigui possible.<\/p>\n<p style=\"text-align: left;\">Recordeu que aquest curs s\u2019utilitzen llibres digitals i quaderns d&#8217;exercicis.<\/p>\n<p><strong>NOTA VALS ESCOLARS:\u00a0 <\/strong><\/p>\n<p><span style=\"font-family: inherit; font-size: 1em;\">El dilluns <\/span><strong style=\"font-family: inherit; font-size: 1em;\">dia 16 de juny<\/strong><span style=\"font-family: inherit; font-size: 1em;\"> s\u2019inici\u00e0 la campanya d\u2019ajuts per a material escolar per al curs 2025-2026 i les fam\u00edlies benefici\u00e0ries haur\u00edeu d&#8217;haver comen\u00e7at a rebre els vals als vostres domicilis i els podeu activar a trav\u00e9s de la web del val escolar <\/span><a style=\"font-family: inherit; font-size: 1em;\" href=\"https:\/\/valescolar.cat\/\" data-saferedirecturl=\"https:\/\/www.google.com\/url?q=https:\/\/valescolar.cat\/&amp;source=gmail&amp;ust=1752049845595000&amp;usg=AOvVaw1vcAlzG6yaD2085OZFY3A2\">https:\/\/valescolar.cat\/<\/a><span style=\"font-family: inherit; font-size: 1em;\"> i que es poden cedir al centre on es matricular\u00e0 l&#8217;alumne o alumna al curs 2025-2026\u00a0<\/span><strong style=\"font-family: inherit; font-size: 1em;\"> fins al 19 de setembre<\/strong><span style=\"font-family: inherit; font-size: 1em;\">, Superada aquesta data s&#8217;hauran de bescanviar obligat\u00f2riament en establiments adherits a la campanya. <\/span><strong style=\"font-family: inherit; font-size: 1em;\">La cessi\u00f3 de vals escolars \u00e9s irreversible.<\/strong><\/p>\n<\/div>\n<p>Tant si ens el cediu com si no, <strong>s&#8217;ha d&#8217;utilitzar abans del 30 de novembre de 2025<\/strong>.<\/p>\n<p>Tot i que teniu l&#8217;opci\u00f3 de la cessi\u00f3 de vals al centre la gesti\u00f3 del Val Escolar per part del centre, suposa per a nosaltres un esfor\u00e7 a la gesti\u00f3 econ\u00f2mica, ja que el fet d&#8217;haver d&#8217;utilitzar el Val Escolar cedit al centre per les fam\u00edlies abans del 30 de novembre, <strong>ens dificulta com a Institut la compra de material escolar al llarg del curs<\/strong>. Per aquest fet, us demanem, si ho veieu possible, que <strong>no ens cediu m\u00e9s d&#8217;un dels dos Vals Escolars<\/strong> i que feu l&#8217;ingr\u00e9s de la resta d&#8217;aportaci\u00f3 econ\u00f2mica. D&#8217;aquesta manera, tindrem un romanent de diners com a centre per comprar material que s&#8217;hagi de reposar o de comprar de nou a partir del 30 de novembre. El Val Escolar que no ens cediu, el podeu utilitzar per comprar el material educatiu que vosaltres considereu.<\/p>\n<p>En qualsevol cas al moment de fer el pagament indicat m\u00e9s avall haureu de descomptar la quantitat que h\u00e0giu cedit amb el val.<\/p>\n<p><span style=\"font-family: inherit; font-size: 1em;\">Qualsevol dubte o aclariment, restem a la vostra disposici\u00f3.<\/span><\/p>\n<div>\n<p>Enlla\u00e7os a les comunicacions de pagaments:<\/p>\n<p><a href=\"https:\/\/drive.google.com\/file\/d\/1zhkK1DAm0eS-4xh3P5Ya-9shbzmxlW7M\/view?usp=drive_link\">1r d\u2019ESO<\/a>\u00a0 \u00a0 \u00a0 \u00a0 \u00a0 \u00a0 \u00a0\u00a0<a href=\"https:\/\/drive.google.com\/file\/d\/1nTu8RcldYNK4aXktLLmM0KQ49SrXBDgq\/view?usp=drive_link\">2n d\u2019ESO<\/a>\u00a0 \u00a0 \u00a0 \u00a0 \u00a0 \u00a0\u00a0<a href=\"https:\/\/drive.google.com\/file\/d\/1uVLAA2hJwpg3q1HB0x_vYcMLAQjXLgz1\/view?usp=drive_link\">3r d\u2019ESO<\/a>\u00a0 \u00a0 \u00a0 \u00a0 \u00a0 \u00a0<a href=\"https:\/\/drive.google.com\/file\/d\/1GIMdyzEv16-Ee7Hd0p_SSN-I5pLvg5Zf\/view?usp=drive_link\">4t d\u2019ESO<\/a>\u00a0 \u00a0 \u00a0 \u00a0<a href=\"https:\/\/drive.google.com\/file\/d\/162TI8B37s1v1rJ6rvM-vwekJL9VRcIIg\/view?usp=drive_link\">1r Batxillerat<\/a>\u00a0 \u00a0 \u00a0 \u00a0 \u00a0\u00a0<a href=\"https:\/\/drive.google.com\/file\/d\/1XoyymMYzHUXJf_raY6xK4Zs--KbFDTzv\/view?usp=drive_link\">2n Batxillerat<\/a><\/p>\n<\/div>\n<p style=\"text-align: left;\">Llistats de material i llibres per al curs 2025-2026:<\/p>\n<p><a href=\"https:\/\/drive.google.com\/file\/d\/1UTKgeCK70O_RsRKXX65bByE5-6YMVhxt\/view?usp=drive_link\">1r ESO<\/a>\u00a0 \u00a0 \u00a0 \u00a0 <a href=\"https:\/\/drive.google.com\/file\/d\/1hl2VxOShZdKwhUT6jVyL9CBMH1D11FZt\/view?usp=drive_link\">2n ESO<\/a>\u00a0 \u00a0 \u00a0 \u00a0 <a href=\"https:\/\/drive.google.com\/file\/d\/1hBe8r9xhIlWPCqh8l74ybGcDl5KfzFg_\/view?usp=drive_link\">3r ESO<\/a>\u00a0 \u00a0 \u00a0 \u00a0 \u00a0<a href=\"https:\/\/drive.google.com\/file\/d\/1RSe0FLl0KKPuw1XzNCwl1Dg1y5y72BC-\/view?usp=drive_link\">4t ESO<\/a>\u00a0 \u00a0 \u00a0 \u00a0<a href=\"https:\/\/drive.google.com\/file\/d\/1_hJNEHJJXiRSrZQSn90gQ9Qr5pg4Tjpi\/view?usp=drive_link\">1r Batxillerat<\/a>\u00a0 \u00a0 \u00a0 \u00a0 <a href=\"https:\/\/drive.google.com\/file\/d\/1IMiq6NkLSZW3Pd5ZQQpE4ZxJClkfDNfQ\/view?usp=drive_link\">2n Batxillerat<\/a><\/p>\n","protected":false},"excerpt":{"rendered":"<p>INFORMACIONS CURS 25-26<\/p>\n<p>El termini per a fer el pagament \u00e9s fins al 31 d\u2019agost, si teniu qualsevol dubte, dificultat per fer el pagament o pagament pendent, poseu-vos en contacte amb Secretaria (secretariacentre@insvacarisses.cat o 93 828 03 22) tan aviat com sigui possible.<br \/>\nRecordeu que aquest curs&hellip;  <a href=\"https:\/\/agora.xtec.cat\/ies-vacarisses\/materials-i-pagaments-25-26\/\" title=\"Read MATERIALS I PAGAMENTS 25-26\">Llegeix m\u00e9s\u00bb<\/a><\/p>\n","protected":false},"author":45,"featured_media":0,"parent":0,"menu_order":0,"comment_status":"closed","ping_status":"closed","template":"","meta":{"_bbp_topic_count":0,"_bbp_reply_count":0,"_bbp_total_topic_count":0,"_bbp_total_reply_count":0,"_bbp_voice_count":0,"_bbp_anonymous_reply_count":0,"_bbp_topic_count_hidden":0,"_bbp_reply_count_hidden":0,"_bbp_forum_subforum_count":0,"footnotes":""},"class_list":["post-11685","page","type-page","status-publish","hentry"],"post_mailing_queue_ids":[],"_links":{"self":[{"href":"https:\/\/agora.xtec.cat\/ies-vacarisses\/wp-json\/wp\/v2\/pages\/11685","targetHints":{"allow":["GET"]}}],"collection":[{"href":"https:\/\/agora.xtec.cat\/ies-vacarisses\/wp-json\/wp\/v2\/pages"}],"about":[{"href":"https:\/\/agora.xtec.cat\/ies-vacarisses\/wp-json\/wp\/v2\/types\/page"}],"author":[{"embeddable":true,"href":"https:\/\/agora.xtec.cat\/ies-vacarisses\/wp-json\/wp\/v2\/users\/45"}],"replies":[{"embeddable":true,"href":"https:\/\/agora.xtec.cat\/ies-vacarisses\/wp-json\/wp\/v2\/comments?post=11685"}],"version-history":[{"count":5,"href":"https:\/\/agora.xtec.cat\/ies-vacarisses\/wp-json\/wp\/v2\/pages\/11685\/revisions"}],"predecessor-version":[{"id":11693,"href":"https:\/\/agora.xtec.cat\/ies-vacarisses\/wp-json\/wp\/v2\/pages\/11685\/revisions\/11693"}],"wp:attachment":[{"href":"https:\/\/agora.xtec.cat\/ies-vacarisses\/wp-json\/wp\/v2\/media?parent=11685"}],"curies":[{"name":"wp","href":"https:\/\/api.w.org\/{rel}","templated":true}]}}