{"id":8529,"date":"2022-07-11T16:21:30","date_gmt":"2022-07-11T14:21:30","guid":{"rendered":"https:\/\/agora.xtec.cat\/ies-severo-ochoa\/?page_id=8529"},"modified":"2025-07-06T20:22:42","modified_gmt":"2025-07-06T18:22:42","slug":"matricula-cf-grau-superior","status":"publish","type":"page","link":"https:\/\/agora.xtec.cat\/ies-severo-ochoa\/matricula-cf-grau-superior\/","title":{"rendered":"Matr\u00edcula CF GRAU SUPERIOR"},"content":{"rendered":"<table style=\"width: 95.6364%; border-collapse: collapse; border-color: #000000; border-style: solid; height: 79px;\">\n<tbody>\n<tr>\n<td style=\"width: 100%;\">\n<h4><span style=\"color: #ff0000;\"><span style=\"font-size: 18pt;\"><a href=\"https:\/\/docs.google.com\/document\/d\/1KOVZwQO-pfag_UTDVTRVLMFTR-nci11d\/edit?usp=sharing&amp;ouid=110745477713077743557&amp;rtpof=true&amp;sd=true\">Informaci\u00f3 formalitzaci\u00f3 matr\u00edcula CFGS per l\u2019alumnat de nova incorporaci\u00f3<\/a> <span style=\"font-size: 12pt;\">(Important llegir abans d&#8217;emplenar el formulari)<\/span><br \/>\n<\/span><\/span><\/h4>\n<\/td>\n<\/tr>\n<\/tbody>\n<\/table>\n<p><a href=\"https:\/\/docs.google.com\/document\/d\/1qnu9bWu_xRiYc98vEe8yQXfjT8xzTnGc\/edit?usp=drive_link&amp;ouid=109043428648344328003&amp;rtpof=true&amp;sd=true\"><span style=\"font-size: 14pt;\"><strong><span style=\"color: #000000;\">Instruccions pagament preu p\u00fablic<\/span><\/strong><\/span><\/a><\/p>\n<p>Acc\u00e9s al <a href=\"https:\/\/docs.google.com\/forms\/d\/e\/1FAIpQLSfy97I8g4ihpPKyvqaFZbbPjeEUhf5c4FgtO0yPZ-eIfEkaDQ\/viewform?usp=dialog\"><span style=\"color: #0000ff;\"><strong>FORMULARI de matriculaci\u00f3<\/strong><\/span><\/a><\/p>\n<p><em><span style=\"text-decoration: underline;\">Documentaci\u00f3 a annexar al formulari:<\/span><\/em><\/p>\n<ul>\n<li><a href=\"https:\/\/drive.google.com\/file\/d\/1EqAq2iFMVZnJhluUguU9Gq28qa5Gl19V\/view?usp=drive_link\"><span style=\"color: #339966;\"><strong>Sol.licitud de matr\u00edcula CFGS Administraci\u00f3 i finances<\/strong><\/span><\/a><\/li>\n<li><a href=\"https:\/\/drive.google.com\/file\/d\/1GYOQA7-LCOmeZfqRPBdjaRxytA6zA4Oe\/view?usp=sharing\"><span style=\"color: #339966;\"><strong>Sol.licitud de matr\u00edcula CFGS Mediaci\u00f3 comunicativa<\/strong><\/span><\/a><\/li>\n<li><a href=\"https:\/\/drive.google.com\/file\/d\/1dpPSOTysC0-rScZgJ95hh-XlLedD78XV\/view?usp=drive_link\"><span style=\"color: #339966;\"><strong>Sol.licitud de matr\u00edcula CFGS Educaci\u00f3 infantil<\/strong><\/span><\/a><\/li>\n<li><a href=\"https:\/\/drive.google.com\/file\/d\/1G7oodghKIb1JYhfIL7JRA_oi-NL_La3b\/view?usp=drive_link\"><span style=\"color: #339966;\"><strong>Sol.licitud de matr\u00edcula CFGS Integraci\u00f3 social<\/strong><\/span><\/a><\/li>\n<li><a href=\"https:\/\/drive.google.com\/file\/d\/1ikV60xtM3zxL7v2ABj5gKlwR8LMQGE7p\/view?usp=drive_link\"><span style=\"color: #339966;\"><strong>Sol.licitud de matr\u00edcula CFGS Animaci\u00f3 sociocultural i tur\u00edstica<\/strong><\/span><\/a><\/li>\n<li><a href=\"https:\/\/drive.google.com\/file\/d\/18bgJUz2y15m9ZPeabq4Dhg_fmYrp2tQq\/view?usp=drive_link\"><span style=\"color: #339966;\"><strong>Sol.licitud de matr\u00edcula CFGS Fabricaci\u00f3 de productes farmac\u00e8utics, biotecnol\u00f2gics i afins<\/strong><\/span><\/a><\/li>\n<li><a href=\"https:\/\/drive.google.com\/file\/d\/1s-1_MLfNEaVmxghNVuZ1UI8nuT_THDAn\/view?usp=drive_link\"><span style=\"color: #339966;\"><strong>Sol.licitud de matr\u00edcula CFGS Laboratori d&#8217;an\u00e0lisi i control de qualitat<\/strong><\/span><\/a><\/li>\n<li><span style=\"color: #339966;\"><strong>Sol.licitud de matr\u00edcula <\/strong><\/span><span class=\"H2Gmcc tyNBNd\" role=\"presentation\"><span class=\"aDTYNe snByac OvPDhc OIC90c\" dir=\"auto\"><strong><span style=\"color: #99cc00;\"><span style=\"color: #339966;\">ESCS TEA0 T\u00e8cniques d&#8217;actuaci\u00f3 teatral<\/span><\/span><\/strong><\/span><\/span><\/li>\n<\/ul>\n<p><span style=\"color: #000000;\"><strong>ALTRA INFORMACI\u00d3<\/strong>:<\/span><\/p>\n<ul>\n<li><a href=\"https:\/\/drive.google.com\/file\/d\/1tCEUpq9OSU_5RpbLU0cxNWwzBWqgBB9p\/view?usp=sharing\"><span style=\"color: #0000ff;\"><strong> Comprom\u00eds i acceptaci\u00f3 de les condicions de la formaci\u00f3 dual intensiva<\/strong><\/span><\/a><\/li>\n<li><span style=\"color: #0000ff;\"><strong><a style=\"color: #0000ff;\" href=\"https:\/\/drive.google.com\/file\/d\/1CDEG7yhJOtvq5wJ-qd-P96D0NB5CUo1o\/view?usp=drive_link\">Pagaments addicionals cicles de Qu\u00edmica<\/a><\/strong><\/span> <strong><span style=\"font-size: 8pt; color: #000000;\"><a style=\"color: #000000;\" href=\"https:\/\/drive.google.com\/file\/d\/1cP05HjMpJ0MCqxClWe3v00D_yHZ_d3WJ\/view?usp=drive_link\"> (Per l&#8217;alumnat que es matricula dels cicles formatius de la fam\u00edlia de Qu\u00edmica)<\/a><\/span><\/strong><\/li>\n<\/ul>\n","protected":false},"excerpt":{"rendered":"<p><a href=\"https:\/\/docs.google.com\/document\/d\/1KOVZwQO-pfag_UTDVTRVLMFTR-nci11d\/edit?usp=sharing&amp;ouid=110745477713077743557&amp;rtpof=true&amp;sd=true\">Informaci\u00f3 formalitzaci\u00f3 matr\u00edcula CFGS per l\u2019alumnat de nova incorporaci\u00f3<\/a> (Important llegir abans d&#8217;emplenar el formulari)<\/p>\n<p><a href=\"https:\/\/docs.google.com\/document\/d\/1qnu9bWu_xRiYc98vEe8yQXfjT8xzTnGc\/edit?usp=drive_link&amp;ouid=109043428648344328003&amp;rtpof=true&amp;sd=true\">Instruccions pagament preu p\u00fablic<\/a><br \/>\nAcc\u00e9s al <a href=\"https:\/\/docs.google.com\/forms\/d\/e\/1FAIpQLSfy97I8g4ihpPKyvqaFZbbPjeEUhf5c4FgtO0yPZ-eIfEkaDQ\/viewform?usp=dialog\">FORMULARI de matriculaci\u00f3<\/a><br \/>\nDocumentaci\u00f3 a annexar al formulari:<\/p>\n<ul>\n<li><a href=\"https:\/\/drive.google.com\/file\/d\/1EqAq2iFMVZnJhluUguU9Gq28qa5Gl19V\/view?usp=drive_link\">Sol.licitud de matr\u00edcula CFGS Administraci\u00f3 i finances<\/a><\/li>\n<li><a href=\"https:\/\/drive.google.com\/file\/d\/1GYOQA7-LCOmeZfqRPBdjaRxytA6zA4Oe\/view?usp=sharing\">Sol.licitud de matr\u00edcula CFGS Mediaci\u00f3 comunicativa<\/a><\/li>\n<li><a href=\"https:\/\/drive.google.com\/file\/d\/1dpPSOTysC0-rScZgJ95hh-XlLedD78XV\/view?usp=drive_link\">Sol.licitud de matr\u00edcula&hellip;  <a href=\"https:\/\/agora.xtec.cat\/ies-severo-ochoa\/matricula-cf-grau-superior\/\" title=\"Read Matr\u00edcula CF GRAU SUPERIOR\">Llegeix m\u00e9s\u00bb<\/a><br \/>\n","protected":false},"author":154,"featured_media":0,"parent":0,"menu_order":0,"comment_status":"closed","ping_status":"closed","template":"page-templates\/side-menu.php","meta":{"_bbp_topic_count":0,"_bbp_reply_count":0,"_bbp_total_topic_count":0,"_bbp_total_reply_count":0,"_bbp_voice_count":0,"_bbp_anonymous_reply_count":0,"_bbp_topic_count_hidden":0,"_bbp_reply_count_hidden":0,"_bbp_forum_subforum_count":0,"footnotes":""},"class_list":["post-8529","page","type-page","status-publish","hentry"],"post_mailing_queue_ids":[],"_links":{"self":[{"href":"https:\/\/agora.xtec.cat\/ies-severo-ochoa\/wp-json\/wp\/v2\/pages\/8529","targetHints":{"allow":["GET"]}}],"collection":[{"href":"https:\/\/agora.xtec.cat\/ies-severo-ochoa\/wp-json\/wp\/v2\/pages"}],"about":[{"href":"https:\/\/agora.xtec.cat\/ies-severo-ochoa\/wp-json\/wp\/v2\/types\/page"}],"author":[{"embeddable":true,"href":"https:\/\/agora.xtec.cat\/ies-severo-ochoa\/wp-json\/wp\/v2\/users\/154"}],"replies":[{"embeddable":true,"href":"https:\/\/agora.xtec.cat\/ies-severo-ochoa\/wp-json\/wp\/v2\/comments?post=8529"}],"version-history":[{"count":7,"href":"https:\/\/agora.xtec.cat\/ies-severo-ochoa\/wp-json\/wp\/v2\/pages\/8529\/revisions"}],"predecessor-version":[{"id":11287,"href":"https:\/\/agora.xtec.cat\/ies-severo-ochoa\/wp-json\/wp\/v2\/pages\/8529\/revisions\/11287"}],"wp:attachment":[{"href":"https:\/\/agora.xtec.cat\/ies-severo-ochoa\/wp-json\/wp\/v2\/media?parent=8529"}],"curies":[{"name":"wp","href":"https:\/\/api.w.org\/{rel}","templated":true}]}}