{"id":8485,"date":"2022-07-05T13:56:10","date_gmt":"2022-07-05T11:56:10","guid":{"rendered":"https:\/\/agora.xtec.cat\/ies-severo-ochoa\/?page_id=8485"},"modified":"2025-07-06T20:16:22","modified_gmt":"2025-07-06T18:16:22","slug":"matricula-cfgm-informacio-formalitzacio-matricula-per-lalumnat-de-nova-incorporacio","status":"publish","type":"page","link":"https:\/\/agora.xtec.cat\/ies-severo-ochoa\/secretaria\/matricula-eso-2022-2023-alumnat-nova-incorporacio\/matricula-cfgm-informacio-formalitzacio-matricula-per-lalumnat-de-nova-incorporacio\/","title":{"rendered":"Matr\u00edcula CF GRAU MITJ\u00c0"},"content":{"rendered":"<div class=\"entry-content\">\n<table style=\"width: 95.6327%;\">\n<tbody>\n<tr>\n<td style=\"width: 100%;\">\n<h4><a href=\"https:\/\/docs.google.com\/document\/d\/166fwgLNMZ4HMUX5W4aXSaZ8mu4tWam3c\/edit?usp=sharing&amp;ouid=110745477713077743557&amp;rtpof=true&amp;sd=true\"><span style=\"font-size: 18pt; color: #ff0000;\">Informaci\u00f3 formalitzaci\u00f3 matr\u00edcula CFGM per l\u2019alumnat de nova incorporaci\u00f3<\/span><\/a><\/h4>\n<\/td>\n<\/tr>\n<\/tbody>\n<\/table>\n<p>Acc\u00e9s al <a href=\"https:\/\/docs.google.com\/forms\/d\/e\/1FAIpQLScGrF4mOu1j1-IASZ0DikY2uTrwZmVBzqc4PW-_hzY2Dd3hVA\/viewform?usp=dialog\"><strong>FORMULARI de matriculaci\u00f3<\/strong><\/a><\/p>\n<p>Acc\u00e9s <a href=\"https:\/\/tpv.severoochoa.cat\/activitats\/llistat\/57\"><span style=\"color: #0000ff;\"><strong>plataforma de pagament Quota de centre<\/strong><\/span><\/a><\/p>\n<p>Acc\u00e9s <a href=\"https:\/\/tpv.severoochoa.cat\/activitats\/llistat\/7\"><span style=\"color: #0000ff;\"><strong>plataforma pagaments complemetaris Cicles Formatius de la fam\u00edlia de Qu\u00edmica<\/strong><\/span><\/a><\/p>\n<p><span style=\"color: #ff0000;\"><strong><span style=\"font-size: 18pt;\">Important:<\/span> No envieu la documentaci\u00f3 per mail. L\u2019heu d\u2019annexar al formulari en els apartats indicats<\/strong><\/span><\/p>\n<p><strong><em>Documentaci\u00f3 annexa:<\/em><\/strong><\/p>\n<ul>\n<li><a href=\"https:\/\/drive.google.com\/file\/d\/17wyeMCY3g_QgwlznWZdWNn82OusscXh3\/view?usp=drive_link\"><strong>Sol.licitud matr\u00edcula CFGM QU20 Operacions de laboratori<\/strong><\/a><\/li>\n<li><a href=\"https:\/\/drive.google.com\/file\/d\/1Vscpt57GbnkKzy7qhRZ3gCKNIItNPSl2\/view?usp=drive_link\"><strong>Sol.licitud matr\u00edcula CFGM AG10 Gesti\u00f3 administrativa<\/strong><\/a><\/li>\n<li><a href=\"https:\/\/drive.google.com\/file\/d\/1YLJOTrZHXE3aQzUdixXyZx34eDckUloc\/view?usp=drive_link\"><strong>Sol.licitud matr\u00edcula CFGM AG12 Gesti\u00f3 administrativa (\u00e0mbit sanitari)<\/strong><\/a><\/li>\n<li><a href=\"https:\/\/drive.google.com\/file\/d\/1PmpGgx4qbLHeT2mfJ6wKIO74lHZD-2r7\/view?usp=sharing\"><strong>Sol.licitud matr\u00edcula CFGM SC10 Atenci\u00f3 a persones en situaci\u00f3 de depend\u00e8ncia<\/strong><\/a><\/li>\n<li><a href=\"https:\/\/drive.google.com\/file\/d\/1jq2vjfMcW6pwRhkvPdG-27PT3LyuKH-q\/view?usp=drive_link\"><strong>Sol.licitud matr\u00edcula CFGM QU11 Planta qu\u00edmica, perfil professional productes farmac\u00e8utics i cosm\u00e8tics<\/strong><\/a><\/li>\n<li><a href=\"https:\/\/drive.google.com\/file\/d\/1SwdLzjnlxCH7ByIw-GSa4Zki95idDKZG\/view?usp=drive_link\"><strong>Autoritzaci\u00f3 per a l&#8217;\u00fas de recursos digitals alumnat menor d&#8217;edat<\/strong><\/a><\/li>\n<\/ul>\n<p><em><strong>Altra informaci\u00f3<\/strong><\/em>:<\/p>\n<ul>\n<li><a href=\"https:\/\/drive.google.com\/file\/d\/1CDEG7yhJOtvq5wJ-qd-P96D0NB5CUo1o\/view?usp=sharing\"><strong>Informaci\u00f3 pagaments complementaris CCFF de la fam\u00edlia de Qu\u00edmica<\/strong><\/a><\/li>\n<\/ul>\n<\/div>\n","protected":false},"excerpt":{"rendered":"<p><a href=\"https:\/\/docs.google.com\/document\/d\/166fwgLNMZ4HMUX5W4aXSaZ8mu4tWam3c\/edit?usp=sharing&amp;ouid=110745477713077743557&amp;rtpof=true&amp;sd=true\">Informaci\u00f3 formalitzaci\u00f3 matr\u00edcula CFGM per l\u2019alumnat de nova incorporaci\u00f3<\/a><\/p>\n<p>Acc\u00e9s al <a href=\"https:\/\/docs.google.com\/forms\/d\/e\/1FAIpQLScGrF4mOu1j1-IASZ0DikY2uTrwZmVBzqc4PW-_hzY2Dd3hVA\/viewform?usp=dialog\">FORMULARI de matriculaci\u00f3<\/a><br \/>\nAcc\u00e9s <a href=\"https:\/\/tpv.severoochoa.cat\/activitats\/llistat\/57\">plataforma de pagament Quota de centre<\/a><br \/>\nAcc\u00e9s <a href=\"https:\/\/tpv.severoochoa.cat\/activitats\/llistat\/7\">plataforma pagaments complemetaris Cicles Formatius de la fam\u00edlia de Qu\u00edmica<\/a><br \/>\nImportant: No envieu la documentaci\u00f3 per mail. L\u2019heu d\u2019annexar al formulari en els&hellip;  <a href=\"https:\/\/agora.xtec.cat\/ies-severo-ochoa\/secretaria\/matricula-eso-2022-2023-alumnat-nova-incorporacio\/matricula-cfgm-informacio-formalitzacio-matricula-per-lalumnat-de-nova-incorporacio\/\" title=\"Read Matr\u00edcula CF GRAU MITJ\u00c0\">Llegeix m\u00e9s\u00bb<\/a><\/p>\n","protected":false},"author":154,"featured_media":0,"parent":8276,"menu_order":0,"comment_status":"closed","ping_status":"closed","template":"page-templates\/side-menu.php","meta":{"_bbp_topic_count":0,"_bbp_reply_count":0,"_bbp_total_topic_count":0,"_bbp_total_reply_count":0,"_bbp_voice_count":0,"_bbp_anonymous_reply_count":0,"_bbp_topic_count_hidden":0,"_bbp_reply_count_hidden":0,"_bbp_forum_subforum_count":0,"footnotes":""},"class_list":["post-8485","page","type-page","status-publish","hentry"],"post_mailing_queue_ids":[],"_links":{"self":[{"href":"https:\/\/agora.xtec.cat\/ies-severo-ochoa\/wp-json\/wp\/v2\/pages\/8485","targetHints":{"allow":["GET"]}}],"collection":[{"href":"https:\/\/agora.xtec.cat\/ies-severo-ochoa\/wp-json\/wp\/v2\/pages"}],"about":[{"href":"https:\/\/agora.xtec.cat\/ies-severo-ochoa\/wp-json\/wp\/v2\/types\/page"}],"author":[{"embeddable":true,"href":"https:\/\/agora.xtec.cat\/ies-severo-ochoa\/wp-json\/wp\/v2\/users\/154"}],"replies":[{"embeddable":true,"href":"https:\/\/agora.xtec.cat\/ies-severo-ochoa\/wp-json\/wp\/v2\/comments?post=8485"}],"version-history":[{"count":8,"href":"https:\/\/agora.xtec.cat\/ies-severo-ochoa\/wp-json\/wp\/v2\/pages\/8485\/revisions"}],"predecessor-version":[{"id":11325,"href":"https:\/\/agora.xtec.cat\/ies-severo-ochoa\/wp-json\/wp\/v2\/pages\/8485\/revisions\/11325"}],"up":[{"embeddable":true,"href":"https:\/\/agora.xtec.cat\/ies-severo-ochoa\/wp-json\/wp\/v2\/pages\/8276"}],"wp:attachment":[{"href":"https:\/\/agora.xtec.cat\/ies-severo-ochoa\/wp-json\/wp\/v2\/media?parent=8485"}],"curies":[{"name":"wp","href":"https:\/\/api.w.org\/{rel}","templated":true}]}}