{"id":8348,"date":"2022-06-20T22:00:42","date_gmt":"2022-06-20T20:00:42","guid":{"rendered":"https:\/\/agora.xtec.cat\/ies-severo-ochoa\/?page_id=8348"},"modified":"2025-06-16T23:36:24","modified_gmt":"2025-06-16T21:36:24","slug":"matricula-batxillerat-alumnat-de-4t-eso-que-accedeix-a-1r-batxillerat","status":"publish","type":"page","link":"https:\/\/agora.xtec.cat\/ies-severo-ochoa\/secretaria\/matricula-2022-2023\/matricula-batxillerat-alumnat-de-4t-eso-que-accedeix-a-1r-batxillerat\/","title":{"rendered":"Matr\u00edcula Batxillerat (Alumnat 4t ESO que accedeix a 1r Batx)"},"content":{"rendered":"<table style=\"width: 95.0875%; height: 10px;\">\n<tbody>\n<tr style=\"height: 10px;\">\n<td style=\"height: 10px;\">\n<h4><a href=\"https:\/\/docs.google.com\/document\/d\/1tdF4K4S0gG4ttl1SyH7pewe-m3-_AJIb\/edit?usp=drive_link&amp;ouid=110745477713077743557&amp;rtpof=true&amp;sd=true\">Informaci\u00f3 per a la formalitzaci\u00f3 de la matr\u00edcula<\/a><\/h4>\n<\/td>\n<\/tr>\n<\/tbody>\n<\/table>\n<p>Acc\u00e9s al <a href=\"https:\/\/docs.google.com\/forms\/d\/e\/1FAIpQLSeJI0AgVfiO5KxvIMm_Y7HAv6OLvHfy_BlCMPE0QRN4_-wkLA\/viewform?usp=dialog\"><strong>f<\/strong><strong>ormulari de matriculaci\u00f3<\/strong><\/a> (hauran d\u2019emplenar el formulari i adjuntar la documentaci\u00f3 sol.licitada tan sols l\u2019alumnat del centre que ha cursat 4t ESO durant el curs actual<strong><br \/>\n<\/strong><\/p>\n<p><a href=\"https:\/\/drive.google.com\/file\/d\/1jCcmTRAHwqIaFWfFvvcPjFdsfbZ7rGdm\/view?usp=drive_link\">Informaci\u00f3 AMPA<\/a><\/p>\n<p><em>Documentaci\u00f3 annexa:<\/em><\/p>\n<ul>\n<li><a href=\"https:\/\/drive.google.com\/file\/d\/1opoRv3xI6hzh8wanaqoCFiZKHyHnP-Ej\/view?usp=drive_link\">Sol.licitud de matr\u00edcula<\/a><\/li>\n<li><a href=\"https:\/\/drive.google.com\/file\/d\/1SwdLzjnlxCH7ByIw-GSa4Zki95idDKZG\/view?usp=drive_link\">Autoritzaci\u00f3 \u00fas recursos digitals alumnat de 14 a 17 anys<\/a><\/li>\n<li><a href=\"https:\/\/drive.google.com\/file\/d\/1HBjECDZu2iPyj0fwt2OeHkpA0MArxDOH\/view?usp=sharing\">Full de tria provisional mat\u00e8ries optatives\/modalitat<\/a><\/li>\n<li><a href=\"https:\/\/drive.google.com\/file\/d\/1COVSXRwirWsP5Xay5ch7Ah4QRgChKcKv\/view?usp=drive_link\">Pagament Quota AMPA<\/a><\/li>\n<li><a href=\"https:\/\/tpv.severoochoa.cat\/activitats\/llistat\/57\">Pagament Quota centre<\/a><\/li>\n<\/ul>\n<div><span style=\"color: #ff0000;\"><em><strong>Important: <\/strong><\/em><\/span><\/div>\n<div><\/div>\n<div><span style=\"color: #ff0000;\"><em><strong>No envieu la documentaci\u00f3 per mail. L\u2019heu d\u2019annexar al formulari en els apartats indicats.\u00a0 <\/strong><\/em><\/span><\/div>\n<div><span style=\"color: #ff0000;\"><em><strong>Recordeu que per poder emplenar el document de sol\u00b7licitud de matr\u00edcula us l\u2019heu de descarregar<\/strong><\/em><\/span><\/div>\n","protected":false},"excerpt":{"rendered":"<p><a href=\"https:\/\/docs.google.com\/document\/d\/1tdF4K4S0gG4ttl1SyH7pewe-m3-_AJIb\/edit?usp=drive_link&amp;ouid=110745477713077743557&amp;rtpof=true&amp;sd=true\">Informaci\u00f3 per a la formalitzaci\u00f3 de la matr\u00edcula<\/a><\/p>\n<p>Acc\u00e9s al <a href=\"https:\/\/docs.google.com\/forms\/d\/e\/1FAIpQLSeJI0AgVfiO5KxvIMm_Y7HAv6OLvHfy_BlCMPE0QRN4_-wkLA\/viewform?usp=dialog\">formulari de matriculaci\u00f3<\/a> (hauran d\u2019emplenar el formulari i adjuntar la documentaci\u00f3 sol.licitada tan sols l\u2019alumnat del centre que ha cursat 4t ESO durant el curs actual<\/p>\n<p><a href=\"https:\/\/drive.google.com\/file\/d\/1jCcmTRAHwqIaFWfFvvcPjFdsfbZ7rGdm\/view?usp=drive_link\">Informaci\u00f3 AMPA<\/a><br \/>\nDocumentaci\u00f3 annexa:<\/p>\n<ul>\n<li><a href=\"https:\/\/drive.google.com\/file\/d\/1opoRv3xI6hzh8wanaqoCFiZKHyHnP-Ej\/view?usp=drive_link\">Sol.licitud de matr\u00edcula<\/a><\/li>\n<li><a href=\"https:\/\/drive.google.com\/file\/d\/1SwdLzjnlxCH7ByIw-GSa4Zki95idDKZG\/view?usp=drive_link\">Autoritzaci\u00f3 \u00fas&hellip;  <a href=\"https:\/\/agora.xtec.cat\/ies-severo-ochoa\/secretaria\/matricula-2022-2023\/matricula-batxillerat-alumnat-de-4t-eso-que-accedeix-a-1r-batxillerat\/\" title=\"Read Matr\u00edcula Batxillerat (Alumnat 4t ESO que accedeix a 1r Batx)\">Llegeix m\u00e9s\u00bb<\/a><br \/>\n","protected":false},"author":154,"featured_media":0,"parent":8057,"menu_order":0,"comment_status":"closed","ping_status":"closed","template":"page-templates\/side-menu.php","meta":{"_bbp_topic_count":0,"_bbp_reply_count":0,"_bbp_total_topic_count":0,"_bbp_total_reply_count":0,"_bbp_voice_count":0,"_bbp_anonymous_reply_count":0,"_bbp_topic_count_hidden":0,"_bbp_reply_count_hidden":0,"_bbp_forum_subforum_count":0,"footnotes":""},"class_list":["post-8348","page","type-page","status-publish","hentry"],"post_mailing_queue_ids":[],"_links":{"self":[{"href":"https:\/\/agora.xtec.cat\/ies-severo-ochoa\/wp-json\/wp\/v2\/pages\/8348","targetHints":{"allow":["GET"]}}],"collection":[{"href":"https:\/\/agora.xtec.cat\/ies-severo-ochoa\/wp-json\/wp\/v2\/pages"}],"about":[{"href":"https:\/\/agora.xtec.cat\/ies-severo-ochoa\/wp-json\/wp\/v2\/types\/page"}],"author":[{"embeddable":true,"href":"https:\/\/agora.xtec.cat\/ies-severo-ochoa\/wp-json\/wp\/v2\/users\/154"}],"replies":[{"embeddable":true,"href":"https:\/\/agora.xtec.cat\/ies-severo-ochoa\/wp-json\/wp\/v2\/comments?post=8348"}],"version-history":[{"count":7,"href":"https:\/\/agora.xtec.cat\/ies-severo-ochoa\/wp-json\/wp\/v2\/pages\/8348\/revisions"}],"predecessor-version":[{"id":11239,"href":"https:\/\/agora.xtec.cat\/ies-severo-ochoa\/wp-json\/wp\/v2\/pages\/8348\/revisions\/11239"}],"up":[{"embeddable":true,"href":"https:\/\/agora.xtec.cat\/ies-severo-ochoa\/wp-json\/wp\/v2\/pages\/8057"}],"wp:attachment":[{"href":"https:\/\/agora.xtec.cat\/ies-severo-ochoa\/wp-json\/wp\/v2\/media?parent=8348"}],"curies":[{"name":"wp","href":"https:\/\/api.w.org\/{rel}","templated":true}]}}