{"id":8324,"date":"2022-06-20T21:40:28","date_gmt":"2022-06-20T19:40:28","guid":{"rendered":"https:\/\/agora.xtec.cat\/ies-severo-ochoa\/?page_id=8324"},"modified":"2025-06-16T23:35:47","modified_gmt":"2025-06-16T21:35:47","slug":"matricula-batxillerat","status":"publish","type":"page","link":"https:\/\/agora.xtec.cat\/ies-severo-ochoa\/secretaria\/matricula-2022-2023\/matricula-batxillerat\/","title":{"rendered":"Matr\u00edcula Batxillerat"},"content":{"rendered":"<table style=\"width: 98.9069%;\">\n<tbody>\n<tr>\n<td style=\"width: 100%;\">\n<h3><a href=\"https:\/\/docs.google.com\/document\/d\/1gpbDJj8Vf4h6sx_4UEo-74O4X4RdDmj3\/edit?usp=sharing&amp;ouid=110745477713077743557&amp;rtpof=true&amp;sd=true\">Informaci\u00f3 formalitzaci\u00f3 matr\u00edcula Batxillerat (alumnat del centre)<\/a><\/h3>\n<\/td>\n<\/tr>\n<\/tbody>\n<\/table>\n<p>Acc\u00e9s al <a href=\"https:\/\/docs.google.com\/forms\/d\/e\/1FAIpQLSepaJxQKjnrMby7rXwFKftsSMJwfEMchHxtQUFOGNedHAZ4pw\/viewform?usp=pp_url\"><strong>formulari de matriculaci\u00f3<\/strong><\/a> (hauran d\u2019emplenar el formulari i adjuntar la documentaci\u00f3 sol.licitada tan sols l\u2019alumnat de <strong>1r curs que promociona a 2n Batxillerat i repetidors de 2n<\/strong><\/p>\n<p><a href=\"https:\/\/drive.google.com\/file\/d\/1jCcmTRAHwqIaFWfFvvcPjFdsfbZ7rGdm\/view?usp=drive_link\"><strong>Informaci\u00f3 AMPA<\/strong><\/a><\/p>\n<p><em>Documentaci\u00f3 annexa:<\/em><\/p>\n<ul>\n<li><a href=\"https:\/\/drive.google.com\/file\/d\/1opoRv3xI6hzh8wanaqoCFiZKHyHnP-Ej\/view?usp=sharing\">Sol.licitud de matr\u00edcula<\/a><\/li>\n<li><a href=\"https:\/\/drive.google.com\/file\/d\/1SwdLzjnlxCH7ByIw-GSa4Zki95idDKZG\/view?usp=drive_link\">Autoritzaci\u00f3 per a l&#8217;\u00fas de recursos digitals alumnat entre 14 i 17 anys<\/a><\/li>\n<li><a href=\"https:\/\/drive.google.com\/file\/d\/1Beh2hY4xkMlusvXxG5fFAD68Em9EvCP2\/view?usp=sharing\">Full de tria mat\u00e8ries optatives\/modalitat<\/a><\/li>\n<li><a href=\"https:\/\/tpv.severoochoa.cat\/activitats\/llistat\/57\">Pagament Quota de centre<\/a><\/li>\n<li><a href=\"https:\/\/drive.google.com\/file\/d\/1COVSXRwirWsP5Xay5ch7Ah4QRgChKcKv\/view?usp=drive_link\">Pagament Quota AMPA<\/a><\/li>\n<\/ul>\n<div><span style=\"color: #ff0000;\"><em><strong>Important: <\/strong><\/em><\/span><\/div>\n<div><\/div>\n<div><span style=\"color: #ff0000;\"><em><strong>No envieu la documentaci\u00f3 per mail. L\u2019heu d\u2019annexar al formulari en els apartats indicats.\u00a0 <\/strong><\/em><\/span><\/div>\n<div><span style=\"color: #ff0000;\"><em><strong>Recordeu que per poder emplenar el document de sol\u00b7licitud de matr\u00edcula us l\u2019heu de descarregar<\/strong><\/em><\/span><\/div>\n<p>&nbsp;<\/p>\n","protected":false},"excerpt":{"rendered":"<p><a href=\"https:\/\/docs.google.com\/document\/d\/1gpbDJj8Vf4h6sx_4UEo-74O4X4RdDmj3\/edit?usp=sharing&amp;ouid=110745477713077743557&amp;rtpof=true&amp;sd=true\">Informaci\u00f3 formalitzaci\u00f3 matr\u00edcula Batxillerat (alumnat del centre)<\/a><\/p>\n<p>Acc\u00e9s al <a href=\"https:\/\/docs.google.com\/forms\/d\/e\/1FAIpQLSepaJxQKjnrMby7rXwFKftsSMJwfEMchHxtQUFOGNedHAZ4pw\/viewform?usp=pp_url\">formulari de matriculaci\u00f3<\/a> (hauran d\u2019emplenar el formulari i adjuntar la documentaci\u00f3 sol.licitada tan sols l\u2019alumnat de 1r curs que promociona a 2n Batxillerat i repetidors de 2n<br \/>\n<a href=\"https:\/\/drive.google.com\/file\/d\/1jCcmTRAHwqIaFWfFvvcPjFdsfbZ7rGdm\/view?usp=drive_link\">Informaci\u00f3 AMPA<\/a><br \/>\nDocumentaci\u00f3 annexa:<\/p>\n<ul>\n<li><a href=\"https:\/\/drive.google.com\/file\/d\/1opoRv3xI6hzh8wanaqoCFiZKHyHnP-Ej\/view?usp=sharing\">Sol.licitud de matr\u00edcula<\/a><\/li>\n<li><a href=\"https:\/\/drive.google.com\/file\/d\/1SwdLzjnlxCH7ByIw-GSa4Zki95idDKZG\/view?usp=drive_link\">Autoritzaci\u00f3 per&hellip;  <a href=\"https:\/\/agora.xtec.cat\/ies-severo-ochoa\/secretaria\/matricula-2022-2023\/matricula-batxillerat\/\" title=\"Read Matr\u00edcula Batxillerat\">Llegeix m\u00e9s\u00bb<\/a><br \/>\n","protected":false},"author":154,"featured_media":0,"parent":8057,"menu_order":0,"comment_status":"closed","ping_status":"closed","template":"page-templates\/side-menu.php","meta":{"_bbp_topic_count":0,"_bbp_reply_count":0,"_bbp_total_topic_count":0,"_bbp_total_reply_count":0,"_bbp_voice_count":0,"_bbp_anonymous_reply_count":0,"_bbp_topic_count_hidden":0,"_bbp_reply_count_hidden":0,"_bbp_forum_subforum_count":0,"footnotes":""},"class_list":["post-8324","page","type-page","status-publish","hentry"],"post_mailing_queue_ids":[],"_links":{"self":[{"href":"https:\/\/agora.xtec.cat\/ies-severo-ochoa\/wp-json\/wp\/v2\/pages\/8324","targetHints":{"allow":["GET"]}}],"collection":[{"href":"https:\/\/agora.xtec.cat\/ies-severo-ochoa\/wp-json\/wp\/v2\/pages"}],"about":[{"href":"https:\/\/agora.xtec.cat\/ies-severo-ochoa\/wp-json\/wp\/v2\/types\/page"}],"author":[{"embeddable":true,"href":"https:\/\/agora.xtec.cat\/ies-severo-ochoa\/wp-json\/wp\/v2\/users\/154"}],"replies":[{"embeddable":true,"href":"https:\/\/agora.xtec.cat\/ies-severo-ochoa\/wp-json\/wp\/v2\/comments?post=8324"}],"version-history":[{"count":7,"href":"https:\/\/agora.xtec.cat\/ies-severo-ochoa\/wp-json\/wp\/v2\/pages\/8324\/revisions"}],"predecessor-version":[{"id":11238,"href":"https:\/\/agora.xtec.cat\/ies-severo-ochoa\/wp-json\/wp\/v2\/pages\/8324\/revisions\/11238"}],"up":[{"embeddable":true,"href":"https:\/\/agora.xtec.cat\/ies-severo-ochoa\/wp-json\/wp\/v2\/pages\/8057"}],"wp:attachment":[{"href":"https:\/\/agora.xtec.cat\/ies-severo-ochoa\/wp-json\/wp\/v2\/media?parent=8324"}],"curies":[{"name":"wp","href":"https:\/\/api.w.org\/{rel}","templated":true}]}}