{"id":8321,"date":"2022-06-20T21:38:56","date_gmt":"2022-06-20T19:38:56","guid":{"rendered":"https:\/\/agora.xtec.cat\/ies-severo-ochoa\/?page_id=8321"},"modified":"2025-06-16T23:03:48","modified_gmt":"2025-06-16T21:03:48","slug":"matricula-cf-grau-superior","status":"publish","type":"page","link":"https:\/\/agora.xtec.cat\/ies-severo-ochoa\/secretaria\/matricula-2022-2023\/matricula-cf-grau-superior\/","title":{"rendered":"Matr\u00edcula CF Grau Superior"},"content":{"rendered":"<table style=\"width: 99.325%; height: 42px;\">\n<tbody>\n<tr style=\"height: 42px;\">\n<td style=\"width: 100%; height: 42px;\">\n<h4><a href=\"https:\/\/docs.google.com\/document\/d\/1F4VXq5FPLQeA1ak0N5fOc9MRQml7W_2-\/edit?usp=sharing&amp;ouid=110745477713077743557&amp;rtpof=true&amp;sd=true\">Informaci\u00f3 formalitzaci\u00f3 de la matr\u00edcula Cicles Formatius GS (Alumnat del centre)<\/a><\/h4>\n<\/td>\n<\/tr>\n<\/tbody>\n<\/table>\n<p>Acc\u00e9s al <a href=\"https:\/\/docs.google.com\/forms\/d\/e\/1FAIpQLSf8fNf55kePkhENbqKi1NpeplHOvdfWnvr4kJsREXYcpQgr3g\/viewform?usp=dialog\"><span style=\"color: #0000ff;\"><strong>FORMULARI DE MATRICULACI\u00d3<\/strong><\/span><\/a><\/p>\n<div><strong><em><span style=\"text-decoration: underline;\">Documentaci\u00f3 annexa<\/span>:<\/em><\/strong><\/div>\n<div><\/div>\n<ul>\n<li>\n<div><a href=\"https:\/\/drive.google.com\/file\/d\/1EqAq2iFMVZnJhluUguU9Gq28qa5Gl19V\/view?usp=sharing\"><span style=\"color: #800080;\"><strong><span style=\"color: #800080;\">Sol.licitud matr\u00edcula CFGS AGB0 Administraci\u00f3 i finances<\/span><\/strong><\/span><\/a><\/div>\n<\/li>\n<li>\n<div><a href=\"https:\/\/drive.google.com\/file\/d\/1ikV60xtM3zxL7v2ABj5gKlwR8LMQGE7p\/view?usp=sharing\"><strong><span style=\"color: #800080;\"><span style=\"color: #800080;\">Sol.licitud matr\u00edcula CFGS SCA0 Animaci\u00f3 sociocultural i tur\u00edstic<\/span><\/span><\/strong><strong><span style=\"color: #800080;\"><span style=\"color: #800080;\">a<\/span><\/span><\/strong><\/a><\/div>\n<\/li>\n<li>\n<div><a href=\"https:\/\/drive.google.com\/file\/d\/1dpPSOTysC0-rScZgJ95hh-XlLedD78XV\/view?usp=sharing\"><span style=\"color: #800080;\"><strong>Sol.licitud matr\u00edcula CFGS SCB0 Educaci\u00f3 infantil<\/strong><\/span><\/a><\/div>\n<\/li>\n<li>\n<div><a href=\"https:\/\/drive.google.com\/file\/d\/1G7oodghKIb1JYhfIL7JRA_oi-NL_La3b\/view?usp=sharing\"><span style=\"color: #800080;\"><strong>Sol.licitud matr\u00edcula CFGS SCC0 Integraci\u00f3 social<\/strong><\/span><\/a><\/div>\n<\/li>\n<li>\n<div><a href=\"https:\/\/drive.google.com\/file\/d\/1s-1_MLfNEaVmxghNVuZ1UI8nuT_THDAn\/view?usp=sharing\"><span style=\"color: #800080;\"><strong><span style=\"color: #800080;\">Sol.licitud matr\u00edcula CFGS QUD0 Laboratori d\u2019an\u00e0lisi i control de qualitat<\/span><\/strong><\/span><\/a><\/div>\n<\/li>\n<li>\n<div><a href=\"https:\/\/drive.google.com\/file\/d\/18bgJUz2y15m9ZPeabq4Dhg_fmYrp2tQq\/view?usp=sharing\"><span style=\"color: #cc99ff;\"><strong><span style=\"color: #800080;\">Sol.licitud matr\u00edcula CFGS QUB0 Fabricaci\u00f3 de productes farmac\u00e8utics, biotecnol\u00f2gics i afins<\/span><\/strong><\/span><\/a><\/div>\n<\/li>\n<\/ul>\n<div><strong><span style=\"text-decoration: underline;\"><em>Altres informacions:<\/em> <\/span><\/strong><\/div>\n<div><\/div>\n<ul>\n<li>\n<div><a href=\"https:\/\/docs.google.com\/document\/d\/1qnu9bWu_xRiYc98vEe8yQXfjT8xzTnGc\/edit?usp=sharing&amp;ouid=110745477713077743557&amp;rtpof=true&amp;sd=true\"><span style=\"color: #0000ff;\"><strong><span style=\"color: #0000ff;\">Instruccions pagament preu p\u00fablic<\/span><\/strong><\/span><\/a><\/div>\n<\/li>\n<li>\n<div><a href=\"https:\/\/drive.google.com\/file\/d\/1CDEG7yhJOtvq5wJ-qd-P96D0NB5CUo1o\/view?usp=sharing\"><strong><span style=\"color: #000080;\"><span style=\"color: #ff9900;\"><span style=\"color: #ff6600;\"><span style=\"color: #0000ff;\"><span style=\"color: #0000ff;\">Informaci\u00f3 pagaments complementaris grups de la fam\u00edlia de Qu\u00edmica<\/span><\/span><\/span><\/span><\/span><\/strong><\/a><\/div>\n<\/li>\n<\/ul>\n<div><span style=\"text-decoration: underline; color: #ff0000;\"><em><strong>Important: <\/strong><\/em><\/span><\/div>\n<div><\/div>\n<div><span style=\"color: #ff0000;\"><em><strong>No envieu la documentaci\u00f3 per mail. L&#8217;heu d&#8217;annexar al formulari en els apartats indicats.\u00a0 <\/strong><\/em><\/span><\/div>\n<div><span style=\"color: #ff0000;\"><em><strong>Recordeu que per poder emplenar el document de sol\u00b7licitud de matr\u00edcula us l&#8217;heu de descarregar<\/strong><\/em><\/span><\/div>\n","protected":false},"excerpt":{"rendered":"<p><a href=\"https:\/\/docs.google.com\/document\/d\/1F4VXq5FPLQeA1ak0N5fOc9MRQml7W_2-\/edit?usp=sharing&amp;ouid=110745477713077743557&amp;rtpof=true&amp;sd=true\">Informaci\u00f3 formalitzaci\u00f3 de la matr\u00edcula Cicles Formatius GS (Alumnat del centre)<\/a><\/p>\n<p>Acc\u00e9s al <a href=\"https:\/\/docs.google.com\/forms\/d\/e\/1FAIpQLSf8fNf55kePkhENbqKi1NpeplHOvdfWnvr4kJsREXYcpQgr3g\/viewform?usp=dialog\">FORMULARI DE MATRICULACI\u00d3<\/a><br \/>\nDocumentaci\u00f3 annexa:<\/p>\n<ul>\n<li>\n<a href=\"https:\/\/drive.google.com\/file\/d\/1EqAq2iFMVZnJhluUguU9Gq28qa5Gl19V\/view?usp=sharing\">Sol.licitud matr\u00edcula CFGS AGB0 Administraci\u00f3 i finances<\/a>\n<\/li>\n<li>\n<a href=\"https:\/\/drive.google.com\/file\/d\/1ikV60xtM3zxL7v2ABj5gKlwR8LMQGE7p\/view?usp=sharing\">Sol.licitud matr\u00edcula CFGS SCA0 Animaci\u00f3 sociocultural i tur\u00edstica<\/a>\n<\/li>\n<li>\n<a href=\"https:\/\/drive.google.com\/file\/d\/1dpPSOTysC0-rScZgJ95hh-XlLedD78XV\/view?usp=sharing\">Sol.licitud matr\u00edcula CFGS SCB0 Educaci\u00f3 infantil<\/a>\n<\/li>\n<li>\n<a href=\"https:\/\/drive.google.com\/file\/d\/1G7oodghKIb1JYhfIL7JRA_oi-NL_La3b\/view?usp=sharing\">Sol.licitud matr\u00edcula CFGS SCC0 Integraci\u00f3 social<\/a>\n<\/li>\n<li>\n<a&hellip;  <a href=\"https:\/\/agora.xtec.cat\/ies-severo-ochoa\/secretaria\/matricula-2022-2023\/matricula-cf-grau-superior\/\" title=\"Read Matr\u00edcula CF Grau Superior\">Llegeix m\u00e9s\u00bb<\/a><\/p>\n","protected":false},"author":154,"featured_media":0,"parent":8057,"menu_order":0,"comment_status":"closed","ping_status":"closed","template":"page-templates\/side-menu.php","meta":{"_bbp_topic_count":0,"_bbp_reply_count":0,"_bbp_total_topic_count":0,"_bbp_total_reply_count":0,"_bbp_voice_count":0,"_bbp_anonymous_reply_count":0,"_bbp_topic_count_hidden":0,"_bbp_reply_count_hidden":0,"_bbp_forum_subforum_count":0,"footnotes":""},"class_list":["post-8321","page","type-page","status-publish","hentry"],"post_mailing_queue_ids":[],"_links":{"self":[{"href":"https:\/\/agora.xtec.cat\/ies-severo-ochoa\/wp-json\/wp\/v2\/pages\/8321","targetHints":{"allow":["GET"]}}],"collection":[{"href":"https:\/\/agora.xtec.cat\/ies-severo-ochoa\/wp-json\/wp\/v2\/pages"}],"about":[{"href":"https:\/\/agora.xtec.cat\/ies-severo-ochoa\/wp-json\/wp\/v2\/types\/page"}],"author":[{"embeddable":true,"href":"https:\/\/agora.xtec.cat\/ies-severo-ochoa\/wp-json\/wp\/v2\/users\/154"}],"replies":[{"embeddable":true,"href":"https:\/\/agora.xtec.cat\/ies-severo-ochoa\/wp-json\/wp\/v2\/comments?post=8321"}],"version-history":[{"count":7,"href":"https:\/\/agora.xtec.cat\/ies-severo-ochoa\/wp-json\/wp\/v2\/pages\/8321\/revisions"}],"predecessor-version":[{"id":11231,"href":"https:\/\/agora.xtec.cat\/ies-severo-ochoa\/wp-json\/wp\/v2\/pages\/8321\/revisions\/11231"}],"up":[{"embeddable":true,"href":"https:\/\/agora.xtec.cat\/ies-severo-ochoa\/wp-json\/wp\/v2\/pages\/8057"}],"wp:attachment":[{"href":"https:\/\/agora.xtec.cat\/ies-severo-ochoa\/wp-json\/wp\/v2\/media?parent=8321"}],"curies":[{"name":"wp","href":"https:\/\/api.w.org\/{rel}","templated":true}]}}