{"id":474,"date":"2016-03-27T16:21:40","date_gmt":"2016-03-27T15:21:40","guid":{"rendered":"http:\/\/agora.xtec.cat\/ies-severo-ochoa\/?page_id=474"},"modified":"2026-01-09T10:37:12","modified_gmt":"2026-01-09T09:37:12","slug":"horari-de-secretaria","status":"publish","type":"page","link":"https:\/\/agora.xtec.cat\/ies-severo-ochoa\/secretaria\/horari-de-secretaria\/","title":{"rendered":"Horari de secretaria"},"content":{"rendered":"<p><strong><img loading=\"lazy\" decoding=\"async\" class=\"\" src=\"https:\/\/cdn-icons-png.flaticon.com\/128\/6102\/6102357.png\" alt=\"calendario \" width=\"37\" height=\"37\" \/>Mat\u00ed:\u00a0<\/strong>\u00a0 De dilluns a divendres de 10.00 h a 13.00 h.<\/p>\n<p><strong>\u00a0 \u00a0 \u00a0 \u00a0 Tarda:<\/strong>\u00a0\u00a0 De dilluns a dijous de 17.00 h a 19.00 h.<\/p>\n<h6><strong>Del 25 de juny al 12 de setembre la secretaria romandr\u00e0 tancada per les tardes.<\/strong><\/h6>\n<p><em><img loading=\"lazy\" decoding=\"async\" class=\"\" src=\"https:\/\/cdn-icons-png.flaticon.com\/128\/179\/179386.png\" alt=\"signo de admiraci\u00f3n \" width=\"32\" height=\"32\" \/>Per canvis en el software de gesti\u00f3 de titulacions no es podr\u00e0 gestionar els t\u00edtols fins a l&#8217;1 de febrer del 2026<\/em><\/p>\n<p>&nbsp;<\/p>\n<div class=\"Section1\"><\/div>\n<div class=\"Section1\"><\/div>\n<div class=\"Section1\"><\/div>\n<div class=\"Section1\"><\/div>\n<div class=\"Section1\">\n<div class=\"Section1\">\n<p><strong>\u00a0<\/strong><\/p>\n<\/div>\n<\/div>\n","protected":false},"excerpt":{"rendered":"<p>Mat\u00ed:\u00a0\u00a0 De dilluns a divendres de 10.00 h a 13.00 h.<br \/>\n\u00a0 \u00a0 \u00a0 \u00a0 Tarda:\u00a0\u00a0 De dilluns a dijous de 17.00 h a 19.00 h.<br \/>\nDel 25 de juny al 12 de setembre la secretaria romandr\u00e0 tancada per les tardes.<br \/>\nPer canvis en el software de gesti\u00f3&hellip;  <a href=\"https:\/\/agora.xtec.cat\/ies-severo-ochoa\/secretaria\/horari-de-secretaria\/\" title=\"Read Horari de secretaria\">Llegeix m\u00e9s\u00bb<\/a><\/p>\n","protected":false},"author":1,"featured_media":0,"parent":81,"menu_order":1,"comment_status":"closed","ping_status":"closed","template":"page-templates\/side-menu.php","meta":{"_bbp_topic_count":0,"_bbp_reply_count":0,"_bbp_total_topic_count":0,"_bbp_total_reply_count":0,"_bbp_voice_count":0,"_bbp_anonymous_reply_count":0,"_bbp_topic_count_hidden":0,"_bbp_reply_count_hidden":0,"_bbp_forum_subforum_count":0,"footnotes":""},"class_list":["post-474","page","type-page","status-publish","hentry"],"post_mailing_queue_ids":[],"_links":{"self":[{"href":"https:\/\/agora.xtec.cat\/ies-severo-ochoa\/wp-json\/wp\/v2\/pages\/474","targetHints":{"allow":["GET"]}}],"collection":[{"href":"https:\/\/agora.xtec.cat\/ies-severo-ochoa\/wp-json\/wp\/v2\/pages"}],"about":[{"href":"https:\/\/agora.xtec.cat\/ies-severo-ochoa\/wp-json\/wp\/v2\/types\/page"}],"author":[{"embeddable":true,"href":"https:\/\/agora.xtec.cat\/ies-severo-ochoa\/wp-json\/wp\/v2\/users\/1"}],"replies":[{"embeddable":true,"href":"https:\/\/agora.xtec.cat\/ies-severo-ochoa\/wp-json\/wp\/v2\/comments?post=474"}],"version-history":[{"count":7,"href":"https:\/\/agora.xtec.cat\/ies-severo-ochoa\/wp-json\/wp\/v2\/pages\/474\/revisions"}],"predecessor-version":[{"id":11515,"href":"https:\/\/agora.xtec.cat\/ies-severo-ochoa\/wp-json\/wp\/v2\/pages\/474\/revisions\/11515"}],"up":[{"embeddable":true,"href":"https:\/\/agora.xtec.cat\/ies-severo-ochoa\/wp-json\/wp\/v2\/pages\/81"}],"wp:attachment":[{"href":"https:\/\/agora.xtec.cat\/ies-severo-ochoa\/wp-json\/wp\/v2\/media?parent=474"}],"curies":[{"name":"wp","href":"https:\/\/api.w.org\/{rel}","templated":true}]}}