{"id":43,"date":"2014-09-17T16:45:07","date_gmt":"2014-09-17T16:45:07","guid":{"rendered":"http:\/\/agora.xtec.cat\/ies-severo-ochoa\/?page_id=43"},"modified":"2026-01-29T11:07:23","modified_gmt":"2026-01-29T10:07:23","slug":"consell-escolar","status":"publish","type":"page","link":"https:\/\/agora.xtec.cat\/ies-severo-ochoa\/linstitut\/consell-escolar\/","title":{"rendered":"Relaci\u00f3 de membres del Consell Escolar"},"content":{"rendered":"<p class=\"MsoHeader\" style=\"text-align: left;\" align=\"center\"><span lang=\"CA\" style=\"font-size: 22.0pt; mso-bidi-font-size: 10.0pt;\"><span style=\"font-size: 14pt;\">2026<\/span><\/span><\/p>\n<table style=\"height: 967px; width: 71.2738%; background-color: #f2f2f2;\">\n<tbody>\n<tr style=\"height: 35px;\">\n<td style=\"background-color: #dbdbdb; height: 35px; width: 100%;\"><span style=\"font-size: 14pt;\"><b>Equip Directiu<\/b><\/span><\/td>\n<\/tr>\n<tr style=\"height: 35px;\">\n<td style=\"background-color: #f2f2f2; height: 35px; width: 100%;\"><span style=\"font-size: 14pt;\">Directora: J\u00falia Ramiro Reiffs<br \/>\n<\/span><\/td>\n<\/tr>\n<tr style=\"height: 35px;\">\n<td style=\"background-color: #f2f2f2; height: 35px; width: 100%;\"><span style=\"font-size: 14pt;\">Secretari\/\u00e0ria: Reyes Montero Sifres<\/span><\/td>\n<\/tr>\n<tr style=\"height: 35px;\">\n<td style=\"background-color: #f2f2f2; height: 35px; width: 100%;\"><span style=\"font-size: 14pt;\">Cap d&#8217;estudis: Maria L\u00f3pez del Castillo<br \/>\n<\/span><\/td>\n<\/tr>\n<tr style=\"height: 34px;\">\n<td style=\"background-color: #f2f2f2; width: 100%; height: 34px;\"><span style=\"font-size: 14pt;\">Cap d&#8217;estudis: Aurora Rueda Pau<\/span><\/td>\n<\/tr>\n<tr style=\"height: 33px;\">\n<td style=\"background-color: #f2f2f2; width: 100%; height: 33px;\"><span style=\"font-size: 14pt;\">Cap d&#8217;estudis: Cristina Calero Ribera<\/span><\/td>\n<\/tr>\n<tr style=\"height: 34px;\">\n<td style=\"background-color: #f2f2f2; width: 100%; height: 34px;\"><span style=\"font-size: 14pt;\">Altres c\u00e0rrecs directius: Santiago Maule\u00f3n Mir\u00f3<\/span><span style=\"font-size: 14pt;\"><br \/>\n<\/span><\/td>\n<\/tr>\n<tr style=\"height: 35px;\">\n<td style=\"background-color: #dbdbdb; height: 35px; width: 100%;\"><span style=\"font-size: 14pt;\"><b>Representant del professorat<\/b><\/span><\/td>\n<\/tr>\n<tr style=\"height: 34px;\">\n<td style=\"background-color: #f2f2f2; width: 100%; height: 34px;\"><span style=\"font-size: 14pt;\">Bruno Soria Mateu<\/span><\/td>\n<\/tr>\n<tr>\n<td style=\"background-color: #f2f2f2; width: 100%;\"><span style=\"font-size: 14pt;\">Elena Mayral Blanco<\/span><\/td>\n<\/tr>\n<tr style=\"height: 34px;\">\n<td style=\"background-color: #f2f2f2; width: 100%; height: 34px;\"><span style=\"font-size: 14pt;\">Jos\u00e9 Antonio Castrillo Soto<\/span><\/td>\n<\/tr>\n<tr style=\"height: 34px;\">\n<td style=\"background-color: #f2f2f2; width: 100%; height: 34px;\"><span style=\"font-size: 14pt;\">J\u00falia \u00davi\u00f1a \u00c1vila<\/span><\/td>\n<\/tr>\n<tr style=\"height: 34px;\">\n<td style=\"background-color: #f2f2f2; width: 100%; height: 34px;\"><span style=\"font-size: 14pt;\">Quim Besora Cunillera<\/span><\/td>\n<\/tr>\n<tr style=\"height: 34px;\">\n<td style=\"background-color: #f2f2f2; width: 100%; height: 34px;\"><span style=\"font-size: 14pt;\">N\u00faria Castellv\u00ed Otero<\/span><\/td>\n<\/tr>\n<tr style=\"height: 35px;\">\n<td style=\"background-color: #dbdbdb; height: 35px; width: 100%;\"><span style=\"font-size: 14pt;\"><b>Representant de pares i mares i AMPA<\/b><\/span><\/td>\n<\/tr>\n<tr style=\"height: 35px;\">\n<td style=\"background-color: #f2f2f2; height: 35px; width: 100%;\"><span style=\"font-size: 14pt;\">Sonia Gisbert Colominas<\/span><\/td>\n<\/tr>\n<tr style=\"height: 35px;\">\n<td style=\"background-color: #f2f2f2; height: 36px; width: 100%;\"><span style=\"font-size: 14pt;\">Ana de Blas Mart\u00edn<\/span><\/td>\n<\/tr>\n<tr style=\"height: 34px;\">\n<td style=\"background-color: #f2f2f2; width: 100%; height: 34px;\"><span style=\"font-size: 14pt;\">Elisabet Fuentes Prat<\/span><\/td>\n<\/tr>\n<tr style=\"height: 34px;\">\n<td style=\"background-color: #f2f2f2; width: 100%; height: 34px;\"><span style=\"font-size: 14pt;\">Alba Hern\u00e1ndez Mart\u00edn<\/span><\/td>\n<\/tr>\n<tr style=\"height: 35px;\">\n<td style=\"background-color: #dbdbdb; height: 35px; width: 100%;\"><span style=\"font-size: 14pt;\"><b>Representant de l&#8217;Alumnat<\/b><\/span><\/td>\n<\/tr>\n<tr style=\"height: 34px;\">\n<td style=\"background-color: #f2f2f2; width: 100%; height: 34px;\"><span style=\"font-size: 14pt;\">David Gonz\u00e1lez P\u00e9rez<\/span><\/td>\n<\/tr>\n<tr style=\"height: 35px;\">\n<td style=\"background-color: #f2f2f2; height: 35px; width: 100%;\"><span style=\"font-size: 14pt;\">Noa Acal\u00e0 Pedrer\u00f3<br \/>\n<\/span><\/td>\n<\/tr>\n<tr style=\"height: 35px;\">\n<td style=\"background-color: #f2f2f2; height: 35px; width: 100%;\"><span style=\"font-size: 14pt;\">Sandra S\u00e1ez Moreno<\/span><\/td>\n<\/tr>\n<tr style=\"height: 35px;\">\n<td style=\"background-color: #dbdbdb; height: 35px; width: 100%;\"><span style=\"font-size: 14pt;\"><b>Personal d\u2019Administraci\u00f3 i Serveis i Personal d&#8217;Atenci\u00f3 Educativa<\/b><\/span><\/td>\n<\/tr>\n<tr style=\"height: 35px;\">\n<td style=\"background-color: #f2f2f2; height: 35px; width: 100%;\"><span style=\"font-size: 14pt;\">L\u00eddia Medel Garc\u00eda<\/span><\/td>\n<\/tr>\n<tr style=\"height: 34px;\">\n<td style=\"background-color: #f2f2f2; width: 100%; height: 34px;\"><span style=\"font-size: 14pt;\">Ona Canals Mu\u00f1oz<\/span><\/td>\n<\/tr>\n<tr style=\"height: 35px;\">\n<td style=\"background-color: #dbdbdb; height: 35px; width: 100%;\"><span style=\"font-size: 14pt;\"><b>Representant Municipi<\/b><\/span><\/td>\n<\/tr>\n<tr style=\"height: 33px;\">\n<td style=\"height: 33px; width: 100%;\"><span style=\"font-size: 14pt;\">Carmen Garc\u00eda Garc\u00eda<\/span><\/td>\n<\/tr>\n<\/tbody>\n<\/table>\n<p>&nbsp;<\/p>\n","protected":false},"excerpt":{"rendered":"<p>2026<\/p>\n<p>Equip Directiu<\/p>\n<p>Directora: J\u00falia Ramiro Reiffs<\/p>\n<p>Secretari\/\u00e0ria: Reyes Montero Sifres<\/p>\n<p>Cap d&#8217;estudis: Maria L\u00f3pez del Castillo<\/p>\n<p>Cap d&#8217;estudis: Aurora Rueda Pau<\/p>\n<p>Cap d&#8217;estudis: Cristina Calero Ribera<\/p>\n<p>Altres c\u00e0rrecs directius: Santiago Maule\u00f3n Mir\u00f3<\/p>\n<p>Representant del professorat<\/p>\n<p>Bruno Soria Mateu<\/p>\n<p>Elena Mayral Blanco<\/p>\n<p>Jos\u00e9 Antonio Castrillo Soto<\/p>\n<p>J\u00falia \u00davi\u00f1a \u00c1vila<\/p>\n<p>Quim Besora Cunillera<\/p>\n<p>N\u00faria Castellv\u00ed Otero<\/p>\n<p>Representant de pares i mares&hellip;  <a href=\"https:\/\/agora.xtec.cat\/ies-severo-ochoa\/linstitut\/consell-escolar\/\" title=\"Read Relaci\u00f3 de membres del Consell Escolar\">Llegeix m\u00e9s\u00bb<\/a><\/p>\n","protected":false},"author":1,"featured_media":0,"parent":19,"menu_order":40,"comment_status":"closed","ping_status":"closed","template":"page-templates\/side-menu.php","meta":{"_bbp_topic_count":0,"_bbp_reply_count":0,"_bbp_total_topic_count":0,"_bbp_total_reply_count":0,"_bbp_voice_count":0,"_bbp_anonymous_reply_count":0,"_bbp_topic_count_hidden":0,"_bbp_reply_count_hidden":0,"_bbp_forum_subforum_count":0,"footnotes":""},"class_list":["post-43","page","type-page","status-publish","hentry"],"post_mailing_queue_ids":[],"_links":{"self":[{"href":"https:\/\/agora.xtec.cat\/ies-severo-ochoa\/wp-json\/wp\/v2\/pages\/43","targetHints":{"allow":["GET"]}}],"collection":[{"href":"https:\/\/agora.xtec.cat\/ies-severo-ochoa\/wp-json\/wp\/v2\/pages"}],"about":[{"href":"https:\/\/agora.xtec.cat\/ies-severo-ochoa\/wp-json\/wp\/v2\/types\/page"}],"author":[{"embeddable":true,"href":"https:\/\/agora.xtec.cat\/ies-severo-ochoa\/wp-json\/wp\/v2\/users\/1"}],"replies":[{"embeddable":true,"href":"https:\/\/agora.xtec.cat\/ies-severo-ochoa\/wp-json\/wp\/v2\/comments?post=43"}],"version-history":[{"count":7,"href":"https:\/\/agora.xtec.cat\/ies-severo-ochoa\/wp-json\/wp\/v2\/pages\/43\/revisions"}],"predecessor-version":[{"id":11530,"href":"https:\/\/agora.xtec.cat\/ies-severo-ochoa\/wp-json\/wp\/v2\/pages\/43\/revisions\/11530"}],"up":[{"embeddable":true,"href":"https:\/\/agora.xtec.cat\/ies-severo-ochoa\/wp-json\/wp\/v2\/pages\/19"}],"wp:attachment":[{"href":"https:\/\/agora.xtec.cat\/ies-severo-ochoa\/wp-json\/wp\/v2\/media?parent=43"}],"curies":[{"name":"wp","href":"https:\/\/api.w.org\/{rel}","templated":true}]}}