{"id":19,"date":"2014-09-17T14:56:56","date_gmt":"2014-09-17T14:56:56","guid":{"rendered":"http:\/\/agora.xtec.cat\/ies-severo-ochoa\/?page_id=19"},"modified":"2022-04-17T11:03:18","modified_gmt":"2022-04-17T09:03:18","slug":"linstitut","status":"publish","type":"page","link":"https:\/\/agora.xtec.cat\/ies-severo-ochoa\/linstitut\/","title":{"rendered":"L&#8217;institut"},"content":{"rendered":"<p><img loading=\"lazy\" decoding=\"async\" class=\"alignnone size-large wp-image-1247\" src=\"https:\/\/agora.xtec.cat\/ies-severo-ochoa\/wp-content\/uploads\/usu1079\/2016\/05\/Biblioteca_2_1024x6831-1024x683.jpg\" alt=\"\" width=\"1024\" height=\"683\" srcset=\"https:\/\/agora.xtec.cat\/ies-severo-ochoa\/wp-content\/uploads\/usu1079\/2016\/05\/Biblioteca_2_1024x6831.jpg 1024w, https:\/\/agora.xtec.cat\/ies-severo-ochoa\/wp-content\/uploads\/usu1079\/2016\/05\/Biblioteca_2_1024x6831-300x200.jpg 300w\" sizes=\"auto, (max-width: 1024px) 100vw, 1024px\" \/><\/p>\n<ul style=\"list-style-type: circle;\">\n<li style=\"color: #444444;\">Un Institut carregat d&#8217;il\u00b7lusions i projectes\u00a0 amb 40 anys.<\/li>\n<li style=\"color: #444444;\">\u00a0Amb una oferta educativa per a tothom. ESO, Batxillerat i\u00a0 Cicles Formatius.<\/li>\n<li style=\"color: #444444;\">Al nostre centre l\u2019ha estat concedida la Carta Erasmus d&#8217;Educaci\u00f3 Superior (ECHE) pel per\u00edode 2014-2020.<\/li>\n<\/ul>\n<p><span style=\"color: #0000ff;\">Amb nous projectes<\/span><\/p>\n<ul style=\"list-style-type: circle;\">\n<li><a href=\"https:\/\/agora.xtec.cat\/ies-severo-ochoa\/categoria\/projectes\/gep\/\">Programa d&#8217;innovaci\u00f3 pedag\u00f2gica generaci\u00f3 pluriling\u00fce (GEP)<\/a><\/li>\n<li><a href=\"https:\/\/agora.xtec.cat\/ies-severo-ochoa\/categoria\/projectes\/tei\/\">Tutoria entre iguals (TEI)<\/a><\/li>\n<li><a href=\"https:\/\/blocs.xtec.cat\/xcbprojecte287\/category\/centres-docents\/institut-severo-ochoa\/\">Xarxa de compet\u00e8ncies b\u00e0siques<\/a><\/li>\n<li style=\"color: #444444;\">Gossos d&#8217;assist\u00e8ncia<\/li>\n<li style=\"color: #444444;\">Erasmus<\/li>\n<li style=\"color: #444444;\">Cangur<\/li>\n<li style=\"color: #444444;\">Hort Severo<\/li>\n<li style=\"color: #444444;\">Intranet<\/li>\n<li style=\"color: #444444;\"><a href=\"https:\/\/agora.xtec.cat\/ies-severo-ochoa\/categoria\/1-serveis\/biblio\/\">Biblioteca<\/a><\/li>\n<li style=\"color: #444444;\">Aula de compet\u00e8ncies digitals<\/li>\n<li style=\"color: #444444;\">L&#8217;espai familiar: La familia con un equip. Coaching pel lideratge familiar<\/li>\n<\/ul>\n<p style=\"color: #444444;\">\n","protected":false},"excerpt":{"rendered":"<ul style=\"list-style-type: circle;\">\n<li style=\"color: #444444;\">Un Institut carregat d&#8217;il\u00b7lusions i projectes\u00a0 amb 40 anys.<\/li>\n<li style=\"color: #444444;\">\u00a0Amb una oferta educativa per a tothom. ESO, Batxillerat i\u00a0 Cicles Formatius.<\/li>\n<li style=\"color: #444444;\">Al nostre centre l\u2019ha estat concedida la Carta Erasmus d&#8217;Educaci\u00f3 Superior (ECHE) pel per\u00edode 2014-2020.<\/li>\n<\/ul>\n<p>Amb nous projectes<\/p>\n<ul style=\"list-style-type:&hellip;  <a href=\"https:\/\/agora.xtec.cat\/ies-severo-ochoa\/linstitut\/\" title=\"Read L&#8217;institut\">Llegeix m\u00e9s\u00bb<\/a><\/p>\n","protected":false},"author":1,"featured_media":0,"parent":0,"menu_order":0,"comment_status":"closed","ping_status":"closed","template":"page-templates\/side-menu.php","meta":{"_bbp_topic_count":0,"_bbp_reply_count":0,"_bbp_total_topic_count":0,"_bbp_total_reply_count":0,"_bbp_voice_count":0,"_bbp_anonymous_reply_count":0,"_bbp_topic_count_hidden":0,"_bbp_reply_count_hidden":0,"_bbp_forum_subforum_count":0,"footnotes":""},"class_list":["post-19","page","type-page","status-publish","hentry"],"post_mailing_queue_ids":[],"_links":{"self":[{"href":"https:\/\/agora.xtec.cat\/ies-severo-ochoa\/wp-json\/wp\/v2\/pages\/19","targetHints":{"allow":["GET"]}}],"collection":[{"href":"https:\/\/agora.xtec.cat\/ies-severo-ochoa\/wp-json\/wp\/v2\/pages"}],"about":[{"href":"https:\/\/agora.xtec.cat\/ies-severo-ochoa\/wp-json\/wp\/v2\/types\/page"}],"author":[{"embeddable":true,"href":"https:\/\/agora.xtec.cat\/ies-severo-ochoa\/wp-json\/wp\/v2\/users\/1"}],"replies":[{"embeddable":true,"href":"https:\/\/agora.xtec.cat\/ies-severo-ochoa\/wp-json\/wp\/v2\/comments?post=19"}],"version-history":[{"count":5,"href":"https:\/\/agora.xtec.cat\/ies-severo-ochoa\/wp-json\/wp\/v2\/pages\/19\/revisions"}],"predecessor-version":[{"id":8018,"href":"https:\/\/agora.xtec.cat\/ies-severo-ochoa\/wp-json\/wp\/v2\/pages\/19\/revisions\/8018"}],"wp:attachment":[{"href":"https:\/\/agora.xtec.cat\/ies-severo-ochoa\/wp-json\/wp\/v2\/media?parent=19"}],"curies":[{"name":"wp","href":"https:\/\/api.w.org\/{rel}","templated":true}]}}