{"id":11532,"date":"2026-02-04T13:34:58","date_gmt":"2026-02-04T12:34:58","guid":{"rendered":"https:\/\/agora.xtec.cat\/ies-severo-ochoa\/?page_id=11532"},"modified":"2026-02-04T13:35:28","modified_gmt":"2026-02-04T12:35:28","slug":"sollicitud-de-titols","status":"publish","type":"page","link":"https:\/\/agora.xtec.cat\/ies-severo-ochoa\/secretaria\/sollicitud-de-titols\/","title":{"rendered":"Sol\u00b7licitud de t\u00edtols"},"content":{"rendered":"<div><strong><span role=\"heading\" aria-level=\"3\">Qu\u00e8 \u00e9s?<\/span><\/strong><\/div>\n<div><\/div>\n<div>\n<div>\n<div>\n<p>Amb aquest tr\u00e0mit pots demanar una primera expedici\u00f3 del teu t\u00edtol, un duplicat o una actualitzaci\u00f3 d&#8217;un t\u00edtol.<\/p>\n<ul>\n<li>Una<strong>\u00a0primera expedici\u00f3<\/strong>\u00a0\u00e9s la sol\u00b7licitud d&#8217;un t\u00edtol per primera vegada.<\/li>\n<li>Un\u00a0<strong>duplicat de t\u00edtol\u00a0<\/strong>\u00e9s un t\u00edtol exactament igual al t\u00edtol que se&#8217;t va lliurar inicialment.<\/li>\n<li>Una\u00a0<strong>actualitzaci\u00f3 de t\u00edtol<\/strong>\u00a0\u00e9s una c\u00f2pia del t\u00edtol expedit inicialment per\u00f2 amb modificaci\u00f3 d&#8217;una o m\u00e9s dades personals.<\/li>\n<\/ul>\n<p>Per poder reflectir una modificaci\u00f3 de les teves dades personals en un t\u00edtol acad\u00e8mic, cal que aquestes noves dades constin al teu document d&#8217;identitat.<\/p>\n<\/div>\n<\/div>\n<\/div>\n<div>\n<div><\/div>\n<div><strong>Documentaci\u00f3<\/strong><\/div>\n<\/div>\n<div class=\"wrapper_list_needToKnow-group\">\n<div class=\"warning\">\n<div class=\"square square-top\">\n<div class=\"list_needToKnow-group-item section-nav-bullet\">\n<div class=\"link-dotted\"><\/div>\n<div class=\"wrapper_list_needToKnow-group-article tramit-steps\">\n<p class=\"models_documents\"><a style=\"font-family: inherit; font-size: 1em;\" title=\"\" href=\"https:\/\/tramits.gencat.cat\/web\/shared\/OVT\/Departaments\/ENS\/TramitOVT\/tramitacio-titols\/sollicitud-primera-expedicio.pdf\"><span class=\"racimo-before no-content\"><span class=\"list-group-item-wrapper-content\"><img loading=\"lazy\" decoding=\"async\" class=\"\" src=\"https:\/\/tramits.gencat.cat\/web\/resources\/fwkResponsive\/fpca_tramit\/img\/need-to-know.svg\" width=\"42\" height=\"42\" \/>Com puc sol\u00b7licitar un t\u00edtol per primera vegada?<\/span>\u00a0<span class=\"sr-only\">(Tipus de fitxer pdf)<\/span><span class=\"size-document file-size icon_pdf\" data-file=\"\/web\/shared\/OVT\/Departaments\/ENS\/TramitOVT\/tramitacio-titols\/sollicitud-primera-expedicio.pdf\"><span class=\"sr-only\">(Pes del fitxer)<\/span>[848,73 kB]<\/span><\/span><\/a><\/p>\n<div class=\"row-content\">\n<p class=\"documents col-xs-12 col-sm-6 col-md-6\"><a title=\"\" href=\"https:\/\/tramits.gencat.cat\/web\/shared\/OVT\/Departaments\/ENS\/TramitOVT\/tramitacio-titols\/duplicat-actualitzacio.pdf\"><span class=\"racimo-before no-content\"><span class=\"list-group-item-wrapper-content\"><img loading=\"lazy\" decoding=\"async\" class=\"\" src=\"https:\/\/tramits.gencat.cat\/web\/resources\/fwkResponsive\/fpca_tramit\/img\/need-to-know.svg\" width=\"39\" height=\"39\" \/>Com puc sol\u00b7licitar un duplicat o actualitzaci\u00f3 d\u2019un t\u00edtol ja expedit?<\/span>\u00a0<span class=\"sr-only\">(Tipus de fitxer pdf)<\/span><span class=\"size-document file-size icon_pdf\" data-file=\"\/web\/shared\/OVT\/Departaments\/ENS\/TramitOVT\/tramitacio-titols\/duplicat-actualitzacio.pdf\"><span class=\"sr-only\">(Pes del fitxer)<\/span>[20 Bytes]<\/span><\/span><\/a><\/p>\n<p><strong><span class=\"list_needToKnow-group-item-span\" role=\"heading\" aria-level=\"3\">Com o on he de fer el tr\u00e0mit? <a href=\"https:\/\/tramits.gencat.cat\/ca\/tramits\/tramits-temes\/titols-academics-no-universitaris?category=742b7874-a82c-11e3-a972-000c29052e2c\">Clicant aqu\u00ed<\/a><\/span><\/strong><\/p>\n<p><strong><span role=\"heading\" aria-level=\"3\">Terminis: <\/span><\/strong>Pots sol\u00b7licitar la tramitaci\u00f3 en qualsevol moment.<\/p>\n<\/div>\n<\/div>\n<\/div>\n<\/div>\n<p><img decoding=\"async\" src=\"https:\/\/tramits.gencat.cat\/web\/resources\/fwkResponsive\/fpca_tramit\/img\/imatge-alerta.svg\" alt=\"\" \/><\/p>\n<div class=\"link-dotted warning-content\">\n<p><strong>Recorda<\/strong>: Has d&#8217;avisar al centre un cop envi\u00efs la sol\u00b7licitud del t\u00edtol.<\/p>\n<\/div>\n<\/div>\n<\/div>\n","protected":false},"excerpt":{"rendered":"<p>Qu\u00e8 \u00e9s?<\/p>\n<p>Amb aquest tr\u00e0mit pots demanar una primera expedici\u00f3 del teu t\u00edtol, un duplicat o una actualitzaci\u00f3 d&#8217;un t\u00edtol.<\/p>\n<ul>\n<li>Una\u00a0primera expedici\u00f3\u00a0\u00e9s la sol\u00b7licitud d&#8217;un t\u00edtol per primera vegada.<\/li>\n<li>Un\u00a0duplicat de t\u00edtol\u00a0\u00e9s un t\u00edtol exactament igual al t\u00edtol que se&#8217;t va lliurar inicialment.<\/li>\n<li>Una\u00a0actualitzaci\u00f3 de t\u00edtol\u00a0\u00e9s una c\u00f2pia del&hellip;  <a href=\"https:\/\/agora.xtec.cat\/ies-severo-ochoa\/secretaria\/sollicitud-de-titols\/\" title=\"Read Sol\u00b7licitud de t\u00edtols\">Llegeix m\u00e9s\u00bb<\/a><br \/>\n","protected":false},"author":161,"featured_media":0,"parent":81,"menu_order":6,"comment_status":"closed","ping_status":"closed","template":"","meta":{"_bbp_topic_count":0,"_bbp_reply_count":0,"_bbp_total_topic_count":0,"_bbp_total_reply_count":0,"_bbp_voice_count":0,"_bbp_anonymous_reply_count":0,"_bbp_topic_count_hidden":0,"_bbp_reply_count_hidden":0,"_bbp_forum_subforum_count":0,"footnotes":""},"class_list":["post-11532","page","type-page","status-publish","hentry"],"post_mailing_queue_ids":[],"_links":{"self":[{"href":"https:\/\/agora.xtec.cat\/ies-severo-ochoa\/wp-json\/wp\/v2\/pages\/11532","targetHints":{"allow":["GET"]}}],"collection":[{"href":"https:\/\/agora.xtec.cat\/ies-severo-ochoa\/wp-json\/wp\/v2\/pages"}],"about":[{"href":"https:\/\/agora.xtec.cat\/ies-severo-ochoa\/wp-json\/wp\/v2\/types\/page"}],"author":[{"embeddable":true,"href":"https:\/\/agora.xtec.cat\/ies-severo-ochoa\/wp-json\/wp\/v2\/users\/161"}],"replies":[{"embeddable":true,"href":"https:\/\/agora.xtec.cat\/ies-severo-ochoa\/wp-json\/wp\/v2\/comments?post=11532"}],"version-history":[{"count":6,"href":"https:\/\/agora.xtec.cat\/ies-severo-ochoa\/wp-json\/wp\/v2\/pages\/11532\/revisions"}],"predecessor-version":[{"id":11538,"href":"https:\/\/agora.xtec.cat\/ies-severo-ochoa\/wp-json\/wp\/v2\/pages\/11532\/revisions\/11538"}],"up":[{"embeddable":true,"href":"https:\/\/agora.xtec.cat\/ies-severo-ochoa\/wp-json\/wp\/v2\/pages\/81"}],"wp:attachment":[{"href":"https:\/\/agora.xtec.cat\/ies-severo-ochoa\/wp-json\/wp\/v2\/media?parent=11532"}],"curies":[{"name":"wp","href":"https:\/\/api.w.org\/{rel}","templated":true}]}}