{"id":10867,"date":"2025-03-23T15:52:20","date_gmt":"2025-03-23T14:52:20","guid":{"rendered":"https:\/\/agora.xtec.cat\/ies-severo-ochoa\/?page_id=10867"},"modified":"2026-02-27T11:47:28","modified_gmt":"2026-02-27T10:47:28","slug":"documentacio-del-proces-de-preinscripcio-i-matricula-curs-25-26","status":"publish","type":"page","link":"https:\/\/agora.xtec.cat\/ies-severo-ochoa\/secretaria\/documentacio-del-proces-de-preinscripcio-i-matricula-curs-25-26\/","title":{"rendered":"Informaci\u00f3 del proc\u00e9s de preinscripci\u00f3 i matr\u00edcula curs 2026\/2027"},"content":{"rendered":"<div style=\"width: 100%;\">\n<div style=\"position: relative; padding-bottom: 45.83%; padding-top: 0; height: 0;\"><iframe loading=\"lazy\" style=\"position: absolute; top: 0; left: 0; width: 100%; height: 100%;\" title=\"25\/26 Preinscripci\u00f3- Ins Severo Ochoa\" src=\"https:\/\/view.genially.com\/67beff954b24e35189706af3\" width=\"1200\" height=\"550\" frameborder=\"0\" scrolling=\"yes\" allowfullscreen=\"allowfullscreen\"><\/iframe><\/div>\n<\/div>\n","protected":false},"excerpt":{"rendered":"","protected":false},"author":1,"featured_media":0,"parent":81,"menu_order":2,"comment_status":"closed","ping_status":"closed","template":"","meta":{"_bbp_topic_count":0,"_bbp_reply_count":0,"_bbp_total_topic_count":0,"_bbp_total_reply_count":0,"_bbp_voice_count":0,"_bbp_anonymous_reply_count":0,"_bbp_topic_count_hidden":0,"_bbp_reply_count_hidden":0,"_bbp_forum_subforum_count":0,"footnotes":""},"class_list":["post-10867","page","type-page","status-publish","hentry"],"post_mailing_queue_ids":[],"_links":{"self":[{"href":"https:\/\/agora.xtec.cat\/ies-severo-ochoa\/wp-json\/wp\/v2\/pages\/10867","targetHints":{"allow":["GET"]}}],"collection":[{"href":"https:\/\/agora.xtec.cat\/ies-severo-ochoa\/wp-json\/wp\/v2\/pages"}],"about":[{"href":"https:\/\/agora.xtec.cat\/ies-severo-ochoa\/wp-json\/wp\/v2\/types\/page"}],"author":[{"embeddable":true,"href":"https:\/\/agora.xtec.cat\/ies-severo-ochoa\/wp-json\/wp\/v2\/users\/1"}],"replies":[{"embeddable":true,"href":"https:\/\/agora.xtec.cat\/ies-severo-ochoa\/wp-json\/wp\/v2\/comments?post=10867"}],"version-history":[{"count":3,"href":"https:\/\/agora.xtec.cat\/ies-severo-ochoa\/wp-json\/wp\/v2\/pages\/10867\/revisions"}],"predecessor-version":[{"id":11569,"href":"https:\/\/agora.xtec.cat\/ies-severo-ochoa\/wp-json\/wp\/v2\/pages\/10867\/revisions\/11569"}],"up":[{"embeddable":true,"href":"https:\/\/agora.xtec.cat\/ies-severo-ochoa\/wp-json\/wp\/v2\/pages\/81"}],"wp:attachment":[{"href":"https:\/\/agora.xtec.cat\/ies-severo-ochoa\/wp-json\/wp\/v2\/media?parent=10867"}],"curies":[{"name":"wp","href":"https:\/\/api.w.org\/{rel}","templated":true}]}}