{"id":10311,"date":"2024-06-29T22:32:10","date_gmt":"2024-06-29T20:32:10","guid":{"rendered":"https:\/\/agora.xtec.cat\/ies-severo-ochoa\/?page_id=10311"},"modified":"2025-07-02T17:50:57","modified_gmt":"2025-07-02T15:50:57","slug":"matricula-pfi-ptt","status":"publish","type":"page","link":"https:\/\/agora.xtec.cat\/ies-severo-ochoa\/secretaria\/matricula-eso-2022-2023-alumnat-nova-incorporacio\/matricula-pfi-ptt\/","title":{"rendered":"Matr\u00edcula PFI-PTT"},"content":{"rendered":"<table style=\"height: 53px; width: 78.2823%; border-collapse: collapse; border-style: solid; border-color: #050000; background-color: #d0f5e5;\">\n<tbody>\n<tr>\n<td style=\"width: 100%;\">\n<h4><a href=\"https:\/\/docs.google.com\/document\/d\/14_9MoOZzOqV_vccuJjARuQlZojOT3ZqN\/edit?usp=sharing&amp;ouid=110745477713077743557&amp;rtpof=true&amp;sd=true\"><span style=\"color: #000000;\">Informaci\u00f3 formalitzaci\u00f3 matr\u00edcula PFI-PTT (alumnat nova incorporaci\u00f3)<\/span><\/a><\/h4>\n<\/td>\n<\/tr>\n<\/tbody>\n<\/table>\n<p>Acc\u00e9s al<strong><span style=\"color: #0000ff;\"><a style=\"color: #0000ff;\" href=\"https:\/\/docs.google.com\/forms\/d\/e\/1FAIpQLSdA4KHvvWvc9D7w65VlhVEQk3TPxYBSLFpUSS4s_JgUtEUxEw\/viewform?usp=dialog\"> FORMULARI de matriculaci\u00f3<\/a><\/span><br \/>\n<\/strong><\/p>\n<p><em>Documentaci\u00f3 a annexar al formulari:<\/em><\/p>\n<ul>\n<li><a href=\"https:\/\/drive.google.com\/file\/d\/1OM1yQxc9LbVBhQ4PSStVtG-lcs_DMBH2\/view?usp=sharing\"><strong>Sol.licitud de matr\u00edcula<\/strong><\/a><\/li>\n<li><a href=\"https:\/\/drive.google.com\/file\/d\/1SwdLzjnlxCH7ByIw-GSa4Zki95idDKZG\/view?usp=sharing\"><strong>Full d&#8217;autoritzaci\u00f3 per a l&#8217;\u00fas de recursos digitals alumnat entre 14 i 17 anys<\/strong><\/a><\/li>\n<\/ul>\n<p><em>Altra documentaci\u00f3 que cal adjuntar:<\/em><\/p>\n<ul>\n<li>Fotoc\u00f2pia Targeta sanit\u00e0ria<\/li>\n<li>Fotoc\u00f2pia del DNI\/ passaport\/ NIE de l\u2019alumne\/a<\/li>\n<li>Fotografia actual de carnet<\/li>\n<li>Fotoc\u00f2pia del Llibre de fam\u00edlia o Partida de naixement<\/li>\n<li>Fotoc\u00f2pia del DNI\/ NIE\/ Passaport del pare, mare i\/o tutor\/a legal<\/li>\n<\/ul>\n<p><strong>DATES PER FORMALITZAR LA MATR\u00cdCULA<\/strong>: <strong>del 7\/07\/2025 al 11\/07\/2025<\/strong><\/p>\n","protected":false},"excerpt":{"rendered":"<p><a href=\"https:\/\/docs.google.com\/document\/d\/14_9MoOZzOqV_vccuJjARuQlZojOT3ZqN\/edit?usp=sharing&amp;ouid=110745477713077743557&amp;rtpof=true&amp;sd=true\">Informaci\u00f3 formalitzaci\u00f3 matr\u00edcula PFI-PTT (alumnat nova incorporaci\u00f3)<\/a><\/p>\n<p>Acc\u00e9s al<a style=\"color: #0000ff;\" href=\"https:\/\/docs.google.com\/forms\/d\/e\/1FAIpQLSdA4KHvvWvc9D7w65VlhVEQk3TPxYBSLFpUSS4s_JgUtEUxEw\/viewform?usp=dialog\"> FORMULARI de matriculaci\u00f3<\/a><\/p>\n<p>Documentaci\u00f3 a annexar al formulari:<\/p>\n<ul>\n<li><a href=\"https:\/\/drive.google.com\/file\/d\/1OM1yQxc9LbVBhQ4PSStVtG-lcs_DMBH2\/view?usp=sharing\">Sol.licitud de matr\u00edcula<\/a><\/li>\n<li><a href=\"https:\/\/drive.google.com\/file\/d\/1SwdLzjnlxCH7ByIw-GSa4Zki95idDKZG\/view?usp=sharing\">Full d&#8217;autoritzaci\u00f3 per a l&#8217;\u00fas de recursos digitals alumnat entre 14 i 17 anys<\/a><\/li>\n<\/ul>\n<p>Altra documentaci\u00f3 que cal adjuntar:<\/p>\n<ul>\n<li>Fotoc\u00f2pia Targeta sanit\u00e0ria<\/li>\n<li>Fotoc\u00f2pia del DNI\/ passaport\/&hellip;  <a href=\"https:\/\/agora.xtec.cat\/ies-severo-ochoa\/secretaria\/matricula-eso-2022-2023-alumnat-nova-incorporacio\/matricula-pfi-ptt\/\" title=\"Read Matr\u00edcula PFI-PTT\">Llegeix m\u00e9s\u00bb<\/a><br \/>\n","protected":false},"author":1,"featured_media":0,"parent":8276,"menu_order":3,"comment_status":"closed","ping_status":"closed","template":"page-templates\/side-menu.php","meta":{"_bbp_topic_count":0,"_bbp_reply_count":0,"_bbp_total_topic_count":0,"_bbp_total_reply_count":0,"_bbp_voice_count":0,"_bbp_anonymous_reply_count":0,"_bbp_topic_count_hidden":0,"_bbp_reply_count_hidden":0,"_bbp_forum_subforum_count":0,"footnotes":""},"class_list":["post-10311","page","type-page","status-publish","hentry"],"post_mailing_queue_ids":[],"_links":{"self":[{"href":"https:\/\/agora.xtec.cat\/ies-severo-ochoa\/wp-json\/wp\/v2\/pages\/10311","targetHints":{"allow":["GET"]}}],"collection":[{"href":"https:\/\/agora.xtec.cat\/ies-severo-ochoa\/wp-json\/wp\/v2\/pages"}],"about":[{"href":"https:\/\/agora.xtec.cat\/ies-severo-ochoa\/wp-json\/wp\/v2\/types\/page"}],"author":[{"embeddable":true,"href":"https:\/\/agora.xtec.cat\/ies-severo-ochoa\/wp-json\/wp\/v2\/users\/1"}],"replies":[{"embeddable":true,"href":"https:\/\/agora.xtec.cat\/ies-severo-ochoa\/wp-json\/wp\/v2\/comments?post=10311"}],"version-history":[{"count":6,"href":"https:\/\/agora.xtec.cat\/ies-severo-ochoa\/wp-json\/wp\/v2\/pages\/10311\/revisions"}],"predecessor-version":[{"id":11322,"href":"https:\/\/agora.xtec.cat\/ies-severo-ochoa\/wp-json\/wp\/v2\/pages\/10311\/revisions\/11322"}],"up":[{"embeddable":true,"href":"https:\/\/agora.xtec.cat\/ies-severo-ochoa\/wp-json\/wp\/v2\/pages\/8276"}],"wp:attachment":[{"href":"https:\/\/agora.xtec.cat\/ies-severo-ochoa\/wp-json\/wp\/v2\/media?parent=10311"}],"curies":[{"name":"wp","href":"https:\/\/api.w.org\/{rel}","templated":true}]}}