{"id":929,"date":"2021-06-05T16:38:32","date_gmt":"2021-06-05T14:38:32","guid":{"rendered":"https:\/\/agora.xtec.cat\/ies-serratibonastre\/?page_id=929"},"modified":"2024-03-27T17:08:16","modified_gmt":"2024-03-27T16:08:16","slug":"historia","status":"publish","type":"page","link":"https:\/\/agora.xtec.cat\/ies-serratibonastre\/historia\/","title":{"rendered":"Hist\u00f2ria"},"content":{"rendered":"<div class=\"page-header\">\n<h2><\/h2>\n<\/div>\n<p><img loading=\"lazy\" decoding=\"async\" class=\"aligncenter\" src=\"https:\/\/www.serratibonastre.cat\/images\/PORTADA\/historia\/ahir_avui.jpg\" alt=\"\" width=\"857\" height=\"163\" \/><\/p>\n<p style=\"text-align: justify;\"><strong>L\u2019institut Josep Serrat i Bonastre<\/strong>\u00a0t\u00e9 una llarga tradici\u00f3 educativa, les arrels de la qual cal anar a cercar a finals del segle XIX, concretament\u00a0<strong>l\u2019any 1890<\/strong>\u00a0quan es crea<strong>\u00a0l\u2019Escola<\/strong>\u00a0<strong>d\u2019Arts i Oficis de la vila de Gr\u00e0cia\u00a0<\/strong>al carrer de l\u2019\u00c0ngel n\u00famero 2. Set anys m\u00e9s tard, el centre es va traslladar al carrer Gran de Gr\u00e0cia 177 sota el nom de &#8220;Escuela Municipal de Artes y Oficios de Gracia&#8221; i finalment l\u2019any 1918 ja es situa a l\u2019edifici actual, tot i que encara no tindr\u00e0 el seu nom definitiu, sin\u00f3 que ser\u00e0 l\u2019Escola Complement\u00e0ria d\u2019Oficis Abat Oliva fins a l\u2019any 1952.<\/p>\n<div>\n<dl id=\"\">\n<dt>\n<p><figure class=\"figure wp-caption alignleft\"><img loading=\"lazy\" decoding=\"async\" class=\"\" src=\"https:\/\/www.serratibonastre.cat\/images\/PORTADA\/historia\/GRCIA_4.JPG\" alt=\"\" width=\"491\" height=\"392\" \/><figcaption class=\"wp-caption-text\">Carrer Gran de Gr\u00e0cia i esgl\u00e9sia dels Josepets al fons a finals del s.XIX<\/figcaption><\/figure><\/dt>\n<\/dl>\n<\/div>\n<div>\n<dl id=\"\">\n<dt>\n<p><figure class=\"figure wp-caption alignnone\"><img loading=\"lazy\" decoding=\"async\" src=\"https:\/\/www.serratibonastre.cat\/images\/PORTADA\/historia\/faana_antiga.jpg\" alt=\"\" width=\"256\" height=\"364\" \/><figcaption class=\"wp-caption-text\">Col\u00b7legi San Vicente de Paul. Actualment Institut J. Serrat i Bonastre<\/figcaption><\/figure><\/dt>\n<dd><\/dd>\n<\/dl>\n<\/div>\n<p>&nbsp;<\/p>\n<p>Inicialment, es tractava d\u2019un centre destinat a la formaci\u00f3 laboral, per\u00f2 tamb\u00e9 ha estat escola de formaci\u00f3 Dom\u00e8stica (1950-1970) i ha acollit l\u2019escola Reina Violant durant la construcci\u00f3 de l\u2019edifici actual.\u00a0\u00a0Des de 1992 en qu\u00e8, com totes les escoles municipals, va iniciar l\u2019experimentaci\u00f3 de la Reforma ha consolidat una gran experi\u00e8ncia amb alumnes d\u2019ESO i Batxillerat. Per tal de desenvolupar la tasca educativa amb garanties d\u2019\u00e8xit, al llarg dels darrers anys ha optat per una constant renovaci\u00f3 metodol\u00f2gica basada en la utilitzaci\u00f3 de les noves tecnologies com a complement de l\u2019acci\u00f3 educativa.<\/p>\n<p><img loading=\"lazy\" decoding=\"async\" class=\"alignleft\" src=\"https:\/\/www.serratibonastre.cat\/images\/PORTADA\/historia\/Serrat_i_Bonastre.PNG\" alt=\"\" width=\"138\" height=\"174\" \/><\/p>\n<p>&nbsp;<\/p>\n<p style=\"padding-left: 120px;\">L\u2019any 1920 l\u2019Ajuntament de Barcelona compra el local del carrer Santa Ana, fet que permetr\u00e0 la reforma de l\u2019edifici que, l\u2019any 1952, adoptar\u00e0 el seu nom actual en homenatge a l\u2019enginyer mec\u00e0nic i qu\u00edmic i gran difusor de termes t\u00e8cnics Josep Serrat i Bonastre.<\/p>\n<p>&nbsp;<\/p>\n<p>&nbsp;<\/p>\n<p>&nbsp;<\/p>\n<p><strong><img loading=\"lazy\" decoding=\"async\" class=\"\" src=\"https:\/\/www.serratibonastre.cat\/images\/PORTADA\/historia\/biblio_abans.jpg\" alt=\"\" width=\"426\" height=\"279\" \/><img loading=\"lazy\" decoding=\"async\" class=\"\" src=\"https:\/\/www.serratibonastre.cat\/images\/PORTADA\/historia\/biblio_ara.jpg\" alt=\"\" width=\"373\" height=\"279\" \/><\/strong><\/p>\n<p><strong>\u00a0<\/strong><\/p>\n<p><strong>2015: Celebraci\u00f3 del 125\u00e8 aniversari del centre<\/strong><\/p>\n<p>En aquest v\u00eddeo trobareu la not\u00edcia sobre l&#8217;efem\u00e8ride.<\/p>\n<p><iframe loading=\"lazy\" src=\"https:\/\/www.youtube.com\/embed\/UTiiND41GZQ\" width=\"560\" height=\"315\" frameborder=\"0\" data-mce-fragment=\"1\"><\/iframe><\/p>\n","protected":false},"excerpt":{"rendered":"<p>L\u2019institut Josep Serrat i Bonastre\u00a0t\u00e9 una llarga tradici\u00f3 educativa, les arrels de la qual cal anar a cercar a finals del segle XIX, concretament\u00a0l\u2019any 1890\u00a0quan es crea\u00a0l\u2019Escola\u00a0d\u2019Arts i Oficis de la vila de Gr\u00e0cia\u00a0al carrer de l\u2019\u00c0ngel n\u00famero 2. Set anys m\u00e9s tard, el centre&hellip;  <a href=\"https:\/\/agora.xtec.cat\/ies-serratibonastre\/historia\/\" title=\"Read Hist\u00f2ria\">Llegeix m\u00e9s\u00bb<\/a><\/p>\n","protected":false},"author":1,"featured_media":0,"parent":0,"menu_order":0,"comment_status":"closed","ping_status":"closed","template":"","meta":{"_bbp_topic_count":0,"_bbp_reply_count":0,"_bbp_total_topic_count":0,"_bbp_total_reply_count":0,"_bbp_voice_count":0,"_bbp_anonymous_reply_count":0,"_bbp_topic_count_hidden":0,"_bbp_reply_count_hidden":0,"_bbp_forum_subforum_count":0,"footnotes":""},"class_list":["post-929","page","type-page","status-publish","hentry"],"post_mailing_queue_ids":[],"_links":{"self":[{"href":"https:\/\/agora.xtec.cat\/ies-serratibonastre\/wp-json\/wp\/v2\/pages\/929","targetHints":{"allow":["GET"]}}],"collection":[{"href":"https:\/\/agora.xtec.cat\/ies-serratibonastre\/wp-json\/wp\/v2\/pages"}],"about":[{"href":"https:\/\/agora.xtec.cat\/ies-serratibonastre\/wp-json\/wp\/v2\/types\/page"}],"author":[{"embeddable":true,"href":"https:\/\/agora.xtec.cat\/ies-serratibonastre\/wp-json\/wp\/v2\/users\/1"}],"replies":[{"embeddable":true,"href":"https:\/\/agora.xtec.cat\/ies-serratibonastre\/wp-json\/wp\/v2\/comments?post=929"}],"version-history":[{"count":6,"href":"https:\/\/agora.xtec.cat\/ies-serratibonastre\/wp-json\/wp\/v2\/pages\/929\/revisions"}],"predecessor-version":[{"id":5387,"href":"https:\/\/agora.xtec.cat\/ies-serratibonastre\/wp-json\/wp\/v2\/pages\/929\/revisions\/5387"}],"wp:attachment":[{"href":"https:\/\/agora.xtec.cat\/ies-serratibonastre\/wp-json\/wp\/v2\/media?parent=929"}],"curies":[{"name":"wp","href":"https:\/\/api.w.org\/{rel}","templated":true}]}}