{"id":8736,"date":"2026-03-05T12:54:16","date_gmt":"2026-03-05T11:54:16","guid":{"rendered":"https:\/\/agora.xtec.cat\/ies-serratibonastre\/?page_id=8736"},"modified":"2026-03-05T13:04:40","modified_gmt":"2026-03-05T12:04:40","slug":"transparencia","status":"publish","type":"page","link":"https:\/\/agora.xtec.cat\/ies-serratibonastre\/linstitut\/qualitat\/transparencia\/","title":{"rendered":"Transpar\u00e8ncia"},"content":{"rendered":"<h5>Homologaci\u00f3 de prove\u00efdors<\/h5>\n<p>&nbsp;<\/p>\n<h5>Liquidaci\u00f3 any 2025<\/h5>\n<ul>\n<li><a href=\"https:\/\/agora.xtec.cat\/ies-serratibonastre\/wp-content\/uploads\/usu2437\/2026\/03\/Liquidacio-del-pressupost-25-2.pdf\" target=\"_blank\" rel=\"noopener\">Liquidaci\u00f3 del pressupost 2025<\/a><\/li>\n<\/ul>\n<h5>Pressupost any 2026<\/h5>\n<ul>\n<li><a href=\"https:\/\/agora.xtec.cat\/ies-serratibonastre\/wp-content\/uploads\/usu2437\/2026\/03\/Dades-del-pressupost-2026.pdf\" target=\"_blank\" rel=\"noopener\">Dades del pressupost 2026<\/a><\/li>\n<\/ul>\n<p>&nbsp;<\/p>\n<p>&nbsp;<\/p>\n","protected":false},"excerpt":{"rendered":"<p>Homologaci\u00f3 de prove\u00efdors<br \/>\n&nbsp;<br \/>\nLiquidaci\u00f3 any 2025<\/p>\n<ul>\n<li><a href=\"https:\/\/agora.xtec.cat\/ies-serratibonastre\/wp-content\/uploads\/usu2437\/2026\/03\/Liquidacio-del-pressupost-25-2.pdf\" target=\"_blank\" rel=\"noopener\">Liquidaci\u00f3 del pressupost 2025<\/a><\/li>\n<\/ul>\n<p>Pressupost any 2026<\/p>\n<ul>\n<li><a href=\"https:\/\/agora.xtec.cat\/ies-serratibonastre\/wp-content\/uploads\/usu2437\/2026\/03\/Dades-del-pressupost-2026.pdf\" target=\"_blank\" rel=\"noopener\">Dades del pressupost 2026<\/a><\/li>\n<\/ul>\n<p>&nbsp;<br \/>\n&nbsp;<\/p>\n","protected":false},"author":1,"featured_media":0,"parent":613,"menu_order":0,"comment_status":"closed","ping_status":"closed","template":"","meta":{"_bbp_topic_count":0,"_bbp_reply_count":0,"_bbp_total_topic_count":0,"_bbp_total_reply_count":0,"_bbp_voice_count":0,"_bbp_anonymous_reply_count":0,"_bbp_topic_count_hidden":0,"_bbp_reply_count_hidden":0,"_bbp_forum_subforum_count":0,"footnotes":""},"class_list":["post-8736","page","type-page","status-publish","hentry"],"post_mailing_queue_ids":[],"_links":{"self":[{"href":"https:\/\/agora.xtec.cat\/ies-serratibonastre\/wp-json\/wp\/v2\/pages\/8736","targetHints":{"allow":["GET"]}}],"collection":[{"href":"https:\/\/agora.xtec.cat\/ies-serratibonastre\/wp-json\/wp\/v2\/pages"}],"about":[{"href":"https:\/\/agora.xtec.cat\/ies-serratibonastre\/wp-json\/wp\/v2\/types\/page"}],"author":[{"embeddable":true,"href":"https:\/\/agora.xtec.cat\/ies-serratibonastre\/wp-json\/wp\/v2\/users\/1"}],"replies":[{"embeddable":true,"href":"https:\/\/agora.xtec.cat\/ies-serratibonastre\/wp-json\/wp\/v2\/comments?post=8736"}],"version-history":[{"count":4,"href":"https:\/\/agora.xtec.cat\/ies-serratibonastre\/wp-json\/wp\/v2\/pages\/8736\/revisions"}],"predecessor-version":[{"id":8743,"href":"https:\/\/agora.xtec.cat\/ies-serratibonastre\/wp-json\/wp\/v2\/pages\/8736\/revisions\/8743"}],"up":[{"embeddable":true,"href":"https:\/\/agora.xtec.cat\/ies-serratibonastre\/wp-json\/wp\/v2\/pages\/613"}],"wp:attachment":[{"href":"https:\/\/agora.xtec.cat\/ies-serratibonastre\/wp-json\/wp\/v2\/media?parent=8736"}],"curies":[{"name":"wp","href":"https:\/\/api.w.org\/{rel}","templated":true}]}}