{"id":8557,"date":"2026-01-28T10:33:54","date_gmt":"2026-01-28T09:33:54","guid":{"rendered":"https:\/\/agora.xtec.cat\/ies-serratibonastre\/?page_id=8557"},"modified":"2026-03-26T15:05:44","modified_gmt":"2026-03-26T14:05:44","slug":"proves-geso","status":"publish","type":"page","link":"https:\/\/agora.xtec.cat\/ies-serratibonastre\/proves-geso\/","title":{"rendered":"Proves GESO"},"content":{"rendered":"<p>Cada any es convoca la prova per a l&#8217;obtenci\u00f3 del t\u00edtol de graduat o graduada en educaci\u00f3 secund\u00e0ria obligat\u00f2ria (GESO), per als alumnes que no l&#8217;hagin obtingut en finalitzar l&#8217;etapa. Per poder-s\u2019hi presentar l\u2019alumne o alumna ha d\u2019haver finalitzat l\u2019etapa durant un dels dos cursos anteriors al qual es presenti a la prova.<\/p>\n<p>Si \u00e9s el vostre cas, haureu de portar la sol\u00b7licitud signada a finestreta perqu\u00e8 quedi registre d&#8217;aquesta, si no, no ser\u00e0 v\u00e0lida.<\/p>\n<p><a href=\"https:\/\/agora.xtec.cat\/ies-serratibonastre\/wp-content\/uploads\/usu2437\/2026\/01\/A665.pdf\">Sol\u00b7licitud proves GESO<\/a><\/p>\n<p>El termini per entregar la sol\u00b7licitud \u00e9s del 2 al 13 de febrer.<\/p>\n<p>Publicarem el calendari de les proves un cop sapiguem els candidats que es presenten. Les proves es realitzaran durant el mes de mar\u00e7.<\/p>\n<p>&nbsp;<\/p>\n<h6><span style=\"color: #ff6600;\"><strong>CONTINGUTS I CRITERIS D&#8217;AVALUACI\u00d3:<\/strong><\/span><\/h6>\n<p>&nbsp;<\/p>\n<ul>\n<li><a href=\"https:\/\/agora.xtec.cat\/ies-serratibonastre\/wp-content\/uploads\/usu2437\/2026\/03\/GESO-_-Ll.-Catalana-i-literatura.pdf\">Llengua Catalana i literatura<\/a><\/li>\n<li><a href=\"https:\/\/agora.xtec.cat\/ies-serratibonastre\/wp-content\/uploads\/usu2437\/2026\/03\/Continguts-matematiques-GESO.pdf\">Matem\u00e0tiques<\/a><\/li>\n<li><a href=\"https:\/\/agora.xtec.cat\/ies-serratibonastre\/wp-content\/uploads\/usu2437\/2026\/03\/GESO-Llati.pdf\">Llat\u00ed<\/a><\/li>\n<li><a href=\"https:\/\/agora.xtec.cat\/ies-serratibonastre\/wp-content\/uploads\/usu2437\/2026\/03\/GESO_Educacio-fisica.pdf\">Educaci\u00f3 F\u00edsica<\/a><\/li>\n<\/ul>\n<p>&nbsp;<\/p>\n<p><span style=\"color: #ff6600;\"><strong>RELACI\u00d3 D&#8217;ADMESOS:<\/strong><\/span><\/p>\n<ul>\n<li><a href=\"https:\/\/agora.xtec.cat\/ies-serratibonastre\/wp-content\/uploads\/usu2437\/2026\/03\/Llistat-admesos.pdf\">Llistat admesos<\/a><\/li>\n<\/ul>\n<p>&nbsp;<\/p>\n<p><span style=\"color: #ff6600;\"><strong>CALENDARI DE LES PROVES:<\/strong><\/span><\/p>\n<p><a href=\"https:\/\/agora.xtec.cat\/ies-serratibonastre\/wp-content\/uploads\/usu2437\/2026\/03\/hy19.png\"><img loading=\"lazy\" decoding=\"async\" class=\"wp-image-8744 alignleft\" src=\"https:\/\/agora.xtec.cat\/ies-serratibonastre\/wp-content\/uploads\/usu2437\/2026\/03\/hy19.png\" alt=\"\" width=\"458\" height=\"195\" srcset=\"https:\/\/agora.xtec.cat\/ies-serratibonastre\/wp-content\/uploads\/usu2437\/2026\/03\/hy19.png 585w, https:\/\/agora.xtec.cat\/ies-serratibonastre\/wp-content\/uploads\/usu2437\/2026\/03\/hy19-300x128.png 300w\" sizes=\"auto, (max-width: 458px) 100vw, 458px\" \/><\/a><\/p>\n<p>&nbsp;<\/p>\n<p>&nbsp;<\/p>\n<p>&nbsp;<\/p>\n<p>&nbsp;<\/p>\n<p>&nbsp;<\/p>\n<p>&nbsp;<\/p>\n<p><span style=\"color: #ff6600;\"><strong>RESULTAT DE LES PROVES GESO 2026<\/strong><\/span><\/p>\n<p><a href=\"https:\/\/agora.xtec.cat\/ies-serratibonastre\/wp-content\/uploads\/usu2437\/2026\/03\/Captura-1.png\"><img loading=\"lazy\" decoding=\"async\" class=\"size-full wp-image-8865 alignleft\" src=\"https:\/\/agora.xtec.cat\/ies-serratibonastre\/wp-content\/uploads\/usu2437\/2026\/03\/Captura-1.png\" alt=\"\" width=\"645\" height=\"326\" srcset=\"https:\/\/agora.xtec.cat\/ies-serratibonastre\/wp-content\/uploads\/usu2437\/2026\/03\/Captura-1.png 645w, https:\/\/agora.xtec.cat\/ies-serratibonastre\/wp-content\/uploads\/usu2437\/2026\/03\/Captura-1-300x152.png 300w\" sizes=\"auto, (max-width: 645px) 100vw, 645px\" \/><\/a><\/p>\n<p>&nbsp;<\/p>\n<p>&nbsp;<\/p>\n<p>&nbsp;<\/p>\n<p>&nbsp;<\/p>\n<p>&nbsp;<\/p>\n<p>&nbsp;<\/p>\n<p>&nbsp;<\/p>\n<p>&nbsp;<\/p>\n","protected":false},"excerpt":{"rendered":"<p>Cada any es convoca la prova per a l&#8217;obtenci\u00f3 del t\u00edtol de graduat o graduada en educaci\u00f3 secund\u00e0ria obligat\u00f2ria (GESO), per als alumnes que no l&#8217;hagin obtingut en finalitzar l&#8217;etapa. Per poder-s\u2019hi presentar l\u2019alumne o alumna ha d\u2019haver finalitzat l\u2019etapa durant un dels dos cursos&hellip;  <a href=\"https:\/\/agora.xtec.cat\/ies-serratibonastre\/proves-geso\/\" title=\"Read Proves GESO\">Llegeix m\u00e9s\u00bb<\/a><\/p>\n","protected":false},"author":1,"featured_media":0,"parent":0,"menu_order":0,"comment_status":"closed","ping_status":"closed","template":"","meta":{"_bbp_topic_count":0,"_bbp_reply_count":0,"_bbp_total_topic_count":0,"_bbp_total_reply_count":0,"_bbp_voice_count":0,"_bbp_anonymous_reply_count":0,"_bbp_topic_count_hidden":0,"_bbp_reply_count_hidden":0,"_bbp_forum_subforum_count":0,"footnotes":""},"class_list":["post-8557","page","type-page","status-publish","hentry"],"post_mailing_queue_ids":[],"_links":{"self":[{"href":"https:\/\/agora.xtec.cat\/ies-serratibonastre\/wp-json\/wp\/v2\/pages\/8557","targetHints":{"allow":["GET"]}}],"collection":[{"href":"https:\/\/agora.xtec.cat\/ies-serratibonastre\/wp-json\/wp\/v2\/pages"}],"about":[{"href":"https:\/\/agora.xtec.cat\/ies-serratibonastre\/wp-json\/wp\/v2\/types\/page"}],"author":[{"embeddable":true,"href":"https:\/\/agora.xtec.cat\/ies-serratibonastre\/wp-json\/wp\/v2\/users\/1"}],"replies":[{"embeddable":true,"href":"https:\/\/agora.xtec.cat\/ies-serratibonastre\/wp-json\/wp\/v2\/comments?post=8557"}],"version-history":[{"count":7,"href":"https:\/\/agora.xtec.cat\/ies-serratibonastre\/wp-json\/wp\/v2\/pages\/8557\/revisions"}],"predecessor-version":[{"id":8866,"href":"https:\/\/agora.xtec.cat\/ies-serratibonastre\/wp-json\/wp\/v2\/pages\/8557\/revisions\/8866"}],"wp:attachment":[{"href":"https:\/\/agora.xtec.cat\/ies-serratibonastre\/wp-json\/wp\/v2\/media?parent=8557"}],"curies":[{"name":"wp","href":"https:\/\/api.w.org\/{rel}","templated":true}]}}