{"id":653,"date":"2021-01-10T20:41:36","date_gmt":"2021-01-10T19:41:36","guid":{"rendered":"https:\/\/agora.xtec.cat\/ies-serratibonastre\/?page_id=653"},"modified":"2026-04-01T22:45:03","modified_gmt":"2026-04-01T20:45:03","slug":"beques-20-21","status":"publish","type":"page","link":"https:\/\/agora.xtec.cat\/ies-serratibonastre\/organitzacio\/beques-20-21\/","title":{"rendered":"Beques i ajuts"},"content":{"rendered":"<h4><span style=\"color: #ff6600;\"><strong>AJUTS DE MENJADOR<\/strong><\/span><\/h4>\n<p><span style=\"color: #ff0000;\"><strong>NOVETAT : <\/strong>des del mes de mar\u00e7 de 2025, totes les sol\u00b7licituds d&#8217;ajuts de menjador s&#8217;hauran de demanar amb certificat electr\u00f2nic.<\/span><\/p>\n<p>Informaci\u00f3 per tramitar l&#8217;idCAT m\u00f2bil:<\/p>\n<p><a href=\"https:\/\/agora.xtec.cat\/ies-serratibonastre\/wp-content\/uploads\/usu2437\/2025\/03\/20252802_Circular_canvi_tramitacio_sol.licitud_ajut_menjador-CAT.pdf\" target=\"_blank\" rel=\"noopener\">Canvi tramitaci\u00f3 sol\u00b7licitud ajut menjador (CAT)<\/a><\/p>\n<p><a href=\"https:\/\/agora.xtec.cat\/ies-serratibonastre\/wp-content\/uploads\/usu2437\/2025\/03\/20252802_Circular_cambio_tramitacion_solicitud_ayuda_comedor-CAS.pdf\" target=\"_blank\" rel=\"noopener\">Cambio tramitaci\u00f3n solicitud ayuda comedor (CAS)<\/a><\/p>\n<p>_______________________________________________________________________________________<\/p>\n<ul>\n<li><strong><a href=\"https:\/\/www.edubcn.cat\/ca\/alumnat_i_familia\/ajuts_beques_i_subvencions\/ajuts_de_menjador_escolar\" target=\"_blank\" rel=\"noopener noreferrer\">Convocat\u00f2ria<\/a><\/strong><\/li>\n<\/ul>\n<p style=\"padding-left: 40px;\">&#8211; <a href=\"https:\/\/agora.xtec.cat\/ies-serratibonastre\/wp-content\/uploads\/usu2437\/2025\/05\/fullet_ajutsmenjador_25_26_CAT.pdf\" target=\"_blank\" rel=\"noopener\">Full informatiu ajuts menjador<\/a><\/p>\n<p><strong><em> Terminis per presentar sol\u00b7licituds:<\/em><\/strong><\/p>\n<p>Les sol\u00b7licituds es presentaran a trav\u00e9s d&#8217;un formulari telem\u00e0tic adre\u00e7at a l&#8217;alumnat que estigui matriculat o preinscrit per al curs 2025-2026, en <strong>un per\u00edode inicial<\/strong> i <strong>quatre per\u00edodes oberts<\/strong> de sol\u00b7licituds:<\/p>\n<ul>\n<li><strong>Per\u00edode inicial (maig-juny)<\/strong>: entre el 19 de maig i el 20 de juny de 2025, ambd\u00f3s inclosos. El termini per presentar la documentaci\u00f3 al centre, si escau, \u00e9s fins al 20 de juny.<br \/>\nUn cop finalitzat el per\u00edode de juny, s\u2019establiran per\u00edodes oberts de presentaci\u00f3 de sol\u00b7licituds (noves peticions, alumnat nou vingut i situacions sobrevingudes)<\/li>\n<li><strong>Primer per\u00edode obert<\/strong>: entre el 8 i el 24 de setembre de 2025, ambd\u00f3s inclosos.<\/li>\n<li><strong>Segon per\u00edode obert<\/strong>: entre el 25 de setembre i el 30 de novembre de 2025, ambd\u00f3s inclosos.<\/li>\n<li><strong>Tercer per\u00edode obert<\/strong>: entre l&#8217;1 de desembre de 2025 i l&#8217;1 de mar\u00e7 de 2026, ambd\u00f3s inclosos.<\/li>\n<li><strong>Quart per\u00edode obert<\/strong>: entre el 2 de mar\u00e7 de 2026 i fins a l&#8217;\u00faltim dia que s&#8217;admetin noves admissions del curs 2025-2026.<\/li>\n<\/ul>\n<p>&nbsp;<\/p>\n<p>&nbsp;<\/p>\n<h4><span style=\"color: #ff6600;\"><strong>AJUTS PER A ACTIVITATS EXTRAESCOLARS I CASALS D&#8217;ESTIU<\/strong><\/span><\/h4>\n<p>Novetat en el tr\u00e0mit. Podeu consultar m\u00e9s informaci\u00f3 als d\u00edptics:<\/p>\n<ul>\n<li><a href=\"https:\/\/agora.xtec.cat\/ies-serratibonastre\/wp-content\/uploads\/usu2437\/2026\/01\/AAFF_URL-CORTA_TR_Triptico_AYTO-BCN_CAT_V11.pdf\" target=\"_blank\" rel=\"noopener\">Catal\u00e0<\/a><\/li>\n<li><a href=\"https:\/\/agora.xtec.cat\/ies-serratibonastre\/wp-content\/uploads\/usu2437\/2026\/01\/AAFF_TR_Triptico_AYTO-BCN_CAST_V1.pdf\" target=\"_blank\" rel=\"noopener\">Castell\u00e0<\/a><\/li>\n<\/ul>\n<p>&nbsp;<\/p>\n<p>&nbsp;<\/p>\n<h4><span style=\"color: #ff6600;\"><strong>AJUTS PER A ENSENYAMENTS POSTOBLIGATORIS NO UNIVERSITARIS<\/strong><\/span><\/h4>\n<p>Termini per presentar la sol\u00b7licitud per al curs 2026-27: del 7 d&#8217;abril de 2026 a les 8h fins al 18 de maig de 2026 a les 15h<\/p>\n<ul>\n<li><strong><a href=\"https:\/\/www.edubcn.cat\/ca\/alumnat_i_familia\/ajuts_beques_i_subvencions\/beques_post\" target=\"_blank\" rel=\"noopener\">Beques per a ensenyaments postobligatoris no universitaris<\/a><\/strong><\/li>\n<\/ul>\n<p>&nbsp;<\/p>\n<h4><span style=\"color: #ff6600;\"><strong>AJUTS PER A ALUMNES AMB NECESITATS ESPEC\u00cdFIQUES DE SUPORT EDUCATIU<\/strong><\/span><\/h4>\n<p>Termini per presentar la sol\u00b7licitud per al curs 2025-26: <strong>del 30 d\u2019abril a l\u201911 de setembre de 2025<\/strong>, ambd\u00f3s inclosos.<\/p>\n<ul>\n<li style=\"text-align: left;\"><a href=\"https:\/\/www.edubcn.cat\/ca\/alumnat_i_familia\/ajuts_beques_i_subvencions\/ajuts_nee\" target=\"_blank\" rel=\"noopener\"><strong>Ajuts per a alumnes amb necessitat espec\u00edfica de suport educatiu<\/strong><\/a><\/li>\n<\/ul>\n<p><strong><a href=\"https:\/\/agora.xtec.cat\/ies-serratibonastre\/wp-content\/uploads\/usu2437\/2022\/02\/exclamation-5483947_1280.png\"><img loading=\"lazy\" decoding=\"async\" class=\"alignnone wp-image-1801\" src=\"https:\/\/agora.xtec.cat\/ies-serratibonastre\/wp-content\/uploads\/usu2437\/2022\/02\/exclamation-5483947_1280-958x1024.png\" alt=\"\" width=\"30\" height=\"32\" srcset=\"https:\/\/agora.xtec.cat\/ies-serratibonastre\/wp-content\/uploads\/usu2437\/2022\/02\/exclamation-5483947_1280-958x1024.png 958w, https:\/\/agora.xtec.cat\/ies-serratibonastre\/wp-content\/uploads\/usu2437\/2022\/02\/exclamation-5483947_1280-281x300.png 281w, https:\/\/agora.xtec.cat\/ies-serratibonastre\/wp-content\/uploads\/usu2437\/2022\/02\/exclamation-5483947_1280-768x821.png 768w, https:\/\/agora.xtec.cat\/ies-serratibonastre\/wp-content\/uploads\/usu2437\/2022\/02\/exclamation-5483947_1280.png 1197w\" sizes=\"auto, (max-width: 30px) 100vw, 30px\" \/><\/a><\/strong>Aquest any hi ha un canvi important en la manera de demanar l\u2019ajut per a alumnes amb necessitats espec\u00edfiques de suport educatiu: <strong>ja no cal imprimir ni portar la sol\u00b7licitud al centre educatiu<\/strong>. \u00c9s molt important que les fam\u00edlies feu la sol\u00b7licitud <strong>dins del termini.<\/strong><\/p>\n<p>\u00c9s essencial que, un cop feta, la sol\u00b7licitud quedi en estat <strong>\u201cPresentada\u201d<\/strong>. Aix\u00f2 permetr\u00e0 descarregar el justificant que confirma que s\u2019ha tramitat correctament (tal com es veu a la captura adjunta).<\/p>\n<p><a href=\"https:\/\/agora.xtec.cat\/ies-serratibonastre\/wp-content\/uploads\/usu2437\/2025\/05\/Captadura.png\"><img loading=\"lazy\" decoding=\"async\" class=\"alignnone wp-image-7875\" src=\"https:\/\/agora.xtec.cat\/ies-serratibonastre\/wp-content\/uploads\/usu2437\/2025\/05\/Captadura.png\" alt=\"\" width=\"476\" height=\"126\" srcset=\"https:\/\/agora.xtec.cat\/ies-serratibonastre\/wp-content\/uploads\/usu2437\/2025\/05\/Captadura.png 597w, https:\/\/agora.xtec.cat\/ies-serratibonastre\/wp-content\/uploads\/usu2437\/2025\/05\/Captadura-300x79.png 300w\" sizes=\"auto, (max-width: 476px) 100vw, 476px\" \/><\/a><\/p>\n<p>Si la sol\u00b7licitud queda en estat <strong>\u201cEsborrany\u201d<\/strong> (\u201cBorrador\u201d), <strong>no ser\u00e0 v\u00e0lida<\/strong>, ja que el proc\u00e9s no s\u2019haur\u00e0 completat.<\/p>\n<p>El justificant no s\u2019ha de portar al centre, per\u00f2 caldr\u00e0 guardar-lo com a prova que s\u2019ha fet la sol\u00b7licitud dins del termini.<\/p>\n<p><a href=\"https:\/\/agora.xtec.cat\/ies-serratibonastre\/wp-content\/uploads\/usu2437\/2025\/05\/Fullet-Ajuts-NESE-25-26-CAT-1.pdf\" target=\"_blank\" rel=\"noopener\">Full informatiu beques NESE<\/a><\/p>\n<p>&nbsp;<\/p>\n","protected":false},"excerpt":{"rendered":"<p>AJUTS DE MENJADOR<br \/>\nNOVETAT : des del mes de mar\u00e7 de 2025, totes les sol\u00b7licituds d&#8217;ajuts de menjador s&#8217;hauran de demanar amb certificat electr\u00f2nic.<br \/>\nInformaci\u00f3 per tramitar l&#8217;idCAT m\u00f2bil:<br \/>\n<a href=\"https:\/\/agora.xtec.cat\/ies-serratibonastre\/wp-content\/uploads\/usu2437\/2025\/03\/20252802_Circular_canvi_tramitacio_sol.licitud_ajut_menjador-CAT.pdf\" target=\"_blank\" rel=\"noopener\">Canvi tramitaci\u00f3 sol\u00b7licitud ajut menjador (CAT)<\/a><br \/>\n<a href=\"https:\/\/agora.xtec.cat\/ies-serratibonastre\/wp-content\/uploads\/usu2437\/2025\/03\/20252802_Circular_cambio_tramitacion_solicitud_ayuda_comedor-CAS.pdf\" target=\"_blank\" rel=\"noopener\">Cambio tramitaci\u00f3n solicitud ayuda comedor (CAS)<\/a><br \/>\n_______________________________________________________________________________________<\/p>\n<ul>\n<li><a href=\"https:\/\/www.edubcn.cat\/ca\/alumnat_i_familia\/ajuts_beques_i_subvencions\/ajuts_de_menjador_escolar\" target=\"_blank\"&hellip;  <a href=\"https:\/\/agora.xtec.cat\/ies-serratibonastre\/organitzacio\/beques-20-21\/\" title=\"Read Beques i ajuts\">Llegeix m\u00e9s\u00bb<\/a><br \/>\n","protected":false},"author":1,"featured_media":0,"parent":646,"menu_order":3,"comment_status":"closed","ping_status":"closed","template":"page-templates\/side-menu.php","meta":{"_bbp_topic_count":0,"_bbp_reply_count":0,"_bbp_total_topic_count":0,"_bbp_total_reply_count":0,"_bbp_voice_count":0,"_bbp_anonymous_reply_count":0,"_bbp_topic_count_hidden":0,"_bbp_reply_count_hidden":0,"_bbp_forum_subforum_count":0,"footnotes":""},"class_list":["post-653","page","type-page","status-publish","hentry"],"post_mailing_queue_ids":[],"_links":{"self":[{"href":"https:\/\/agora.xtec.cat\/ies-serratibonastre\/wp-json\/wp\/v2\/pages\/653","targetHints":{"allow":["GET"]}}],"collection":[{"href":"https:\/\/agora.xtec.cat\/ies-serratibonastre\/wp-json\/wp\/v2\/pages"}],"about":[{"href":"https:\/\/agora.xtec.cat\/ies-serratibonastre\/wp-json\/wp\/v2\/types\/page"}],"author":[{"embeddable":true,"href":"https:\/\/agora.xtec.cat\/ies-serratibonastre\/wp-json\/wp\/v2\/users\/1"}],"replies":[{"embeddable":true,"href":"https:\/\/agora.xtec.cat\/ies-serratibonastre\/wp-json\/wp\/v2\/comments?post=653"}],"version-history":[{"count":6,"href":"https:\/\/agora.xtec.cat\/ies-serratibonastre\/wp-json\/wp\/v2\/pages\/653\/revisions"}],"predecessor-version":[{"id":8898,"href":"https:\/\/agora.xtec.cat\/ies-serratibonastre\/wp-json\/wp\/v2\/pages\/653\/revisions\/8898"}],"up":[{"embeddable":true,"href":"https:\/\/agora.xtec.cat\/ies-serratibonastre\/wp-json\/wp\/v2\/pages\/646"}],"wp:attachment":[{"href":"https:\/\/agora.xtec.cat\/ies-serratibonastre\/wp-json\/wp\/v2\/media?parent=653"}],"curies":[{"name":"wp","href":"https:\/\/api.w.org\/{rel}","templated":true}]}}