{"id":633,"date":"2021-01-10T19:49:45","date_gmt":"2021-01-10T18:49:45","guid":{"rendered":"https:\/\/agora.xtec.cat\/ies-serratibonastre\/?page_id=633"},"modified":"2026-01-20T20:33:26","modified_gmt":"2026-01-20T19:33:26","slug":"equip-huma","status":"publish","type":"page","link":"https:\/\/agora.xtec.cat\/ies-serratibonastre\/linstitut\/equip-huma\/","title":{"rendered":"Equip hum\u00e0"},"content":{"rendered":"<p>&nbsp;<\/p>\n<p><a href=\"https:\/\/agora.xtec.cat\/ies-serratibonastre\/wp-content\/uploads\/usu2437\/2025\/09\/Foto-claustre-inici-de-curs-2025-2026-1-scaled.jpg\"><img loading=\"lazy\" decoding=\"async\" class=\"alignnone size-full wp-image-8163\" src=\"https:\/\/agora.xtec.cat\/ies-serratibonastre\/wp-content\/uploads\/usu2437\/2025\/09\/Foto-claustre-inici-de-curs-2025-2026-1-scaled.jpg\" alt=\"\" width=\"2560\" height=\"969\" srcset=\"https:\/\/agora.xtec.cat\/ies-serratibonastre\/wp-content\/uploads\/usu2437\/2025\/09\/Foto-claustre-inici-de-curs-2025-2026-1-scaled.jpg 2560w, https:\/\/agora.xtec.cat\/ies-serratibonastre\/wp-content\/uploads\/usu2437\/2025\/09\/Foto-claustre-inici-de-curs-2025-2026-1-300x114.jpg 300w, https:\/\/agora.xtec.cat\/ies-serratibonastre\/wp-content\/uploads\/usu2437\/2025\/09\/Foto-claustre-inici-de-curs-2025-2026-1-1024x388.jpg 1024w, https:\/\/agora.xtec.cat\/ies-serratibonastre\/wp-content\/uploads\/usu2437\/2025\/09\/Foto-claustre-inici-de-curs-2025-2026-1-768x291.jpg 768w, https:\/\/agora.xtec.cat\/ies-serratibonastre\/wp-content\/uploads\/usu2437\/2025\/09\/Foto-claustre-inici-de-curs-2025-2026-1-1536x581.jpg 1536w, https:\/\/agora.xtec.cat\/ies-serratibonastre\/wp-content\/uploads\/usu2437\/2025\/09\/Foto-claustre-inici-de-curs-2025-2026-1-2048x775.jpg 2048w\" sizes=\"auto, (max-width: 2560px) 100vw, 2560px\" \/><\/a><\/p>\n<ul>\n<li data-mce-word-list=\"1\"><strong>Directora:<\/strong> Carme Valls &#8211; <span id=\"cloake2747c37fcdd362467f0980dc50ee9ed\"><a href=\"mailto:c.valls@serratibonastre.cat\">c.valls@serratibonastre.cat<\/a><\/span><\/li>\n<li data-mce-word-list=\"1\"><strong>Cap d&#8217;estudis<\/strong>: Ruth Guinovart &#8211; <a href=\"mailto:r.guinovart@serratibonastre.cat\" target=\"_blank\" rel=\"noopener\">r.guinovart@serratibonastre.cat<\/a><\/li>\n<li data-mce-word-list=\"1\"><strong>Coordinaci\u00f3 Pedag\u00f2gica<\/strong>: Cristina Garc\u00eda &#8211; <span id=\"cloak50cc1a9d4088d419bb6f4e11836e9b36\"><a href=\"mailto:c.garcia@serratibonastre.cat\">c.garcia@serratibonastre.cat<\/a>\u00a0<\/span><\/li>\n<li data-mce-word-list=\"1\"><strong>Secretari:\u00a0<\/strong>Llu\u00eds Palao &#8211; <span id=\"cloakfa81a366eeee76ea2adaa74322a76499\"><a href=\"mailto:l.palao@serratibonastre.cat\">l.palao<span class=\"\">@serratibonastre.cat<\/span><\/a><\/span><\/li>\n<li data-mce-word-list=\"1\"><strong>Coordinaci\u00f3 Batxillerat<\/strong>: Climent Formoso &#8211; <a href=\"mailto:c.formoso@serratibonastre.cat\" target=\"_blank\" rel=\"noopener\"><span id=\"cloaka0780195469b031e8c5b17e045c492ef\">c.formoso@serratibonastre.cat<\/span><\/a><\/li>\n<li data-mce-word-list=\"1\"><strong>Coordinaci\u00f3 Digital: <\/strong><a href=\"mailto:coordinaciodigital@serratibonastre.cat\">coordinaciodigital@serratibonastre.cat<\/a><\/li>\n<li data-mce-word-list=\"1\"><strong>Coordinaci\u00f3 Aula Acollida<\/strong>:\u00a0Quim D\u00edaz-Salazar &#8211; <a href=\"mailto:q.diaz@serratibonastre.cat\" target=\"_blank\" rel=\"noopener\">q.diaz@serratibonastre.cat<\/a>P<\/li>\n<li data-mce-word-list=\"1\"><strong>Coordinaci\u00f3 SIEI: <\/strong>Anna Font &#8211; <span id=\"cloak00662d58dbf80c3ab64aa106834d1b61\"><a href=\"mailto:a.font@serratibonastre.cat\" target=\"_blank\" rel=\"noopener noreferrer\">a.font@serratibonastre.cat<\/a><\/span><\/li>\n<li data-mce-word-list=\"1\"><strong>Equip psicopedag\u00f2gic: <\/strong>\n<ul>\n<li style=\"list-style-type: none;\">\n<ul>\n<li data-mce-word-list=\"1\">Gemma Riera &#8211; <span id=\"cloak0bdc08beecb29aa18e2826786cf70efc\"><a href=\"mailto:g.riera@serratibonastre.cat\" target=\"_blank\" rel=\"noopener noreferrer\">g.riera@serratibonastre.cat<\/a><\/span><\/li>\n<li data-mce-word-list=\"1\"><span style=\"font-family: inherit; font-size: 1em;\">Esther Rovira &#8211; <\/span><span id=\"cloak3ddd7b0d4e48f2006a0e0f65f595b8f8\" style=\"font-family: inherit; font-size: 1em;\"><a href=\"mailto:e.rovira@serratibonastre.cat\" target=\"_blank\" rel=\"noopener noreferrer\">e.rovira@serratibonastre.cat<\/a><\/span>\n<ul>\n<li style=\"list-style-type: none;\">\n<ul>\n<li style=\"list-style-type: none;\"><\/li>\n<\/ul>\n<\/li>\n<\/ul>\n<\/li>\n<\/ul>\n<\/li>\n<\/ul>\n<\/li>\n<\/ul>\n<p>&nbsp;<\/p>\n<ul>\n<li data-mce-word-list=\"1\"><strong>Tutories de grup:\u00a0<\/strong><\/li>\n<\/ul>\n<p>1r ESO A: Mariona Mas &#8211; <a href=\"mailto:m.mas@serratibonastre.cat\"><span id=\"cloak017ec563820894c24ac9a1967919e751\">m.mas@serratibonastre.cat<\/span><\/a><span id=\"cloak811cafa219e153312330afc4ac359c6d\"><\/span><\/p>\n<p>1r ESO B: Ram\u00f3n Garc\u00eda &#8211; <a href=\"mailto:r.garcia1@serratibonastre.cat\" target=\"_blank\" rel=\"noopener\"><span id=\"cloak6a961df09940cfe6a7065cc0b1163583\">r.garcia1@serratibonastre.cat<\/span><\/a><\/p>\n<p>1r ESO C: Joan Serra &#8211; <a href=\"mailto:j.serra@serratibonastre.cat\"><span id=\"cloak77ea0d2ae9cdde989c2dcd05a6ab6d0e\">j.serra@serratibonastre.cat<\/span><\/a><\/p>\n<p>&nbsp;<\/p>\n<p>2n ESO A: Arlene Altura &#8211; <a href=\"mailto:a.altura@serratibonastre.cat\">a.altura<span id=\"cloak5307e059589201535d84f99897a32619\">@serratibonastre.cat<\/span><\/a><span id=\"cloak017ec563820894c24ac9a1967919e751\"><\/span><\/p>\n<p>2n ESO B: Javier Zamora &#8211; <a href=\"mailto:j.zamora@serratibonastre.cat\" target=\"_blank\" rel=\"noopener\"><span id=\"cloakdbba383c4b816e863b351ff52225700d\">j.zamora@serratibonastre.cat<\/span><\/a><\/p>\n<p>&nbsp;<\/p>\n<p>3r ESO A: Cristina Barriuso &#8211; <a href=\"mailto:c.barriuso@serratibonastre.cat\">c.barriuso@serratibonastre.cat<\/a> &#8211; Joel Mar\u00edn (<a href=\"mailto:j.marin@serratibonastre.cat\">j.marin@serratibonastre.cat<\/a>)<span id=\"cloak5307e059589201535d84f99897a32619\"><\/span><\/p>\n<p>3r ESO B: V\u00edctor Flores (<a href=\"mailto:v.flores@serratibonastre.cat\">v.flores@serratibonastre.cat<\/a>)<span id=\"cloak0171b92a21de7b4b6224d27f93e50cc5\"><\/span><\/p>\n<p>&nbsp;<\/p>\n<p>4t ESO A: Albert Rif\u00e1 &#8211; <a href=\"mailto:a.rifa@serratibonastre.cat\"><span id=\"cloak0171b92a21de7b4b6224d27f93e50cc5\">a.rifa@serratibonastre.cat<\/span><\/a><span id=\"cloak05ec927aca801d95dee82e8d73469aa3\"><\/span><\/p>\n<p>4t ESO B: J\u00falia Vilajosana &#8211; <a href=\"mailto:j.vilajosana@serratibonastre.cat\">j.vilajosana@serratibonastre.cat<\/a><\/p>\n<p>&nbsp;<\/p>\n<p>1r BATX ART: Jordi Mota &#8211; <a href=\"mailto:j.mota@serratibonastre.cat\" target=\"_blank\" rel=\"noopener\">j.mota@serratibonastre.cat<\/a><span id=\"cloak44149636f374cb52b1a0ede30899188b\"><\/span><\/p>\n<p>1r BATX CT-HS: S\u00edlvia Cereijo &#8211; <span id=\"cloak9937289eed41b9508db71f13e4a17a2a\"><\/span><a href=\"mailto:s.cereijo@serratibonastre.cat\" target=\"_blank\" rel=\"noopener\">s.cereijo@serratibonastre.cat<\/a><\/p>\n<p>&nbsp;<\/p>\n<p>2n BATX ART: C\u00e9sar S\u00e1nchez &#8211; <span id=\"cloak44149636f374cb52b1a0ede30899188b\"><a href=\"mailto:c.sanchez2@serratibonastre.cat\" target=\"_blank\" rel=\"noopener noreferrer\">c.sanchez2@serratibonastre.cat<\/a><\/span><\/p>\n<p>2n BATX CT-HS: Carla Amado &#8211; <span id=\"cloak9937289eed41b9508db71f13e4a17a2a\"><\/span><a href=\"mailto:c.amado1@serratibonastre.cat\">c.amado1@serratibonastre.cat<\/a><\/p>\n<p>&nbsp;<\/p>\n<ul>\n<li data-mce-word-list=\"1\"><strong>Professorat<\/strong>:<\/li>\n<\/ul>\n<ul>\n<li style=\"list-style-type: none;\">\n<ul>\n<li>Pilar Bov\u00e9<\/li>\n<li>Miquel Colom\u00e9<\/li>\n<li>Yolanda D\u00edez<\/li>\n<li>Mireia Escriv\u00e0<\/li>\n<li>Alfonso Espa\u00f1ol<\/li>\n<li>Bel Fiter &#8211; Montse Pena<\/li>\n<li>\u00c0lvar Gallostra<\/li>\n<li>Eli Moreno<\/li>\n<li>Benet Garc\u00eda<\/li>\n<li>Joan Llovet<\/li>\n<li>Joan L\u00f3pez<\/li>\n<li>\u00cd\u00f1igo M\u00e9ndez &#8211; Isaac Aslam<\/li>\n<li>Xavier Peleato<\/li>\n<li>Ferran Pi\u00f1ol<\/li>\n<li>Joan Roca<\/li>\n<li>Antonio Rubio<\/li>\n<li>Dolors Vallverd\u00fa<\/li>\n<li>Soles Vel\u00e1zquez<\/li>\n<\/ul>\n<\/li>\n<\/ul>\n<ul>\n<li><strong>PAE: <\/strong>\n<ul>\n<li>Eli L\u00f3pez<\/li>\n<\/ul>\n<\/li>\n<\/ul>\n<p>&nbsp;<\/p>\n<ul>\n<li><strong>Personal d&#8217;Administraci\u00f3<\/strong><\/li>\n<\/ul>\n<p>Secretaria: Carla Inarejos, Isabel Reyes<\/p>\n<p>Consergeria: Paz Montalb\u00e1n, Lola Vidal<\/p>\n<p>&nbsp;<\/p>\n","protected":false},"excerpt":{"rendered":"<p>&nbsp;<br \/>\n<a href=\"https:\/\/agora.xtec.cat\/ies-serratibonastre\/wp-content\/uploads\/usu2437\/2025\/09\/Foto-claustre-inici-de-curs-2025-2026-1-scaled.jpg\"><\/a><\/p>\n<ul>\n<li data-mce-word-list=\"1\">Directora: Carme Valls &#8211; <a href=\"mailto:c.valls@serratibonastre.cat\">c.valls@serratibonastre.cat<\/a><\/li>\n<li data-mce-word-list=\"1\">Cap d&#8217;estudis: Ruth Guinovart &#8211; <a href=\"mailto:r.guinovart@serratibonastre.cat\" target=\"_blank\" rel=\"noopener\">r.guinovart@serratibonastre.cat<\/a><\/li>\n<li data-mce-word-list=\"1\">Coordinaci\u00f3 Pedag\u00f2gica: Cristina Garc\u00eda &#8211; <a href=\"mailto:c.garcia@serratibonastre.cat\">c.garcia@serratibonastre.cat<\/a>\u00a0<\/li>\n<li data-mce-word-list=\"1\">Secretari:\u00a0Llu\u00eds Palao &#8211; <a href=\"mailto:l.palao@serratibonastre.cat\">l.palao@serratibonastre.cat<\/a><\/li>\n<li data-mce-word-list=\"1\">Coordinaci\u00f3 Batxillerat: Climent Formoso &#8211; <a href=\"mailto:c.formoso@serratibonastre.cat\" target=\"_blank\" rel=\"noopener\">c.formoso@serratibonastre.cat<\/a><\/li>\n<li data-mce-word-list=\"1\">Coordinaci\u00f3 Digital: <a href=\"mailto:coordinaciodigital@serratibonastre.cat\">coordinaciodigital@serratibonastre.cat<\/a><\/li>\n<li data-mce-word-list=\"1\">Coordinaci\u00f3 Aula Acollida:\u00a0Quim&hellip;  <a href=\"https:\/\/agora.xtec.cat\/ies-serratibonastre\/linstitut\/equip-huma\/\" title=\"Read Equip hum\u00e0\">Llegeix m\u00e9s\u00bb<\/a><br \/>\n","protected":false},"author":1,"featured_media":0,"parent":19,"menu_order":0,"comment_status":"closed","ping_status":"closed","template":"page-templates\/side-menu.php","meta":{"_bbp_topic_count":0,"_bbp_reply_count":0,"_bbp_total_topic_count":0,"_bbp_total_reply_count":0,"_bbp_voice_count":0,"_bbp_anonymous_reply_count":0,"_bbp_topic_count_hidden":0,"_bbp_reply_count_hidden":0,"_bbp_forum_subforum_count":0,"footnotes":""},"class_list":["post-633","page","type-page","status-publish","hentry"],"post_mailing_queue_ids":[],"_links":{"self":[{"href":"https:\/\/agora.xtec.cat\/ies-serratibonastre\/wp-json\/wp\/v2\/pages\/633","targetHints":{"allow":["GET"]}}],"collection":[{"href":"https:\/\/agora.xtec.cat\/ies-serratibonastre\/wp-json\/wp\/v2\/pages"}],"about":[{"href":"https:\/\/agora.xtec.cat\/ies-serratibonastre\/wp-json\/wp\/v2\/types\/page"}],"author":[{"embeddable":true,"href":"https:\/\/agora.xtec.cat\/ies-serratibonastre\/wp-json\/wp\/v2\/users\/1"}],"replies":[{"embeddable":true,"href":"https:\/\/agora.xtec.cat\/ies-serratibonastre\/wp-json\/wp\/v2\/comments?post=633"}],"version-history":[{"count":6,"href":"https:\/\/agora.xtec.cat\/ies-serratibonastre\/wp-json\/wp\/v2\/pages\/633\/revisions"}],"predecessor-version":[{"id":8545,"href":"https:\/\/agora.xtec.cat\/ies-serratibonastre\/wp-json\/wp\/v2\/pages\/633\/revisions\/8545"}],"up":[{"embeddable":true,"href":"https:\/\/agora.xtec.cat\/ies-serratibonastre\/wp-json\/wp\/v2\/pages\/19"}],"wp:attachment":[{"href":"https:\/\/agora.xtec.cat\/ies-serratibonastre\/wp-json\/wp\/v2\/media?parent=633"}],"curies":[{"name":"wp","href":"https:\/\/api.w.org\/{rel}","templated":true}]}}