{"id":613,"date":"2021-01-10T19:18:38","date_gmt":"2021-01-10T18:18:38","guid":{"rendered":"https:\/\/agora.xtec.cat\/ies-serratibonastre\/?page_id=613"},"modified":"2026-03-05T12:55:53","modified_gmt":"2026-03-05T11:55:53","slug":"qualitat","status":"publish","type":"page","link":"https:\/\/agora.xtec.cat\/ies-serratibonastre\/linstitut\/qualitat\/","title":{"rendered":"Qualitat"},"content":{"rendered":"<h2 style=\"text-align: justify;\">Missi\u00f3, Visi\u00f3 i Valors<\/h2>\n<h3 style=\"text-align: justify;\">Missi\u00f3<\/h3>\n<ul style=\"text-align: justify;\">\n<li>Oferir un ensenyament de qualitat per aconseguir uns bons resultats acad\u00e8mics que capacitin i orientin als nois i noies a aconseguir les seves metes de continu\u00eftat d\u2019estudis o d\u2019inserci\u00f3 laboral.<\/li>\n<li>Oferir una educaci\u00f3 integral que formi persones competents, aut\u00f2nomes, tolerants, responsables, actives i amb sentit cr\u00edtic, dotant-les d\u2019eines i estrat\u00e8gies que els hi permetin continuar aprenent al llarg de tota la vida.<\/li>\n<li>Facilitar el desenvolupament de les compet\u00e8ncies clau i les espec\u00edfiques de cada mat\u00e8ria per permetre a l\u2019alumnat desenvolupar-se en un m\u00f3n complex i canviant.<\/li>\n<li>Oferir una educaci\u00f3 inclusiva, on tothom tingui les mateixes oportunitats, i crear les condicions que facin efectiva la igualtat d\u2019oportunitats.<\/li>\n<\/ul>\n<h3 style=\"text-align: justify;\">Visi\u00f3<\/h3>\n<ul style=\"text-align: justify;\">\n<li>Ser un centre educatiu reconegut en el seu entorn com un institut de qualitat, tant en l\u2019ESO com en el Batxillerat.<\/li>\n<li>Ser un centre que apr\u00e8n d\u2019ell mateix i de la interacci\u00f3 amb l\u2019entorn, que reflexiona, s\u2019avalua i innova per millorar.<\/li>\n<li>Crear un entorn d\u2019aprenentatge que impliqui activament a tot l\u2019alumnat, fomentant l\u2019esfor\u00e7 i l\u2019avaluaci\u00f3 com a eina d\u2019aprenentatge.<\/li>\n<li>Mantenir un bon entorn de treball i unes bones relacions interpersonals per afavorir el treball cooperatiu i la formaci\u00f3 permanent entre el professorat.<\/li>\n<li>Buscar la col\u00b7laboraci\u00f3 transparent amb la comunitat educativa per cr\u00e9ixer de manera conjunta.<\/li>\n<\/ul>\n<h3 style=\"text-align: justify;\">Valors<\/h3>\n<ul style=\"text-align: justify;\">\n<li>Defensar els valors, les normes i les actituds d\u2019una societat democr\u00e0tica, solid\u00e0ria, plural i respectuosa amb l\u2019expressi\u00f3 plural d\u2019opinions i creences, rebutjant les actituds ofensives o discriminat\u00f2ries per ra\u00f3 de g\u00e8nere, proced\u00e8ncia, religi\u00f3 o llengua.<\/li>\n<li>Valorar la civilitat i l\u2019aprenentatge de la conviv\u00e8ncia des d\u2019una perspectiva que permet formular expectatives de conductes positives, ensenyar-les i avaluar-les per tal de fer del centre un espai de respecte individual i de conducta social.<\/li>\n<li>Fomentar el valor de la comunicaci\u00f3 com a via d\u2019entesa entre totes les persones de la comunitat educativa.<\/li>\n<li>Promoure el respecte envers el medi en qu\u00e8 vivim que ens obliga a aprendre h\u00e0bits de vida personal i col\u00b7lectius sostenibles.<\/li>\n<li>Fomentar l\u2019exemplaritat del professorat, que esdev\u00e9 un referent, acompanyant l\u2019alumnat i transmetent-li la cultura de l\u2019esfor\u00e7 i el pensament cr\u00edtic.<\/li>\n<\/ul>\n<h2 style=\"text-align: justify;\">Pol\u00edtica de qualitat<\/h2>\n<ul style=\"text-align: justify;\">\n<li>L\u2019institut Josep Serrat i Bonastre forma part del Projecte de Qualitat i Millora Cont\u00ednua, amb l\u2019objectiu de dissenyar i implementar un sistema de gesti\u00f3 per processos basat en la norma ISO9001, que busca la qualitat i la millora cont\u00ednua de l\u2019ensenyament.<\/li>\n<li>L\u2019institut posa \u00e8mfasi en el lideratge distribu\u00eft, entenent que cada persona ha de ser responsable de la funci\u00f3 que realitza. D\u2019aquesta manera, el comprom\u00eds de la qualitat afecta a tota l\u2019organitzaci\u00f3 del centre i a tota la comunitat educativa, que assumeix la responsabilitat de participar en el desenvolupament i la millora de la qualitat al centre. La direcci\u00f3 i la coordinaci\u00f3 de qualitat vetllaran i proporcionaran els mitjans que estiguin al seu abast per assolir els objectius.<\/li>\n<li>L\u2019institut busca l\u2019excel\u00b7l\u00e8ncia en els resultats acad\u00e8mics i la confian\u00e7a i satisfacci\u00f3 de l\u2019alumnat, les fam\u00edlies i l\u2019equip hum\u00e0 del centre i ent\u00e9n que, per aconseguir-ho, cal que el centre avalu\u00ef i millori el seu sistema de gesti\u00f3 de manera continuada.<\/li>\n<\/ul>\n<p style=\"text-align: justify;\"><a href=\"https:\/\/agora.xtec.cat\/ies-serratibonastre\/wp-content\/uploads\/usu2437\/2024\/04\/20506863-BUP-INSTITUT-JOSEP-SERRAT-I-BONASTRE-CATALAN_page-0001.jpg\"><img loading=\"lazy\" decoding=\"async\" class=\"size-large wp-image-5426 aligncenter\" src=\"https:\/\/agora.xtec.cat\/ies-serratibonastre\/wp-content\/uploads\/usu2437\/2024\/04\/20506863-BUP-INSTITUT-JOSEP-SERRAT-I-BONASTRE-CATALAN_page-0001-724x1024.jpg\" alt=\"\" width=\"724\" height=\"1024\" srcset=\"https:\/\/agora.xtec.cat\/ies-serratibonastre\/wp-content\/uploads\/usu2437\/2024\/04\/20506863-BUP-INSTITUT-JOSEP-SERRAT-I-BONASTRE-CATALAN_page-0001-724x1024.jpg 724w, https:\/\/agora.xtec.cat\/ies-serratibonastre\/wp-content\/uploads\/usu2437\/2024\/04\/20506863-BUP-INSTITUT-JOSEP-SERRAT-I-BONASTRE-CATALAN_page-0001-212x300.jpg 212w, https:\/\/agora.xtec.cat\/ies-serratibonastre\/wp-content\/uploads\/usu2437\/2024\/04\/20506863-BUP-INSTITUT-JOSEP-SERRAT-I-BONASTRE-CATALAN_page-0001-768x1086.jpg 768w, https:\/\/agora.xtec.cat\/ies-serratibonastre\/wp-content\/uploads\/usu2437\/2024\/04\/20506863-BUP-INSTITUT-JOSEP-SERRAT-I-BONASTRE-CATALAN_page-0001-1086x1536.jpg 1086w, https:\/\/agora.xtec.cat\/ies-serratibonastre\/wp-content\/uploads\/usu2437\/2024\/04\/20506863-BUP-INSTITUT-JOSEP-SERRAT-I-BONASTRE-CATALAN_page-0001.jpg 1241w\" sizes=\"auto, (max-width: 724px) 100vw, 724px\" \/><\/a><\/p>\n<p>&nbsp;<\/p>\n<h2><a href=\"https:\/\/agora.xtec.cat\/ies-serratibonastre\/linstitut\/qualitat\/transparencia\/\" target=\"_blank\" rel=\"noopener\">Transpar\u00e8ncia<\/a><\/h2>\n<p>&nbsp;<\/p>\n","protected":false},"excerpt":{"rendered":"<p>Missi\u00f3, Visi\u00f3 i Valors<br \/>\nMissi\u00f3<\/p>\n<ul style=\"text-align: justify;\">\n<li>Oferir un ensenyament de qualitat per aconseguir uns bons resultats acad\u00e8mics que capacitin i orientin als nois i noies a aconseguir les seves metes de continu\u00eftat d\u2019estudis o d\u2019inserci\u00f3 laboral.<\/li>\n<li>Oferir una educaci\u00f3 integral que formi persones competents, aut\u00f2nomes, tolerants, responsables,&hellip;  <a href=\"https:\/\/agora.xtec.cat\/ies-serratibonastre\/linstitut\/qualitat\/\" title=\"Read Qualitat\">Llegeix m\u00e9s\u00bb<\/a><br \/>\n","protected":false},"author":1,"featured_media":0,"parent":19,"menu_order":0,"comment_status":"closed","ping_status":"closed","template":"page-templates\/side-menu.php","meta":{"_bbp_topic_count":0,"_bbp_reply_count":0,"_bbp_total_topic_count":0,"_bbp_total_reply_count":0,"_bbp_voice_count":0,"_bbp_anonymous_reply_count":0,"_bbp_topic_count_hidden":0,"_bbp_reply_count_hidden":0,"_bbp_forum_subforum_count":0,"footnotes":""},"class_list":["post-613","page","type-page","status-publish","hentry"],"post_mailing_queue_ids":[],"_links":{"self":[{"href":"https:\/\/agora.xtec.cat\/ies-serratibonastre\/wp-json\/wp\/v2\/pages\/613","targetHints":{"allow":["GET"]}}],"collection":[{"href":"https:\/\/agora.xtec.cat\/ies-serratibonastre\/wp-json\/wp\/v2\/pages"}],"about":[{"href":"https:\/\/agora.xtec.cat\/ies-serratibonastre\/wp-json\/wp\/v2\/types\/page"}],"author":[{"embeddable":true,"href":"https:\/\/agora.xtec.cat\/ies-serratibonastre\/wp-json\/wp\/v2\/users\/1"}],"replies":[{"embeddable":true,"href":"https:\/\/agora.xtec.cat\/ies-serratibonastre\/wp-json\/wp\/v2\/comments?post=613"}],"version-history":[{"count":6,"href":"https:\/\/agora.xtec.cat\/ies-serratibonastre\/wp-json\/wp\/v2\/pages\/613\/revisions"}],"predecessor-version":[{"id":8738,"href":"https:\/\/agora.xtec.cat\/ies-serratibonastre\/wp-json\/wp\/v2\/pages\/613\/revisions\/8738"}],"up":[{"embeddable":true,"href":"https:\/\/agora.xtec.cat\/ies-serratibonastre\/wp-json\/wp\/v2\/pages\/19"}],"wp:attachment":[{"href":"https:\/\/agora.xtec.cat\/ies-serratibonastre\/wp-json\/wp\/v2\/media?parent=613"}],"curies":[{"name":"wp","href":"https:\/\/api.w.org\/{rel}","templated":true}]}}